{"id":897,"date":"2011-09-10T15:21:47","date_gmt":"2011-09-10T13:21:47","guid":{"rendered":"http:\/\/baba.org.pl\/?page_id=897"},"modified":"2019-06-28T12:25:53","modified_gmt":"2019-06-28T10:25:53","slug":"media-o-stowarzyszeniu-baba","status":"publish","type":"page","link":"https:\/\/baba.org.pl\/index.php\/o-nas\/media-o-stowarzyszeniu-baba\/","title":{"rendered":"Media o nas"},"content":{"rendered":"<p><strong>Nagroda Polskiej Rady Biznesu<\/strong><br \/>\n\t<a href=\"https:\/\/www.wzielonej.pl\/informacje\/zielona-gora\/prezeska-stowarzyszenia-baba-nagroda-polskiej-rady-biznesu\/\">https:\/\/www.wzielonej.pl\/informacje\/zielona-gora\/prezeska-stowarzyszenia-baba-nagroda-polskiej-rady-biznesu\/\u200b<\/a><a href=\"http:\/\/zielonagora.wyborcza.pl\/zielonagora\/1,35182,20087059,kucharska-dziedzic-z-prestizowa-nagroda-im-jana-wejcherta.html#ixzz4AbQeNRGI\">http:\/\/zielonagora.wyborcza.pl\/zielonagora\/1,35182,20087059,kucharska-dziedzic-z-prestizowa-nagroda-im-jana-wejcherta.html#ixzz4AbQeNRGI<\/a><br \/>\n\t<a href=\"https:\/\/tvn24bis.pl\/z-kraju,74\/laureaci-5-edycji-nagrody-polskiej-rady-biznesu,644313.html\">https:\/\/tvn24bis.pl\/z-kraju,74\/laureaci-5-edycji-nagrody-polskiej-rady-biznesu,644313.html<\/a><\/p>\n<p><strong>One billion rising LUBUSKIE<\/strong><br \/>\n\t<a href=\"http:\/\/www.gazetalubuska.pl\/wiadomosci\/zielona-gora\/g\/one-billion-rising-w-zielonej-gorze-taneczny-protest-przeciwko-przemocy-zdjecia-wideo,12934052,27541142\/\">http:\/\/www.gazetalubuska.pl\/wiadomosci\/zielona-gora\/g\/one-billion-rising-w-zielonej-gorze-taneczny-protest-przeciwko-przemocy-zdjecia-wideo,12934052,27541142\/<\/a><\/p>\n<p><strong>Czarne protesty w Zielonej G&oacute;rze<\/strong><\/p>\n<p><a href=\"http:\/\/www.gazetalubuska.pl\/tag\/czarny-protest-zielona-gora\/\">http:\/\/www.gazetalubuska.pl\/tag\/czarny-protest-zielona-gora\/<\/a><br \/>\n\t<a href=\"http:\/\/www.gazetalubuska.pl\/wiadomosci\/zielona-gora\/g\/czarny-protest-w-zielonej-gorze-to-sprzeciw-wobec-rzadu-wideo-zdjecia,12544565,25793617\/\">http:\/\/www.gazetalubuska.pl\/wiadomosci\/zielona-gora\/g\/czarny-protest-w-zielonej-gorze-to-sprzeciw-wobec-rzadu-wideo-zdjecia,12544565,25793617\/<\/a><br \/>\n\t<a href=\"http:\/\/zielonagora.wyborcza.pl\/zielonagora\/7,35182,23173261,protest-w-zielonej-gorze-byl-czarny-poniedzialek-bedzie-czarny.html\">http:\/\/zielonagora.wyborcza.pl\/zielonagora\/7,35182,23173261,protest-w-zielonej-gorze-byl-czarny-poniedzialek-bedzie-czarny.html<\/a><br \/>\n\t<a href=\"http:\/\/zielonagora.naszemiasto.pl\/tag\/czarny-protest-w-zielonej-gorze.html\">http:\/\/zielonagora.naszemiasto.pl\/tag\/czarny-protest-w-zielonej-gorze.html<\/a><\/p>\n<p><strong>O pomys\u0142ach na zaostrzenie ustawy antyaborcyjnej:<\/strong><br \/>\n\tNews Lubuski:&nbsp;<a href=\"https:\/\/m.facebook.com\/story.php?story_fbid=1540075579630272&amp;id=1523096797994817\">https:\/\/m.facebook.com\/story.php?story_fbid=1540075579630272&amp;id=1523096797994817<\/a><br \/>\n\tGazeta Lubuska:&nbsp;<a href=\"http:\/\/www.gazetalubuska.pl\/wiadomosci\/zielona-gora\/a\/nie-dla-zmiany-ustawy-antyaborcyjnej-protest-kodu-pod-ratuszem-zdjecia,9913574\/\">http:\/\/www.gazetalubuska.pl\/wiadomosci\/zielona-gora\/a\/nie-dla-zmiany-ustawy-antyaborcyjnej-protest-kodu-pod-ratuszem-zdjecia,9913574\/<\/a><br \/>\n\tGazeta Wyborcza:&nbsp;<a href=\"http:\/\/zielonagora.wyborcza.pl\/zielonagora\/1,35182,19970311,ustawa-antyaborcyjna-jak-w-nazistowskich-niemczech-komitet.html#BoxLokZielLink\">http:\/\/zielonagora.wyborcza.pl\/zielonagora\/1,35182,19970311,ustawa-antyaborcyjna-jak-w-nazistowskich-niemczech-komitet.html#BoxLokZielLink<\/a><br \/>\n\t&nbsp;<\/p>\n<p><strong>O r&oacute;wno\u015bci:<\/strong><br \/>\n\tW &quot;Gazecie Wyborczej&quot;:&nbsp;<a href=\"http:\/\/zielonagora.wyborcza.pl\/zielonagora\/1,90220,19749048,kobieta-nie-chce-pustych-gestow-ale-szacunku-i-rownego-traktowania.html#BoxLokZielLink\">http:\/\/zielonagora.wyborcza.pl\/zielonagora\/1,90220,19749048,kobieta-nie-chce-pustych-gestow-ale-szacunku-i-rownego-traktowania.html#BoxLokZielLink<\/a><br \/>\n\t&nbsp;<\/p>\n<p><strong>O przemocy w regionie:<\/strong><br \/>\n\t<a href=\"http:\/\/gorzow.tvp.pl\/24539917\/22032016-skuteczna-pomoc-ofiarom-przemocy-gosc-anita-kucharskadziedzic\">http:\/\/gorzow.tvp.pl\/24539917\/22032016-skuteczna-pomoc-ofiarom-przemocy-gosc-anita-kucharskadziedzic<\/a><br \/>\n\t<a href=\"http:\/\/gorzow.tvp.pl\/24540853\/debatowali-o-tym-jak-zapobiegac-przemocy-wobec-kobiet\">http:\/\/gorzow.tvp.pl\/24540853\/debatowali-o-tym-jak-zapobiegac-przemocy-wobec-kobiet<\/a><\/p>\n<p><a href=\"http:\/\/gorzow.tvp.pl\/22566236\/09112015-problemy-rodzin-gosc-anita-kucharska-dziedzic-ze-stowarzyszenia-na-rzecz-kobiet-baba\">INFORMACJE LUBUSKIE &#8211; KOMENTARZE: 09.11.2015, PROBLEMY RODZIN, GO\u015a\u0106: ANITA KUCHARSKA &#8211; DZIEDZIC ZE STOWARZYSZENIA NA RZECZ KOBIET &quot;BABA&quot;<\/a><\/p>\n<p><a href=\"http:\/\/www.polskieradio.pl\/5\/3\/Artykul\/946072,Kobiety-coraz-czesciej-nekaja-psychicznie-mezczyzn\">http:\/\/www.polskieradio.pl\/5\/3\/Artykul\/946072,Kobiety-coraz-czesciej-nekaja-psychicznie-mezczyzn<\/a><\/p>\n<p><strong>VI Lubuski Kongres Kobiet<\/strong><br \/>\n\t<a href=\"http:\/\/www.gazetalubuska.pl\/apps\/pbcs.dll\/article?AID=%2F20141018%2FPOWIAT16%2F141019352\">http:\/\/www.gazetalubuska.pl\/apps\/pbcs.dll\/article?AID=%2F20141018%2FPOWIAT16%2F141019352<\/a><br \/>\n\t<a href=\"http:\/\/zielonagora.gazeta.pl\/zielonagora\/1,35161,16826211,Kongres_pod_matronatem_profesory__marszalkini_i_goscini.html#TRLokZielTxt\">http:\/\/zielonagora.gazeta.pl\/zielonagora\/1,35161,16826211,Kongres_pod_matronatem_profesory__marszalkini_i_goscini.html#TRLokZielTxt<\/a><\/p>\n<p><a href=\"http:\/\/zielonagora.gazeta.pl\/zielonagora\/1,35161,16817471,Kobiety_w_wyborach_wystepuja_glownie_w_roli_paprotek.html#TRLokZielTxt\">http:\/\/zielonagora.gazeta.pl\/zielonagora\/1,35161,16817471,Kobiety_w_wyborach_wystepuja_glownie_w_roli_paprotek.html#TRLokZielTxt<\/a><\/p>\n<p><strong>VI kongres kobiet w Warszawie &#8211; 9-10 maja 2014 r.<\/strong><br \/>\n\t<a href=\"http:\/\/www.tokfm.pl\/Tokfm\/1,103085,15942295,_Kobiety_nieustannie_sie_wstydza__bo_nie_sa_idealnymi.html#BoxSlotII3img\">http:\/\/www.tokfm.pl\/Tokfm\/1,103085,15942295,_Kobiety_nieustannie_sie_wstydza__bo_nie_sa_idealnymi.html#BoxSlotII3img<\/a><\/p>\n<p><a href=\"http:\/\/zielonagora.naszemiasto.pl\/tag\/one-bilion-rising-zielona-gora.html\">http:\/\/zielonagora.naszemiasto.pl\/tag\/one-bilion-rising-zielona-gora.html<\/a><\/p>\n<p><strong>Wywiad z Anit\u0105 o BABIE&nbsp; w &quot;Lubuski Mentoring M\u0142odych&quot;<\/strong><br \/>\n\t<a href=\"http:\/\/babazg.home.pl\/autoinstalator\/wordpress\/wp-content\/uploads\/2014\/01\/lubuskimentoring_nr4.pdf\">http:\/\/babazg.home.pl\/autoinstalator\/wordpress\/wp-content\/uploads\/2014\/01\/lubuskimentoring_nr4.pdf<\/a><\/p>\n<p><strong>Wywiad z Anit\u0105 o trzecim sektorze&nbsp; w &quot;Pakcie Wp&oacute;\u0142pracy&quot;<\/strong><br \/>\n\t<a href=\"http:\/\/babazg.home.pl\/autoinstalator\/wordpress\/wp-content\/uploads\/2014\/01\/PaktWspolpracy_3.pdf\">http:\/\/babazg.home.pl\/autoinstalator\/wordpress\/wp-content\/uploads\/2014\/01\/PaktWspolpracy_3.pdf<\/a><\/p>\n<p><strong>Radio Kolor, wywiad z Anit\u0105 &#8211; o BABIE<\/strong><br \/>\n\t<a href=\"http:\/\/www.youtube.com\/watch?v=c2yPdrSDfds\">http:\/\/www.youtube.com\/watch?v=c2yPdrSDfds<\/a><\/p>\n<p><strong>Zepsuli Niebiesk\u0105 kart\u0119, raport NIK, &quot;Gazeta Wyborcza&quot;, 28 lipca 2013 r. <\/strong><br \/>\n\t<a href=\"http:\/\/wyborcza.pl\/1,75478,14349240,Zepsuli_Niebieska_Karte__Wedlug_NIK_zmiana_prawa_uderzyla.html\">http:\/\/wyborcza.pl\/1,75478,14349240,Zepsuli_Niebieska_Karte__Wedlug_NIK_zmiana_prawa_uderzyla.html<\/a><\/p>\n<p><strong>Kobiece rozmowy. niech pani panu ustapi<\/strong>, artyku\u0142 w &quot;Gazecie Wyborczej&quot;, oddzia\u0142 lubuski,&nbsp;16 marca 2013 r.<br \/>\n\t<a href=\"http:\/\/zielonagora.gazeta.pl\/zielonagora\/1,35161,13571652,Kobiece_rozmowy__Niech_pani_panu_ustapi.html\">http:\/\/zielonagora.gazeta.pl\/zielonagora\/1,35161,13571652,Kobiece_rozmowy__Niech_pani_panu_ustapi.html<\/a><\/p>\n<p><strong>Bieda i brak wiedzy. Wtedy dziej\u0105 si\u0119 rzeczy straszne.<\/strong> Wywiad z prezesk\u0105 BABY w TokFm, 5 listopada 2012 r. &nbsp;<br \/>\n\t<a href=\"http:\/\/www.tokfm.pl\/Tokfm\/1,103085,12800226.html\">http:\/\/www.tokfm.pl\/Tokfm\/1,103085,12800226.html<\/a><\/p>\n<p><strong>Kobietom b\u0119dzie du\u017co ci\u0119\u017cej ponie\u015b\u0107 koszty reformy emerytalnej<\/strong>, artyku\u0142 w &quot;Gazecie Lubuskiej&quot; 18 lutego 2012 r.<br \/>\n\t<em>&bdquo;W pracy jeden etat. W domu wiele: kucharki, sprz\u0105taczki, zaopatrzeniowca. No i opiekunki. Najpierw dzieci, potem rodzic&oacute;w. &#8211; Nie damy rady pracowa\u0107 do 67. roku \u017cycia! &#8211; alarmuj\u0105 Czytelniczki&rdquo;.<\/em><br \/>\n\t<strong><a href=\"http:\/\/www.gazetalubuska.pl\/apps\/pbcs.dll\/article?AID=\/20120218\/LUBUSKARYNKOWA\/465914704\">http:\/\/www.gazetalubuska.pl\/apps\/pbcs.dll\/article?AID=\/20120218\/LUBUSKARYNKOWA\/465914704<\/a><\/strong><\/p>\n<p><strong>Pe\u0142nomocnik z wizyt\u0105 w Trzebielu<\/strong>, 13-06-2011<br \/>\n\t&quot;<em>Na spotkanie zosta\u0142a r&oacute;wnie\u017c zaproszona pani Marta Marzec, psycholog wsp&oacute;\u0142pracuj\u0105ca ze stowarzyszeniem BABA w Zielonej G&oacute;rze.<\/em>&quot;<br \/>\n\t<a href=\"http:\/\/lubuskie.pl\/strona-glowna\/news\/&amp;news_category=Pe%C5%82nomocnik%20marsza%C5%82ka&amp;news_id=8915\/\">http:\/\/lubuskie.pl\/strona-glowna\/news\/&amp;news_category=Pe%C5%82nomocnik%20marsza%C5%82ka&amp;news_id=8915\/<\/a><\/p>\n<p><strong>Kongres Kobiet: Do\u015b\u0107 dyskryminacji w polityce<\/strong>, 18.10.2010,<br \/>\n\t&quot;<em>Kobiety musz\u0105 prze\u0142ama\u0107 strach i pozby\u0107 si\u0119 zakorzenionych, b\u0142\u0119dnych przekona\u0144. Referentki podpowiada\u0142y, \u017ce doskona\u0142ym punktem wyj\u015bcia i biletem do \u015bwiata polityki mo\u017ce by\u0107 dzia\u0142alno\u015b\u0107 w organizacji pozarz\u0105dowej.<\/em>&quot;<br \/>\n\t<a href=\"http:\/\/zielonagora.gazeta.pl\/zielonagora\/1,35161,8527014,Kongres_Kobiet__Dosc_dyskryminacji_w_polityce.html\">http:\/\/zielonagora.gazeta.pl\/zielonagora\/1,35161,8527014,Kongres_Kobiet__Dosc_dyskryminacji_w_polityce.html<\/a><\/p>\n<p><strong>Dzi\u015b na uniwersytecie odb\u0119dzie si\u0119 II Lubuski Kongres Kobiet<\/strong>, 16 pazdziernika 2010,<br \/>\n\t&quot;<em>Przemoc seksualna nadal jest tabu, ekonomicznej i psychicznej nie dostrzegamy. Dyskryminacja pracownic, molestowanie i mobbing w obliczu trudno\u015bci na rynku pracy s\u0105 norm\u0105. Ageizm dotknie ka\u017cdego, w po\u0142\u0105czeniu z seksizmem jest opresj\u0105 dojrza\u0142ych kobiet.<\/em>&quot;<br \/>\n\t<a href=\"http:\/\/www.gazetalubuska.pl\/apps\/pbcs.dll\/article?AID=\/20101016\/POWIAT16\/839591461\">http:\/\/www.gazetalubuska.pl\/apps\/pbcs.dll\/article?AID=\/20101016\/POWIAT16\/839591461<\/a><\/p>\n<p><strong>Dzie\u0144 Kobiet dla Kobiet<\/strong>, 2010-03-02,<br \/>\n\t&quot;<em>Zale\u017cy nam na utworzeniu tego dnia miejsc przyjaznych kobietom w naszym mie\u015bcie<\/em>&quot;<br \/>\n\t<a href=\"http:\/\/zielonagora.gazeta.pl\/zielonagora\/1,35161,7618197,Stowarzyszenie_Baba__Dzien_Kobiet_dla_Kobiet.html\">http:\/\/zielonagora.gazeta.pl\/zielonagora\/1,35161,7618197,Stowarzyszenie_Baba__Dzien_Kobiet_dla_Kobiet.html<\/a><\/p>\n<p><strong>Wendo: ka\u017cda dziewczynka ma prawo si\u0119 broni\u0107<\/strong>, 2009-11-11<br \/>\n\t&quot;<em>\u017beby uwierzy\u0107 w swoj\u0105 si\u0142\u0119, kobiety na samym pocz\u0105tku szkolenia dosta\u0142y zadanie, kt&oacute;re w pierwszej chwili wydawa\u0142o si\u0119 ca\u0142kowicie niemo\u017cliwe do wykonania. Mia\u0142y rozbi\u0107 d\u0142oni\u0105 sosnow\u0105 desk\u0119. http:\/\/zielonagora.gazeta.pl\/zielonagora<\/em>&quot;<br \/>\n\t<a href=\"http:\/\/zielonagora.gazeta.pl\/zielonagora\/1,35182,7244595,Wendo__kazda_dziewczynka_ma_prawo_sie_bronic.html\">http:\/\/zielonagora.gazeta.pl\/zielonagora\/1,35182,7244595,Wendo__kazda_dziewczynka_ma_prawo_sie_bronic.html<\/a><\/p>\n<p><strong>Radio zach&oacute;d wr\u0119czy\u0142o nagrody dobrym ludziom, <\/strong>2008-12-18<br \/>\n\t&nbsp;<a href=\"http:\/\/www.gazetalubuska.pl\/wiadomosci\/zielona-gora\/art\/7768901,radio-zachod-wreczylo-nagrody-dobrym-ludziom,id,t.html\">http:\/\/www.gazetalubuska.pl\/wiadomosci\/zielona-gora\/art\/7768901,radio-zachod-wreczylo-nagrody-dobrym-ludziom,id,t.html<\/a><\/p>\n","protected":false},"excerpt":{"rendered":"<p>Nagroda Polskiej Rady Biznesu https:\/\/www.wzielonej.pl\/informacje\/zielona-gora\/prezeska-stowarzyszenia-baba-nagroda-polskiej-rady-biznesu\/\u200bhttp:\/\/zielonagora.wyborcza.pl\/zielonagora\/1,35182,20087059,kucharska-dziedzic-z-prestizowa-nagroda-im-jana-wejcherta.html#ixzz4AbQeNRGI https:\/\/tvn24bis.pl\/z-kraju,74\/laureaci-5-edycji-nagrody-polskiej-rady-biznesu,644313.html One billion rising LUBUSKIE http:\/\/www.gazetalubuska.pl\/wiadomosci\/zielona-gora\/g\/one-billion-rising-w-zielonej-gorze-taneczny-protest-przeciwko-przemocy-zdjecia-wideo,12934052,27541142\/ Czarne protesty w Zielonej G&oacute;rze http:\/\/www.gazetalubuska.pl\/tag\/czarny-protest-zielona-gora\/ http:\/\/www.gazetalubuska.pl\/wiadomosci\/zielona-gora\/g\/czarny-protest-w-zielonej-gorze-to-sprzeciw-wobec-rzadu-wideo-zdjecia,12544565,25793617\/ http:\/\/zielonagora.wyborcza.pl\/zielonagora\/7,35182,23173261,protest-w-zielonej-gorze-byl-czarny-poniedzialek-bedzie-czarny.html http:\/\/zielonagora.naszemiasto.pl\/tag\/czarny-protest-w-zielonej-gorze.html O pomys\u0142ach na zaostrzenie ustawy antyaborcyjnej: News Lubuski:&nbsp;https:\/\/m.facebook.com\/story.php?story_fbid=1540075579630272&amp;id=1523096797994817 Gazeta Lubuska:&nbsp;http:\/\/www.gazetalubuska.pl\/wiadomosci\/zielona-gora\/a\/nie-dla-zmiany-ustawy-antyaborcyjnej-protest-kodu-pod-ratuszem-zdjecia,9913574\/ Gazeta Wyborcza:&nbsp;http:\/\/zielonagora.wyborcza.pl\/zielonagora\/1,35182,19970311,ustawa-antyaborcyjna-jak-w-nazistowskich-niemczech-komitet.html#BoxLokZielLink &nbsp; O r&oacute;wno\u015bci: W &quot;Gazecie Wyborczej&quot;:&nbsp;http:\/\/zielonagora.wyborcza.pl\/zielonagora\/1,90220,19749048,kobieta-nie-chce-pustych-gestow-ale-szacunku-i-rownego-traktowania.html#BoxLokZielLink &nbsp; O przemocy w regionie: http:\/\/gorzow.tvp.pl\/24539917\/22032016-skuteczna-pomoc-ofiarom-przemocy-gosc-anita-kucharskadziedzic http:\/\/gorzow.tvp.pl\/24540853\/debatowali-o-tym-jak-zapobiegac-przemocy-wobec-kobiet INFORMACJE LUBUSKIE &#8211; KOMENTARZE: 09.11.2015, PROBLEMY RODZIN, GO\u015a\u0106: ANITA KUCHARSKA [&hellip;]<\/p>\n","protected":false},"author":6,"featured_media":0,"parent":187,"menu_order":0,"comment_status":"closed","ping_status":"closed","template":"","meta":{"footnotes":""},"class_list":["post-897","page","type-page","status-publish","hentry"],"_links":{"self":[{"href":"https:\/\/baba.org.pl\/index.php\/wp-json\/wp\/v2\/pages\/897","targetHints":{"allow":["GET"]}}],"collection":[{"href":"https:\/\/baba.org.pl\/index.php\/wp-json\/wp\/v2\/pages"}],"about":[{"href":"https:\/\/baba.org.pl\/index.php\/wp-json\/wp\/v2\/types\/page"}],"author":[{"embeddable":true,"href":"https:\/\/baba.org.pl\/index.php\/wp-json\/wp\/v2\/users\/6"}],"replies":[{"embeddable":true,"href":"https:\/\/baba.org.pl\/index.php\/wp-json\/wp\/v2\/comments?post=897"}],"version-history":[{"count":42,"href":"https:\/\/baba.org.pl\/index.php\/wp-json\/wp\/v2\/pages\/897\/revisions"}],"predecessor-version":[{"id":5746,"href":"https:\/\/baba.org.pl\/index.php\/wp-json\/wp\/v2\/pages\/897\/revisions\/5746"}],"up":[{"embeddable":true,"href":"https:\/\/baba.org.pl\/index.php\/wp-json\/wp\/v2\/pages\/187"}],"wp:attachment":[{"href":"https:\/\/baba.org.pl\/index.php\/wp-json\/wp\/v2\/media?parent=897"}],"curies":[{"name":"wp","href":"https:\/\/api.w.org\/{rel}","templated":true}]}}