{"id":823,"date":"2011-09-08T21:25:15","date_gmt":"2011-09-08T19:25:15","guid":{"rendered":"http:\/\/baba.org.pl\/?page_id=823"},"modified":"2014-11-03T09:01:46","modified_gmt":"2014-11-03T07:01:46","slug":"remont","status":"publish","type":"page","link":"https:\/\/baba.org.pl\/index.php\/programy\/remont\/","title":{"rendered":"Remontujemy BAB\u0118"},"content":{"rendered":"<p><img loading=\"lazy\" decoding=\"async\" alt=\"\" height=\"147\" src=\"http:\/\/babazg.home.pl\/autoinstalator\/wordpress\/wp-content\/uploads\/2011\/09\/remont-schody-225x300.jpg\" title=\"remont schody\" width=\"113\" \/> <a href=\"http:\/\/babazg.home.pl\/autoinstalator\/wordpress\/wp-content\/uploads\/2011\/11\/korytarz.jpg\" data-lightbox=\"gal[823]\"><img loading=\"lazy\" decoding=\"async\" alt=\"\" height=\"147\" src=\"http:\/\/babazg.home.pl\/autoinstalator\/wordpress\/wp-content\/uploads\/2011\/11\/korytarz-112x150.jpg\" title=\"korytarz\" width=\"102\" \/><\/a>Po niemal dwu latach zmaga\u0144 z miastem Zielona G&oacute;ra o godne warunki, zdecydowa\u0142y\u015bmy si\u0119 wynaj\u0105\u0107 lokal na rynku komercyjnym &#8211; 180 m&sup2; w \u015bcis\u0142ym centrum miasta, ze \u015bwietnym adresem: Stary Rynek 17 (cho\u0107 wej\u015bcie jest od strony ul. Lisowskiego) i widokiem na ratuszow\u0105 wie\u017c\u0119 z okien.<\/p>\n<p><a href=\"http:\/\/babazg.home.pl\/autoinstalator\/wordpress\/wp-content\/uploads\/2011\/11\/stary-korytarz.jpg\" data-lightbox=\"gal[823]\"><img loading=\"lazy\" decoding=\"async\" alt=\"\" class=\"alignleft size-thumbnail wp-image-1101\" height=\"112\" src=\"http:\/\/babazg.home.pl\/autoinstalator\/wordpress\/wp-content\/uploads\/2011\/11\/stary-korytarz-150x112.jpg\" title=\"stary korytarz\" width=\"150\" \/><\/a><\/p>\n<p>Wynegocjowa\u0142y\u015bmy umow\u0119 najmu na 10 lat i zobowi\u0105za\u0142y\u015bmy si\u0119 do pokrycia koszt&oacute;w <strong>generalnego remontu<\/strong>. Cho\u0107 zabrak\u0142o wsparcia ze strony lokalnych polityk&oacute;w, przedsi\u0119biorcy i obywatele nie pozostaj\u0105 oboj\u0119tni na nasze pro\u015bby. Wyremontowano nam dach, skuto tynki i odgrzybiono dwa pomieszczenia, po czym je otynkowano i pomalowano. <a href=\"http:\/\/babazg.home.pl\/autoinstalator\/wordpress\/wp-content\/uploads\/2011\/11\/ilona-maluje.jpg\" data-lightbox=\"gal[823]\"><img loading=\"lazy\" decoding=\"async\" alt=\"\" class=\"alignleft size-thumbnail wp-image-1082\" height=\"150\" src=\"http:\/\/babazg.home.pl\/autoinstalator\/wordpress\/wp-content\/uploads\/2011\/11\/ilona-maluje-112x150.jpg\" title=\"ilona maluje\" width=\"112\" \/><\/a>Pomalowa\u0142y\u015bmy same klatk\u0119 schodow\u0105 i korytarz, wy\u0142o\u017cy\u0142y\u015bmy darowane wyk\u0142adziny, wymieni\u0142y\u015bmy cze\u015b\u0107 drzwi, umeblowa\u0142y\u015bmy 3 pokoje. <a href=\"http:\/\/babazg.home.pl\/autoinstalator\/wordpress\/wp-content\/uploads\/2011\/09\/lug.png\" data-lightbox=\"gal[823]\"><img loading=\"lazy\" decoding=\"async\" alt=\"\" class=\"alignright size-full wp-image-412\" height=\"70\" src=\"http:\/\/babazg.home.pl\/autoinstalator\/wordpress\/wp-content\/uploads\/2011\/09\/lug.png\" title=\"lug\" width=\"199\" srcset=\"https:\/\/baba.org.pl\/wp-content\/uploads\/2011\/09\/lug.png 199w, https:\/\/baba.org.pl\/wp-content\/uploads\/2011\/09\/lug-150x53.png 150w\" sizes=\"auto, (max-width: 199px) 100vw, 199px\" \/><\/a>Firma LUG SA zafundowa\u0142a nam i zamontowa\u0142a profesjonalne o\u015bwietlenie biurowe. Zamontowa\u0142y\u015bmy ogrzewacz wody i nowe krany w \u0142azienkach. Wywiesi\u0142y\u015bmy nawet podarowane nam przez AMS zwyci\u0119skie plakaty w konkursie &bdquo;Sk\u0142odowska-Curie by\u0142a kobiet\u0105&rdquo;. Na zewn\u0105trz wisz\u0105 dwie nowe tablice oraz szyld na wysi\u0119gniku. Na naszym poddaszu pozostaj\u0105 do otynkowania 3 sufity, do pomalowania 3 pomieszczenia &#8211; 2 z nich do wyposa\u017cenia. <strong>Szukamy sponsora okien<\/strong> oraz wolontariuszy do u\u0142o\u017cenia darowanych nam p\u0142ytek gresowych na schody i korytarz. Przed nami tak\u017ce remont 2 pomieszcze\u0144 na parterze przeznaczonych na spotkania dla inwalid&oacute;w i rodzic&oacute;w z w&oacute;zkami, \u017ceby nie nosi\u0107 dzieciaczk&oacute;w na drugie pi\u0119tro.<\/p>\n<p><a href=\"http:\/\/babazg.home.pl\/autoinstalator\/wordpress\/wp-content\/uploads\/2011\/11\/inw.jpg\" data-lightbox=\"gal[823]\"><img loading=\"lazy\" decoding=\"async\" alt=\"\" class=\"alignleft size-thumbnail wp-image-1097\" height=\"150\" src=\"http:\/\/babazg.home.pl\/autoinstalator\/wordpress\/wp-content\/uploads\/2011\/11\/inw-112x150.jpg\" title=\"inw\" width=\"112\" \/><\/a>Zawiedzione brakiem wsparcie ze strony miasta pragniemy w tym miejscu tym serdeczniej podzi\u0119kowa\u0107 firmom i mieszka\u0144com, kt&oacute;rzy nam pomogli.<\/p>\n<p><a href=\"http:\/\/babazg.home.pl\/autoinstalator\/wordpress\/wp-content\/uploads\/2011\/09\/remont-grzyb.jpg\" data-lightbox=\"gal[823]\"><img loading=\"lazy\" decoding=\"async\" alt=\"\" class=\"size-medium wp-image-827 alignnone\" height=\"155\" src=\"http:\/\/babazg.home.pl\/autoinstalator\/wordpress\/wp-content\/uploads\/2011\/09\/remont-grzyb-300x225.jpg\" title=\"remont grzyb\" width=\"233\" \/><\/a><a href=\"http:\/\/babazg.home.pl\/autoinstalator\/wordpress\/wp-content\/uploads\/2011\/09\/remont-nowe-poddasze.jpg\" data-lightbox=\"gal[823]\"> <img loading=\"lazy\" decoding=\"async\" alt=\"\" class=\"size-medium wp-image-828 alignnone\" height=\"181\" src=\"http:\/\/babazg.home.pl\/autoinstalator\/wordpress\/wp-content\/uploads\/2011\/09\/remont-nowe-poddasze-300x225.jpg\" title=\"remont nowe poddasze\" width=\"231\" \/><\/a><\/p>\n<p>Ten remont jest dowodem na to, \u017ce okrzep\u0142y\u015bmy jako instytucja, \u017ce jeste\u015bmy postrzegane nie tylko jako stowarzyszenie, ale solidna &bdquo;firma&rdquo;, kt&oacute;rej warto pomaga\u0107 i w kt&oacute;r\u0105 warto inwestowa\u0107.<\/p>\n<p><a href=\"http:\/\/babazg.home.pl\/autoinstalator\/wordpress\/wp-content\/uploads\/2011\/11\/5-tka-przed-remontem.jpg\" data-lightbox=\"gal[823]\"><img loading=\"lazy\" decoding=\"async\" alt=\"\" class=\"alignleft size-thumbnail wp-image-1081\" height=\"112\" src=\"http:\/\/babazg.home.pl\/autoinstalator\/wordpress\/wp-content\/uploads\/2011\/11\/5-tka-przed-remontem-150x112.jpg\" title=\"5-tka przed remontem\" width=\"150\" \/><\/a><a href=\"http:\/\/babazg.home.pl\/autoinstalator\/wordpress\/wp-content\/uploads\/2011\/09\/3-jka.jpg\" data-lightbox=\"gal[823]\"><img loading=\"lazy\" decoding=\"async\" alt=\"\" height=\"114\" src=\"http:\/\/babazg.home.pl\/autoinstalator\/wordpress\/wp-content\/uploads\/2011\/09\/3-jka-150x112.jpg\" title=\"3-jka\" width=\"150\" \/><\/a> <a href=\"http:\/\/babazg.home.pl\/autoinstalator\/wordpress\/wp-content\/uploads\/2011\/11\/DSC00094.jpg\" data-lightbox=\"gal[823]\"><img loading=\"lazy\" decoding=\"async\" alt=\"\" height=\"112\" src=\"http:\/\/babazg.home.pl\/autoinstalator\/wordpress\/wp-content\/uploads\/2011\/11\/DSC00094-150x112.jpg\" title=\"DSC00094\" width=\"150\" \/><\/a><a href=\"http:\/\/babazg.home.pl\/autoinstalator\/wordpress\/wp-content\/uploads\/2011\/11\/ams.jpg\" data-lightbox=\"gal[823]\"><img loading=\"lazy\" decoding=\"async\" alt=\"\" class=\"alignnone size-thumbnail wp-image-1091\" height=\"112\" src=\"http:\/\/babazg.home.pl\/autoinstalator\/wordpress\/wp-content\/uploads\/2011\/11\/ams-150x112.jpg\" title=\"ams\" width=\"150\" \/><\/a><\/p>\n<p>PSS &bdquo;Spo\u0142em&rdquo; naprawi\u0142o dach, LUG S.A. zafundowa\u0142o i zamontowa\u0142o lampy, WENA przekaza\u0142a wyk\u0142adziny, PGNiG i MOPS podarowa\u0142o u\u017cywane meble. Kronopol&nbsp; podarowa\u0142 panele pod\u0142ogowe. Darczy\u0144cy przekazali nam farby, grunty, tynki, p\u0142ytki \u015bcienne i pod\u0142ogowe, wentylator, sto\u0142y, krzes\u0142a, kanapy, biurka itp, itd.<\/p>\n<p><a href=\"http:\/\/babazg.home.pl\/autoinstalator\/wordpress\/wp-content\/uploads\/2011\/09\/logo-spolem.jpg\" data-lightbox=\"gal[823]\"><img loading=\"lazy\" decoding=\"async\" alt=\"\" class=\"size-medium wp-image-831 alignnone\" height=\"135\" src=\"http:\/\/babazg.home.pl\/autoinstalator\/wordpress\/wp-content\/uploads\/2011\/09\/logo-spolem-300x135.jpg\" title=\"logo spolem\" width=\"300\" srcset=\"https:\/\/baba.org.pl\/wp-content\/uploads\/2011\/09\/logo-spolem-300x135.jpg 300w, https:\/\/baba.org.pl\/wp-content\/uploads\/2011\/09\/logo-spolem-150x68.jpg 150w, https:\/\/baba.org.pl\/wp-content\/uploads\/2011\/09\/logo-spolem.jpg 637w\" sizes=\"auto, (max-width: 300px) 100vw, 300px\" \/><\/a><a href=\"http:\/\/babazg.home.pl\/autoinstalator\/wordpress\/wp-content\/uploads\/2011\/09\/logo-wena-podlogi.png\" data-lightbox=\"gal[823]\"><img loading=\"lazy\" decoding=\"async\" alt=\"\" class=\"alignright size-full wp-image-832\" height=\"115\" src=\"http:\/\/babazg.home.pl\/autoinstalator\/wordpress\/wp-content\/uploads\/2011\/09\/logo-wena-podlogi.png\" title=\"logo wena podlogi\" width=\"279\" srcset=\"https:\/\/baba.org.pl\/wp-content\/uploads\/2011\/09\/logo-wena-podlogi.png 279w, https:\/\/baba.org.pl\/wp-content\/uploads\/2011\/09\/logo-wena-podlogi-150x62.png 150w\" sizes=\"auto, (max-width: 279px) 100vw, 279px\" \/><\/a><\/p>\n","protected":false},"excerpt":{"rendered":"<p>Po niemal dwu latach zmaga\u0144 z miastem Zielona G&oacute;ra o godne warunki, zdecydowa\u0142y\u015bmy si\u0119 wynaj\u0105\u0107 lokal na rynku komercyjnym &#8211; 180 m&sup2; w \u015bcis\u0142ym centrum miasta, ze \u015bwietnym adresem: Stary Rynek 17 (cho\u0107 wej\u015bcie jest od strony ul. Lisowskiego) i widokiem na ratuszow\u0105 wie\u017c\u0119 z okien. Wynegocjowa\u0142y\u015bmy umow\u0119 najmu na 10 lat i zobowi\u0105za\u0142y\u015bmy si\u0119 [&hellip;]<\/p>\n","protected":false},"author":6,"featured_media":0,"parent":212,"menu_order":11,"comment_status":"closed","ping_status":"closed","template":"","meta":{"give_campaign_id":0,"footnotes":""},"class_list":["post-823","page","type-page","status-publish","hentry"],"campaignId":"","_links":{"self":[{"href":"https:\/\/baba.org.pl\/index.php\/wp-json\/wp\/v2\/pages\/823","targetHints":{"allow":["GET"]}}],"collection":[{"href":"https:\/\/baba.org.pl\/index.php\/wp-json\/wp\/v2\/pages"}],"about":[{"href":"https:\/\/baba.org.pl\/index.php\/wp-json\/wp\/v2\/types\/page"}],"author":[{"embeddable":true,"href":"https:\/\/baba.org.pl\/index.php\/wp-json\/wp\/v2\/users\/6"}],"replies":[{"embeddable":true,"href":"https:\/\/baba.org.pl\/index.php\/wp-json\/wp\/v2\/comments?post=823"}],"version-history":[{"count":23,"href":"https:\/\/baba.org.pl\/index.php\/wp-json\/wp\/v2\/pages\/823\/revisions"}],"predecessor-version":[{"id":2283,"href":"https:\/\/baba.org.pl\/index.php\/wp-json\/wp\/v2\/pages\/823\/revisions\/2283"}],"up":[{"embeddable":true,"href":"https:\/\/baba.org.pl\/index.php\/wp-json\/wp\/v2\/pages\/212"}],"wp:attachment":[{"href":"https:\/\/baba.org.pl\/index.php\/wp-json\/wp\/v2\/media?parent=823"}],"curies":[{"name":"wp","href":"https:\/\/api.w.org\/{rel}","templated":true}]}}