{"id":703,"date":"2011-09-06T23:06:22","date_gmt":"2011-09-06T21:06:22","guid":{"rendered":"http:\/\/babazg.home.pl\/autoinstalator\/wordpress\/?page_id=703"},"modified":"2018-09-18T12:12:16","modified_gmt":"2018-09-18T10:12:16","slug":"zostan-wolontariuszem","status":"publish","type":"page","link":"https:\/\/baba.org.pl\/index.php\/zaangazuj-sie\/zostan-wolontariuszem\/","title":{"rendered":"Wolontariat dla Ciebie"},"content":{"rendered":"<p>My wszystkie jeste\u015bmy wolontariuszkami. Po\u015bwi\u0119camy czas wolny na aktywno\u015b\u0107 w BABIE. Mo\u017cesz zosta\u0107 cz\u0142onkini\u0105\/cz\u0142onkiem BABY, ale nie musisz. Wa\u017cne, \u017ce chcesz co\u015b zrobi\u0107 w BABIE, z BAB\u0104 albo dla BABY.&nbsp;<br \/>\n\t<a href=\"http:\/\/babazg.home.pl\/autoinstalator\/wordpress\/wp-content\/uploads\/2011\/09\/DSC_9109-Edit-Edit.jpg\" data-lightbox=\"gal[703]\" rel=\"attachment wp-att-4174\"><img loading=\"lazy\" decoding=\"async\" alt=\"DSC_9109-Edit-Edit\" class=\"alignleft size-medium wp-image-4174\" height=\"200\" src=\"http:\/\/babazg.home.pl\/autoinstalator\/wordpress\/wp-content\/uploads\/2011\/09\/DSC_9109-Edit-Edit-300x200.jpg\" width=\"300\" srcset=\"https:\/\/baba.org.pl\/wp-content\/uploads\/2011\/09\/DSC_9109-Edit-Edit-300x200.jpg 300w, https:\/\/baba.org.pl\/wp-content\/uploads\/2011\/09\/DSC_9109-Edit-Edit-1024x684.jpg 1024w, https:\/\/baba.org.pl\/wp-content\/uploads\/2011\/09\/DSC_9109-Edit-Edit-150x100.jpg 150w, https:\/\/baba.org.pl\/wp-content\/uploads\/2011\/09\/DSC_9109-Edit-Edit-768x513.jpg 768w, https:\/\/baba.org.pl\/wp-content\/uploads\/2011\/09\/DSC_9109-Edit-Edit-1536x1025.jpg 1536w, https:\/\/baba.org.pl\/wp-content\/uploads\/2011\/09\/DSC_9109-Edit-Edit.jpg 2048w\" sizes=\"auto, (max-width: 300px) 100vw, 300px\" \/><\/a>Zesp&oacute;\u0142 wolontariuszek BABY &#8211; os&oacute;b pierwszego kontaktu: Ola, Zenona, Aleksandra, Wies\u0142awa, Daria, Bozena, Monika, Dominika, Krystyna, Anna. (zdj\u0119cie Anna Olszewska &#8211; Fotografia)<\/p>\n<h3>Jeste\u015b prawniczk\u0105\/prawnikiem lub psycholo\u017ck\u0105\/psychologiem?<\/h3>\n<p>Jako, \u017ce od pocz\u0105tku naszej dzia\u0142alno\u015bci BABA \u015bwiadczy bezp\u0142atn\u0105 pomoc i poradnictwo swoim beneficjentom, poszukujemy os&oacute;b z kwalifikacjami i umiej\u0119tno\u015bciami interpersonalnymi koniecznymi do pracy z osobami niejednokrotnie skrzywdzonymi, straumatyzowanymi i zdarza si\u0119, tzw. &ndash; trudnymi. Mieszkasz na terenie wojew&oacute;dztwa lubuskiego? Znajdziemy dla Ciebie miejsce, by\u015b mog\u0142a\/m&oacute;g\u0142 przyjmowa\u0107 i pomaga\u0107 naszym beneficjentom pod szyldem BABY. Je\u015bli nie mieszkasz w naszym wojew&oacute;dztwie &ndash; mo\u017cesz pomaga\u0107 za po\u015brednictwem Internetu &ndash; odpowiada\u0107 na pytania przesy\u0142ane na nasza poczt\u0119 e-mail.<\/p>\n[audio:http:\/\/babazg.home.pl\/autoinstalator\/wordpress\/wp-content\/uploads\/2011\/09\/radio_zachod_10-baborem2.mp3|titles=Prawniczka Agata Trond-Grzesiak o pracy dla BABY (Radio Zach&oacute;d 10.03.2011)]\n<h3>Masz inne kwalifikacje?<\/h3>\n<p>BABA prowadzi szerok\u0105 dzia\u0142alno\u015b\u0107, dopasowujemy si\u0119 zar&oacute;wno do potrzeb i oczekiwa\u0144 naszych beneficjent&oacute;w, jak i mo\u017cliwo\u015bci, kt&oacute;re stwarzaj\u0105 nam nasze cz\u0142onkinie, wsp&oacute;\u0142pracowniczki, wolontariuszki (cz\u0142onkowie, wsp&oacute;\u0142pracownicy, wolontariusze). Liczy si\u0119 ch\u0119\u0107 i pomys\u0142. Mamy mo\u017cliwo\u015bci logistyczne, by stworzy\u0107 Ci przyjazne miejsce pracy i dzia\u0142alno\u015bci na rzecz innych. Chcesz kobiety wspom&oacute;c, wesprze\u0107, przeszkoli\u0107, zrobi\u0107 kurs, zaj\u0119cia, grup\u0119 samopomocow\u0105. Przyjd\u017a do nas, mamy miejsce, przyjazn\u0105 atmosfer\u0119, kontakty i mo\u017cliwo\u015b\u0107 dotarcia do wielu kobiet. Mo\u017cesz u nas rozwin\u0105\u0107 skrzyd\u0142a, a przy okazji zrobi\u0107 co\u015b po\u017cytecznego dla innych.<\/p>\n<h3>Masz ma\u0142o czasu, ale chcesz co\u015b zrobi\u0107 od czasu do czasu?<\/h3>\n<p>Nie musisz wi\u0105za\u0107 si\u0119 z nami na ca\u0142e \u017cycie, nawet na rok czy d\u0142u\u017cej. Je\u015bli chcesz by\u0107 wolontariuszem miesi\u0105c &ndash; ubezpieczymy ci\u0119, b\u0119dziesz wolontariuszem d\u0142u\u017cej, jeste\u015b ubezpieczona\/ubezpieczony z mocy ustawy o wolontariacie i organizacjach po\u017cytku publicznego. Chcesz co\u015b zrobi\u0107 jednorazowo, tak\u017ce dlatego, \u017ceby si\u0119 wykaza\u0107, czy zdoby\u0107 nowe do\u015bwiadczenie? Zapraszamy. My\u015blisz o jakiej\u015b akcji czy tzw. evencie, je\u015bli tylko Tw&oacute;j pomys\u0142 mie\u015bci si\u0119 w naszych celach statutowych, przyjd\u017a i zorganizuj.<\/p>\n<h3>Nie masz jeszcze \u017cadnego pomys\u0142u, ale chcesz Co\u015b zrobi\u0107?<\/h3>\n<p>W BABIE jest ogrom pracy dla wszystkich ch\u0119tnych. Od prac typowo biurowych, administracyjnych, organizacyjnych po wsparcie naszych specjalist&oacute;w i innych wolontariuszy pracuj\u0105cych w BABIE. Ka\u017cdemu specjali\u015bcie towarzyszy podczas dy\u017curu wolontariusz, nikogo nie zostawiamy samego podczas jego pracy na rzecz innych czy dla innych. Sama Twoja obecno\u015b\u0107 b\u0119dzie dla nas wsparciem w naszej dzia\u0142alno\u015bci. Ka\u017cdy wolontariusz, bez wzgl\u0119du na jego kwalifikacje, jest dla nas tak samo cenny. Do mozolnej codziennej pracy najtrudniej znale\u017a\u0107 ch\u0119tne osoby. Czekamy na Ciebie.<\/p>\n<h3>Uczysz si\u0119 lub studiujesz?<\/h3>\n<p>Mo\u017cesz po\u0142\u0105czy\u0107 prac\u0119 wolontariack\u0105 ze zdobywaniem zalicze\u0144 i odbywaniem praktyk. Ka\u017cdy wolontariusz w BABIE ma swojego indywidualnego opiekuna, osob\u0119 do\u015bwiadczon\u0105 i przeszkolon\u0105, zwykle z do\u015bwiadczeniem pedagogicznym i akademickim. U nas jest jedna, generalna zasada &ndash; naprawd\u0119 musisz si\u0119 u nas czego\u015b nauczy\u0107 i naprawd\u0119 musisz zdoby\u0107 do\u015bwiadczenie. Mo\u017cesz u nas odby\u0107 sta\u017c, cho\u0107 nie zdob\u0119dziesz u nas etatu (bo w BABIE nikt nie ma etatu).<\/p>\n[audio:http:\/\/babazg.home.pl\/autoinstalator\/wordpress\/wp-content\/uploads\/2011\/09\/radio_zachod_wolont_szkolenia2.mp3|titles=Prezeska BABY o szkoleniach (Radio Zachod 10.03.2011)]\n<p><a href=\"http:\/\/babazg.home.pl\/autoinstalator\/wordpress\/wp-content\/uploads\/2013\/08\/wolontariat.jpg\" data-lightbox=\"gal[703]\" rel=\"attachment wp-att-4170\"><img loading=\"lazy\" decoding=\"async\" alt=\"wolontariat\" class=\"alignleft size-medium wp-image-4170\" height=\"168\" src=\"http:\/\/babazg.home.pl\/autoinstalator\/wordpress\/wp-content\/uploads\/2013\/08\/wolontariat-300x168.jpg\" width=\"300\" srcset=\"https:\/\/baba.org.pl\/wp-content\/uploads\/2013\/08\/wolontariat-300x168.jpg 300w, https:\/\/baba.org.pl\/wp-content\/uploads\/2013\/08\/wolontariat-150x84.jpg 150w, https:\/\/baba.org.pl\/wp-content\/uploads\/2013\/08\/wolontariat-768x430.jpg 768w, https:\/\/baba.org.pl\/wp-content\/uploads\/2013\/08\/wolontariat.jpg 960w\" sizes=\"auto, (max-width: 300px) 100vw, 300px\" \/><\/a>Jak wida\u0107, wolontariuszki mog\u0105 te\u017c rozwija\u0107 si\u0119 artystycznie!&nbsp;<\/p>\n","protected":false},"excerpt":{"rendered":"<p>My wszystkie jeste\u015bmy wolontariuszkami. Po\u015bwi\u0119camy czas wolny na aktywno\u015b\u0107 w BABIE. Mo\u017cesz zosta\u0107 cz\u0142onkini\u0105\/cz\u0142onkiem BABY, ale nie musisz. Wa\u017cne, \u017ce chcesz co\u015b zrobi\u0107 w BABIE, z BAB\u0104 albo dla BABY.&nbsp; Zesp&oacute;\u0142 wolontariuszek BABY &#8211; os&oacute;b pierwszego kontaktu: Ola, Zenona, Aleksandra, Wies\u0142awa, Daria, Bozena, Monika, Dominika, Krystyna, Anna. (zdj\u0119cie Anna Olszewska &#8211; Fotografia) Jeste\u015b prawniczk\u0105\/prawnikiem lub [&hellip;]<\/p>\n","protected":false},"author":6,"featured_media":0,"parent":570,"menu_order":0,"comment_status":"closed","ping_status":"closed","template":"","meta":{"footnotes":""},"class_list":["post-703","page","type-page","status-publish","hentry"],"_links":{"self":[{"href":"https:\/\/baba.org.pl\/index.php\/wp-json\/wp\/v2\/pages\/703","targetHints":{"allow":["GET"]}}],"collection":[{"href":"https:\/\/baba.org.pl\/index.php\/wp-json\/wp\/v2\/pages"}],"about":[{"href":"https:\/\/baba.org.pl\/index.php\/wp-json\/wp\/v2\/types\/page"}],"author":[{"embeddable":true,"href":"https:\/\/baba.org.pl\/index.php\/wp-json\/wp\/v2\/users\/6"}],"replies":[{"embeddable":true,"href":"https:\/\/baba.org.pl\/index.php\/wp-json\/wp\/v2\/comments?post=703"}],"version-history":[{"count":46,"href":"https:\/\/baba.org.pl\/index.php\/wp-json\/wp\/v2\/pages\/703\/revisions"}],"predecessor-version":[{"id":5441,"href":"https:\/\/baba.org.pl\/index.php\/wp-json\/wp\/v2\/pages\/703\/revisions\/5441"}],"up":[{"embeddable":true,"href":"https:\/\/baba.org.pl\/index.php\/wp-json\/wp\/v2\/pages\/570"}],"wp:attachment":[{"href":"https:\/\/baba.org.pl\/index.php\/wp-json\/wp\/v2\/media?parent=703"}],"curies":[{"name":"wp","href":"https:\/\/api.w.org\/{rel}","templated":true}]}}