{"id":698,"date":"2011-09-06T23:03:02","date_gmt":"2011-09-06T21:03:02","guid":{"rendered":"http:\/\/babazg.home.pl\/autoinstalator\/wordpress\/?page_id=698"},"modified":"2022-01-18T12:46:56","modified_gmt":"2022-01-18T10:46:56","slug":"zostan-darczynca","status":"publish","type":"page","link":"https:\/\/baba.org.pl\/index.php\/zaangazuj-sie\/zostan-darczynca\/","title":{"rendered":"Zosta\u0144 darczy\u0144c\u0105"},"content":{"rendered":"<table border=\"0\" cellspacing=\"5\" cellpadding=\"1\">\n<tbody>\n<tr>\n<td style=\"width: 50%;\">\n<h3><strong>Je\u015bli chcesz zosta\u0107 naszym darczy\u0144c\u0105 got\u00f3wkowym<\/strong>:<\/h3>\n<p>Przeka\u017c nam wp\u0142at\u0119 na konto:<br \/>\n<span dir=\"ltr\" role=\"presentation\">nr PL 20 1750 0012 0000 0000 2109 8019<\/span><\/p>\n<p>Je\u015bli zaznaczysz w przelewie szczeg\u00f3\u0142owy cel swojej wp\u0142aty (np. remont siedziby, poradnictwo prawne, szkolenia wolontariuszy, druk ulotek) \u2013 uszanujemy Twoj\u0105 decyzj\u0119 i przeka\u017cemy szczeg\u00f3\u0142ow\u0105 informacj\u0119 o wykorzystaniu \u015brodk\u00f3w. Je\u015bli to nam oddajesz decyzj\u0119, na co przeznaczy\u0107 mamy podarowane nam pieni\u0105dze, napisz: na cele statutowe.<\/p>\n<p>Co roku mo\u017cesz r\u00f3wnie\u017c przekaza\u0107 nam <a title=\"Jak przekaza\u0107 1% podatku\" href=\"http:\/\/babazg.home.pl\/autoinstalator\/wordpress\/index.php\/zaangazuj-sie\/jak-przekazac-1-podatku\/\">1% podatku<\/a><br \/>\n<span dir=\"ltr\" role=\"presentation\">Nasz nr KRS 0000060904.<\/span><\/td>\n<td>\n<h3><strong>Je\u015bli chcesz zosta\u0107 naszym darczy\u0144c\u0105 rzeczowym<\/strong>:<\/h3>\n<p><a title=\"Kontakt\" href=\"http:\/\/babazg.home.pl\/autoinstalator\/wordpress\/index.php\/kontakt\/\">Zadzwo\u0144, napisz lub przyjd\u017a do nas<\/a>, \u017ceby si\u0119 dowiedzie\u0107, czy Tw\u00f3j potencjalny dar mo\u017cemy wykorzysta\u0107 w naszej dzia\u0142alno\u015bci lub czy mo\u017cemy go przekaza\u0107 osobom potrzebuj\u0105cym. Mo\u017cemy te\u017c wskaza\u0107 instytucj\u0119 lub organizacj\u0119 maj\u0105c\u0105 lepsze mo\u017cliwo\u015bci dystrybucji przekazywanych d\u00f3br.<\/p>\n<p>Skontaktuj si\u0119 te\u017c z nami, bo musimy uzgodni\u0107 form\u0119 i termin przekazania rzeczy.<\/td>\n<\/tr>\n<\/tbody>\n<\/table>\n<p><span style=\"font-size: 18px;\"><strong><span style=\"color: #2f4f4f;\">Podzi\u0119kowania 2016 rok<\/span><\/strong><\/span><\/p>\n<p>Dzi\u0119kujemy <a href=\"http:\/\/www.gazetalubuska.pl\/tag\/anna-komarowska\/\">Pani\u00a0Annie Komarowskiej ze Stowarzyszenia &#8222;Otwarte Drzwi&#8221; z Kostrzyna nad Odr\u0105<\/a>, laureatce plebiscytu &#8222;Gazety Lubuskiej&#8221; Cz\u0142owiek Roku 2015\u00a0oraz firmie <a href=\"http:\/\/www.swisskrono.pl\/\">SWISS KRONO,\u00a0Kronopol sp. z o.o.<\/a> za 100 metr\u00f3w kwadratowych paneli pod\u0142ogowych.<\/p>\n<p>Dzi\u0119kujemy <a href=\"http:\/\/www.aniaolszewska.pl\/\">Pani Annie Olszewskiej<\/a>, fotografce za sesj\u0119 zdj\u0119ciow\u0105 BABY.\u00a0<a title=\"\" href=\"http:\/\/babazg.home.pl\/autoinstalator\/wordpress\/wp-content\/uploads\/2011\/09\/logo216Ania-Olszewska.jpg\" data-lightbox=\"gal[698]\" target=\"\" rel=\"attachment wp-att-4181 noopener noreferrer\"><img loading=\"lazy\" decoding=\"async\" class=\"size-medium wp-image-4181 alignright\" title=\"\" src=\"http:\/\/babazg.home.pl\/autoinstalator\/wordpress\/wp-content\/uploads\/2011\/09\/logo216Ania-Olszewska-300x225.jpg\" alt=\"logo216Ania Olszewska\" width=\"180\" height=\"135\" srcset=\"https:\/\/baba.org.pl\/wp-content\/uploads\/2011\/09\/logo216Ania-Olszewska-300x225.jpg 300w, https:\/\/baba.org.pl\/wp-content\/uploads\/2011\/09\/logo216Ania-Olszewska-1024x768.jpg 1024w, https:\/\/baba.org.pl\/wp-content\/uploads\/2011\/09\/logo216Ania-Olszewska-150x113.jpg 150w, https:\/\/baba.org.pl\/wp-content\/uploads\/2011\/09\/logo216Ania-Olszewska-768x576.jpg 768w, https:\/\/baba.org.pl\/wp-content\/uploads\/2011\/09\/logo216Ania-Olszewska.jpg 1200w\" sizes=\"auto, (max-width: 180px) 100vw, 180px\" \/><\/a><\/p>\n<p>Dzi\u0119kujemy <a href=\"http:\/\/www.polskiexport.pl\/\">Pani Alicji Wysockiej z firmy Polski Export <\/a>\u00a0za zapas \u015brodk\u00f3w higieny dla biura BABY.<\/p>\n<p>Dzi\u0119kujemy osobom wp\u0142acaj\u0105cym darowizny na nasze konto oraz dziel\u0105cych si\u0119\u00a0aktualnie 1%.<\/p>\n<p>Bez Was nie by\u0142oby BABY. Po prostu &#8211; nie by\u0142oby BABY!<\/p>\n<p>Chcesz nam pom\u00f3c?<br \/>\nAktualnie du\u017co pieni\u0119dzy i pracy\u00a0poch\u0142ania nasz <a title=\"Remont\" href=\"http:\/\/baba.org.pl\/index.php\/programy\/remont\/\">remont<\/a>.<\/p>\n","protected":false},"excerpt":{"rendered":"<p>Je\u015bli chcesz zosta\u0107 naszym darczy\u0144c\u0105 got\u00f3wkowym: Przeka\u017c nam wp\u0142at\u0119 na konto: nr PL 20 1750 0012 0000 0000 2109 8019 Je\u015bli zaznaczysz w przelewie szczeg\u00f3\u0142owy cel swojej wp\u0142aty (np. remont siedziby, poradnictwo prawne, szkolenia wolontariuszy, druk ulotek) \u2013 uszanujemy Twoj\u0105 decyzj\u0119 i przeka\u017cemy szczeg\u00f3\u0142ow\u0105 informacj\u0119 o wykorzystaniu \u015brodk\u00f3w. Je\u015bli to nam oddajesz decyzj\u0119, na co [&hellip;]<\/p>\n","protected":false},"author":6,"featured_media":0,"parent":570,"menu_order":0,"comment_status":"closed","ping_status":"closed","template":"","meta":{"footnotes":""},"class_list":["post-698","page","type-page","status-publish","hentry"],"_links":{"self":[{"href":"https:\/\/baba.org.pl\/index.php\/wp-json\/wp\/v2\/pages\/698","targetHints":{"allow":["GET"]}}],"collection":[{"href":"https:\/\/baba.org.pl\/index.php\/wp-json\/wp\/v2\/pages"}],"about":[{"href":"https:\/\/baba.org.pl\/index.php\/wp-json\/wp\/v2\/types\/page"}],"author":[{"embeddable":true,"href":"https:\/\/baba.org.pl\/index.php\/wp-json\/wp\/v2\/users\/6"}],"replies":[{"embeddable":true,"href":"https:\/\/baba.org.pl\/index.php\/wp-json\/wp\/v2\/comments?post=698"}],"version-history":[{"count":28,"href":"https:\/\/baba.org.pl\/index.php\/wp-json\/wp\/v2\/pages\/698\/revisions"}],"predecessor-version":[{"id":6669,"href":"https:\/\/baba.org.pl\/index.php\/wp-json\/wp\/v2\/pages\/698\/revisions\/6669"}],"up":[{"embeddable":true,"href":"https:\/\/baba.org.pl\/index.php\/wp-json\/wp\/v2\/pages\/570"}],"wp:attachment":[{"href":"https:\/\/baba.org.pl\/index.php\/wp-json\/wp\/v2\/media?parent=698"}],"curies":[{"name":"wp","href":"https:\/\/api.w.org\/{rel}","templated":true}]}}