{"id":6515,"date":"2021-10-10T00:48:32","date_gmt":"2021-10-09T22:48:32","guid":{"rendered":"https:\/\/baba.org.pl\/?page_id=6515"},"modified":"2022-10-11T03:08:45","modified_gmt":"2022-10-11T01:08:45","slug":"projekt-babska-interwencja","status":"publish","type":"page","link":"https:\/\/baba.org.pl\/index.php\/projekt-babska-interwencja\/","title":{"rendered":"&#8222;Babska interwencja..&#8221;"},"content":{"rendered":"<p class=\"entry-meta entry-meta-bottom\" style=\"text-align: center;\"><strong>ZAKO\u0143CZY\u0141Y\u015aMY 30.09.2022<br \/>\nPROJEKT: Babska interwencja w obronie ludzkich <\/strong><strong>praw kobiet<\/strong><\/p>\n<p><a href=\"https:\/\/baba.org.pl\/wp-content\/uploads\/2022\/04\/Papier_AOFR_BABA.png\" data-lightbox=\"gal[6515]\"><img loading=\"lazy\" decoding=\"async\" class=\"aligncenter size-full wp-image-6759\" src=\"https:\/\/baba.org.pl\/wp-content\/uploads\/2022\/04\/Papier_AOFR_BABA.png\" alt=\"\" width=\"874\" height=\"119\" srcset=\"https:\/\/baba.org.pl\/wp-content\/uploads\/2022\/04\/Papier_AOFR_BABA.png 874w, https:\/\/baba.org.pl\/wp-content\/uploads\/2022\/04\/Papier_AOFR_BABA-300x41.png 300w, https:\/\/baba.org.pl\/wp-content\/uploads\/2022\/04\/Papier_AOFR_BABA-150x20.png 150w, https:\/\/baba.org.pl\/wp-content\/uploads\/2022\/04\/Papier_AOFR_BABA-768x105.png 768w\" sizes=\"auto, (max-width: 874px) 100vw, 874px\" \/><\/a><\/p>\n<p><a href=\"https:\/\/baba.org.pl\/wp-content\/uploads\/2022\/04\/baner.png\" data-lightbox=\"gal[6515]\"><img loading=\"lazy\" decoding=\"async\" class=\"aligncenter size-large wp-image-6770\" src=\"https:\/\/baba.org.pl\/wp-content\/uploads\/2022\/04\/baner-1024x615.png\" alt=\"\" width=\"665\" height=\"399\" srcset=\"https:\/\/baba.org.pl\/wp-content\/uploads\/2022\/04\/baner-1024x615.png 1024w, https:\/\/baba.org.pl\/wp-content\/uploads\/2022\/04\/baner-300x180.png 300w, https:\/\/baba.org.pl\/wp-content\/uploads\/2022\/04\/baner-150x90.png 150w, https:\/\/baba.org.pl\/wp-content\/uploads\/2022\/04\/baner-768x461.png 768w, https:\/\/baba.org.pl\/wp-content\/uploads\/2022\/04\/baner.png 1200w\" sizes=\"auto, (max-width: 665px) 100vw, 665px\" \/><\/a><\/p>\n<div class=\"entry-content\">\n<p style=\"text-align: center;\"><strong>Projekt realizowany z dotacji programu Aktywni Obywatele \u2013 Fundusz Krajowy finansowanego przez Islandi\u0119, Liechtenstein i Norwegi\u0119 w ramach Funduszy EOG.<\/strong><\/p>\n<\/div>\n<div class=\"entry-content\">\n<p>Je\u015bli do\u015bwiadczasz opresji, przemocy, dyskryminacji, je\u015bli nie uzyska\u0142a\u015b\/e\u015b pomocy pa\u0144stwa, kiedy \u0142amano Twoje ludzkie prawa, je\u015bli buntowa\u0142a\u015b\/e\u015b si\u0119 i pa\u0144stwo za ten bunt usi\u0142uje Ci\u0119 ukara\u0107 \u2013 ten projekt adresowany jest do Ciebie.<\/p>\n<p>Czekamy na Ciebie w BABIE! Czekaj\u0105 specjali\u015bci, oferuj\u0105cy porady prawne, psychologiczne, dy\u017cury pe\u0142ni\u0105 te\u017c psychoterapeutki oraz doradczynie, kt\u00f3re pokieruj\u0105 Ci\u0119 do specjalist\u00f3w, um\u00f3wi\u0105 na spotkanie, przygotuj\u0105 plan wyj\u015bcia z kryzysu. Jeste\u015bmy tak\u017ce zdalnie i anonimowo! Mo\u017cesz dzwoni\u0107, mo\u017cesz mailowa\u0107, mo\u017cesz przyj\u015b\u0107.<\/p>\n<h2><strong>BABA czuwa, BABA radzi, BABA nigdy Ci\u0119 nie zdradzi!<\/strong><\/h2>\n<p>Przyjd\u017a: Lubuskie Stowarzyszenie na Rzecz Kobiet BABA , Zielona G\u00f3ra,<br \/>\nStary Rynek 17, wej\u015bcie od ul. Lisowskiego 11A ,<\/p>\n<p>Telefon: <strong>68 454 9232, 692\u00a0064\u00a0061<\/strong><\/p>\n<p><strong>Dy\u017cury doradc\u00f3w\/doradczy\u0144 &#8211; os\u00f3b pierwszego kontaktu:<\/strong><br \/>\nponiedzia\u0142ek &#8211; pi\u0105tek 12:00-18:00.<\/p>\n<p>Rozmow\u0119 ze specjalist\u0105 odb\u0119dziesz tak\u017ce telefonicznie.<br \/>\nW nag\u0142ych przypadkach pami\u0119taj o naszym telefonie alarmowym.<\/p>\n<p><strong>Telefon alarmowy: 699 861 113<\/strong><\/p>\n<p>Czynny:<br \/>\nczwartek 18:00- 21:00,<br \/>\npi\u0105tek &#8211; niedziela 15:00 &#8211; 18:00<br \/>\nponiedzia\u0142ek\u00a0 9:00-12:00,<\/p>\n<p>Rozmow\u0119 ze specjalist\u0105 odb\u0119dziesz tak\u017ce mailowo, napisz:<br \/>\n<a class=\"mailto-link\" href=\"mailto:poradyprawne@baba.org.pl\" target=\"_blank\" rel=\"noopener noreferrer\">poradyprawne@baba.org.pl<\/a>\u00a0\u2013 dot. zagadnie\u0144 prawnych<br \/>\n<a class=\"mailto-link\" href=\"mailto:baba@baba.org.pl\" target=\"_blank\" rel=\"noopener noreferrer\">baba@baba.org.pl<\/a>\u00a0\u2013 wszystkie inne problemy<\/p>\n<p><em><strong>PRAWA CZ\u0141OWIEKA TO TE\u017b PRAWA KOBIET! <\/strong><\/em><br \/>\n<em><strong>Babska interwencja w obronie ludzkich praw kobiet<\/strong><\/em><\/p>\n<p>Ju\u017c jest Nasz najnowszy informator!<br \/>\nInformator jest w ca\u0142o\u015bci po\u015bwi\u0119cony prawom kobiet i jest dost\u0119pny w wersji <a href=\"https:\/\/baba.org.pl\/wp-content\/uploads\/2022\/05\/Babska-interwencja-w-obronie-ludzkich-praw-kobiet_informator.pdf\" target=\"_blank\" rel=\"noopener noreferrer\">do pobrania.<\/a><\/p>\n<p><a href=\"https:\/\/baba.org.pl\/wp-content\/uploads\/2022\/05\/Babska-interwencja-w-obronie-ludzkich-praw-kobiet_informator.pdf\" target=\"_blank\" rel=\"noopener noreferrer\"><img loading=\"lazy\" decoding=\"async\" class=\"aligncenter wp-image-6803\" src=\"https:\/\/baba.org.pl\/wp-content\/uploads\/2022\/05\/OKLADKA-730x1024.jpg\" alt=\"\" width=\"502\" height=\"704\" srcset=\"https:\/\/baba.org.pl\/wp-content\/uploads\/2022\/05\/OKLADKA-730x1024.jpg 730w, https:\/\/baba.org.pl\/wp-content\/uploads\/2022\/05\/OKLADKA-214x300.jpg 214w, https:\/\/baba.org.pl\/wp-content\/uploads\/2022\/05\/OKLADKA-107x150.jpg 107w, https:\/\/baba.org.pl\/wp-content\/uploads\/2022\/05\/OKLADKA-768x1077.jpg 768w, https:\/\/baba.org.pl\/wp-content\/uploads\/2022\/05\/OKLADKA-1095x1536.jpg 1095w, https:\/\/baba.org.pl\/wp-content\/uploads\/2022\/05\/OKLADKA-1460x2048.jpg 1460w, https:\/\/baba.org.pl\/wp-content\/uploads\/2022\/05\/OKLADKA-scaled.jpg 1825w\" sizes=\"auto, (max-width: 502px) 100vw, 502px\" \/><\/a><\/p>\n<p style=\"text-align: center;\"><strong>Projekt realizowany z dotacji programu Aktywni Obywatele \u2013 Fundusz Krajowy finansowanego<br \/>\nprzez Islandi\u0119, Liechtenstein i Norwegi\u0119 w ramach Funduszy EOG.<\/strong><\/p>\n<\/div>\n<p>&nbsp;<\/p>\n<p>&nbsp;<\/p>\n","protected":false},"excerpt":{"rendered":"<p>ZAKO\u0143CZY\u0141Y\u015aMY 30.09.2022 PROJEKT: Babska interwencja w obronie ludzkich praw kobiet Projekt realizowany z dotacji programu Aktywni Obywatele \u2013 Fundusz Krajowy finansowanego przez Islandi\u0119, Liechtenstein i Norwegi\u0119 w ramach Funduszy EOG. Je\u015bli do\u015bwiadczasz opresji, przemocy, dyskryminacji, je\u015bli nie uzyska\u0142a\u015b\/e\u015b pomocy pa\u0144stwa, kiedy \u0142amano Twoje ludzkie prawa, je\u015bli buntowa\u0142a\u015b\/e\u015b si\u0119 i pa\u0144stwo za ten bunt usi\u0142uje Ci\u0119 [&hellip;]<\/p>\n","protected":false},"author":4,"featured_media":0,"parent":0,"menu_order":0,"comment_status":"closed","ping_status":"closed","template":"","meta":{"give_campaign_id":0,"footnotes":""},"class_list":["post-6515","page","type-page","status-publish","hentry"],"campaignId":"","_links":{"self":[{"href":"https:\/\/baba.org.pl\/index.php\/wp-json\/wp\/v2\/pages\/6515","targetHints":{"allow":["GET"]}}],"collection":[{"href":"https:\/\/baba.org.pl\/index.php\/wp-json\/wp\/v2\/pages"}],"about":[{"href":"https:\/\/baba.org.pl\/index.php\/wp-json\/wp\/v2\/types\/page"}],"author":[{"embeddable":true,"href":"https:\/\/baba.org.pl\/index.php\/wp-json\/wp\/v2\/users\/4"}],"replies":[{"embeddable":true,"href":"https:\/\/baba.org.pl\/index.php\/wp-json\/wp\/v2\/comments?post=6515"}],"version-history":[{"count":26,"href":"https:\/\/baba.org.pl\/index.php\/wp-json\/wp\/v2\/pages\/6515\/revisions"}],"predecessor-version":[{"id":6965,"href":"https:\/\/baba.org.pl\/index.php\/wp-json\/wp\/v2\/pages\/6515\/revisions\/6965"}],"wp:attachment":[{"href":"https:\/\/baba.org.pl\/index.php\/wp-json\/wp\/v2\/media?parent=6515"}],"curies":[{"name":"wp","href":"https:\/\/api.w.org\/{rel}","templated":true}]}}