{"id":6385,"date":"2020-12-01T22:20:09","date_gmt":"2020-12-01T20:20:09","guid":{"rendered":"https:\/\/baba.org.pl\/?page_id=6385"},"modified":"2020-12-05T09:49:58","modified_gmt":"2020-12-05T07:49:58","slug":"email-aktywacja-ngo","status":"publish","type":"page","link":"https:\/\/baba.org.pl\/index.php\/email-aktywacja-ngo\/","title":{"rendered":"EMAIL- Aktywacja NGO"},"content":{"rendered":"<div id=\"mail_content\">Szanowne i Szanowni,<br \/>\nAktywowali\u015bmy Wasze zg\u0142oszenie do projektu \u201e\u0141@czymy Pomagaczy\u201d.<br \/>\nWasza organizacja jest ju\u017c dost\u0119pna dla os\u00f3b ch\u0119tnych, by Wam pom\u00f3c.<br \/>\nW naszej wyszukiwarce pojawiacie si\u0119 po klikni\u0119ciu przez Wolontariuszy &#8211; co najmniej jednej wskazanej przez Was kategorii:<\/p>\n<p>[KATEGORIE]<\/p>\n<p>Ogranizacja BABA nie zapisuje danych Wolonatariuszy.<br \/>\nTo Wolontariusze decyduj\u0105 z jak\u0105 organizacj\u0105 NGO si\u0119 skontaktuj\u0105.<br \/>\nJe\u015bli b\u0119dziecie chcieli zrezygnowa\u0107 z udzia\u0142u w projekcie lub zmieni\u0107 kategori\u0119 wolontariatu &#8211; napiszcie do naszego administratora: laczymy_pomagaczy@baba.org.pl<br \/>\nBABY\n<\/p><\/div>\n","protected":false},"excerpt":{"rendered":"<p>Szanowne i Szanowni, Aktywowali\u015bmy Wasze zg\u0142oszenie do projektu \u201e\u0141@czymy Pomagaczy\u201d. Wasza organizacja jest ju\u017c dost\u0119pna dla os\u00f3b ch\u0119tnych, by Wam pom\u00f3c. W naszej wyszukiwarce pojawiacie si\u0119 po klikni\u0119ciu przez Wolontariuszy &#8211; co najmniej jednej wskazanej przez Was kategorii: [KATEGORIE] Ogranizacja BABA nie zapisuje danych Wolonatariuszy. To Wolontariusze decyduj\u0105 z jak\u0105 organizacj\u0105 NGO si\u0119 skontaktuj\u0105. Je\u015bli [&hellip;]<\/p>\n","protected":false},"author":4,"featured_media":0,"parent":0,"menu_order":0,"comment_status":"closed","ping_status":"closed","template":"","meta":{"footnotes":""},"class_list":["post-6385","page","type-page","status-publish","hentry"],"_links":{"self":[{"href":"https:\/\/baba.org.pl\/index.php\/wp-json\/wp\/v2\/pages\/6385","targetHints":{"allow":["GET"]}}],"collection":[{"href":"https:\/\/baba.org.pl\/index.php\/wp-json\/wp\/v2\/pages"}],"about":[{"href":"https:\/\/baba.org.pl\/index.php\/wp-json\/wp\/v2\/types\/page"}],"author":[{"embeddable":true,"href":"https:\/\/baba.org.pl\/index.php\/wp-json\/wp\/v2\/users\/4"}],"replies":[{"embeddable":true,"href":"https:\/\/baba.org.pl\/index.php\/wp-json\/wp\/v2\/comments?post=6385"}],"version-history":[{"count":6,"href":"https:\/\/baba.org.pl\/index.php\/wp-json\/wp\/v2\/pages\/6385\/revisions"}],"predecessor-version":[{"id":6440,"href":"https:\/\/baba.org.pl\/index.php\/wp-json\/wp\/v2\/pages\/6385\/revisions\/6440"}],"wp:attachment":[{"href":"https:\/\/baba.org.pl\/index.php\/wp-json\/wp\/v2\/media?parent=6385"}],"curies":[{"name":"wp","href":"https:\/\/api.w.org\/{rel}","templated":true}]}}