{"id":6114,"date":"2020-01-02T12:08:48","date_gmt":"2020-01-02T10:08:48","guid":{"rendered":"http:\/\/baba.org.pl\/?page_id=6114"},"modified":"2020-01-03T02:15:00","modified_gmt":"2020-01-03T00:15:00","slug":"gotowi-na-dojrzalosc","status":"publish","type":"page","link":"https:\/\/baba.org.pl\/index.php\/gotowi-na-dojrzalosc\/","title":{"rendered":"Gotowi na dojrza\u0142o\u015b\u0107"},"content":{"rendered":"<p>Ka\u017cda osoba w wieku 18 lat uzyskuje pe\u0142noletno\u015b\u0107. Nie podlega ju\u017c w\u0142adzy rodzicielskiej ani opiece prawnej, ale zaczyna ponosi\u0107 odpowiedzialno\u015b\u0107 za swoje decyzje.<br \/>\nNie posiadaj\u0105c du\u017cego do\u015bwiadczenia, odczuwa czasem bezradno\u015b\u0107 wobec problem\u00f3w zwi\u0105zanych z r\u00f3\u017cnymi okoliczno\u015bciami, kt\u00f3re niesie \u017cycie.<br \/>\nM\u0142odzi ludzie wychowywani w pieczy zast\u0119pczej nie maj\u0105 oparcia w naturalnej rodzinie w pierwszych latach doros\u0142o\u015bci, przy podejmowaniu pierwszych \u017cyciowych decyzji.<br \/>\nLubuskie Stowarzyszenie na Rzecz Kobiet BABA, wydaj\u0105c niniejsz\u0105 broszur\u0119 podejmuje starania zrekompensowania Ci tej niedogodno\u015bci. Informacje w niej zawarte podejmuj\u0105 zagadnienia prawne, z jakimi mo\u017cesz spotka\u0107 si\u0119 w pierwszych latach samodzielno\u015bci. Opr\u00f3cz tego zawsze mo\u017cesz skorzysta\u0107 z bezp\u0142atnej pomocy prawnej i psychologicznej w naszym Stowarzyszeniu.<br \/>\n<a href=\"http:\/\/baba.org.pl\/wp-content\/uploads\/2011\/09\/logo_woj_lubuski.png\" data-lightbox=\"gal[6114]\"><img loading=\"lazy\" decoding=\"async\" src=\"http:\/\/baba.org.pl\/wp-content\/uploads\/2011\/09\/logo_woj_lubuski-300x63.png\" alt=\"\" width=\"300\" height=\"63\" class=\"alignleft size-medium wp-image-992\" \/><\/a><br \/>\nDzi\u0119ki grantowi uzyskanemu od Wojewody Lubuskiego prowadzi\u0142y\u015bmy warsztaty dla m\u0142odzie\u017cy przebywaj\u0105cej w pieczy zast\u0119pczej. Efektem szkole\u0144 dla m\u0142odzie\u017cy jest nasz poradnik, kt\u00f3ry oddajemy jako plik tekstowy do korzystania, czytania, a nawet wydrukowania.<br \/>\nZapraszamy do lektury.<\/p>\n<td><a href=\"http:\/\/baba.org.pl\/wp-content\/uploads\/2020\/01\/broszura.wojewoda.pdf\"><img loading=\"lazy\" decoding=\"async\" alt=\"\" class=\"alignleft size-medium wp-image-2295\" height=\"213\" src=\"http:\/\/baba.org.pl\/wp-content\/uploads\/2020\/01\/Bez-nazwy-1.jpg\" style=\"width: 160px; float: left;\" width=\"260\" \/><\/a><\/td>\n","protected":false},"excerpt":{"rendered":"<p>Ka\u017cda osoba w wieku 18 lat uzyskuje pe\u0142noletno\u015b\u0107. Nie podlega ju\u017c w\u0142adzy rodzicielskiej ani opiece prawnej, ale zaczyna ponosi\u0107 odpowiedzialno\u015b\u0107 za swoje decyzje. Nie posiadaj\u0105c du\u017cego do\u015bwiadczenia, odczuwa czasem bezradno\u015b\u0107 wobec problem\u00f3w zwi\u0105zanych z r\u00f3\u017cnymi okoliczno\u015bciami, kt\u00f3re niesie \u017cycie. M\u0142odzi ludzie wychowywani w pieczy zast\u0119pczej nie maj\u0105 oparcia w naturalnej rodzinie w pierwszych latach doros\u0142o\u015bci, [&hellip;]<\/p>\n","protected":false},"author":4,"featured_media":0,"parent":0,"menu_order":0,"comment_status":"closed","ping_status":"closed","template":"","meta":{"footnotes":""},"class_list":["post-6114","page","type-page","status-publish","hentry"],"_links":{"self":[{"href":"https:\/\/baba.org.pl\/index.php\/wp-json\/wp\/v2\/pages\/6114","targetHints":{"allow":["GET"]}}],"collection":[{"href":"https:\/\/baba.org.pl\/index.php\/wp-json\/wp\/v2\/pages"}],"about":[{"href":"https:\/\/baba.org.pl\/index.php\/wp-json\/wp\/v2\/types\/page"}],"author":[{"embeddable":true,"href":"https:\/\/baba.org.pl\/index.php\/wp-json\/wp\/v2\/users\/4"}],"replies":[{"embeddable":true,"href":"https:\/\/baba.org.pl\/index.php\/wp-json\/wp\/v2\/comments?post=6114"}],"version-history":[{"count":5,"href":"https:\/\/baba.org.pl\/index.php\/wp-json\/wp\/v2\/pages\/6114\/revisions"}],"predecessor-version":[{"id":6131,"href":"https:\/\/baba.org.pl\/index.php\/wp-json\/wp\/v2\/pages\/6114\/revisions\/6131"}],"wp:attachment":[{"href":"https:\/\/baba.org.pl\/index.php\/wp-json\/wp\/v2\/media?parent=6114"}],"curies":[{"name":"wp","href":"https:\/\/api.w.org\/{rel}","templated":true}]}}