{"id":6036,"date":"2019-12-27T17:23:11","date_gmt":"2019-12-27T15:23:11","guid":{"rendered":"http:\/\/baba.org.pl\/?page_id=6036"},"modified":"2019-12-31T14:23:42","modified_gmt":"2019-12-31T12:23:42","slug":"bezpieczni-dzis-bezpieczni-jutro","status":"publish","type":"page","link":"https:\/\/baba.org.pl\/index.php\/bezpieczni-dzis-bezpieczni-jutro\/","title":{"rendered":"Bezpieczni dzi\u015b, bezpieczni jutro &#8211; m\u0142odzie\u017c"},"content":{"rendered":"<p><a href= \"http:\/\/baba.org.pl\/wp-content\/uploads\/2019\/12\/alkohol_m\u0142odzie\u017c-1.jpg\"><img loading=\"lazy\" decoding=\"async\" alt=\"\" class=\"alignleft size-medium wp-image-2295\" height=\"300\" src=\"http:\/\/baba.org.pl\/wp-content\/uploads\/2019\/12\/alkohol_m\u0142odzie\u017c-1.jpg\" style=\"width: 300px; float: left;\" width=\"300\" \/><\/a><br \/>\n<a href= \"http:\/\/baba.org.pl\/wp-content\/uploads\/2019\/12\/alkohol_m\u0142odzie\u017c2-1.jpg\"><img loading=\"lazy\" decoding=\"async\" alt=\"\" class=\"alignleft size-medium wp-image-2295\" height=\"300\" src=\"http:\/\/baba.org.pl\/wp-content\/uploads\/2019\/12\/alkohol_m\u0142odzie\u017c2-1.jpg\" style=\"width: 300px; float: left;\" width=\"300\" \/><\/a><\/p>\n<p>Diagnoza spo\u0142eczna zespo\u0142u prof. Czapli\u0144skiego wskazuje na wojew&oacute;dztwo lubuskie jako dotkni\u0119te wyj\u0105tkow\u0105 w skali&nbsp;patologi\u0105, zar&oacute;wno uzale\u017cnienia alkoholowego, jak i przemocy w rodzinie (oba te zjawiska cz\u0119sto wsp&oacute;\u0142istniej\u0105). Alkoholizm nie jest przest\u0119pstwem, jednak powoduje zaniedbanie w sprawowanej opiece nad dzie\u0107mi oraz wykonywaniu w\u0142adzy rodzicielskiej,&nbsp;cz\u0119sto tak\u017ce \u0142\u0105cz\u0105 si\u0119 ze z\u0142ym zarz\u0105dem maj\u0105tkiem wsp&oacute;lnym ma\u0142\u017conk&oacute;w, kt&oacute;re ujmowalne s\u0105 kodeksowo. Podobnie rzecz&nbsp;si\u0119 ma z przemoc\u0105 &ndash; musz\u0105 zaistnie\u0107 konkretne fakty, \u017ceby mo\u017cna by\u0142o uj\u0105\u0107 awantury i bijatyki jako naruszenia art. 207 KK.&nbsp;Cz\u0142onkowie takich rodzin trafiaj\u0105 do nas jednak zbyt rzadko i w sytuacji ju\u017c dramatycznej. Niepok&oacute;j szczeg&oacute;lny budz\u0105 w nas pojawiaj\u0105ce si\u0119 coraz cz\u0119\u015bciej w naszej poradni dzieci i m\u0142odzie\u017c szukaj\u0105ce pomocy dla siebie lub r&oacute;wie\u015bnik&oacute;w w sytuacji przemocy psychicznej i zaniedbania powodowanego alkoholizmem rodzica. W sytuacji braku przemocy fizycznej obserwowalnej (lub obserwowalnych jej bezpo\u015brednich skutk&oacute;w) dzieci i m\u0142odzie\u017c, je\u015bli same nie zwr&oacute;c\u0105 si\u0119 o pomoc, nie maj\u0105 szansy, by kto\u015b ich trudn\u0105 sytuacj\u0119 zauwa\u017cy\u0142. Prowadzona przez nas edukacja prawna i przeciwprzemocowa w szko\u0142ach sprawia, \u017ce dzieci i m\u0142odzie\u017c coraz cz\u0119\u015bciej korzystaj\u0105 anonimowo z naszego poradnictwa i pomocy. Dzieci i m\u0142odzie\u017c korzystaj\u0105cy z pomocy naszych specjalist&oacute;w nie potrafi\u0105 rozr&oacute;\u017cni\u0107, na ile zachowanie ich rodzic&oacute;w podlega ju\u017c penalizacji, a na ile s\u0105 jedynie wykroczeniem przeciw normom wsp&oacute;\u0142\u017cycia spo\u0142ecznego. W Polsce w<br \/>\n\trodzinach dotkni\u0119tych alkoholizmem wychowuje si\u0119 1,5 miliona dzieci. Dziecko czy m\u0142ody cz\u0142owiek dowie si\u0119, jak zachowania jego rodzica s\u0105 ujmowane przez przepisy prawa, gdzie i jakiej mo\u017ce szuka\u0107 dla siebie pomocy, ale tak\u017ce, jakie<br \/>\n\tmog\u0105 by\u0107 dla niego skutki zar&oacute;wno alkoholizmu rodzica, jak i spo\u017cywania dziecko czy m\u0142odego cz\u0142owieka alkoholu teraz i w<br \/>\n\tprzysz\u0142o\u015bci. Drugim wa\u017ckim problemem, nie tylko regionalnym jest coraz ni\u017cszy wiek, w kt&oacute;rym dzieci zaczynaj\u0105 spo\u017cywa\u0107 alkohol,&nbsp;ryzykuj\u0105c zdrowiem i bezpiecze\u0144stwem. Kierownik Katedry i Kliniki Psychiatrycznej Warszawskiego Uniwersytetu Medycznego, prof. Marcin Wojnar twierdzi, \u017ce wiek inicjacji alkoholowej, czyli pierwszego z nim kontaktu, wynosi w Polsce 10-11 lat. Szczeg&oacute;lnie niepokoj\u0105ca jest sytuacja w\u015br&oacute;d dzieci w wieku gimnazjalnym &ndash; jedynie 8-10% spo\u015br&oacute;d m\u0142odych ludzi w wieku 13-15 lat nie spo\u017cywa alkoholu. Kampanie spo\u0142eczne wci\u0105\u017c s\u0105 ma\u0142oskuteczne, wci\u0105\u017c nigdy ich do\u015b\u0107, bo zdrowie i \u017cycie naszych dzieci jest najwa\u017cniejsze. Inicjacja alkoholowa we wczesnym wieku obarczona jest wi\u0119kszym ryzykiem zachorowania na raka piersi oraz niep\u0142odno\u015bci u dziewczynek w doros\u0142ym \u017cyciu, etanol przyczynia si\u0119 do uszkodzenia neuron&oacute;w, skutkuj\u0105cego upo\u015bledzeniem uk\u0142adu nerwowego i zwi\u0119kszeniem ryzyka udaru m&oacute;zgu. Wp\u0142ywa tak\u017ce niekorzystnie na uk\u0142ad krwiono\u015bny, odgrywaj\u0105c znaczn\u0105 rol\u0119 w rozwoju nadci\u015bnienia t\u0119tniczego i chor&oacute;b serca.<br \/>\n\tNadu\u017cywanie alkoholu zwi\u0119ksza ryzyko nowotwor&oacute;w z\u0142o\u015bliwych i sprawia, \u017ce cz\u0119\u015bciej przejawiamy zachowania, mog\u0105ce<br \/>\n\tskutkowa\u0107 zaka\u017ceniem wirusem HIV czy wirusowym zapaleniem w\u0105troby. Wysokoprocentowe trunki os\u0142abiaj\u0105 tak\u017ce nasz\u0105<br \/>\n\todporno\u015b\u0107, zwi\u0119kszaj\u0105c podatno\u015b\u0107 organizmu na choroby zaka\u017ane. Inn\u0105 kwesti\u0105 jest obni\u017cenie bezpiecze\u0144stwa w czynno\u015bciach podejmowanych przez dzieci i m\u0142odzie\u017c, je\u017celi spo\u017cy\u0142y alkohol.<br \/>\n\tWyniki og&oacute;lnopolskich bada\u0144 ankietowych ESPAD (Europejski Program Bada\u0144 Ankietowych w Szko\u0142ach na Temat U\u017cywania<br \/>\n\tAlkoholu i Narkotyk&oacute;w), przeprowadzonych w III klasach gimnazjum i II klasach szk&oacute;\u0142 \u015brednich, pokazuj\u0105, \u017ce alkohol jest<br \/>\n\tnajbardziej rozpowszechnion\u0105 w\u015br&oacute;d m\u0142odzie\u017cy substancj\u0105 psychoaktywn\u0105. Po alkohol si\u0119ga ponad 92% 15- i 16-latk&oacute;w<br \/>\n\toraz 96% 17- i 18-latk&oacute;w. Najcz\u0119\u015bciej wybierany trunek przez m\u0142odzie\u017c to piwo. Do upicia si\u0119 przyzna\u0142a si\u0119 niemal po\u0142owa<br \/>\n\tpi\u0119tnastolatk&oacute;w i ponad 65% siedemnastolatk&oacute;w.<br \/>\n\tMiejski Program Profilaktyki i Rozwi\u0105zywania Problem&oacute;w Alkoholowych w Mie\u015bcie Zielona G&oacute;ra na rok 2019 wskazuje<br \/>\n\tszacunkow\u0105 liczb\u0119 mieszka\u0144c&oacute;w uzale\u017cnionych od alkoholu w wysoko\u015bci: ok. 2700 os&oacute;b, za\u015b os&oacute;b pij\u0105cych szkodliwie &#8211; ok.<br \/>\n\t8-9 tys. os&oacute;b. Przywo\u0142uje tak\u017ce badanie przeprowadzone przez Stowarzyszenie Producent&oacute;w i Dziennikarzy Radiowych z<br \/>\n\tPoznania w 2014 r. w ramach realizacji og&oacute;lnopolskiej kampanii &bdquo;Zachowaj Trze\u017awy Umys\u0142&rdquo; Badaniem obj\u0119to uczni&oacute;w klas<br \/>\n\tpi\u0105tych szk&oacute;\u0142 podstawowych i klas drugich szk&oacute;\u0142 gimnazjalnych. Pr&oacute;ba badawcza dla miasta Zielona G&oacute;ra wynios\u0142a 512<br \/>\n\tuczni&oacute;w (273 dziewczynki i 239 ch\u0142opc&oacute;w) &ndash; szko\u0142y podstawowe oraz 448 uczni&oacute;w (200 dziewczynki i 248 ch\u0142opcy) &ndash; w<br \/>\n\tszko\u0142ach ponadpodstawowych. 85% ch\u0142opc&oacute;w i 91% dziewczynek z zielonog&oacute;rskich szk&oacute;\u0142 podstawowych wskazuje na du\u017ce<br \/>\n\tryzyko, 2% dziewcz\u0105t i 6% ch\u0142opc&oacute;w wskazuje na ma\u0142e ryzyko zwi\u0105zane z na\u0142ogowym spo\u017cywaniem alkoholu, 8% ch\u0142opc&oacute;w<br \/>\n\ti 6% dziewcz\u0105t, t\u0142umacz\u0105c si\u0119 niewiedz\u0105, nie zaj\u0119\u0142a jednoznacznego stanowiska. Spo\u015br&oacute;d przebadanych uczni&oacute;w z terenu<br \/>\n\tZielonej G&oacute;ry 60% ch\u0142opc&oacute;w i 66% dziewcz\u0105t jeszcze nigdy nie pr&oacute;bowa\u0142o alkoholu. 36% ch\u0142opc&oacute;w i 36% dziewcz\u0105t nie<br \/>\n\tpotrafi oceni\u0107, czy ich r&oacute;wie\u015bnicy pili alkohol przynajmniej raz w \u017cyciu, czy te\u017c nie, a 17% ch\u0142opc&oacute;w i 21% dziewcz\u0105t stwierdza, \u017ce spo\u015br&oacute;d ich r&oacute;wie\u015bnik&oacute;w, co dziesi\u0105ty pi\u0142 alkohol. Badani twierdz\u0105, \u017ce w\u015br&oacute;d ich znajomych, kt&oacute;rzy kiedykolwiek napili si\u0119 jakiegokolwiek alkoholu mo\u017cna nale\u017a\u0107 17% ch\u0142opc&oacute;w i 15% dziewcz\u0105t. Badania ankietowe wykaza\u0142y, \u017ce 7% ch\u0142opc&oacute;w i 19% dziewcz\u0105t sw&oacute;j pierwszy alkohol spo\u017cywa\u0142o w wieku 11 lat lub m\u0142odszym, 19% ch\u0142opc&oacute;w i 29% dziewcz\u0105t w wieku 12-13 lat, a 15% ch\u0142opc&oacute;w i 14% dziewcz\u0105t w wieku 14 lat. Spo\u015br&oacute;d przebadanych gimnazjalist&oacute;w 25% ch\u0142opc&oacute;w i 20% dziewcz\u0105t jeszcze nigdy nie pr&oacute;bowa\u0142o alkoholu.<br \/>\n\tM\u0142odzi ludzie nie potrafi\u0105 odmawia\u0107, odczuwaj\u0105 presj\u0119, nie dostrzegaj\u0105 zagro\u017ce\u0144. Podlegaj\u0105 oddzia\u0142ywaniu niew\u0142a\u015bciwych wzorc&oacute;w w rodzinie. Na poziomie ka\u017cdej przyczyny sprawiaj\u0105cej, \u017ce dzieci zaczynaj\u0105 spo\u017cywa\u0107 alkohol, chcemy interweniowa\u0107. Badania na temat poziomu przemocy w ca\u0142ym wojew&oacute;dztwie lubuskim oraz liczba interwencji policyjnych i&nbsp;rozpocz\u0119tych procedur &bdquo;Niebieskiej Karty&rdquo;, statystyki dotycz\u0105ce podejmowania pr&oacute;b samob&oacute;jczych przez dzieci i m\u0142odzie\u017c&nbsp;wskazuj\u0105 istnienie powa\u017cnego problemu. W przypadku pr&oacute;b samob&oacute;jczych m\u0142odzie\u017cy nasze wojew&oacute;dztwo zajmuje dramatyczne pierwsze miejsce w kraju. \u015awiadomo\u015b\u0107 w\u015br&oacute;d rodzic&oacute;w, jakie zachowania s\u0105 penalizowane jest nik\u0142a (badanie Wydzia\u0142 Pedagogiki, Psychologii i Socjologii UZ na gimnazjalistach w regionie). Przypadki zg\u0142aszania przez osoby trzecie<br \/>\n\tzaobserwowanej w\u015br&oacute;d s\u0105siad&oacute;w lub rodzinach koleg&oacute;w i kole\u017canek dzieci zachowa\u0144 karalnych jest nadal niewielkie i w<br \/>\n\tprzypadku naszego O\u015brodka Pomocy dla Os&oacute;b Pokrzywdzonych Przest\u0119pstwem i Przemoc\u0105 jest nik\u0142e (kilka procent w skali<br \/>\n\troku), a mog\u0142oby zapobiec prawdziwym tragediom i \u015bmierci dzieci i doros\u0142ych. Brak wiedzy, umiej\u0119tno\u015bci i poczucia wzajemnej troski uczni&oacute;w, nauczycieli i rodzic&oacute;w przek\u0142ada si\u0119 na podatno\u015b\u0107 na zagro\u017cenia bezpiecze\u0144stwa osobistego,<br \/>\n\tsk\u0142onno\u015b\u0107 do nieodpowiedzialnych i patologicznych zachowa\u0144, niech\u0119\u0107 do postaw obywatelsko\u015bci i partycypacji,<br \/>\n\tbezradno\u015b\u0107 i nieasertywno\u015b\u0107, a tak\u017ce bezradno\u015b\u0107 i bezsilno\u015b\u0107 zw\u0142aszcza w relacjach kryzysowych i konfliktowych z r&oacute;wie\u015bnikami, a te skutkuj\u0105 si\u0119ganiem po u\u017cywki, w tym alkohol.<\/p>\n","protected":false},"excerpt":{"rendered":"<p>Diagnoza spo\u0142eczna zespo\u0142u prof. Czapli\u0144skiego wskazuje na wojew&oacute;dztwo lubuskie jako dotkni\u0119te wyj\u0105tkow\u0105 w skali&nbsp;patologi\u0105, zar&oacute;wno uzale\u017cnienia alkoholowego, jak i przemocy w rodzinie (oba te zjawiska cz\u0119sto wsp&oacute;\u0142istniej\u0105). Alkoholizm nie jest przest\u0119pstwem, jednak powoduje zaniedbanie w sprawowanej opiece nad dzie\u0107mi oraz wykonywaniu w\u0142adzy rodzicielskiej,&nbsp;cz\u0119sto tak\u017ce \u0142\u0105cz\u0105 si\u0119 ze z\u0142ym zarz\u0105dem maj\u0105tkiem wsp&oacute;lnym ma\u0142\u017conk&oacute;w, kt&oacute;re ujmowalne s\u0105 [&hellip;]<\/p>\n","protected":false},"author":4,"featured_media":0,"parent":0,"menu_order":0,"comment_status":"closed","ping_status":"closed","template":"","meta":{"footnotes":""},"class_list":["post-6036","page","type-page","status-publish","hentry"],"_links":{"self":[{"href":"https:\/\/baba.org.pl\/index.php\/wp-json\/wp\/v2\/pages\/6036","targetHints":{"allow":["GET"]}}],"collection":[{"href":"https:\/\/baba.org.pl\/index.php\/wp-json\/wp\/v2\/pages"}],"about":[{"href":"https:\/\/baba.org.pl\/index.php\/wp-json\/wp\/v2\/types\/page"}],"author":[{"embeddable":true,"href":"https:\/\/baba.org.pl\/index.php\/wp-json\/wp\/v2\/users\/4"}],"replies":[{"embeddable":true,"href":"https:\/\/baba.org.pl\/index.php\/wp-json\/wp\/v2\/comments?post=6036"}],"version-history":[{"count":7,"href":"https:\/\/baba.org.pl\/index.php\/wp-json\/wp\/v2\/pages\/6036\/revisions"}],"predecessor-version":[{"id":6113,"href":"https:\/\/baba.org.pl\/index.php\/wp-json\/wp\/v2\/pages\/6036\/revisions\/6113"}],"wp:attachment":[{"href":"https:\/\/baba.org.pl\/index.php\/wp-json\/wp\/v2\/media?parent=6036"}],"curies":[{"name":"wp","href":"https:\/\/api.w.org\/{rel}","templated":true}]}}