{"id":574,"date":"2011-09-06T16:26:12","date_gmt":"2011-09-06T14:26:12","guid":{"rendered":"http:\/\/babazg.home.pl\/autoinstalator\/wordpress\/?page_id=574"},"modified":"2016-04-27T12:47:54","modified_gmt":"2016-04-27T10:47:54","slug":"akcje","status":"publish","type":"page","link":"https:\/\/baba.org.pl\/index.php\/akcje\/","title":{"rendered":"Akcje"},"content":{"rendered":"<p><a href=\"http:\/\/babazg.home.pl\/autoinstalator\/wordpress\/wp-content\/uploads\/2010\/11\/baba222.jpg\" rel=\"attachment wp-att-4210\"><img loading=\"lazy\" decoding=\"async\" alt=\"baba222\" class=\"alignleft size-medium wp-image-4210\" height=\"199\" src=\"http:\/\/babazg.home.pl\/autoinstalator\/wordpress\/wp-content\/uploads\/2010\/11\/baba222-300x199.jpg\" width=\"300\" srcset=\"https:\/\/baba.org.pl\/wp-content\/uploads\/2010\/11\/baba222-300x199.jpg 300w, https:\/\/baba.org.pl\/wp-content\/uploads\/2010\/11\/baba222-150x100.jpg 150w, https:\/\/baba.org.pl\/wp-content\/uploads\/2010\/11\/baba222-768x510.jpg 768w, https:\/\/baba.org.pl\/wp-content\/uploads\/2010\/11\/baba222.jpg 960w\" sizes=\"auto, (max-width: 300px) 100vw, 300px\" \/><\/a>Poza sta\u0142\u0105 prac\u0105 i wieloletnimi dzia\u0142aniami projektowymi czy statutowymi&nbsp;Lubuskie Stowarzyszenie na Rzecz Kobiet &bdquo;Baba&rdquo; w\u0142\u0105cza si\u0119 w cykliczne akcje og&oacute;lnopolskie, mi\u0119dzynarodowe oraz lokalne. To pole do popisu dla os&oacute;b, kt&oacute;re nie maj\u0105 czasu lub sposobno\u015bci, by wsp&oacute;\u0142pracowa\u0107 z nami na co dzie\u0144. Zapraszamy zatem&#8230;<\/p>\n<p>&nbsp;<\/p>\n<p><a href=\"http:\/\/babazg.home.pl\/autoinstalator\/wordpress\/wp-content\/uploads\/2016\/04\/10401991_1090064127717214_1170650482347872527_n.jpg\" rel=\"attachment wp-att-4105\"><img loading=\"lazy\" decoding=\"async\" alt=\"10401991_1090064127717214_1170650482347872527_n\" class=\"alignleft size-medium wp-image-4105\" height=\"225\" src=\"http:\/\/babazg.home.pl\/autoinstalator\/wordpress\/wp-content\/uploads\/2016\/04\/10401991_1090064127717214_1170650482347872527_n-300x225.jpg\" width=\"300\" srcset=\"https:\/\/baba.org.pl\/wp-content\/uploads\/2016\/04\/10401991_1090064127717214_1170650482347872527_n-300x225.jpg 300w, https:\/\/baba.org.pl\/wp-content\/uploads\/2016\/04\/10401991_1090064127717214_1170650482347872527_n-150x113.jpg 150w, https:\/\/baba.org.pl\/wp-content\/uploads\/2016\/04\/10401991_1090064127717214_1170650482347872527_n-768x576.jpg 768w, https:\/\/baba.org.pl\/wp-content\/uploads\/2016\/04\/10401991_1090064127717214_1170650482347872527_n.jpg 960w\" sizes=\"auto, (max-width: 300px) 100vw, 300px\" \/><\/a><strong>16 Dni Przeciwko Przemocy Wobec Kobiet<\/strong>&nbsp;W &bdquo;16 Dniach&rdquo; co roku bierze udzia\u0142 kilka tysi\u0119cy organizacji ze 160 kraj&oacute;w, w tym kilkana\u015bcie organizacji w Polsce. Kampania ma na celu przeciwdzia\u0142anie wszelkim formom przemocy ze wzgl\u0119du na p\u0142e\u0107.<br \/>\n\t<a href=\"http:\/\/babazg.home.pl\/autoinstalator\/wordpress\/index.php\/akcje\/16-dni-przeciwko-przemocy\/\" title=\"16 dni przeciwko przemocy\">Szczeg&oacute;\u0142y kampanii&#8230;.<\/a><\/p>\n<p><strong>Tydzie\u0144 Pomocy Ofiarom Przest\u0119pstw<\/strong> to akcja podj\u0119ta, by przypomina\u0107 o cierpieniu i potrzebie ochrony interes&oacute;w os&oacute;b pokrzywdzonych przemoc\u0105, jak r&oacute;wnie\u017c o konieczno\u015bci niesienia im pomocy. <a href=\"http:\/\/babazg.home.pl\/autoinstalator\/wordpress\/index.php\/akcje\/tydzien-pomocy-ofiarom-przestepstw\/\" title=\"Tydzie\u0144 pomocy ofiarom przest\u0119pstw\">Za\u0142o\u017ceniem akcji jest&#8230;<\/a><\/p>\n<p><a href=\"http:\/\/babazg.home.pl\/autoinstalator\/wordpress\/wp-content\/uploads\/2016\/04\/12970502_1593289487369598_1102503273_o.jpg\" rel=\"attachment wp-att-4117\"><img loading=\"lazy\" decoding=\"async\" alt=\"12970502_1593289487369598_1102503273_o\" class=\"alignleft size-medium wp-image-4117\" height=\"200\" src=\"http:\/\/babazg.home.pl\/autoinstalator\/wordpress\/wp-content\/uploads\/2016\/04\/12970502_1593289487369598_1102503273_o-300x200.jpg\" width=\"300\" srcset=\"https:\/\/baba.org.pl\/wp-content\/uploads\/2016\/04\/12970502_1593289487369598_1102503273_o-300x200.jpg 300w, https:\/\/baba.org.pl\/wp-content\/uploads\/2016\/04\/12970502_1593289487369598_1102503273_o-1024x682.jpg 1024w, https:\/\/baba.org.pl\/wp-content\/uploads\/2016\/04\/12970502_1593289487369598_1102503273_o-150x100.jpg 150w, https:\/\/baba.org.pl\/wp-content\/uploads\/2016\/04\/12970502_1593289487369598_1102503273_o-768x512.jpg 768w, https:\/\/baba.org.pl\/wp-content\/uploads\/2016\/04\/12970502_1593289487369598_1102503273_o.jpg 1535w\" sizes=\"auto, (max-width: 300px) 100vw, 300px\" \/><\/a><strong>Akcja Akacja<\/strong> to porozumienie organizacji pozarz\u0105dowych, kt&oacute;re mia\u0142o na celu promocj\u0119 kobiet aktywnych w swoim \u015brodowisku, dzia\u0142aj\u0105cych na rzecz rozwoju spo\u0142ecze\u0144stwa obywatelskiego i wsp&oacute;lnot lokalnych. I st\u0105d konkurs o tytu\u0142 Niezwyk\u0142ej Polki. Do komisji konkursowej nadsy\u0142ano zg\u0142oszenia z ca\u0142ego kraju, a nast\u0119pnie Komisja Konkursowa przyzna\u0142a ten zaszczytny tytu\u0142 jednej kobiecie z ka\u017cdego regionu.<br \/>\n\t<a href=\"http:\/\/babazg.home.pl\/autoinstalator\/wordpress\/index.php\/akcje\/akcja-akacja\/\" title=\"Akcja Akacja\">Laureatki&#8230;<\/a><\/p>\n<p><a href=\"http:\/\/babazg.home.pl\/autoinstalator\/wordpress\/wp-content\/uploads\/2013\/09\/gorz\u00f3w.jpg\" rel=\"attachment wp-att-3838\"><img loading=\"lazy\" decoding=\"async\" alt=\"gorz\u00f3w\" class=\"alignleft size-medium wp-image-3838\" height=\"200\" src=\"http:\/\/babazg.home.pl\/autoinstalator\/wordpress\/wp-content\/uploads\/2013\/09\/gorz\u00f3w-300x200.jpg\" width=\"300\" srcset=\"https:\/\/baba.org.pl\/wp-content\/uploads\/2013\/09\/gorz\u00f3w-300x200.jpg 300w, https:\/\/baba.org.pl\/wp-content\/uploads\/2013\/09\/gorz\u00f3w-1024x683.jpg 1024w, https:\/\/baba.org.pl\/wp-content\/uploads\/2013\/09\/gorz\u00f3w-150x100.jpg 150w, https:\/\/baba.org.pl\/wp-content\/uploads\/2013\/09\/gorz\u00f3w-768x512.jpg 768w, https:\/\/baba.org.pl\/wp-content\/uploads\/2013\/09\/gorz\u00f3w-1536x1024.jpg 1536w, https:\/\/baba.org.pl\/wp-content\/uploads\/2013\/09\/gorz\u00f3w-2048x1365.jpg 2048w\" sizes=\"auto, (max-width: 300px) 100vw, 300px\" \/><\/a>Akcja &bdquo;<strong>Dzie\u0144 Kobiet dla Kobiet<\/strong>&rdquo; zaistnia\u0142a dzi\u0119ki firmom, kt&oacute;re w dniu 8 marca stworzy\u0142y specjaln\u0105 ofert\u0119 dla Pa\u0144 poprzez m.in. upusty cenowe, gratisy, czy inne niespodzianki.<br \/>\n\t<a href=\"http:\/\/babazg.home.pl\/autoinstalator\/wordpress\/index.php\/akcje\/dzien-kobiet-dla-kobiet\/\" title=\"Dzie\u0144 kobiet dla kobiet\">Firmy i instytuacje, kt&oacute;re nas wspar\u0142y&#8230;<\/a><\/p>\n","protected":false},"excerpt":{"rendered":"<p>Poza sta\u0142\u0105 prac\u0105 i wieloletnimi dzia\u0142aniami projektowymi czy statutowymi&nbsp;Lubuskie Stowarzyszenie na Rzecz Kobiet &bdquo;Baba&rdquo; w\u0142\u0105cza si\u0119 w cykliczne akcje og&oacute;lnopolskie, mi\u0119dzynarodowe oraz lokalne. To pole do popisu dla os&oacute;b, kt&oacute;re nie maj\u0105 czasu lub sposobno\u015bci, by wsp&oacute;\u0142pracowa\u0107 z nami na co dzie\u0144. Zapraszamy zatem&#8230; &nbsp; 16 Dni Przeciwko Przemocy Wobec Kobiet&nbsp;W &bdquo;16 Dniach&rdquo; co roku [&hellip;]<\/p>\n","protected":false},"author":6,"featured_media":0,"parent":0,"menu_order":30,"comment_status":"closed","ping_status":"closed","template":"","meta":{"footnotes":""},"class_list":["post-574","page","type-page","status-publish","hentry"],"_links":{"self":[{"href":"https:\/\/baba.org.pl\/index.php\/wp-json\/wp\/v2\/pages\/574","targetHints":{"allow":["GET"]}}],"collection":[{"href":"https:\/\/baba.org.pl\/index.php\/wp-json\/wp\/v2\/pages"}],"about":[{"href":"https:\/\/baba.org.pl\/index.php\/wp-json\/wp\/v2\/types\/page"}],"author":[{"embeddable":true,"href":"https:\/\/baba.org.pl\/index.php\/wp-json\/wp\/v2\/users\/6"}],"replies":[{"embeddable":true,"href":"https:\/\/baba.org.pl\/index.php\/wp-json\/wp\/v2\/comments?post=574"}],"version-history":[{"count":11,"href":"https:\/\/baba.org.pl\/index.php\/wp-json\/wp\/v2\/pages\/574\/revisions"}],"predecessor-version":[{"id":4217,"href":"https:\/\/baba.org.pl\/index.php\/wp-json\/wp\/v2\/pages\/574\/revisions\/4217"}],"wp:attachment":[{"href":"https:\/\/baba.org.pl\/index.php\/wp-json\/wp\/v2\/media?parent=574"}],"curies":[{"name":"wp","href":"https:\/\/api.w.org\/{rel}","templated":true}]}}