{"id":5670,"date":"2019-03-28T15:22:05","date_gmt":"2019-03-28T13:22:05","guid":{"rendered":"http:\/\/baba.org.pl\/?page_id=5670"},"modified":"2019-03-28T15:36:29","modified_gmt":"2019-03-28T13:36:29","slug":"mediacje-w-babie","status":"publish","type":"page","link":"https:\/\/baba.org.pl\/index.php\/mediacje-w-babie\/","title":{"rendered":"MEDIACJE W BABIE"},"content":{"rendered":"<p>&nbsp;<\/p>\n<p><a href=\"http:\/\/babazg.home.pl\/autoinstalator\/wordpress\/wp-content\/uploads\/2019\/02\/MEDIACJE.jpg\" data-lightbox=\"gal[5670]\"><img loading=\"lazy\" decoding=\"async\" alt=\"\" class=\"alignleft size-full wp-image-5671\" height=\"183\" src=\"http:\/\/babazg.home.pl\/autoinstalator\/wordpress\/wp-content\/uploads\/2019\/02\/MEDIACJE.jpg\" width=\"276\" srcset=\"https:\/\/baba.org.pl\/wp-content\/uploads\/2019\/02\/MEDIACJE.jpg 276w, https:\/\/baba.org.pl\/wp-content\/uploads\/2019\/02\/MEDIACJE-150x99.jpg 150w\" sizes=\"auto, (max-width: 276px) 100vw, 276px\" \/><\/a><span style=\"font-size:14px;\"><span style=\"color:#800000;\"><strong><em>ZAPRASZAMY NA BEZP\u0141ATNE MEDIACJE RODZINNE <\/em><\/strong><\/span><\/span><\/p>\n<p><span style=\"font-size:14px;\"><strong>Mediacja<\/strong>&nbsp;jest dobrowoln\u0105, poufn\u0105 metod\u0105 rozwi\u0105zywania sporu, w kt&oacute;rej strony konfliktu lub sporu, z pomoc\u0105 bezstronnego i neutralnego mediatora, samodzielnie dochodz\u0105 do porozumienia. Tematy omawiane w toku mediacji zale\u017c\u0105 od woli jej uczestnik&oacute;w. Przedmiotem uzgodnie\u0144 mog\u0105 by\u0107 sprawy dotycz\u0105ce: pojednania ma\u0142\u017conk&oacute;w, ustalenia warunk&oacute;w rozstania, sposobu sprawowania w\u0142adzy rodzicielskiej, kontakt&oacute;w z dzie\u0107mi, zaspokojenia potrzeb rodziny, aliment&oacute;w, a tak\u017ce sprawy maj\u0105tkowe i mieszkaniowe. W spos&oacute;b ugodowy mo\u017cna te\u017c uregulowa\u0107 np. wydanie paszportu, wyb&oacute;r kierunku edukacji dziecka, kontakty z dalsz\u0105 rodzin\u0105 lub zarz\u0105d maj\u0105tkiem dziecka.<\/span><\/p>\n<p><span style=\"font-size:14px;\"><strong><em>Korzy\u015bci z mediacji<\/em><\/strong><\/span><\/p>\n<p><span style=\"font-size:14px;\"><em>&bull;&nbsp; &nbsp; &nbsp; &nbsp; &nbsp; &nbsp;Mediacja stwarza stronom szans\u0119 na samodzielne, szybkie i tanie rozwi\u0105zanie ich sporu w formie polubownego porozumienia.<\/em><\/span><\/p>\n<p><span style=\"font-size:14px;\"><em>&bull;&nbsp;&nbsp;&nbsp;&nbsp;&nbsp;&nbsp;&nbsp;&nbsp;&nbsp;&nbsp; Mediacja pozwala na utrzymanie wzajemnych relacji.<\/em><\/span><\/p>\n<p><span style=\"font-size:14px;\"><em>&bull;&nbsp;&nbsp;&nbsp;&nbsp;&nbsp;&nbsp;&nbsp;&nbsp;&nbsp;&nbsp; Mediacja umo\u017cliwia zachowanie korzystnego wizerunku.<\/em><\/span><\/p>\n<p><span style=\"font-size:14px;\"><em>&bull;&nbsp;&nbsp;&nbsp;&nbsp;&nbsp;&nbsp;&nbsp;&nbsp;&nbsp;&nbsp; Mediacja sprzyja obni\u017ceniu poziomu negatywnych emocji oraz zrozumieniu potrzeb w\u0142asnych i drugiej strony, a przez to zmniejsza obci\u0105\u017cenie psychiczne zwi\u0105zane z sytuacj\u0105 konfliktow\u0105.<\/em><\/span><\/p>\n<ul>\n<li><span style=\"font-size:14px;\"><em>&nbsp; &nbsp; &nbsp; &nbsp; Mediacja umo\u017cliwia stronom samodzielne zdecydowanie o tym jak chc\u0105 u\u0142o\u017cy\u0107 relacje mi\u0119dzy rodzicami a dzieckiem po rozstaniu.<\/em><\/span>\n<p><span style=\"font-size:14px;\"><strong><em>Jak sprawa trafia do mediacji?<\/em><\/strong><\/span><\/p>\n<\/li>\n<\/ul>\n<p><span style=\"font-size:14px;\"><em>&bull;&nbsp;&nbsp;&nbsp;&nbsp;&nbsp;&nbsp;&nbsp;&nbsp;&nbsp;&nbsp; Mediacja mo\u017ce by\u0107 prowadzona przed wniesieniem sprawy do s\u0105du (mediacja pozas\u0105dowa), albo po wszcz\u0119ciu post\u0119powania &#8211; na podstawie postanowienia s\u0105du.<\/em><\/span><\/p>\n<p><span style=\"font-size:14px;\"><em>&bull;&nbsp;&nbsp;&nbsp;&nbsp;&nbsp;&nbsp;&nbsp;&nbsp;&nbsp;&nbsp; W ka\u017cdym przypadku warunkiem prowadzenia mediacji jest zgoda stron.<\/em><\/span><\/p>\n<p><span style=\"font-size:14px;\"><em>&bull;&nbsp;&nbsp;&nbsp;&nbsp;&nbsp;&nbsp;&nbsp;&nbsp;&nbsp;&nbsp; Ka\u017cda ze stron mo\u017ce z\u0142o\u017cy\u0107 wniosek o przeprowadzenie mediacji na ka\u017cdym etapie post\u0119powania s\u0105dowego.<\/em><\/span><\/p>\n<p><span style=\"font-size:14px;\"><strong><em>Kto decyduje o wyborze mediatora?<\/em><\/strong><\/span><\/p>\n<p><span style=\"font-size:14px;\"><em>&bull;&nbsp;&nbsp;&nbsp;&nbsp;&nbsp;&nbsp;&nbsp;&nbsp;&nbsp;&nbsp; Mediatora wybieraj\u0105 strony albo wyznacza go s\u0105d (bior\u0105c pod uwag\u0119 w pierwszej kolejno\u015bci<br \/>\n\tsta\u0142ych mediator&oacute;w).<\/em><\/span><\/p>\n<p><span style=\"font-size:14px;\"><strong><em>Jak d\u0142ugo mo\u017ce trwa\u0107&nbsp;mediacja?<\/em><\/strong><\/span><\/p>\n<p><span style=\"font-size:14px;\"><em>&bull;&nbsp;&nbsp;&nbsp;&nbsp;&nbsp;&nbsp;&nbsp;&nbsp;&nbsp;&nbsp; Post\u0119powanie mediacyjne, do kt&oacute;rego dosz\u0142o na podstawie postanowienia s\u0105du nie powinno trwa\u0107 d\u0142u\u017cej ni\u017c trzy miesi\u0105ce. Na zgodny wniosek stron lub z innych wa\u017cnych powod&oacute;w termin ten mo\u017ce zosta\u0107 przed\u0142u\u017cony, je\u017celi b\u0119dzie to sprzyja\u0107 ugodowemu za\u0142atwieniu sprawy.<\/em><\/span><\/p>\n<p><span style=\"font-size:14px;\"><strong><em>Jak przebiega mediacja?<\/em><\/strong><\/span><\/p>\n<p><span style=\"font-size:14px;\"><em>&bull;&nbsp;&nbsp;&nbsp;&nbsp;&nbsp;&nbsp;&nbsp;&nbsp;&nbsp;&nbsp; Po otrzymaniu postanowienia s\u0105du, mediator kontaktuje si\u0119 ze stronami, ustalaj\u0105c termin i wskazuj\u0105c miejsce spotkania.<\/em><\/span><\/p>\n<p><span style=\"font-size:14px;\"><em>&bull;&nbsp;&nbsp;&nbsp;&nbsp;&nbsp;&nbsp;&nbsp;&nbsp;&nbsp;&nbsp; Mediator wyja\u015bnia zasady i cele post\u0119powania mediacyjnego oraz pyta, czy strony wyra\u017caj\u0105 zgod\u0119 na mediacj\u0119. Mediacja jest rozmow\u0105 stron w obecno\u015bci mediatora. Mog\u0105 si\u0119 tak\u017ce odbywa\u0107 indywidualne spotkania mediatora z ka\u017cd\u0105 ze stron.<\/em><\/span><\/p>\n<p><span style=\"font-size:14px;\"><em>&bull;&nbsp;&nbsp;&nbsp;&nbsp;&nbsp;&nbsp;&nbsp;&nbsp;&nbsp;&nbsp; Strony mog\u0105 zrezygnowa\u0107 z udzia\u0142u w mediacji na ka\u017cdym etapie post\u0119powania mediacyjnego.<\/em><\/span><\/p>\n<p><span style=\"font-size:14px;\"><em>&bull;&nbsp;&nbsp;&nbsp;&nbsp;&nbsp;&nbsp;&nbsp;&nbsp;&nbsp;&nbsp; Mediacja jest poufna. Mediator nie mo\u017ce udost\u0119pnia\u0107 informacji z mediacji osobom trzecim. Protok&oacute;\u0142 z mediacji nie zawiera \u017cadnych ocen ani stanowisk stron.<\/em><\/span><\/p>\n<p><span style=\"font-size:14px;\"><em>&bull;&nbsp;&nbsp;&nbsp;&nbsp;&nbsp;&nbsp;&nbsp;&nbsp;&nbsp;&nbsp; Mediator nie mo\u017ce by\u0107 \u015bwiadkiem co do fakt&oacute;w, o kt&oacute;rych dowiedzia\u0142 si\u0119 w zwi\u0105zku z prowadzeniem mediacji, chyba \u017ce strony zwolni\u0105 go z obowi\u0105zku zachowania tajemnicy mediacji.<\/em><\/span><\/p>\n<p><span style=\"font-size:14px;\"><strong><em>W jaki spos&oacute;b mo\u017ce zako\u0144czy\u0107 si\u0119 mediacja?<\/em><\/strong><\/span><\/p>\n<p><span style=\"font-size:14px;\"><em>&bull;&nbsp;&nbsp;&nbsp;&nbsp;&nbsp;&nbsp;&nbsp;&nbsp;&nbsp;&nbsp; Mediacja mo\u017ce zako\u0144czy\u0107 si\u0119 zawarciem wsp&oacute;lnie wypracowanej ugody, kt&oacute;r\u0105 podpisuj\u0105 strony. Je\u017celi strony zawar\u0142y ugod\u0119 przed mediatorem, ugod\u0119 zamieszcza si\u0119 w protokole albo za\u0142\u0105cza si\u0119 do niego.<\/em><\/span><\/p>\n<p><span style=\"font-size:14px;\"><em>&bull;&nbsp;&nbsp;&nbsp;&nbsp;&nbsp;&nbsp;&nbsp;&nbsp;&nbsp;&nbsp; W razie mediacji ze skierowania s\u0105du oraz w przypadku mediacji pozas\u0105dowej i wyst\u0105pienia przez stron\u0119 do s\u0105du z wnioskiem o zatwierdzenie ugody zawartej przed mediatorem, mediator sk\u0142ada protok&oacute;\u0142 w s\u0105dzie.<\/em><\/span><\/p>\n<p><span style=\"font-size:14px;\"><em>&bull;&nbsp;&nbsp;&nbsp;&nbsp;&nbsp;&nbsp;&nbsp;&nbsp;&nbsp;&nbsp; Zatwierdzona przez s\u0105d ugoda ma moc prawn\u0105 ugody zawartej przed s\u0105dem i ko\u0144czy post\u0119powanie.<\/em><\/span><\/p>\n<p><span style=\"font-size:14px;\"><em>&bull;&nbsp;&nbsp;&nbsp;&nbsp;&nbsp;&nbsp;&nbsp;&nbsp;&nbsp;&nbsp; S\u0105d nie zatwierdzi ugody, w ca\u0142o\u015bci lub cz\u0119\u015bci, je\u017celi ugoda jest sprzeczna z prawem lub zasadami wsp&oacute;\u0142\u017cycia spo\u0142ecznego albo zmierza do obej\u015bcia prawa, a tak\u017ce gdy jest niezrozumia\u0142a lub zawiera sprzeczno\u015bci.<\/em><\/span><\/p>\n<p><span style=\"font-size:14px;\"><em>&bull;&nbsp;&nbsp;&nbsp;&nbsp;&nbsp;&nbsp;&nbsp;&nbsp;&nbsp;&nbsp; Je\u015bli ugoda, kt&oacute;rej nadano klauzul\u0119 wykonalno\u015bci nie zosta\u0142a wykonana, mo\u017cna skierowa\u0107 jej wykonanie do egzekucji komorniczej.<\/em><\/span><\/p>\n<p><span style=\"font-size:14px;\"><em>&bull;&nbsp;&nbsp;&nbsp;&nbsp;&nbsp;&nbsp;&nbsp;&nbsp;&nbsp;&nbsp; W przypadku braku ugody, strony mog\u0105 dochodzi\u0107 swoich praw w post\u0119powaniu s\u0105dowym.&nbsp;&nbsp;\u017ar&oacute;d\u0142o:&nbsp;<\/em>https:\/\/www.mediacja.gov.pl\/<\/span><\/p>\n<p><span style=\"font-size:14px;\"><span style=\"color:#A52A2A;\"><u><strong>Mediacje w Stowarzyszeniu BABA&nbsp; b\u0119d\u0105 prowadzone&nbsp;bezp\u0142atnie.<\/strong><\/u><\/span><\/span><\/p>\n<p><span style=\"font-size:14px;\">Nasza mediatorka z wykszta\u0142cenia jest mgr pedagogiki uko\u0144czy\u0142a studia uniwersyteckie na kierunku&nbsp; &quot;Resocjalizacja&nbsp;z terapi\u0105 specjalistyczn\u0105&quot;.&nbsp;<\/span><\/p>\n<p><span style=\"font-size:14px;\">Uko\u0144czy\u0142a tak\u017ce specjalistyczne szkolenie z zakresu mediacji rodzinnej w Centrum Mediacji Partners w Warszawie oraz zosta\u0142a wpisana przez Prezesa S\u0105du Okr\u0119gowego w Zielonej G&oacute;rze na list\u0119 sta\u0142ych mediator&oacute;w s\u0105dowych.<\/span><\/p>\n<p><span style=\"font-size:14px;\"><strong>Wszystkie osoby zainteresowane mediacj\u0105&nbsp;prosimy o kontakt telefoniczny lub mailowy,<\/strong><\/span><\/p>\n<p><span style=\"font-size:14px;\"><strong>od poniedzia\u0142ku do soboty,&nbsp;<\/strong><\/span><\/p>\n<p><span style=\"font-size:14px;\"><strong>w godz. 9.00 &#8211; 15.00, w celu um&oacute;wienia terminu spotkania ( termin i godzina&nbsp; do uzgodnienia,&nbsp;r&oacute;wnie\u017c po godz. 15.00)<\/strong><\/span><\/p>\n<p><span style=\"font-size:14px;\"><strong>tel.: 661 842 501<\/strong><\/span><\/p>\n<p><span style=\"font-size:14px;\"><strong>e-mail: baba@baba.org.pl<\/strong><\/span><\/p>\n","protected":false},"excerpt":{"rendered":"<p>&nbsp; ZAPRASZAMY NA BEZP\u0141ATNE MEDIACJE RODZINNE Mediacja&nbsp;jest dobrowoln\u0105, poufn\u0105 metod\u0105 rozwi\u0105zywania sporu, w kt&oacute;rej strony konfliktu lub sporu, z pomoc\u0105 bezstronnego i neutralnego mediatora, samodzielnie dochodz\u0105 do porozumienia. Tematy omawiane w toku mediacji zale\u017c\u0105 od woli jej uczestnik&oacute;w. Przedmiotem uzgodnie\u0144 mog\u0105 by\u0107 sprawy dotycz\u0105ce: pojednania ma\u0142\u017conk&oacute;w, ustalenia warunk&oacute;w rozstania, sposobu sprawowania w\u0142adzy rodzicielskiej, kontakt&oacute;w z [&hellip;]<\/p>\n","protected":false},"author":4,"featured_media":0,"parent":0,"menu_order":0,"comment_status":"closed","ping_status":"closed","template":"","meta":{"footnotes":""},"class_list":["post-5670","page","type-page","status-publish","hentry"],"_links":{"self":[{"href":"https:\/\/baba.org.pl\/index.php\/wp-json\/wp\/v2\/pages\/5670","targetHints":{"allow":["GET"]}}],"collection":[{"href":"https:\/\/baba.org.pl\/index.php\/wp-json\/wp\/v2\/pages"}],"about":[{"href":"https:\/\/baba.org.pl\/index.php\/wp-json\/wp\/v2\/types\/page"}],"author":[{"embeddable":true,"href":"https:\/\/baba.org.pl\/index.php\/wp-json\/wp\/v2\/users\/4"}],"replies":[{"embeddable":true,"href":"https:\/\/baba.org.pl\/index.php\/wp-json\/wp\/v2\/comments?post=5670"}],"version-history":[{"count":13,"href":"https:\/\/baba.org.pl\/index.php\/wp-json\/wp\/v2\/pages\/5670\/revisions"}],"predecessor-version":[{"id":5705,"href":"https:\/\/baba.org.pl\/index.php\/wp-json\/wp\/v2\/pages\/5670\/revisions\/5705"}],"wp:attachment":[{"href":"https:\/\/baba.org.pl\/index.php\/wp-json\/wp\/v2\/media?parent=5670"}],"curies":[{"name":"wp","href":"https:\/\/api.w.org\/{rel}","templated":true}]}}