{"id":5604,"date":"2018-12-13T11:54:47","date_gmt":"2018-12-13T09:54:47","guid":{"rendered":"http:\/\/baba.org.pl\/?page_id=5604"},"modified":"2018-12-13T11:54:47","modified_gmt":"2018-12-13T09:54:47","slug":"baba-sie-szkoli","status":"publish","type":"page","link":"https:\/\/baba.org.pl\/index.php\/szkolenia\/baba-sie-szkoli\/","title":{"rendered":"BABA si\u0119 szkoli"},"content":{"rendered":"<p>Baaardzo nam zale\u017cy, \u017ceby wszystkie nasze dzia\u0142ania, akcje, szkolenia, superwizje, lekcje, wyk\u0142ady, wszystkie aktywno\u015bci i oczywi\u015bcie nasze poradnictwo by\u0142y najlepszej mo\u017cliwej jako\u015bci. Czy oferujemy co\u015b naszym beneficjentkom i beneficjentom za darmo, czy odp\u0142atnie &#8211; jako\u015b\u0107 naszej us\u0142ugi musi by\u0107 wzorowa. My nie tylko pomagamy kobietom i lobbujemy na rzecz praw kobiet, my pokazujemy, \u017ce praca wykonywana przez kobiety jest najwy\u017cszej jakosci i najwy\u017cszych standard&oacute;w. To s\u0105 nasze dwa najwa\u017cniejsze kierunki i cele.<br \/>\n\tDlatego my te\u017c si\u0119 nieustannie szkolimy, doskonalimy i rozwijamy. Fakt, \u017ce przyciagamy wolontotariuszki\/wolontariuszy &#8211; fachowczynie\/fachowc&oacute;w, specjalistki\/specjalist&oacute;w, ekspertki\/ekspert&oacute;w oraz m\u0142odzie\u017c studenck\u0105 to efekt wypracowanej przez nas przez lata marki &#8211; wszyscy wiedz\u0105, \u017ce w BABIE mo\u017cna zdoby\u0107 doswiadczenie, kompetencje, naby\u0107 rzadkie umiej\u0119tno\u015bci twarde i mi\u0119kkie, kt&oacute;re przydadz\u0105 sie w pracy i karierze zawodowej.&nbsp; Pocz\u0105tkuj\u0105cym oferujemy zawsze mentoring, szkolenia, kierujemy na nie tylko jednorazowe szkolenia, ale&nbsp; p&oacute;\u0142roczne czy roczne&nbsp; studia kompetencyjne. W BABIE trafia sie do zespo\u0142u nagradzanego za jako\u015b\u0107 i zasi\u0119g swojej pracy , poszczeg&oacute;lne osoby w zespole takze s\u0105 nagradzane, np. przez swoje gremia zawodowe, juz 2 nasze prawniczki zdoby\u0142y Kryszta\u0142owe Serca Krajowej Izby Radc&oacute;w Prawnych. Warto zdecydowac sie na wolontariat w BABIE.&nbsp;<br \/>\n\tW latach 2018-2019 nasz rozw&oacute;j, poszerzanie kompetencji, szkolenia w ogromnej mierze zawdzi\u0119czamy Fundacji im. Stefana Batorego i otrzymanemu od Funcdacji Grantowi Instytucjonalnemu. Dzi\u0119kujemy pieknie. Je\u015bte\u015bmy dumne z tego wsparcia i wdzi\u0119czne, ogromnie wdzi\u0119czne.&nbsp;<a href=\"http:\/\/babazg.home.pl\/autoinstalator\/wordpress\/wp-content\/uploads\/2018\/12\/fsb-logo-800x600.png\" data-lightbox=\"gal[5604]\"><img loading=\"lazy\" decoding=\"async\" alt=\"\" class=\"alignleft size-medium wp-image-5605\" height=\"225\" src=\"http:\/\/babazg.home.pl\/autoinstalator\/wordpress\/wp-content\/uploads\/2018\/12\/fsb-logo-800x600-300x225.png\" width=\"300\" srcset=\"https:\/\/baba.org.pl\/wp-content\/uploads\/2018\/12\/fsb-logo-800x600-300x225.png 300w, https:\/\/baba.org.pl\/wp-content\/uploads\/2018\/12\/fsb-logo-800x600-150x113.png 150w, https:\/\/baba.org.pl\/wp-content\/uploads\/2018\/12\/fsb-logo-800x600-768x576.png 768w, https:\/\/baba.org.pl\/wp-content\/uploads\/2018\/12\/fsb-logo-800x600.png 800w\" sizes=\"auto, (max-width: 300px) 100vw, 300px\" \/><\/a><\/p>\n","protected":false},"excerpt":{"rendered":"<p>Baaardzo nam zale\u017cy, \u017ceby wszystkie nasze dzia\u0142ania, akcje, szkolenia, superwizje, lekcje, wyk\u0142ady, wszystkie aktywno\u015bci i oczywi\u015bcie nasze poradnictwo by\u0142y najlepszej mo\u017cliwej jako\u015bci. Czy oferujemy co\u015b naszym beneficjentkom i beneficjentom za darmo, czy odp\u0142atnie &#8211; jako\u015b\u0107 naszej us\u0142ugi musi by\u0107 wzorowa. My nie tylko pomagamy kobietom i lobbujemy na rzecz praw kobiet, my pokazujemy, \u017ce praca [&hellip;]<\/p>\n","protected":false},"author":4,"featured_media":0,"parent":4070,"menu_order":1,"comment_status":"closed","ping_status":"closed","template":"","meta":{"footnotes":""},"class_list":["post-5604","page","type-page","status-publish","hentry"],"_links":{"self":[{"href":"https:\/\/baba.org.pl\/index.php\/wp-json\/wp\/v2\/pages\/5604","targetHints":{"allow":["GET"]}}],"collection":[{"href":"https:\/\/baba.org.pl\/index.php\/wp-json\/wp\/v2\/pages"}],"about":[{"href":"https:\/\/baba.org.pl\/index.php\/wp-json\/wp\/v2\/types\/page"}],"author":[{"embeddable":true,"href":"https:\/\/baba.org.pl\/index.php\/wp-json\/wp\/v2\/users\/4"}],"replies":[{"embeddable":true,"href":"https:\/\/baba.org.pl\/index.php\/wp-json\/wp\/v2\/comments?post=5604"}],"version-history":[{"count":1,"href":"https:\/\/baba.org.pl\/index.php\/wp-json\/wp\/v2\/pages\/5604\/revisions"}],"predecessor-version":[{"id":5606,"href":"https:\/\/baba.org.pl\/index.php\/wp-json\/wp\/v2\/pages\/5604\/revisions\/5606"}],"up":[{"embeddable":true,"href":"https:\/\/baba.org.pl\/index.php\/wp-json\/wp\/v2\/pages\/4070"}],"wp:attachment":[{"href":"https:\/\/baba.org.pl\/index.php\/wp-json\/wp\/v2\/media?parent=5604"}],"curies":[{"name":"wp","href":"https:\/\/api.w.org\/{rel}","templated":true}]}}