{"id":5281,"date":"2018-07-03T09:56:20","date_gmt":"2018-07-03T07:56:20","guid":{"rendered":"http:\/\/baba.org.pl\/?page_id=5281"},"modified":"2018-07-03T10:00:01","modified_gmt":"2018-07-03T08:00:01","slug":"polityka-prywatnosci","status":"publish","type":"page","link":"https:\/\/baba.org.pl\/index.php\/o-nas\/polityka-prywatnosci\/","title":{"rendered":"Polityka prywatno\u015bci"},"content":{"rendered":"<p>POLITYKA PRYWATNO\u015aCI<\/p>\n<p><strong>Podstawowe informacje<\/strong><\/p>\n<p>Administratorem danych osobowych, kt&oacute;rych zasady przetwarzania opisujemy w tym dokumencie, jest Lubuskie Stowarzyszenie na Rzecz Kobiet BABA z siedzib\u0105 w Zielonej G&oacute;rze, 65-067, Stary Rynek 17 (dalej: Stowarzyszenie BABA, BABA, my). Aby si\u0119 z nami skontaktowa\u0107, nale\u017cy wys\u0142a\u0107 wiadomo\u015b\u0107 na adres e-mailowy:&nbsp;<a href=\"mailto:baba@baba.org.pl\">baba@baba.org.pl<\/a>&nbsp;lub poczt\u0105 tradycyjn\u0105 na adres siedziby.&nbsp;<br \/>\n\tW Polityce prywatno\u015bci zbieramy najwa\u017cniejsze informacje dotycz\u0105ce zasad przetwarzania danych osobowych w naszej organizacji. Wskazujemy kluczowe grupy os&oacute;b, kt&oacute;rych dane gromadzimy, oraz wyja\u015bniamy, w jakich celach to robimy, na jakiej podstawie prawnej, jak d\u0142ugo je przechowujemy. Informujemy r&oacute;wnie\u017c, jakie prawa przys\u0142uguj\u0105 osobom, kt&oacute;rych dane przetwarzamy.&nbsp;<br \/>\n\tDok\u0142adamy stara\u0144, by wszystkie nasze dzia\u0142ania zwi\u0105zane z danymi osobowymi by\u0142y zgodne z prawem oraz misj\u0105 i warto\u015bciami, jakie reprezentuje Stowarzyszenie BABA, a tak\u017ce by opiera\u0142y si\u0119 na szacunku dla prywatno\u015bci i autonomii os&oacute;b, kt&oacute;rych dane przetwarzamy.<\/p>\n<p><strong>Gdzie i w jaki spos&oacute;b przetwarzamy dane<\/strong><\/p>\n<p>Dane przechowujemy w formie elektronicznej: na komputerach biurowych, dyskach zewn\u0119trznych. Cz\u0119\u015b\u0107 danych przechowujemy w formie dokumentacji papierowej.<\/p>\n<p><strong>Komu powierzamy dane<\/strong><\/p>\n<p>Dane osobowe powierzamy do przetwarzania podmiotowi, z kt&oacute;rym stale wsp&oacute;\u0142pracujemy i kt&oacute;ry odpowiada za obs\u0142ug\u0119 ksi\u0119gow\u0105 Stowarzyszenia BABA. Podmiot ten dzia\u0142a na podstawie umowy powierzenia i na r&oacute;wni z nami jest zobowi\u0105zany do ochrony danych osobowych.&nbsp;<br \/>\n\tW przypadku korzystania z komunikacji poczt\u0105 tradycyjn\u0105 dane osobowe powierzamy do przetwarzania po\u015brednikom pocztowym (Poczcie Polskiej oraz innym firmom dzia\u0142aj\u0105cym na podstawie prawa pocztowego) na podstawie um&oacute;w powierzenia i regulamin&oacute;w us\u0142ug.&nbsp;<br \/>\n\tW niekt&oacute;rych sytuacjach przekazujemy dane innym odbiorcom (np. wsp&oacute;\u0142pracuj\u0105cym z nami przy organizacji szkolenia lub innego wydarzenia). W takich przypadkach zawsze o tym uprzednio informujemy, np. przy rejestracji.<\/p>\n<p><strong>Prawa os&oacute;b, kt&oacute;rych dane przetwarzamy<\/strong><\/p>\n<p>Wszystkim osobom, kt&oacute;rych dane przetwarzamy, przys\u0142uguje prawo dost\u0119pu do tre\u015bci swoich danych, prawo uzyskania kopii danych, a tak\u017ce prawo \u017c\u0105dania sprostowania oraz &ndash; w okre\u015blonych przypadkach &ndash; usuni\u0119cia lub ograniczenia ich przetwarzania.<br \/>\n\tOsoby, kt&oacute;rych dane przetwarzamy na podstawie naszego prawnie uzasadnionego interesu (np. w przypadku wysy\u0142ki podzi\u0119kowa\u0144 osobom wspieraj\u0105cym nas darowiznami, osobom przekazuj\u0105cym 1% podatku oraz adresatom informacji prasowych), mog\u0105 zg\u0142osi\u0107 sprzeciw, o\u015bwiadczaj\u0105c, \u017ce nie \u017cycz\u0105 sobie, by\u015bmy w ten spos&oacute;b wykorzystywali ich dane.<br \/>\n\tZale\u017cy nam na tym, aby realizowanie Twoich praw dotycz\u0105cych przetwarzanych przez nas danych by\u0142o jak najprostsze. Jednak jako administrator danych musimy mie\u0107 pewno\u015b\u0107, \u017ce nie udost\u0119pnimy Twoich danych osobom nieuprawnionym. Dlatego je\u015bli b\u0119dziemy mieli w\u0105tpliwo\u015bci, co do tego, \u017ce osoba, kt&oacute;ra np. prosi o dost\u0119p do danych lub \u017c\u0105da ich usuni\u0119cia, to rzeczywi\u015bcie osoba, kt&oacute;rej dane przetwarzamy, mo\u017cemy zwr&oacute;ci\u0107 si\u0119 do niej z pro\u015bb\u0105 o dodatkowe informacje.<br \/>\n\tJe\u015bli uwa\u017casz, \u017ce Twoje prawa zosta\u0142y naruszone, mo\u017cesz z\u0142o\u017cy\u0107 skarg\u0119 do Prezesa Urz\u0119du Ochrony Danych Osobowych. Jednak, je\u015bli zauwa\u017cysz jaki\u015b problem, poinformuj o nim r&oacute;wnie\u017c nas. Dok\u0142adamy stara\u0144, \u017ceby jak najlepiej chroni\u0107 Twoje prawa. Je\u015bli pope\u0142nimy b\u0142\u0105d, b\u0119dziemy chcieli go jak najszybciej naprawi\u0107.<\/p>\n<p><strong><u>Czyje dane przetwarzamy i na jakich zasadach<\/u><\/strong><\/p>\n<p><strong>Dane os&oacute;b zg\u0142aszaj\u0105cych si\u0119 po pomoc<\/strong><\/p>\n<p>Dane os&oacute;b korzystaj\u0105cych z naszej pomocy prawnej, psychologicznej i telefonicznej gromadzone s\u0105 jedynie na potrzeby udzielenia ustalonej pomocy. Dane te nie s\u0105 nikomu udost\u0119pniane ani przekazywane. Dane wra\u017cliwe gromadzone s\u0105 oddzielnie i trzymane w zabezpieczonej szafie, do kt&oacute;rych nie ma dost\u0119pu osoba postronna.<\/p>\n<p><strong>Dane os&oacute;b wspieraj\u0105cych nas darowiznami<\/strong><\/p>\n<p>Mo\u017cesz wspiera\u0107 Stowarzyszenie BABA finansowo, przekazuj\u0105c darowizny przelewem na rachunek bankowy.&nbsp;<br \/>\n\tW przypadku darowizny przekazanej nam przelewem na rachunek bankowy przetwarzamy dane osobowe przekazane nam przez bank, czyli: imi\u0119 i nazwisko, numer rachunku, kwot\u0119 darowizny, adres. Jest to niezb\u0119dne do wykonania umowy oraz wype\u0142nienia ci\u0105\u017c\u0105cych na Stowarzyszeniu BABA obowi\u0105zk&oacute;w prawnych (np. na podstawie przepis&oacute;w dotycz\u0105cych rachunkowo\u015bci).&nbsp;<br \/>\n\tDodatkowe informacje podane w tytule przelewu (np. adres e-mail) przetwarzamy na podstawie naszego prawnie uzasadnionego interesu w celu wys\u0142ania podzi\u0119kowa\u0144 za wsparcie. W tym samym celu wykorzystujemy r&oacute;wnie\u017c adresy z przelew&oacute;w bankowych os&oacute;b przekazuj\u0105cych nam darowizny. Raz razy w roku wysy\u0142amy im podzi\u0119kowania za wsparcie Stowarzyszenia BABA, podsumowanie, na co wydali\u015bmy otrzymane pieni\u0105dze oraz egzemplarze naszych materia\u0142&oacute;w. Je\u015bli nie \u017cyczysz sobie takiej formy kontaktu z naszej strony, w tytule przelewu dopisz &bdquo;Brak adresu&rdquo; lub wy\u015blij sw&oacute;j sprzeciw (np. o tre\u015bci &bdquo;Nie wysy\u0142ajcie mi poczt\u0105 podzi\u0119kowa\u0144 za wsparcie&rdquo;) na adres:&nbsp;<a href=\"mailto:baba@baba.org.pl\">baba@baba.org.pl<\/a>. &nbsp;Mo\u017cemy te\u017c kierowa\u0107 korespondencj\u0119 na adres inny ni\u017c widniej\u0105cy na przelewie lub kontaktowa\u0107 si\u0119 z Tob\u0105 e-mailem &ndash; w takim przypadku r&oacute;wnie\u017c prosimy o kontakt lub wpisanie adresu e-mail w tytule przelewu.<\/p>\n<p><strong>Dane os&oacute;b przekazuj\u0105cych 1% podatku<\/strong><\/p>\n<p>Od urz\u0119du skarbowego otrzymujemy dane os&oacute;b, kt&oacute;re przekaza\u0142y nam 1% podatku i zaznaczy\u0142y w formularzu PIT zgod\u0119 na przekazanie nam swoich danych. S\u0105 to: imi\u0119 i nazwisko podatniczki lub podatnika, adres, wysoko\u015b\u0107 przekazanej kwoty podatku, dane wsp&oacute;\u0142ma\u0142\u017conka\/-ki &ndash; w przypadku wsp&oacute;lnego rozliczania podatku &ndash; oraz ewentualne dodatkowe informacje zamieszczone w rubryce formularza PIT dotycz\u0105cej 1%. Dane przetwarzamy na podstawie naszego prawnie uzasadnionego interesu w celu podzi\u0119kowania za wsparcie. Na adresy przekazane nam przez urz\u0119dy skarbowe raz w roku wysy\u0142amy list z podzi\u0119kowaniem, podsumowanie, na co wydali\u015bmy otrzymane pieni\u0105dze, oraz egzemplarze naszych materia\u0142&oacute;w. Je\u015bli nie \u017cyczysz sobie, \u017ceby\u015bmy przetwarzali Twoje dane w tym celu, nie zgadzaj si\u0119 na przekazywanie nam ich przy okazji kolejnego rozliczenia podatku. Je\u015bli ju\u017c je przekaza\u0142e\u015b\/-a\u015b, ale zmieni\u0142e\u015b\/-a\u015b zdanie, wy\u015blij sw&oacute;j sprzeciw na adres:&nbsp;<a href=\"mailto:baba@baba.org.pl\">baba@baba.org.pl<\/a>.&nbsp;<br \/>\n\tDane os&oacute;b wspieraj\u0105cych nas 1% podatku przetwarzamy na podstawie naszego prawnie uzasadnionego interesu w celu zarz\u0105dzania relacjami przez 5 lat od ko\u0144ca roku kalendarzowego, w kt&oacute;rym w naszej bazie odnotowali\u015bmy ostatni\u0105 interakcj\u0119 z dan\u0105 osob\u0105 (np. otrzymali\u015bmy darowizn\u0119).<\/p>\n<p><strong>Dane os&oacute;b korzystaj\u0105cych z kana\u0142&oacute;w komunikacji niepublicznej<\/strong><\/p>\n<p>Dane os&oacute;b, z kt&oacute;rymi kontaktujemy si\u0119 za po\u015brednictwem poczty elektronicznej, telefonicznie, za po\u015brednictwem SMS-&oacute;w, &nbsp;czy listownie, przetwarzamy na podstawie uzasadnionego interesu, w celu obs\u0142ugi korespondencji, w celach wynikaj\u0105cych z tre\u015bci komunikacji lub w celu nawi\u0105zania kontaktu w przysz\u0142o\u015bci. Dane te mog\u0105 obejmowa\u0107 imi\u0119 i nazwisko, adres, adres e-mail, numer telefonu oraz ewentualne inne informacje zawarte w tre\u015bci wiadomo\u015bci. Podanie tych danych jest dobrowolne. Dane przetwarzamy w celach archiwizacyjnych oraz w celu zarz\u0105dzania relacjami do ko\u0144ca dzia\u0142alno\u015bci Stowarzyszenia BABA.<\/p>\n<p><strong>Dane os&oacute;b komunikuj\u0105cych si\u0119 ze Stowarzyszeniem BABA przez portale spo\u0142eczno\u015bciowe<\/strong><\/p>\n<p>Facebook jest administratorem danych osobowych swoich u\u017cytkownik&oacute;w i przetwarza je na podstawie w\u0142asnych regulamin&oacute;w. Kiedy wchodzisz w interakcj\u0119 z nami poprzez Facebooka (polubienie\/obserwowanie strony, reakcje na posty, udost\u0119pnienia\/retweety, komentarze, wiadomo\u015bci prywatne), administratorem Twoich danych osobowych staje si\u0119 opr&oacute;cz Facebooka tak\u017ce Stowarzyszenie BABA. Dane, takie jak imi\u0119 i nazwisko\/nick, wizerunek, profil publiczny oraz inne informacje przekazane w wiadomo\u015bciach lub komentarzach, przetwarzamy na podstawie naszego prawnie uzasadnionego interesu, w celu odpowiedzi na komentarze i wiadomo\u015bci, utrzymywanie relacji z osobami wchodz\u0105cymi z nami w interakcje, a tak\u017ce w celu analizy skuteczno\u015bci komunikacji.<br \/>\n\tTwoich interakcji z nami na Facebooku co do zasady nie \u0142\u0105czymy z informacjami, kt&oacute;re przeka\u017cesz nam w inny spos&oacute;b (np. e-mailem), chyba \u017ce co\u015b innego wynika z okoliczno\u015bci (np. napisa\u0142a\u015b\/-e\u015b do nas wiadomo\u015b\u0107 prywatn\u0105 na Facebooku, w kt&oacute;rej poda\u0142a\u015b\/-e\u015b adres e-mail z pro\u015bb\u0105 o kontakt). Nikomu nie przekazujemy Twoich danych osobowych. Miej jednak na uwadze, \u017ce do wszystkich informacji o Tobie ma dost\u0119p odpowiednio Facebook&nbsp; jako administrator portalu.&nbsp;<br \/>\n\tJe\u015bli chcesz, \u017ceby Twoje dane by\u0142y przetwarzane zgodnie z nasz\u0105 Polityk\u0105 prywatno\u015bci (por. Dane os&oacute;b kontaktuj\u0105cych si\u0119 z nami e-mailem, telefonicznie lub listownie), zach\u0119camy do kontaktowania si\u0119 z nami za po\u015brednictwem innych kana\u0142&oacute;w ni\u017c portale spo\u0142eczno\u015bciowe. Je\u015bli piszesz do nas np. e-mail, mamy kontrol\u0119 nad tym, co stanie si\u0119 z t\u0105 informacj\u0105 i kto j\u0105 przeczyta.<\/p>\n<p><strong>Polityka dotycz\u0105ca cookies <\/strong><\/p>\n<p>Nasza strona internetowa <a href=\"http:\/\/www.baba.org.pl\">www.baba.org.pl<\/a> &nbsp;wykorzystuje pliki tekstowe okre\u015blane potocznie jako&nbsp;<em>cookies<\/em>&nbsp;(ciasteczka) m.in. po to, by dostosowa\u0107 serwis do potrzeb u\u017cytkownik&oacute;w oraz w celach statystycznych. Stosujemy&nbsp;<em>cookies<\/em>&nbsp;w celu zbierania informacji o sposobie korzystania naszej strony i poprawnej konfiguracji serwisu, a tak\u017ce w celu zapami\u0119tania ustawie\u0144 u\u017cytkownika (np. j\u0119zyk, rozmiar czcionki itp.) Wykorzystujemy&nbsp;<em>cookies<\/em>&nbsp;do analizy, bada\u0144 oraz audytu ogl\u0105dalno\u015bci, a w szczeg&oacute;lno\u015bci do tworzenia anonimowych statystyk, kt&oacute;re pokazuj\u0105, w jaki spos&oacute;b u\u017cytkownicy serwisu korzystaj\u0105 ze strony <a href=\"http:\/\/www.baba.org.pl\">www.baba.org.pl<\/a> . Wiedza ta pozwala nam ulepsza\u0107 struktur\u0119 i zawarto\u015b\u0107 naszych stron.&nbsp;<br \/>\n\t<em>Cookies<\/em>&nbsp;u\u017cywaj\u0105 te\u017c serwisy, do kt&oacute;rych si\u0119 odwo\u0142ujemy, pokazuj\u0105c np. multimedia.<br \/>\n\tW przegl\u0105darce internetowej mo\u017cna zmieni\u0107 ustawienia dotycz\u0105ce<em>&nbsp;cookies<\/em>, tak by nie zbiera\u0142y ww. informacji. Brak zmiany tych ustawie\u0144 oznacza akceptacj\u0119 dla&nbsp;<em>cookies<\/em>&nbsp;stosowanych na naszej stronie.<br \/>\n\tO tym, jak blokowa\u0107 i ogranicza\u0107 instalowanie plik&oacute;w&nbsp;<em>cookies<\/em>&nbsp;za pomoc\u0105 ustawie\u0144 swojej przegl\u0105darki lub za pomoc\u0105 jednego z wielu dost\u0119pnych (darmowych) rozwi\u0105za\u0144, dowiedzie\u0107 si\u0119 mo\u017cna na stronie&nbsp;<a href=\"http:\/\/jakwylaczyccookie.pl\/jak-wylaczyc-pliki-cookies\/\" target=\"_blank\">http:\/\/jakwylaczyccookie.pl\/jak-wylaczyc-pliki-coo<\/a><br \/>\n\tTa&nbsp;wersja Polityki prywatno\u015bci obowi\u0105zuje od 25 maja 2018 r<\/p>\n","protected":false},"excerpt":{"rendered":"<p>POLITYKA PRYWATNO\u015aCI Podstawowe informacje Administratorem danych osobowych, kt&oacute;rych zasady przetwarzania opisujemy w tym dokumencie, jest Lubuskie Stowarzyszenie na Rzecz Kobiet BABA z siedzib\u0105 w Zielonej G&oacute;rze, 65-067, Stary Rynek 17 (dalej: Stowarzyszenie BABA, BABA, my). Aby si\u0119 z nami skontaktowa\u0107, nale\u017cy wys\u0142a\u0107 wiadomo\u015b\u0107 na adres e-mailowy:&nbsp;baba@baba.org.pl&nbsp;lub poczt\u0105 tradycyjn\u0105 na adres siedziby.&nbsp; W Polityce prywatno\u015bci zbieramy [&hellip;]<\/p>\n","protected":false},"author":4,"featured_media":0,"parent":187,"menu_order":5,"comment_status":"closed","ping_status":"closed","template":"","meta":{"footnotes":""},"class_list":["post-5281","page","type-page","status-publish","hentry"],"_links":{"self":[{"href":"https:\/\/baba.org.pl\/index.php\/wp-json\/wp\/v2\/pages\/5281","targetHints":{"allow":["GET"]}}],"collection":[{"href":"https:\/\/baba.org.pl\/index.php\/wp-json\/wp\/v2\/pages"}],"about":[{"href":"https:\/\/baba.org.pl\/index.php\/wp-json\/wp\/v2\/types\/page"}],"author":[{"embeddable":true,"href":"https:\/\/baba.org.pl\/index.php\/wp-json\/wp\/v2\/users\/4"}],"replies":[{"embeddable":true,"href":"https:\/\/baba.org.pl\/index.php\/wp-json\/wp\/v2\/comments?post=5281"}],"version-history":[{"count":1,"href":"https:\/\/baba.org.pl\/index.php\/wp-json\/wp\/v2\/pages\/5281\/revisions"}],"predecessor-version":[{"id":5282,"href":"https:\/\/baba.org.pl\/index.php\/wp-json\/wp\/v2\/pages\/5281\/revisions\/5282"}],"up":[{"embeddable":true,"href":"https:\/\/baba.org.pl\/index.php\/wp-json\/wp\/v2\/pages\/187"}],"wp:attachment":[{"href":"https:\/\/baba.org.pl\/index.php\/wp-json\/wp\/v2\/media?parent=5281"}],"curies":[{"name":"wp","href":"https:\/\/api.w.org\/{rel}","templated":true}]}}