{"id":4977,"date":"2017-12-19T16:17:03","date_gmt":"2017-12-19T14:17:03","guid":{"rendered":"http:\/\/baba.org.pl\/?page_id=4977"},"modified":"2018-09-25T08:42:44","modified_gmt":"2018-09-25T06:42:44","slug":"zasady-bezpieczenstwa","status":"publish","type":"page","link":"https:\/\/baba.org.pl\/index.php\/dzieci-i-mlodziez\/zasady-bezpieczenstwa\/","title":{"rendered":"Przemoc seksualna wobec dzieci"},"content":{"rendered":"<p><a href=\"http:\/\/babazg.home.pl\/autoinstalator\/wordpress\/wp-content\/uploads\/2017\/12\/przemoc_seksualna_dzieci_1online.jpg\" data-lightbox=\"gal[4977]\"><img loading=\"lazy\" decoding=\"async\" alt=\"\" class=\"alignleft size-medium wp-image-5448\" height=\"212\" src=\"http:\/\/babazg.home.pl\/autoinstalator\/wordpress\/wp-content\/uploads\/2017\/12\/przemoc_seksualna_dzieci_1online-300x212.jpg\" width=\"300\" srcset=\"https:\/\/baba.org.pl\/wp-content\/uploads\/2017\/12\/przemoc_seksualna_dzieci_1online-300x212.jpg 300w, https:\/\/baba.org.pl\/wp-content\/uploads\/2017\/12\/przemoc_seksualna_dzieci_1online-1024x724.jpg 1024w, https:\/\/baba.org.pl\/wp-content\/uploads\/2017\/12\/przemoc_seksualna_dzieci_1online-150x106.jpg 150w, https:\/\/baba.org.pl\/wp-content\/uploads\/2017\/12\/przemoc_seksualna_dzieci_1online-768x543.jpg 768w, https:\/\/baba.org.pl\/wp-content\/uploads\/2017\/12\/przemoc_seksualna_dzieci_1online-1536x1086.jpg 1536w, https:\/\/baba.org.pl\/wp-content\/uploads\/2017\/12\/przemoc_seksualna_dzieci_1online-2048x1448.jpg 2048w\" sizes=\"auto, (max-width: 300px) 100vw, 300px\" \/><\/a> <a href=\"http:\/\/babazg.home.pl\/autoinstalator\/wordpress\/wp-content\/uploads\/2017\/12\/przemoc_seksualna_dzieci_online2.jpg\" data-lightbox=\"gal[4977]\"><img loading=\"lazy\" decoding=\"async\" alt=\"\" class=\"alignleft size-medium wp-image-5449\" height=\"212\" src=\"http:\/\/babazg.home.pl\/autoinstalator\/wordpress\/wp-content\/uploads\/2017\/12\/przemoc_seksualna_dzieci_online2-300x212.jpg\" width=\"300\" srcset=\"https:\/\/baba.org.pl\/wp-content\/uploads\/2017\/12\/przemoc_seksualna_dzieci_online2-300x212.jpg 300w, https:\/\/baba.org.pl\/wp-content\/uploads\/2017\/12\/przemoc_seksualna_dzieci_online2-1024x724.jpg 1024w, https:\/\/baba.org.pl\/wp-content\/uploads\/2017\/12\/przemoc_seksualna_dzieci_online2-150x106.jpg 150w, https:\/\/baba.org.pl\/wp-content\/uploads\/2017\/12\/przemoc_seksualna_dzieci_online2-768x543.jpg 768w, https:\/\/baba.org.pl\/wp-content\/uploads\/2017\/12\/przemoc_seksualna_dzieci_online2-1536x1086.jpg 1536w, https:\/\/baba.org.pl\/wp-content\/uploads\/2017\/12\/przemoc_seksualna_dzieci_online2-2048x1448.jpg 2048w\" sizes=\"auto, (max-width: 300px) 100vw, 300px\" \/><\/a>Je\u015bli ktokolwiek dotyka Twoich miejsc intymnych, wk\u0142ada ci r\u0119k\u0119 do majtek, prosi, by\u015b si\u0119&nbsp;rozebra\u0142 i pokaza\u0142 mu miejsca intymne, zmusza Ci\u0119, by\u015b dotyka\u0142 jego miejsc intymnych, zmusza Ci\u0119&nbsp;do ogl\u0105dania zdj\u0119\u0107 czy film&oacute;w&nbsp;z go\u0142ymi doros\u0142ymi lub dzie\u0107mi, powiedz o tym komu\u015b, komu ufasz. Zadzwo\u0144 do nas do BABY 68 4549232 lub na og&oacute;lnopolsk\u0105 lini\u0119 dla dzieci krzywdzonych&nbsp;116 111 lub do zielonog&oacute;rskiego oddzia\u0142u Terenowego Komitetu Ochrony Praw Dziecka 68 324 49 00. Zawsze te\u017c mozesz dzwoni\u0107 bezpo\u015brednio na policj\u0119 997 lub 112. Porozmawiaj z pedagogiem szkolnym, z wychowawc\u0105 lub nauczycielem. My wszyscy mamy obowi\u0105zek Ci pom&oacute;c, je\u015bli tylko potrzebujesz pomocy.<\/p>\n<p><u>Wykorzystywanie seksualne<\/u> dziecka (zaspokajanie potrzeb seksualnych osoby doros\u0142ej kosztem dziecka, w przypadku os&oacute;b spokrewnionych nazywane kazirodztwem) to zmuszanie dziecka do aktywno\u015bci seksualnej nieadekwatnej do etapu jego rozwoju, i naruszaj\u0105cej normy prawne i spo\u0142eczne, czyli dotykanie i pobudzanie intymnych cz\u0119\u015bci cia\u0142a dziecka, zmuszanie dziecka do stosunku seksualnego, tak\u017ce oralnego lub analnego, obsceniczne rozmowy, ekshibicjonizm, masturbowanie si\u0119 w obecno\u015bci dziecka, podgl\u0105danie dziecka podczas k\u0105pieli, przebierania si\u0119, prezentowanie dziecku pornografii, robienie dziecku pornograficznych zdj\u0119\u0107, werbowanie w Internecie do kontakt&oacute;w seksualnych.<\/p>\n<p><a href=\"http:\/\/babazg.home.pl\/autoinstalator\/wordpress\/wp-content\/uploads\/2017\/12\/dziewczynka-w-ciemno\u015bci.jpg\" data-lightbox=\"gal[4977]\"><img loading=\"lazy\" decoding=\"async\" alt=\"\" class=\"alignleft size-medium wp-image-5072\" height=\"300\" src=\"http:\/\/babazg.home.pl\/autoinstalator\/wordpress\/wp-content\/uploads\/2017\/12\/dziewczynka-w-ciemno\u015bci-194x300.jpg\" width=\"194\" srcset=\"https:\/\/baba.org.pl\/wp-content\/uploads\/2017\/12\/dziewczynka-w-ciemno\u015bci-194x300.jpg 194w, https:\/\/baba.org.pl\/wp-content\/uploads\/2017\/12\/dziewczynka-w-ciemno\u015bci-97x150.jpg 97w, https:\/\/baba.org.pl\/wp-content\/uploads\/2017\/12\/dziewczynka-w-ciemno\u015bci.jpg 590w\" sizes=\"auto, (max-width: 194px) 100vw, 194px\" \/><\/a>Jak rozpozna\u0107 wykorzystywane seksualnie dziecko?<\/p>\n<p>Najoczywistsze s\u0105 uszkodzenia okolic narz\u0105d&oacute;w p\u0142ciowych i odbytu, stany zapalne tych okolic, moczenia i bezwiedne oddawania ka\u0142u, choroby weneryczne, ci\u0105\u017ca, bolesno\u015b\u0107 podbrzusza i trudno\u015bci w&nbsp;chodzeniu. W zachowaniu dzieci obecna jest nadmierna seksualizacja; mog\u0105 si\u0119 masturbowa\u0107, rozbiera\u0107 w publicznych miejscach lub odwrotnie &ndash; nadmiernie wstydzi\u0107 i unika\u0107 rozbierania nawet na lekcji WF-u. Mog\u0105 by\u0107 nadmiernie agresywne lub apatyczne. Maj\u0105 poczucie winy i izoluj\u0105 si\u0119 od otoczenia. Sygnalizuj\u0105 tajemnic\u0119, kt&oacute;rej nie chc\u0105 wyjawi\u0107. Przejawiaj\u0105 l\u0119k przed okre\u015blon\u0105 osob\u0105 lub miejscem. Takie dzieci maj\u0105 tak\u017ce zaburzenia snu, bol\u0105 je brzuszki i g\u0142owy, mog\u0105 przejawia\u0107 zaburzenia apetytu i mowy (j\u0105kanie). Cz\u0119sto maj\u0105 tiki nerwowe i mocz\u0105 si\u0119 w nocy. Na ciele mog\u0105 by\u0107 widoczne siniaki. Te objawy dotycz\u0105 tak\u017ce dzieci bitych i krzywdzonych w domu &ndash; ofiar tzw. przemocy domowej.<\/p>\n<p>W Polsce \u015bcigane z urz\u0119du, a wi\u0119c niezale\u017cnie od woli pokrzywdzonego, jest seksualne wykorzystywanie dzieci, zar&oacute;wno przez osoby z nimi spokrewnione, jak i obce. Je\u015bli wiesz o takim przypadku, musisz powiadomo\u0107 organy \u015bcigania.&nbsp;&nbsp;<\/p>\n<p>M&oacute;wi o tym Kodeks Karny i tre\u015b\u0107 art. 304 kk:<br \/>\n\t&sect;1. Ka\u017cdy dowiedziawszy si\u0119 o pope\u0142nieniu przest\u0119pstwa \u015bciganego z&nbsp;urz\u0119du ma spo\u0142eczny obowi\u0105zek zawiadomi\u0107 o tym prokuratora lub policj\u0119.&nbsp;<br \/>\n\t\u200b&sect;2. Instytucje pa\u0144stwowe i samorz\u0105dowe, kt&oacute;re w zwi\u0105zku ze swoj\u0105 dzia\u0142alno\u015bci\u0105 dowiedzia\u0142y si\u0119 o pope\u0142nieniu przest\u0119pstwa \u015bciganego z&nbsp;urz\u0119du, s\u0105 obowi\u0105zane niezw\u0142ocznie zawiadomi\u0107 o tym prokuratora lub policj\u0119 oraz przedsi\u0119wzi\u0105\u0107 niezb\u0119dne czynno\u015bci do czasu przybycia organu powo\u0142anego do \u015bcigania przest\u0119pstw lub do czasu wydania przez ten organ stosownego zarz\u0105dzenia, aby nie dopu\u015bci\u0107 do zatarcia \u015blad&oacute;w i&nbsp;dowod&oacute;w przest\u0119pstwa.<\/p>\n<p><strong>Podstawy prawne:<\/strong><br \/>\n\tKodeks karny<br \/>\n\tRozdzia\u0142 XXV<br \/>\n\tPrzest\u0119pstwa przeciwko wolno\u015bci seksualnej i obyczajno\u015bci.<br \/>\n\tArt. 197. [Zgwa\u0142cenie i wymuszenie czynno\u015bci seksualnej]<br \/>\n\t&sect; 1. Kto przemoc\u0105, gro\u017ab\u0105 bezprawn\u0105 lub podst\u0119pem doprowadza inn\u0105 osob\u0119 do obcowania p\u0142ciowego, podlega karze pozbawienia wolno\u015bci od lat 2 do 12.<br \/>\n\t&sect; 2. Je\u017celi sprawca, w spos&oacute;b okre\u015blony w &sect; 1, doprowadza inn\u0105 osob\u0119 do poddania si\u0119 innej czynno\u015bci seksualnej albo wykonania takiej czynno\u015bci, podlega karze pozbawienia wolno\u015bci od 6 miesi\u0119cy do lat 8.<br \/>\n\t&sect; 3. Je\u017celi sprawca dopuszcza si\u0119 zgwa\u0142cenia: 1) wsp&oacute;lnie z inn\u0105 osob\u0105, 2) wobec ma\u0142oletniego poni\u017cej lat 15, 3) wobec wst\u0119pnego, zst\u0119pnego, przysposobionego, przysposabiaj\u0105cego, brata lub siostry, podlega karze pozbawienia wolno\u015bci na czas nie kr&oacute;tszy od lat 3.<br \/>\n\t&sect; 4. Je\u017celi sprawca czynu okre\u015blonego w &sect; 1-3 dzia\u0142a ze szczeg&oacute;lnym okrucie\u0144stwem, podlega karze pozbawienia wolno\u015bci na czas nie kr&oacute;tszy od lat 5.<br \/>\n\tart. 198.<br \/>\n\t[Seksualne wykorzystanie niepoczytalno\u015bci lub bezradno\u015bci]<br \/>\n\tKto, wykorzystuj\u0105c bezradno\u015b\u0107 innej osoby lub wynikaj\u0105cy z&nbsp;upo\u015bledzenia umys\u0142owego lub choroby psychicznej brak zdolno\u015bci tej osoby do rozpoznania znaczenia czynu lub pokierowania swoim post\u0119powaniem, doprowadza j\u0105 do obcowania p\u0142ciowego lub do poddania si\u0119 innej czynno\u015bci seksualnej albo do wykonania takiej czynno\u015bci, podlega karze pozbawienia wolno\u015bci od 6 miesi\u0119cy do lat 8.<br \/>\n\tart. 199.<br \/>\n\t[Seksualne wykorzystanie stosunku zale\u017cno\u015bci lub krytycznego po\u0142o\u017cenia]<br \/>\n\t&sect; 1. Kto, przez nadu\u017cycie stosunku zale\u017cno\u015bci lub wykorzystanie krytycznego po\u0142o\u017cenia, doprowadza inn\u0105 osob\u0119 do obcowania p\u0142ciowego lub do poddania si\u0119 innej czynno\u015bci seksualnej albo do wykonania takiej czynno\u015bci, podlega karze pozbawienia wolno\u015bci do lat 3. &sect; 2. Je\u017celi czyn okre\u015blony w &sect; 1 zosta\u0142 pope\u0142niony na szkod\u0119 ma\u0142oletniego, sprawca podlega karze pozbawienia wolno\u015bci od 3 miesi\u0119cy do lat 5.<br \/>\n\t<strong>&sect; <\/strong>3<strong>. <\/strong>Karze okre\u015blonej w &sect; 2 podlega, kto obcuje p\u0142ciowo z ma\u0142oletnim lub dopuszcza si\u0119 wobec takiej osoby innej czynno\u015bci seksualnej albo doprowadza j\u0105 do poddania si\u0119 takim czynno\u015bciom albo do ich wykonania, nadu\u017cywaj\u0105c zaufania lub udzielaj\u0105c w zamian korzy\u015bci maj\u0105tkowej lub osobistej albo jej obietnicy.<br \/>\n\tart. 200.<br \/>\n\t[Seksualne wykorzystanie ma\u0142oletniego]<br \/>\n\t&sect; 1. Kto obcuje p\u0142ciowo z ma\u0142oletnim poni\u017cej lat 15 lub dopuszcza si\u0119 wobec takiej osoby innej czynno\u015bci seksualnej lub doprowadza j\u0105 do poddania si\u0119 takim czynno\u015bciom albo do ich wykonania, podlega karze pozbawienia wolno\u015bci od lat 2 do 12.<br \/>\n\t&sect; 2. (uchylony).<br \/>\n\t&sect; 3. Kto ma\u0142oletniemu poni\u017cej lat 15 prezentuje tre\u015bci pornograficzne lub udost\u0119pnia mu przedmioty maj\u0105ce taki charakter albo rozpowszechnia tre\u015bci pornograficzne w spos&oacute;b umo\u017cliwiaj\u0105cy takiemu ma\u0142oletniemu zapoznanie si\u0119 z nimi, podlega karze pozbawienia wolno\u015bci do lat 3.<br \/>\n\t&sect; 4. Karze okre\u015blonej w &sect; 3 podlega, kto w celu swojego zaspokojenia seksualnego lub zaspokojenia seksualnego innej osoby prezentuje ma\u0142o-letniemu poni\u017cej lat 15 wykonanie czynno\u015bci seksualnej.<br \/>\n\t&sect; 5. Karze okre\u015blonej w &sect; 3 podlega, kto prowadzi reklam\u0119 lub promocj\u0119 dzia\u0142alno\u015bci polegaj\u0105cej na rozpowszechnianiu tre\u015bci pornograficznych w spos&oacute;b umo\u017cliwiaj\u0105cy zapoznanie si\u0119 z nimi ma\u0142oletniemu poni\u017cej lat 15.<br \/>\n\tart. 200a.<br \/>\n\t[Elektroniczna korupcja seksualna ma\u0142oletniego]<br \/>\n\t&sect; 1. Kto w celu pope\u0142nienia przest\u0119pstwa okre\u015blonego w art. 197 &sect; 3 pkt 2 lub art. 200, jak r&oacute;wnie\u017c produkowania lub utrwalania tre\u015bci pornograficznych, za po\u015brednictwem systemu teleinformatycznego lub sieci telekomunikacyjnej nawi\u0105zuje kontakt z ma\u0142oletnim poni\u017cej lat 15, zmierzaj\u0105c, za pomoc\u0105 wprowadzenia go w b\u0142\u0105d, wyzyskania b\u0142\u0119du lub niezdolno\u015bci do nale\u017cytego pojmowania sytuacji albo przy u\u017cyciu gro\u017aby bezprawnej, do spotkania z nim, podlega karze pozbawienia wolno\u015bci do lat 3.<br \/>\n\t&sect; 2. Kto za po\u015brednictwem systemu teleinformatycznego lub sieci telekomunikacyjnej ma\u0142oletniemu poni\u017cej lat 15 sk\u0142ada propozycj\u0119 obcowania p\u0142ciowego, poddania si\u0119 lub wykonania innej czynno\u015bci seksualnej lub udzia\u0142u w produkowaniu lub utrwalaniu tre\u015bci pornograficznych, i&nbsp;zmierza do jej realizacji,&nbsp;podlega grzywnie, karze ograniczenia wolno\u015bci albo pozbawienia wolno\u015bci do lat 2.<br \/>\n\tart. 200b.<br \/>\n\t[Propagowanie pedofilii]<br \/>\n\tKto publicznie propaguje lub pochwala zachowania o charakterze pedofilskim, podlega grzywnie, karze ograniczenia wolno\u015bci albo pozbawienia wolno\u015bci do lat 2.<br \/>\n\tart. 201.<br \/>\n\t[Kazirodztwo]<br \/>\n\tKto dopuszcza si\u0119 obcowania p\u0142ciowego w stosunku do wst\u0119pnego, zst\u0119pnego, przysposobionego, przysposabiaj\u0105cego, brata lub siostry, podlega karze pozbawienia wolno\u015bci od 3 miesi\u0119cy do lat 5.<br \/>\n\tart. 202.<br \/>\n\t[Publiczne prezentowanie tre\u015bci pornograficznych]<br \/>\n\t&sect; 1. Kto publicznie prezentuje tre\u015bci pornograficzne w taki spos&oacute;b, \u017ce mo\u017ce to narzuci\u0107 ich odbi&oacute;r osobie, kt&oacute;ra tego sobie nie \u017cyczy, podlega grzywnie, karze ograniczenia wolno\u015bci albo pozbawienia wolno\u015bci do lat 2.<br \/>\n\t&sect; 2. (uchylony).<br \/>\n\t&sect; 3. Kto w celu rozpowszechniania produkuje, utrwala lub sprowadza, przechowuje lub posiada albo rozpowszechnia lub prezentuje tre\u015bci pornograficzne z udzia\u0142em ma\u0142oletniego albo tre\u015bci pornograficzne zwi\u0105zane z prezentowaniem przemocy lub pos\u0142ugiwaniem si\u0119 zwierz\u0119-ciem, podlega karze pozbawienia wolno\u015bci od lat 2 do 12.<br \/>\n\t&sect; 4. Kto utrwala tre\u015bci pornograficzne z udzia\u0142em ma\u0142oletniego, podlega karze pozbawienia wolno\u015bci od roku do lat 10.<br \/>\n\t&sect; 4a. Kto przechowuje, posiada lub uzyskuje dost\u0119p do tre\u015bci pornograficznych z udzia\u0142em ma\u0142oletniego, podlega karze pozbawienia wolno\u015bci od 3 miesi\u0119cy do lat 5.<br \/>\n\t&sect; 4b. Kto produkuje, rozpowszechnia, prezentuje, przechowuje lub posiada tre\u015bci pornograficzne przedstawiaj\u0105ce wytworzony albo przetworzony wizerunek ma\u0142oletniego uczestnicz\u0105cego w czynno\u015bci seksualnej podlega grzywnie, karze ograniczenia wolno\u015bci albo pozbawienia wolno\u015bci do lat 2.<br \/>\n\t&sect; 4c. Karze okre\u015blonej w &sect; 4b podlega, kto w celu zaspokojenia seksualnego uczestniczy w prezentacji tre\u015bci pornograficznych z udzia\u0142em ma\u0142oletniego.<br \/>\n\t&sect; 5<strong>. <\/strong>S\u0105d mo\u017ce orzec przepadek narz\u0119dzi lub innych przedmiot&oacute;w, kt&oacute;re s\u0142u\u017cy\u0142y lub by\u0142y przeznaczone do pope\u0142nienia przest\u0119pstw okre\u015blonych w &sect; 1-4b, chocia\u017cby nie stanowi\u0142y w\u0142asno\u015bci sprawcy.<br \/>\n\tart. 203.<\/p>\n<p>&nbsp;<\/p>\n","protected":false},"excerpt":{"rendered":"<p>Je\u015bli ktokolwiek dotyka Twoich miejsc intymnych, wk\u0142ada ci r\u0119k\u0119 do majtek, prosi, by\u015b si\u0119&nbsp;rozebra\u0142 i pokaza\u0142 mu miejsca intymne, zmusza Ci\u0119, by\u015b dotyka\u0142 jego miejsc intymnych, zmusza Ci\u0119&nbsp;do ogl\u0105dania zdj\u0119\u0107 czy film&oacute;w&nbsp;z go\u0142ymi doros\u0142ymi lub dzie\u0107mi, powiedz o tym komu\u015b, komu ufasz. Zadzwo\u0144 do nas do BABY 68 4549232 lub na og&oacute;lnopolsk\u0105 lini\u0119 dla dzieci [&hellip;]<\/p>\n","protected":false},"author":4,"featured_media":0,"parent":4957,"menu_order":5,"comment_status":"closed","ping_status":"closed","template":"","meta":{"footnotes":""},"class_list":["post-4977","page","type-page","status-publish","hentry"],"_links":{"self":[{"href":"https:\/\/baba.org.pl\/index.php\/wp-json\/wp\/v2\/pages\/4977","targetHints":{"allow":["GET"]}}],"collection":[{"href":"https:\/\/baba.org.pl\/index.php\/wp-json\/wp\/v2\/pages"}],"about":[{"href":"https:\/\/baba.org.pl\/index.php\/wp-json\/wp\/v2\/types\/page"}],"author":[{"embeddable":true,"href":"https:\/\/baba.org.pl\/index.php\/wp-json\/wp\/v2\/users\/4"}],"replies":[{"embeddable":true,"href":"https:\/\/baba.org.pl\/index.php\/wp-json\/wp\/v2\/comments?post=4977"}],"version-history":[{"count":6,"href":"https:\/\/baba.org.pl\/index.php\/wp-json\/wp\/v2\/pages\/4977\/revisions"}],"predecessor-version":[{"id":5450,"href":"https:\/\/baba.org.pl\/index.php\/wp-json\/wp\/v2\/pages\/4977\/revisions\/5450"}],"up":[{"embeddable":true,"href":"https:\/\/baba.org.pl\/index.php\/wp-json\/wp\/v2\/pages\/4957"}],"wp:attachment":[{"href":"https:\/\/baba.org.pl\/index.php\/wp-json\/wp\/v2\/media?parent=4977"}],"curies":[{"name":"wp","href":"https:\/\/api.w.org\/{rel}","templated":true}]}}