{"id":4973,"date":"2017-12-19T16:15:55","date_gmt":"2017-12-19T14:15:55","guid":{"rendered":"http:\/\/baba.org.pl\/?page_id=4973"},"modified":"2018-01-30T10:33:31","modified_gmt":"2018-01-30T08:33:31","slug":"wszystko-co-powinienes-wiedziec-o-alkoholu","status":"publish","type":"page","link":"https:\/\/baba.org.pl\/index.php\/dzieci-i-mlodziez\/wszystko-co-powinienes-wiedziec-o-alkoholu\/","title":{"rendered":"Wszystko, co powiniene\u015b wiedzie\u0107 o alkoholu"},"content":{"rendered":"<p><a href=\"http:\/\/babazg.home.pl\/autoinstalator\/wordpress\/wp-content\/uploads\/2017\/12\/Twoje_zdrowie_Page_01.jpg\" data-lightbox=\"gal[4973]\"><img loading=\"lazy\" decoding=\"async\" alt=\"\" class=\"alignleft size-medium wp-image-5084\" height=\"300\" src=\"http:\/\/babazg.home.pl\/autoinstalator\/wordpress\/wp-content\/uploads\/2017\/12\/Twoje_zdrowie_Page_01-214x300.jpg\" width=\"214\" srcset=\"https:\/\/baba.org.pl\/wp-content\/uploads\/2017\/12\/Twoje_zdrowie_Page_01-214x300.jpg 214w, https:\/\/baba.org.pl\/wp-content\/uploads\/2017\/12\/Twoje_zdrowie_Page_01-107x150.jpg 107w, https:\/\/baba.org.pl\/wp-content\/uploads\/2017\/12\/Twoje_zdrowie_Page_01.jpg 604w\" sizes=\"auto, (max-width: 214px) 100vw, 214px\" \/><\/a><\/p>\n<p><meta charset=\"utf-8\" \/><b id=\"docs-internal-guid-768d5070-4631-642c-96ce-bd348a42ce4c\">To nasza nowa elektroniczna broszura informacyjna opublikowana dzi\u0119ki \u015brodkom Wojew&oacute;dztwa Lubuskiego w ramach zadania publicznego: Przeciwdzia\u0142anie uzale\u017cnieniom i patologiom spo\u0142ecznym &nbsp;&#8211; Profilaktyka uzale\u017cnienia od alkoholu oraz edukacja zdrowotna. Za ilustracje dzi\u0119kujemy Alicji Bot.&nbsp;<\/b>&nbsp;<a href=\"http:\/\/babazg.home.pl\/autoinstalator\/wordpress\/wp-content\/uploads\/2017\/12\/Twoje_zdrowie-1.pdf\">Broszura w wersji pdf pod linkiem.<\/a><\/p>\n<p>&nbsp;<\/p>\n<p>&nbsp;<\/p>\n<p><a href=\"http:\/\/babazg.home.pl\/autoinstalator\/wordpress\/wp-content\/uploads\/2017\/12\/Twoje_zdrowie_Page_02.jpg\" data-lightbox=\"gal[4973]\"><img loading=\"lazy\" decoding=\"async\" alt=\"\" class=\"alignleft size-medium wp-image-5085\" height=\"212\" src=\"http:\/\/babazg.home.pl\/autoinstalator\/wordpress\/wp-content\/uploads\/2017\/12\/Twoje_zdrowie_Page_02-300x212.jpg\" width=\"300\" srcset=\"https:\/\/baba.org.pl\/wp-content\/uploads\/2017\/12\/Twoje_zdrowie_Page_02-300x212.jpg 300w, https:\/\/baba.org.pl\/wp-content\/uploads\/2017\/12\/Twoje_zdrowie_Page_02-1024x722.jpg 1024w, https:\/\/baba.org.pl\/wp-content\/uploads\/2017\/12\/Twoje_zdrowie_Page_02-150x106.jpg 150w, https:\/\/baba.org.pl\/wp-content\/uploads\/2017\/12\/Twoje_zdrowie_Page_02-768x542.jpg 768w, https:\/\/baba.org.pl\/wp-content\/uploads\/2017\/12\/Twoje_zdrowie_Page_02.jpg 1191w\" sizes=\"auto, (max-width: 300px) 100vw, 300px\" \/><\/a><\/p>\n<p>&nbsp;<\/p>\n<p>&nbsp;<\/p>\n<p>&nbsp;<\/p>\n<p>&nbsp;<\/p>\n<p>&nbsp;<\/p>\n<p>&nbsp;<\/p>\n<p><a href=\"http:\/\/babazg.home.pl\/autoinstalator\/wordpress\/wp-content\/uploads\/2017\/12\/Twoje_zdrowie_Page_03.jpg\" data-lightbox=\"gal[4973]\"><img loading=\"lazy\" decoding=\"async\" alt=\"\" class=\"alignleft size-medium wp-image-5086\" height=\"212\" src=\"http:\/\/babazg.home.pl\/autoinstalator\/wordpress\/wp-content\/uploads\/2017\/12\/Twoje_zdrowie_Page_03-300x212.jpg\" width=\"300\" srcset=\"https:\/\/baba.org.pl\/wp-content\/uploads\/2017\/12\/Twoje_zdrowie_Page_03-300x212.jpg 300w, https:\/\/baba.org.pl\/wp-content\/uploads\/2017\/12\/Twoje_zdrowie_Page_03-1024x722.jpg 1024w, https:\/\/baba.org.pl\/wp-content\/uploads\/2017\/12\/Twoje_zdrowie_Page_03-150x106.jpg 150w, https:\/\/baba.org.pl\/wp-content\/uploads\/2017\/12\/Twoje_zdrowie_Page_03-768x542.jpg 768w, https:\/\/baba.org.pl\/wp-content\/uploads\/2017\/12\/Twoje_zdrowie_Page_03.jpg 1191w\" sizes=\"auto, (max-width: 300px) 100vw, 300px\" \/><\/a> <a href=\"http:\/\/babazg.home.pl\/autoinstalator\/wordpress\/wp-content\/uploads\/2017\/12\/Twoje_zdrowie_Page_04.jpg\" data-lightbox=\"gal[4973]\"><img loading=\"lazy\" decoding=\"async\" alt=\"\" class=\"alignleft size-medium wp-image-5087\" height=\"211\" src=\"http:\/\/babazg.home.pl\/autoinstalator\/wordpress\/wp-content\/uploads\/2017\/12\/Twoje_zdrowie_Page_04-300x211.jpg\" width=\"300\" srcset=\"https:\/\/baba.org.pl\/wp-content\/uploads\/2017\/12\/Twoje_zdrowie_Page_04-300x211.jpg 300w, https:\/\/baba.org.pl\/wp-content\/uploads\/2017\/12\/Twoje_zdrowie_Page_04-1024x722.jpg 1024w, https:\/\/baba.org.pl\/wp-content\/uploads\/2017\/12\/Twoje_zdrowie_Page_04-150x106.jpg 150w, https:\/\/baba.org.pl\/wp-content\/uploads\/2017\/12\/Twoje_zdrowie_Page_04-768x541.jpg 768w, https:\/\/baba.org.pl\/wp-content\/uploads\/2017\/12\/Twoje_zdrowie_Page_04-1536x1083.jpg 1536w, https:\/\/baba.org.pl\/wp-content\/uploads\/2017\/12\/Twoje_zdrowie_Page_04.jpg 1654w\" sizes=\"auto, (max-width: 300px) 100vw, 300px\" \/><\/a><\/p>\n<p><a href=\"http:\/\/babazg.home.pl\/autoinstalator\/wordpress\/wp-content\/uploads\/2017\/12\/Twoje_zdrowie_Page_05.jpg\" data-lightbox=\"gal[4973]\"><img loading=\"lazy\" decoding=\"async\" alt=\"\" class=\"alignleft size-medium wp-image-5088\" height=\"212\" src=\"http:\/\/babazg.home.pl\/autoinstalator\/wordpress\/wp-content\/uploads\/2017\/12\/Twoje_zdrowie_Page_05-300x212.jpg\" width=\"300\" srcset=\"https:\/\/baba.org.pl\/wp-content\/uploads\/2017\/12\/Twoje_zdrowie_Page_05-300x212.jpg 300w, https:\/\/baba.org.pl\/wp-content\/uploads\/2017\/12\/Twoje_zdrowie_Page_05-1024x722.jpg 1024w, https:\/\/baba.org.pl\/wp-content\/uploads\/2017\/12\/Twoje_zdrowie_Page_05-150x106.jpg 150w, https:\/\/baba.org.pl\/wp-content\/uploads\/2017\/12\/Twoje_zdrowie_Page_05-768x542.jpg 768w, https:\/\/baba.org.pl\/wp-content\/uploads\/2017\/12\/Twoje_zdrowie_Page_05.jpg 1191w\" sizes=\"auto, (max-width: 300px) 100vw, 300px\" \/><\/a> <a href=\"http:\/\/babazg.home.pl\/autoinstalator\/wordpress\/wp-content\/uploads\/2017\/12\/Twoje_zdrowie_Page_06.jpg\" data-lightbox=\"gal[4973]\"><img loading=\"lazy\" decoding=\"async\" alt=\"\" class=\"alignleft size-medium wp-image-5089\" height=\"212\" src=\"http:\/\/babazg.home.pl\/autoinstalator\/wordpress\/wp-content\/uploads\/2017\/12\/Twoje_zdrowie_Page_06-300x212.jpg\" width=\"300\" srcset=\"https:\/\/baba.org.pl\/wp-content\/uploads\/2017\/12\/Twoje_zdrowie_Page_06-300x212.jpg 300w, https:\/\/baba.org.pl\/wp-content\/uploads\/2017\/12\/Twoje_zdrowie_Page_06-1024x722.jpg 1024w, https:\/\/baba.org.pl\/wp-content\/uploads\/2017\/12\/Twoje_zdrowie_Page_06-150x106.jpg 150w, https:\/\/baba.org.pl\/wp-content\/uploads\/2017\/12\/Twoje_zdrowie_Page_06-768x542.jpg 768w, https:\/\/baba.org.pl\/wp-content\/uploads\/2017\/12\/Twoje_zdrowie_Page_06.jpg 1191w\" sizes=\"auto, (max-width: 300px) 100vw, 300px\" \/><\/a> <a href=\"http:\/\/babazg.home.pl\/autoinstalator\/wordpress\/wp-content\/uploads\/2017\/12\/Twoje_zdrowie_Page_07.jpg\" data-lightbox=\"gal[4973]\"><img loading=\"lazy\" decoding=\"async\" alt=\"\" class=\"alignleft size-medium wp-image-5090\" height=\"211\" src=\"http:\/\/babazg.home.pl\/autoinstalator\/wordpress\/wp-content\/uploads\/2017\/12\/Twoje_zdrowie_Page_07-300x211.jpg\" width=\"300\" srcset=\"https:\/\/baba.org.pl\/wp-content\/uploads\/2017\/12\/Twoje_zdrowie_Page_07-300x211.jpg 300w, https:\/\/baba.org.pl\/wp-content\/uploads\/2017\/12\/Twoje_zdrowie_Page_07-1024x722.jpg 1024w, https:\/\/baba.org.pl\/wp-content\/uploads\/2017\/12\/Twoje_zdrowie_Page_07-150x106.jpg 150w, https:\/\/baba.org.pl\/wp-content\/uploads\/2017\/12\/Twoje_zdrowie_Page_07-768x541.jpg 768w, https:\/\/baba.org.pl\/wp-content\/uploads\/2017\/12\/Twoje_zdrowie_Page_07-1536x1083.jpg 1536w, https:\/\/baba.org.pl\/wp-content\/uploads\/2017\/12\/Twoje_zdrowie_Page_07.jpg 1654w\" sizes=\"auto, (max-width: 300px) 100vw, 300px\" \/><\/a><\/p>\n<p><a href=\"http:\/\/babazg.home.pl\/autoinstalator\/wordpress\/wp-content\/uploads\/2017\/12\/Twoje_zdrowie_Page_08.jpg\" data-lightbox=\"gal[4973]\"><img loading=\"lazy\" decoding=\"async\" alt=\"\" class=\"alignleft size-medium wp-image-5091\" height=\"211\" src=\"http:\/\/babazg.home.pl\/autoinstalator\/wordpress\/wp-content\/uploads\/2017\/12\/Twoje_zdrowie_Page_08-300x211.jpg\" width=\"300\" srcset=\"https:\/\/baba.org.pl\/wp-content\/uploads\/2017\/12\/Twoje_zdrowie_Page_08-300x211.jpg 300w, https:\/\/baba.org.pl\/wp-content\/uploads\/2017\/12\/Twoje_zdrowie_Page_08-1024x722.jpg 1024w, https:\/\/baba.org.pl\/wp-content\/uploads\/2017\/12\/Twoje_zdrowie_Page_08-150x106.jpg 150w, https:\/\/baba.org.pl\/wp-content\/uploads\/2017\/12\/Twoje_zdrowie_Page_08-768x541.jpg 768w, https:\/\/baba.org.pl\/wp-content\/uploads\/2017\/12\/Twoje_zdrowie_Page_08-1536x1083.jpg 1536w, https:\/\/baba.org.pl\/wp-content\/uploads\/2017\/12\/Twoje_zdrowie_Page_08.jpg 1654w\" sizes=\"auto, (max-width: 300px) 100vw, 300px\" \/><\/a> <a href=\"http:\/\/babazg.home.pl\/autoinstalator\/wordpress\/wp-content\/uploads\/2017\/12\/Twoje_zdrowie_Page_09.jpg\" data-lightbox=\"gal[4973]\"><img loading=\"lazy\" decoding=\"async\" alt=\"\" class=\"alignleft size-medium wp-image-5092\" height=\"211\" src=\"http:\/\/babazg.home.pl\/autoinstalator\/wordpress\/wp-content\/uploads\/2017\/12\/Twoje_zdrowie_Page_09-300x211.jpg\" width=\"300\" srcset=\"https:\/\/baba.org.pl\/wp-content\/uploads\/2017\/12\/Twoje_zdrowie_Page_09-300x211.jpg 300w, https:\/\/baba.org.pl\/wp-content\/uploads\/2017\/12\/Twoje_zdrowie_Page_09-1024x722.jpg 1024w, https:\/\/baba.org.pl\/wp-content\/uploads\/2017\/12\/Twoje_zdrowie_Page_09-150x106.jpg 150w, https:\/\/baba.org.pl\/wp-content\/uploads\/2017\/12\/Twoje_zdrowie_Page_09-768x541.jpg 768w, https:\/\/baba.org.pl\/wp-content\/uploads\/2017\/12\/Twoje_zdrowie_Page_09-1536x1083.jpg 1536w, https:\/\/baba.org.pl\/wp-content\/uploads\/2017\/12\/Twoje_zdrowie_Page_09.jpg 1654w\" sizes=\"auto, (max-width: 300px) 100vw, 300px\" \/><\/a> <a href=\"http:\/\/babazg.home.pl\/autoinstalator\/wordpress\/wp-content\/uploads\/2017\/12\/Twoje_zdrowie_Page_10.jpg\" data-lightbox=\"gal[4973]\"><img loading=\"lazy\" decoding=\"async\" alt=\"\" class=\"alignleft size-medium wp-image-5093\" height=\"212\" src=\"http:\/\/babazg.home.pl\/autoinstalator\/wordpress\/wp-content\/uploads\/2017\/12\/Twoje_zdrowie_Page_10-300x212.jpg\" width=\"300\" srcset=\"https:\/\/baba.org.pl\/wp-content\/uploads\/2017\/12\/Twoje_zdrowie_Page_10-300x212.jpg 300w, https:\/\/baba.org.pl\/wp-content\/uploads\/2017\/12\/Twoje_zdrowie_Page_10-1024x722.jpg 1024w, https:\/\/baba.org.pl\/wp-content\/uploads\/2017\/12\/Twoje_zdrowie_Page_10-150x106.jpg 150w, https:\/\/baba.org.pl\/wp-content\/uploads\/2017\/12\/Twoje_zdrowie_Page_10-768x542.jpg 768w, https:\/\/baba.org.pl\/wp-content\/uploads\/2017\/12\/Twoje_zdrowie_Page_10.jpg 1191w\" sizes=\"auto, (max-width: 300px) 100vw, 300px\" \/><\/a> <a href=\"http:\/\/babazg.home.pl\/autoinstalator\/wordpress\/wp-content\/uploads\/2017\/12\/Twoje_zdrowie_Page_11.jpg\" data-lightbox=\"gal[4973]\"><img loading=\"lazy\" decoding=\"async\" alt=\"\" class=\"alignleft size-medium wp-image-5094\" height=\"211\" src=\"http:\/\/babazg.home.pl\/autoinstalator\/wordpress\/wp-content\/uploads\/2017\/12\/Twoje_zdrowie_Page_11-300x211.jpg\" width=\"300\" srcset=\"https:\/\/baba.org.pl\/wp-content\/uploads\/2017\/12\/Twoje_zdrowie_Page_11-300x211.jpg 300w, https:\/\/baba.org.pl\/wp-content\/uploads\/2017\/12\/Twoje_zdrowie_Page_11-1024x722.jpg 1024w, https:\/\/baba.org.pl\/wp-content\/uploads\/2017\/12\/Twoje_zdrowie_Page_11-150x106.jpg 150w, https:\/\/baba.org.pl\/wp-content\/uploads\/2017\/12\/Twoje_zdrowie_Page_11-768x541.jpg 768w, https:\/\/baba.org.pl\/wp-content\/uploads\/2017\/12\/Twoje_zdrowie_Page_11-1536x1083.jpg 1536w, https:\/\/baba.org.pl\/wp-content\/uploads\/2017\/12\/Twoje_zdrowie_Page_11.jpg 1654w\" sizes=\"auto, (max-width: 300px) 100vw, 300px\" \/><\/a> <a href=\"http:\/\/babazg.home.pl\/autoinstalator\/wordpress\/wp-content\/uploads\/2017\/12\/Twoje_zdrowie_Page_12.jpg\" data-lightbox=\"gal[4973]\"><img loading=\"lazy\" decoding=\"async\" alt=\"\" class=\"alignleft size-medium wp-image-5095\" height=\"212\" src=\"http:\/\/babazg.home.pl\/autoinstalator\/wordpress\/wp-content\/uploads\/2017\/12\/Twoje_zdrowie_Page_12-300x212.jpg\" width=\"300\" srcset=\"https:\/\/baba.org.pl\/wp-content\/uploads\/2017\/12\/Twoje_zdrowie_Page_12-300x212.jpg 300w, https:\/\/baba.org.pl\/wp-content\/uploads\/2017\/12\/Twoje_zdrowie_Page_12-1024x722.jpg 1024w, https:\/\/baba.org.pl\/wp-content\/uploads\/2017\/12\/Twoje_zdrowie_Page_12-150x106.jpg 150w, https:\/\/baba.org.pl\/wp-content\/uploads\/2017\/12\/Twoje_zdrowie_Page_12-768x542.jpg 768w, https:\/\/baba.org.pl\/wp-content\/uploads\/2017\/12\/Twoje_zdrowie_Page_12.jpg 1191w\" sizes=\"auto, (max-width: 300px) 100vw, 300px\" \/><\/a> <a href=\"http:\/\/babazg.home.pl\/autoinstalator\/wordpress\/wp-content\/uploads\/2017\/12\/Twoje_zdrowie_Page_13.jpg\" data-lightbox=\"gal[4973]\"><img loading=\"lazy\" decoding=\"async\" alt=\"\" class=\"alignleft size-medium wp-image-5096\" height=\"211\" src=\"http:\/\/babazg.home.pl\/autoinstalator\/wordpress\/wp-content\/uploads\/2017\/12\/Twoje_zdrowie_Page_13-300x211.jpg\" width=\"300\" srcset=\"https:\/\/baba.org.pl\/wp-content\/uploads\/2017\/12\/Twoje_zdrowie_Page_13-300x211.jpg 300w, https:\/\/baba.org.pl\/wp-content\/uploads\/2017\/12\/Twoje_zdrowie_Page_13-1024x722.jpg 1024w, https:\/\/baba.org.pl\/wp-content\/uploads\/2017\/12\/Twoje_zdrowie_Page_13-150x106.jpg 150w, https:\/\/baba.org.pl\/wp-content\/uploads\/2017\/12\/Twoje_zdrowie_Page_13-768x541.jpg 768w, https:\/\/baba.org.pl\/wp-content\/uploads\/2017\/12\/Twoje_zdrowie_Page_13-1536x1083.jpg 1536w, https:\/\/baba.org.pl\/wp-content\/uploads\/2017\/12\/Twoje_zdrowie_Page_13.jpg 1654w\" sizes=\"auto, (max-width: 300px) 100vw, 300px\" \/><\/a> <a href=\"http:\/\/babazg.home.pl\/autoinstalator\/wordpress\/wp-content\/uploads\/2017\/12\/Twoje_zdrowie_Page_14.jpg\" data-lightbox=\"gal[4973]\"><img loading=\"lazy\" decoding=\"async\" alt=\"\" class=\"alignleft size-medium wp-image-5097\" height=\"211\" src=\"http:\/\/babazg.home.pl\/autoinstalator\/wordpress\/wp-content\/uploads\/2017\/12\/Twoje_zdrowie_Page_14-300x211.jpg\" width=\"300\" srcset=\"https:\/\/baba.org.pl\/wp-content\/uploads\/2017\/12\/Twoje_zdrowie_Page_14-300x211.jpg 300w, https:\/\/baba.org.pl\/wp-content\/uploads\/2017\/12\/Twoje_zdrowie_Page_14-1024x722.jpg 1024w, https:\/\/baba.org.pl\/wp-content\/uploads\/2017\/12\/Twoje_zdrowie_Page_14-150x106.jpg 150w, https:\/\/baba.org.pl\/wp-content\/uploads\/2017\/12\/Twoje_zdrowie_Page_14-768x541.jpg 768w, https:\/\/baba.org.pl\/wp-content\/uploads\/2017\/12\/Twoje_zdrowie_Page_14-1536x1083.jpg 1536w, https:\/\/baba.org.pl\/wp-content\/uploads\/2017\/12\/Twoje_zdrowie_Page_14.jpg 1654w\" sizes=\"auto, (max-width: 300px) 100vw, 300px\" \/><\/a> <a href=\"http:\/\/babazg.home.pl\/autoinstalator\/wordpress\/wp-content\/uploads\/2017\/12\/Twoje_zdrowie_Page_15.jpg\" data-lightbox=\"gal[4973]\"><img loading=\"lazy\" decoding=\"async\" alt=\"\" class=\"alignleft size-medium wp-image-5098\" height=\"212\" src=\"http:\/\/babazg.home.pl\/autoinstalator\/wordpress\/wp-content\/uploads\/2017\/12\/Twoje_zdrowie_Page_15-300x212.jpg\" width=\"300\" srcset=\"https:\/\/baba.org.pl\/wp-content\/uploads\/2017\/12\/Twoje_zdrowie_Page_15-300x212.jpg 300w, https:\/\/baba.org.pl\/wp-content\/uploads\/2017\/12\/Twoje_zdrowie_Page_15-1024x722.jpg 1024w, https:\/\/baba.org.pl\/wp-content\/uploads\/2017\/12\/Twoje_zdrowie_Page_15-150x106.jpg 150w, https:\/\/baba.org.pl\/wp-content\/uploads\/2017\/12\/Twoje_zdrowie_Page_15-768x542.jpg 768w, https:\/\/baba.org.pl\/wp-content\/uploads\/2017\/12\/Twoje_zdrowie_Page_15.jpg 1191w\" sizes=\"auto, (max-width: 300px) 100vw, 300px\" \/><\/a> <a href=\"http:\/\/babazg.home.pl\/autoinstalator\/wordpress\/wp-content\/uploads\/2017\/12\/Twoje_zdrowie_Page_16.jpg\" data-lightbox=\"gal[4973]\"><img loading=\"lazy\" decoding=\"async\" alt=\"\" class=\"alignleft size-medium wp-image-5099\" height=\"212\" src=\"http:\/\/babazg.home.pl\/autoinstalator\/wordpress\/wp-content\/uploads\/2017\/12\/Twoje_zdrowie_Page_16-300x212.jpg\" width=\"300\" srcset=\"https:\/\/baba.org.pl\/wp-content\/uploads\/2017\/12\/Twoje_zdrowie_Page_16-300x212.jpg 300w, https:\/\/baba.org.pl\/wp-content\/uploads\/2017\/12\/Twoje_zdrowie_Page_16-1024x722.jpg 1024w, https:\/\/baba.org.pl\/wp-content\/uploads\/2017\/12\/Twoje_zdrowie_Page_16-150x106.jpg 150w, https:\/\/baba.org.pl\/wp-content\/uploads\/2017\/12\/Twoje_zdrowie_Page_16-768x542.jpg 768w, https:\/\/baba.org.pl\/wp-content\/uploads\/2017\/12\/Twoje_zdrowie_Page_16.jpg 1191w\" sizes=\"auto, (max-width: 300px) 100vw, 300px\" \/><\/a><\/p>\n<p><a href=\"http:\/\/babazg.home.pl\/autoinstalator\/wordpress\/wp-content\/uploads\/2017\/12\/Twoje_zdrowie_Page_17.jpg\" data-lightbox=\"gal[4973]\"><img loading=\"lazy\" decoding=\"async\" alt=\"\" class=\"alignleft size-medium wp-image-5100\" height=\"300\" src=\"http:\/\/babazg.home.pl\/autoinstalator\/wordpress\/wp-content\/uploads\/2017\/12\/Twoje_zdrowie_Page_17-214x300.jpg\" width=\"214\" srcset=\"https:\/\/baba.org.pl\/wp-content\/uploads\/2017\/12\/Twoje_zdrowie_Page_17-214x300.jpg 214w, https:\/\/baba.org.pl\/wp-content\/uploads\/2017\/12\/Twoje_zdrowie_Page_17-107x150.jpg 107w, https:\/\/baba.org.pl\/wp-content\/uploads\/2017\/12\/Twoje_zdrowie_Page_17.jpg 600w\" sizes=\"auto, (max-width: 214px) 100vw, 214px\" \/><\/a><\/p>\n<p>&nbsp;<\/p>\n<p>&nbsp;<\/p>\n<p>&nbsp;<\/p>\n","protected":false},"excerpt":{"rendered":"<p>To nasza nowa elektroniczna broszura informacyjna opublikowana dzi\u0119ki \u015brodkom Wojew&oacute;dztwa Lubuskiego w ramach zadania publicznego: Przeciwdzia\u0142anie uzale\u017cnieniom i patologiom spo\u0142ecznym &nbsp;&#8211; Profilaktyka uzale\u017cnienia od alkoholu oraz edukacja zdrowotna. Za ilustracje dzi\u0119kujemy Alicji Bot.&nbsp;&nbsp;Broszura w wersji pdf pod linkiem. &nbsp; &nbsp; &nbsp; &nbsp; &nbsp; &nbsp; &nbsp; &nbsp; &nbsp; &nbsp; &nbsp;<\/p>\n","protected":false},"author":4,"featured_media":0,"parent":4957,"menu_order":7,"comment_status":"closed","ping_status":"closed","template":"","meta":{"footnotes":""},"class_list":["post-4973","page","type-page","status-publish","hentry"],"_links":{"self":[{"href":"https:\/\/baba.org.pl\/index.php\/wp-json\/wp\/v2\/pages\/4973","targetHints":{"allow":["GET"]}}],"collection":[{"href":"https:\/\/baba.org.pl\/index.php\/wp-json\/wp\/v2\/pages"}],"about":[{"href":"https:\/\/baba.org.pl\/index.php\/wp-json\/wp\/v2\/types\/page"}],"author":[{"embeddable":true,"href":"https:\/\/baba.org.pl\/index.php\/wp-json\/wp\/v2\/users\/4"}],"replies":[{"embeddable":true,"href":"https:\/\/baba.org.pl\/index.php\/wp-json\/wp\/v2\/comments?post=4973"}],"version-history":[{"count":10,"href":"https:\/\/baba.org.pl\/index.php\/wp-json\/wp\/v2\/pages\/4973\/revisions"}],"predecessor-version":[{"id":5109,"href":"https:\/\/baba.org.pl\/index.php\/wp-json\/wp\/v2\/pages\/4973\/revisions\/5109"}],"up":[{"embeddable":true,"href":"https:\/\/baba.org.pl\/index.php\/wp-json\/wp\/v2\/pages\/4957"}],"wp:attachment":[{"href":"https:\/\/baba.org.pl\/index.php\/wp-json\/wp\/v2\/media?parent=4973"}],"curies":[{"name":"wp","href":"https:\/\/api.w.org\/{rel}","templated":true}]}}