{"id":4962,"date":"2017-12-19T15:56:08","date_gmt":"2017-12-19T13:56:08","guid":{"rendered":"http:\/\/baba.org.pl\/?page_id=4962"},"modified":"2018-01-22T13:58:15","modified_gmt":"2018-01-22T11:58:15","slug":"przemoc-doroslych-wobec-ich-dzieci","status":"publish","type":"page","link":"https:\/\/baba.org.pl\/index.php\/dzieci-i-mlodziez\/przemoc-doroslych-wobec-ich-dzieci\/","title":{"rendered":"Przemoc doros\u0142ych wobec ich dzieci"},"content":{"rendered":"<p>W zbyt wielu rodzinach w Polsce model&nbsp;wychowania&nbsp;dziecka&nbsp;rozumiany jest jako system nakaz&oacute;w, zakaz&oacute;w i kar, w tym kar cielesnych, a w relacjach mi\u0119dzy dzie\u0107mi i rodzicami najwa\u017cniejsze jest pos\u0142usze\u0144stwo. W efekcie&nbsp;kilkadziesi\u0105t tysi\u0119cy dzieci w Polsce jest maltretowanych przez najbli\u017cszych, tzn. do\u015bwiadcza ci\u0105g\u0142ej i brutalnej przemocy fizycznej, seksualnej lub psychicznej,&nbsp;kilkadziesi\u0105t z nich ka\u017cdego roku umiera na skutek takiego traktowania, kilkaset doznaje trwa\u0142ego uszczerbku na zdrowiu.<\/p>\n<p>W rodzinach, gdzie wyst\u0119puje przemoc mi\u0119dzy rodzicami, 15 razy cz\u0119\u015bciej maj\u0105 miejsce akty agresji wobec dzieci, w odr&oacute;\u017cnieniu od rodzin, w kt&oacute;rych relacje pomi\u0119dzy partnerami s\u0105 bezprzemocowe i partnerskie.&nbsp;Sprawcami krzywdzenia dzieci s\u0105 i kobiety i m\u0119\u017cczy\u017ani, jednak znacz\u0105co przewa\u017caj\u0105 m\u0119\u017cczy\u017ani. Podobnie w zakresie skutk&oacute;w przemocy fizycznej wobec dzieci, skutki dla zdrowia i \u017cycia s\u0105 w przypadku agresji m\u0119\u017cczyzn powa\u017cniejsze ni\u017c w przypadku agresji kobiet.&nbsp;Agresywne zachowania kobiet wobec w\u0142asnych dzieci s\u0105 najcz\u0119\u015bciej nast\u0119pstwem przemocy do\u015bwiadczanej z r\u0105k partnera (kobieta bije dziecko, aby odzyska\u0107 poczucie sprawczo\u015bci, kt&oacute;re utraci\u0142a, b\u0119d\u0105c ofiar\u0105 agresji), bywaj\u0105 tak\u017ce konsekwencja modelu wychowania we w\u0142asnym dzieci\u0144stwie.&nbsp;<\/p>\n<p>Je\u015bli krzywdz\u0105 Cie Twoi rodzice lub opiekunowie, przeczytaj uwa\u017cnie nasz\u0105 ulotk\u0119, zadzwo\u0144 do nas do BABY 68 4549232 lub na og&oacute;lnopolsk\u0105 lini\u0119 dla dzieci krzywdzonych&nbsp;116 111 lub do zielonog&oacute;rskiego oddzia\u0142u Terenowego Komitetu Ochrony Praw Dziecka 68 324 49 00. Zawsze te\u017c mozesz dzwoni\u0107 bezpo\u015brednio na policj\u0119 997 lub 112. Porozmawiaj z pedagogiem szkolnym, z wychowawc\u0105 lub nauczycielem. My wszyscy mamy obowiazek Ci pom&oacute;c, jesli tylko potrzebujesz pomocy.<\/p>\n<p><a href=\"http:\/\/babazg.home.pl\/autoinstalator\/wordpress\/wp-content\/uploads\/2017\/10\/dla_dzieci-1.jpg\" data-lightbox=\"gal[4962]\"><img loading=\"lazy\" decoding=\"async\" alt=\"\" class=\"alignleft size-medium wp-image-4951\" height=\"212\" src=\"http:\/\/babazg.home.pl\/autoinstalator\/wordpress\/wp-content\/uploads\/2017\/10\/dla_dzieci-1-300x212.jpg\" width=\"300\" srcset=\"https:\/\/baba.org.pl\/wp-content\/uploads\/2017\/10\/dla_dzieci-1-300x212.jpg 300w, https:\/\/baba.org.pl\/wp-content\/uploads\/2017\/10\/dla_dzieci-1-1024x724.jpg 1024w, https:\/\/baba.org.pl\/wp-content\/uploads\/2017\/10\/dla_dzieci-1-150x106.jpg 150w, https:\/\/baba.org.pl\/wp-content\/uploads\/2017\/10\/dla_dzieci-1-768x543.jpg 768w, https:\/\/baba.org.pl\/wp-content\/uploads\/2017\/10\/dla_dzieci-1-1536x1086.jpg 1536w, https:\/\/baba.org.pl\/wp-content\/uploads\/2017\/10\/dla_dzieci-1.jpg 1754w\" sizes=\"auto, (max-width: 300px) 100vw, 300px\" \/><\/a> <a href=\"http:\/\/babazg.home.pl\/autoinstalator\/wordpress\/wp-content\/uploads\/2017\/10\/dla_dzieci2.jpg\" data-lightbox=\"gal[4962]\"><img loading=\"lazy\" decoding=\"async\" alt=\"\" class=\"alignleft size-medium wp-image-4952\" height=\"212\" src=\"http:\/\/babazg.home.pl\/autoinstalator\/wordpress\/wp-content\/uploads\/2017\/10\/dla_dzieci2-300x212.jpg\" width=\"300\" srcset=\"https:\/\/baba.org.pl\/wp-content\/uploads\/2017\/10\/dla_dzieci2-300x212.jpg 300w, https:\/\/baba.org.pl\/wp-content\/uploads\/2017\/10\/dla_dzieci2-1024x724.jpg 1024w, https:\/\/baba.org.pl\/wp-content\/uploads\/2017\/10\/dla_dzieci2-150x106.jpg 150w, https:\/\/baba.org.pl\/wp-content\/uploads\/2017\/10\/dla_dzieci2-768x543.jpg 768w, https:\/\/baba.org.pl\/wp-content\/uploads\/2017\/10\/dla_dzieci2-1536x1086.jpg 1536w, https:\/\/baba.org.pl\/wp-content\/uploads\/2017\/10\/dla_dzieci2.jpg 1754w\" sizes=\"auto, (max-width: 300px) 100vw, 300px\" \/><\/a>Ponad jedna trzecia (35%) rodzic&oacute;w, kt&oacute;rzy w dzieci\u0144stwie do\u015bwiadczyli kt&oacute;rejkolwiek formy przemocy przynajmniej raz zastosowali przemoc wobec swoich dzieci.<\/p>\n<p>Blisko dwie pi\u0105te (37%) spo\u0142ecze\u0144stwa deklaruje, \u017ce w dzieci\u0144stwie stosowano wobec nich jak\u0105kolwiek form\u0119 przemocy przynajmniej raz.<\/p>\n<p>Do bycia ofiar\u0105 przynajmniej jednej formy przemocy cz\u0119\u015bciej ni\u017c raz przyzna\u0142o si\u0119 29% Polak&oacute;w.<\/p>\n<p>Wiele razy do\u015bwiadczy\u0142o przemocy w dzieci\u0144stwie 9% respondent&oacute;w. Najcz\u0119\u015bciej do\u015bwiadczyli w dzieci\u0144stwie przemocy fizycznej (27%) oraz psychicznej (21%). Zdecydowanie mniej respondent&oacute;w przyzna\u0142o, \u017ce gdy byli dzie\u0107mi stosowano wobec nich przemoc ekonomiczn\u0105 (9%) i seksualn\u0105 (2%).<br \/>\n\t&bull;Z bada\u0144 przeprowadzonych w 2012 r. przez Fundacj\u0119 Dzieci Niczyje oraz Uniwersytet Warszawski na losowej pr&oacute;bie 1005 dzieci w wieku 11&ndash;17 lat w ramach &bdquo;Og&oacute;lnopolskiej diagnozy problemu przemocy wobec dzieci&rdquo;&nbsp; wynika, i\u017c ponad jedna pi\u0105ta respondent&oacute;w 21% dzieci (uczestnik&oacute;w badania) przyznaje, \u017ce do\u015bwiadczy\u0142o przemocy fizycznej ze strony znajomych doros\u0142ych, a 22% by\u0142o ofiarami przemocy psychicznej. Po\u0142owa os&oacute;b z tych grup wskaza\u0142a, \u017ce sprawc\u0105 przemocy by\u0142 ich prawny opiekun (ojciec\/ojczym b\u0105d\u017a matka\/macocha). 12% dzieci by\u0142o \u015bwiadkami przemocy skierowanej w stron\u0119 rodze\u0144stwa b\u0105d\u017a jednego z opiekun&oacute;w. Do\u015bwiadczanie zaniedbania przed uko\u0144czeniem 12 roku \u017cycia by\u0142o udzia\u0142em 6% respondent&oacute;w. 12% by\u0142o \u015bwiadkami przemocy pomi\u0119dzy bliskimi doros\u0142ymi, a 9% krzywdzenia innych dzieci przez doros\u0142ych. Omawiane zjawiska cz\u0119sto wsp&oacute;\u0142wyst\u0119powa\u0142y ze sob\u0105.<\/p>\n<p>\u200b&bull;84% &#8211; 97% rodzic&oacute;w stosuje kary fizyczne wobec swoich dzieci w r&oacute;\u017cnych momentach \u017cycia,<br \/>\n\t\u200b&bull;ch\u0142opcy s\u0105 mocniej i cz\u0119\u015bciej karani ni\u017c dziewczynki,<br \/>\n\t&bull;karanie jest zwi\u0105zane zar&oacute;wno z wiekiem dziecka, jak i wiekiem rodzic&oacute;w; nat\u0119\u017cenie kary jest silniejsze w stosunku do dzieci ma\u0142ych, m\u0142odzi rodzice stosuj\u0105 kary bardziej surowe ni\u017c rodzice starsi,<br \/>\n\t&bull;kolejno\u015b\u0107 urodzenia dzieci ma zwi\u0105zek z cz\u0119stotliwo\u015bci\u0105 karania &ndash; dzieci najstarsze i najm\u0142odsze oraz jedynacy, karani s\u0105 rzadziej ni\u017c pozostali,<br \/>\n\t&bull;bicie r\u0119k\u0105 stosuje 66,8% badanych rodzic&oacute;w, klapsy &ndash; 81%,<br \/>\n\t&bull;do solidnego lania przyzna\u0142o si\u0119 38, 5% rodzic&oacute;w &ndash; 4,5 % stwierdzi\u0142o, \u017ce robi to do\u015b\u0107 cz\u0119sto,&nbsp;<br \/>\n\t&bull;bicie pasem lub innym przedmiotem stosuje 44,2 %,&nbsp;<br \/>\n\t&bull;kilkana\u015bcie os&oacute;b przyzna\u0142o si\u0119 do bicia na o\u015blep, bicia pi\u0119\u015bciami, obezw\u0142adniania, kopania dziecka,&nbsp;<br \/>\n\t&bull;agresj\u0119 symboliczn\u0105 &#8211; stosowanie wymy\u015blnych sposob&oacute;w karania tj; ograniczanie ruch&oacute;w i swobody dziecka, wyrzucanie dziecka z domu, pozbawienie jedzenia czy miejsca do spania &ndash; zadeklarowa\u0142o ok. 25% badanych.<\/p>\n","protected":false},"excerpt":{"rendered":"<p>W zbyt wielu rodzinach w Polsce model&nbsp;wychowania&nbsp;dziecka&nbsp;rozumiany jest jako system nakaz&oacute;w, zakaz&oacute;w i kar, w tym kar cielesnych, a w relacjach mi\u0119dzy dzie\u0107mi i rodzicami najwa\u017cniejsze jest pos\u0142usze\u0144stwo. W efekcie&nbsp;kilkadziesi\u0105t tysi\u0119cy dzieci w Polsce jest maltretowanych przez najbli\u017cszych, tzn. do\u015bwiadcza ci\u0105g\u0142ej i brutalnej przemocy fizycznej, seksualnej lub psychicznej,&nbsp;kilkadziesi\u0105t z nich ka\u017cdego roku umiera na skutek [&hellip;]<\/p>\n","protected":false},"author":4,"featured_media":0,"parent":4957,"menu_order":1,"comment_status":"closed","ping_status":"closed","template":"","meta":{"give_campaign_id":0,"footnotes":""},"class_list":["post-4962","page","type-page","status-publish","hentry"],"campaignId":"","_links":{"self":[{"href":"https:\/\/baba.org.pl\/index.php\/wp-json\/wp\/v2\/pages\/4962","targetHints":{"allow":["GET"]}}],"collection":[{"href":"https:\/\/baba.org.pl\/index.php\/wp-json\/wp\/v2\/pages"}],"about":[{"href":"https:\/\/baba.org.pl\/index.php\/wp-json\/wp\/v2\/types\/page"}],"author":[{"embeddable":true,"href":"https:\/\/baba.org.pl\/index.php\/wp-json\/wp\/v2\/users\/4"}],"replies":[{"embeddable":true,"href":"https:\/\/baba.org.pl\/index.php\/wp-json\/wp\/v2\/comments?post=4962"}],"version-history":[{"count":3,"href":"https:\/\/baba.org.pl\/index.php\/wp-json\/wp\/v2\/pages\/4962\/revisions"}],"predecessor-version":[{"id":5066,"href":"https:\/\/baba.org.pl\/index.php\/wp-json\/wp\/v2\/pages\/4962\/revisions\/5066"}],"up":[{"embeddable":true,"href":"https:\/\/baba.org.pl\/index.php\/wp-json\/wp\/v2\/pages\/4957"}],"wp:attachment":[{"href":"https:\/\/baba.org.pl\/index.php\/wp-json\/wp\/v2\/media?parent=4962"}],"curies":[{"name":"wp","href":"https:\/\/api.w.org\/{rel}","templated":true}]}}