{"id":4889,"date":"2017-10-19T17:40:45","date_gmt":"2017-10-19T15:40:45","guid":{"rendered":"http:\/\/baba.org.pl\/?page_id=4889"},"modified":"2019-01-29T23:27:29","modified_gmt":"2019-01-29T21:27:29","slug":"dziecinstwo-mlodosc-bezpieczenstwo-i-wzajemna-troska","status":"publish","type":"page","link":"https:\/\/baba.org.pl\/index.php\/dzieci-i-mlodziez\/dziecinstwo-mlodosc-bezpieczenstwo-i-wzajemna-troska\/","title":{"rendered":"Jeste\u015b nauczycielem?"},"content":{"rendered":"<p><a href=\"http:\/\/babazg.home.pl\/autoinstalator\/wordpress\/wp-content\/uploads\/2017\/10\/plakat_nauczyciele.jpg\" data-lightbox=\"gal[4889]\"><img loading=\"lazy\" decoding=\"async\" alt=\"\" class=\"alignleft size-medium wp-image-4897\" height=\"300\" src=\"http:\/\/babazg.home.pl\/autoinstalator\/wordpress\/wp-content\/uploads\/2017\/10\/plakat_nauczyciele-212x300.jpg\" width=\"212\" srcset=\"https:\/\/baba.org.pl\/wp-content\/uploads\/2017\/10\/plakat_nauczyciele-212x300.jpg 212w, https:\/\/baba.org.pl\/wp-content\/uploads\/2017\/10\/plakat_nauczyciele-724x1024.jpg 724w, https:\/\/baba.org.pl\/wp-content\/uploads\/2017\/10\/plakat_nauczyciele-106x150.jpg 106w, https:\/\/baba.org.pl\/wp-content\/uploads\/2017\/10\/plakat_nauczyciele-768x1086.jpg 768w, https:\/\/baba.org.pl\/wp-content\/uploads\/2017\/10\/plakat_nauczyciele-1086x1536.jpg 1086w, https:\/\/baba.org.pl\/wp-content\/uploads\/2017\/10\/plakat_nauczyciele-1448x2048.jpg 1448w, https:\/\/baba.org.pl\/wp-content\/uploads\/2017\/10\/plakat_nauczyciele-scaled.jpg 1810w\" sizes=\"auto, (max-width: 212px) 100vw, 212px\" \/><\/a><span style=\"font-size:16px;\">Jeste\u015b z Zielonej G&oacute;ry? Jeste\u015b nauczycielem, pedagogiem szkolnym,&nbsp;rodzicem, uczniem? Potrzebujesz wiedzy i wsparcia? Nie czujesz si\u0119 bezpiecznie? Albo czujesz sie zbyt bezpiecznie? Przyjdziemy do Twojej szko\u0142y i odpowiemy na Twoje potrzeby, mo\u017cesz zaprosi\u0107 nasze prawniczki, psycholo\u017cki, edukatorki. Zale\u017cy nam na tym, aby dzieci\u0144stwo i m\u0142odo\u015b\u0107 by\u0142y w pe\u0142ni bezpieczne, beztroskie, by w doros\u0142ym \u017cyciu mie\u0107 tylko dobre wspomnienia. Ka\u017cdy rodzaj przemocy i dyskryminacji jest rujnuj\u0105cy dla tera\u017aniejszosci i przysz\u0142o\u015bci ma\u0142ego i m\u0142odego cz\u0142owieka. Z tej \u015bwiadomo\u015bci wzi\u0105\u0142 si\u0119&nbsp;nasz program dofinansowany przez Miasto Zielona G&oacute;ra i skierowany do&nbsp;wszystkich zielonog&oacute;rskich szk&oacute;\u0142. Materia\u0142y mog\u0105 trafi\u0107 do wszystkich, my &#8211; do tych, kt&oacute;re najszybciej odpowiedz\u0105 na nasze zach\u0119ty. Zapraszamy zatem! Przyjdziemy z wyk\u0142adem, prezentacj\u0105, plakatami, informatorami, ulotkami!<\/span><\/p>\n<p>Brak wiedzy, umiej\u0119tno\u015bci i poczucia wzajemnej troski uczni&oacute;w, nauczycieli i rodzic&oacute;w przek\u0142ada si\u0119 na podatno\u015b\u0107 na zagro\u017cenia bezpiecze\u0144stwa osobistego, sk\u0142onno\u015b\u0107 do nieodpowiedzialnych i&nbsp;patologicznych zachowa\u0144, niech\u0119\u0107 do postaw obywatelsko\u015bci i partycypacji, bezradno\u015b\u0107 i&nbsp;nieasertywno\u015b\u0107, a tak\u017ce bezradno\u015b\u0107 i bezsilno\u015b\u0107 zw\u0142aszcza w relacjach kryzysowych rodzinnych i konfliktowych z r&oacute;wie\u015bnikami.<\/p>\n<p>Edukacj\u0119 w kontek\u015bcie bezpiecze\u0144stwa uczni&oacute;w prowadzimy od wielu lat na terenie ca\u0142ego wojew&oacute;dztwa, w formie spotka\u0144 z dzie\u0107mi i m\u0142odzie\u017c\u0105, rodzicami, nauczycielami, warsztat&oacute;w dla ma\u0142ych grup i spotka\u0144 dla ca\u0142ych grup wiekowych w wielkich obiektach.Lata do\u015bwiadcze\u0144 sprawi\u0142y, \u017ce stawiamy na edukacj\u0119 i profilaktyk\u0119 systemow\u0105 i systematyczn\u0105, dlatego oddzia\u0142ywaniem prewencyjnym i interwencyjnym nale\u017cy obj\u0105\u0107 ca\u0142a spo\u0142eczno\u015b\u0107 szkoln\u0105 i zastosowa\u0107 r&oacute;\u017cne metody wobec odmiennych adresat&oacute;w oddzia\u0142ywania w zale\u017cno\u015bci od wieku, roli i funkcji wewn\u0105trz systemu szkolnego (warsztaty, wyk\u0142ady, ulotki, plakaty, pogadanki, wzorce post\u0119powania, instrukta\u017ce).<br \/>\n\tProjekt &bdquo;Dzieci\u0144stwo, m\u0142odo\u015b\u0107, bezpiecze\u0144stwo i wzajemna troska I &quot; i&nbsp;&nbsp;&bdquo;Dzieci\u0144stwo, m\u0142odo\u015b\u0107, bezpiecze\u0144stwo i wzajemna troska II &quot;zosta\u0142 ydofinansowane przez Miasto Zielona G&oacute;ra w ramach realizacji zadania publicznego w zakresie upowszechniania i wspierania dzia\u0142a\u0144 maj\u0105cych na celu popraw\u0119 bezpiecze\u0144stwa publicznego oraz przeciwdzia\u0142ania patologiom spo\u0142ecznym o charakterze:&nbsp; informacyjno-edukacyjnym z&nbsp;ukierunkowaniem na edukacj\u0119 w zakresie przeciwdzia\u0142ania przemocy w szkole i w rodzinie;<br \/>\n\t<a href=\"http:\/\/babazg.home.pl\/autoinstalator\/wordpress\/wp-content\/uploads\/2011\/09\/logotype.gif\" data-lightbox=\"gal[4889]\"><img loading=\"lazy\" decoding=\"async\" alt=\"\" class=\"alignleft size-full wp-image-386\" height=\"118\" src=\"http:\/\/babazg.home.pl\/autoinstalator\/wordpress\/wp-content\/uploads\/2011\/09\/logotype.gif\" width=\"260\" \/><\/a><\/p>\n<p>&nbsp;<\/p>\n<p>&nbsp;<\/p>\n<p>&nbsp;<\/p>\n<p><span style=\"color:#A52A2A;\">&bull;Osoby, kt&oacute;re w zwi\u0105zku z wykonywaniem swoich obowi\u0105zk&oacute;w s\u0142u\u017cbowych lub zawodowych powzi\u0119\u0142y podejrzenie o pope\u0142nieniu \u015bciganego z urz\u0119du przest\u0119pstwa z u\u017cyciem przemocy w rodzinie, niezw\u0142ocznie zawiadamiaj\u0105 o tym Policj\u0119 lub prokuratora.&nbsp;<br \/>\n\t&bull;Osoby b\u0119d\u0105ce \u015bwiadkami przemocy w rodzinie powinny zawiadomi\u0107 o tym Policj\u0119, prokuratora lub inny podmiot dzia\u0142aj\u0105cy na rzecz przeciwdzia\u0142ania przemocy w rodzinie.&nbsp;<\/span><\/p>\n<p>Polecamy nasze broszury podejmuj\u0105ce tematyk\u0119 zwiazan\u0105 z pomoc\u0105 dzieciom i m\u0142odzie\u017cy, kt&oacute;re powsta\u0142y w ramach kilku projekt&oacute;w b\u0105d\u017a broszur\u0119, kt&oacute;rej autork\u0105 jest nasza prezeska, a kt&oacute;ra powsta\u0142a w ROPS. Kliknij w ok\u0142adk\u0119&nbsp;broszury &#8211; otworzy si\u0119 jej tre\u015b\u0107.<br \/>\n\t<a href=\"http:\/\/babazg.home.pl\/autoinstalator\/wordpress\/wp-content\/uploads\/2019\/01\/pomagam-\u015bwiadomie_ok\u0142adka-do-druku-1.jpg\" data-lightbox=\"gal[4889]\" rel=\"\" style=\"\" target=\"\" title=\"\"><img loading=\"lazy\" decoding=\"async\" alt=\"\" class=\"alignleft size-medium wp-image-5622\" height=\"190\" src=\"http:\/\/babazg.home.pl\/autoinstalator\/wordpress\/wp-content\/uploads\/2019\/01\/pomagam-\u015bwiadomie_ok\u0142adka-do-druku-1-213x300.jpg\" style=\"\" title=\"\" width=\"134\" srcset=\"https:\/\/baba.org.pl\/wp-content\/uploads\/2019\/01\/pomagam-\u015bwiadomie_ok\u0142adka-do-druku-1-213x300.jpg 213w, https:\/\/baba.org.pl\/wp-content\/uploads\/2019\/01\/pomagam-\u015bwiadomie_ok\u0142adka-do-druku-1-768x1081.jpg 768w, https:\/\/baba.org.pl\/wp-content\/uploads\/2019\/01\/pomagam-\u015bwiadomie_ok\u0142adka-do-druku-1.jpg 849w\" sizes=\"auto, (max-width: 134px) 100vw, 134px\" \/><\/a>&nbsp;<a href=\"http:\/\/babazg.home.pl\/autoinstalator\/wordpress\/wp-content\/uploads\/2017\/06\/Je\u015bli-dziecku-dzieje-si\u0119-krzywda-poradnik.pdf\" rel=\"\" style=\"\" target=\"\" title=\"\"><img loading=\"lazy\" decoding=\"async\" alt=\"\" class=\"alignleft size-medium wp-image-4759\" height=\"180\" src=\"http:\/\/babazg.home.pl\/autoinstalator\/wordpress\/wp-content\/uploads\/2017\/06\/Je\u015bli-ok\u0142adka.ocrpopr-212x300.jpg\" style=\"\" title=\"\" width=\"127\" srcset=\"https:\/\/baba.org.pl\/wp-content\/uploads\/2017\/06\/Je\u015bli-ok\u0142adka.ocrpopr-212x300.jpg 212w, https:\/\/baba.org.pl\/wp-content\/uploads\/2017\/06\/Je\u015bli-ok\u0142adka.ocrpopr-723x1024.jpg 723w, https:\/\/baba.org.pl\/wp-content\/uploads\/2017\/06\/Je\u015bli-ok\u0142adka.ocrpopr-106x150.jpg 106w, https:\/\/baba.org.pl\/wp-content\/uploads\/2017\/06\/Je\u015bli-ok\u0142adka.ocrpopr-768x1088.jpg 768w, https:\/\/baba.org.pl\/wp-content\/uploads\/2017\/06\/Je\u015bli-ok\u0142adka.ocrpopr.jpg 825w\" sizes=\"auto, (max-width: 127px) 100vw, 127px\" \/><\/a>&nbsp;&nbsp;<a href=\"http:\/\/babazg.home.pl\/autoinstalator\/wordpress\/wp-content\/uploads\/2017\/06\/Pomagam-\u015bwiadomie-NOWE-WYZWANIA.pdf\" rel=\"\" style=\"\" target=\"\" title=\"\"><img loading=\"lazy\" decoding=\"async\" alt=\"\" class=\"alignleft size-medium wp-image-4884\" height=\"180\" src=\"http:\/\/babazg.home.pl\/autoinstalator\/wordpress\/wp-content\/uploads\/2017\/10\/pomagam-s\u0301wiadomie_e-ok\u0142adka-213x300.jpg\" style=\"\" title=\"\" width=\"128\" srcset=\"https:\/\/baba.org.pl\/wp-content\/uploads\/2017\/10\/pomagam-s\u0301wiadomie_e-ok\u0142adka-213x300.jpg 213w, https:\/\/baba.org.pl\/wp-content\/uploads\/2017\/10\/pomagam-s\u0301wiadomie_e-ok\u0142adka-106x150.jpg 106w, https:\/\/baba.org.pl\/wp-content\/uploads\/2017\/10\/pomagam-s\u0301wiadomie_e-ok\u0142adka-768x1083.jpg 768w, https:\/\/baba.org.pl\/wp-content\/uploads\/2017\/10\/pomagam-s\u0301wiadomie_e-ok\u0142adka-726x1024.jpg 726w, https:\/\/baba.org.pl\/wp-content\/uploads\/2017\/10\/pomagam-s\u0301wiadomie_e-ok\u0142adka.jpg 1240w\" sizes=\"auto, (max-width: 128px) 100vw, 128px\" \/><\/a><a href=\"http:\/\/babazg.home.pl\/autoinstalator\/wordpress\/wp-content\/uploads\/2012\/10\/calosc_do_pdf_czarny.pdf\"><img loading=\"lazy\" decoding=\"async\" alt=\"\" class=\"alignleft size-medium wp-image-1781\" height=\"180\" src=\"http:\/\/babazg.home.pl\/autoinstalator\/wordpress\/wp-content\/uploads\/2010\/11\/ok\u0142adka-pomAGAM-205x300.jpg\" style=\"\" title=\"\" width=\"123\" srcset=\"https:\/\/baba.org.pl\/wp-content\/uploads\/2010\/11\/ok\u0142adka-pomAGAM-205x300.jpg 205w, https:\/\/baba.org.pl\/wp-content\/uploads\/2010\/11\/ok\u0142adka-pomAGAM-103x150.jpg 103w, https:\/\/baba.org.pl\/wp-content\/uploads\/2010\/11\/ok\u0142adka-pomAGAM.jpg 617w\" sizes=\"auto, (max-width: 123px) 100vw, 123px\" \/><\/a><\/p>\n","protected":false},"excerpt":{"rendered":"<p>Jeste\u015b z Zielonej G&oacute;ry? Jeste\u015b nauczycielem, pedagogiem szkolnym,&nbsp;rodzicem, uczniem? Potrzebujesz wiedzy i wsparcia? Nie czujesz si\u0119 bezpiecznie? Albo czujesz sie zbyt bezpiecznie? Przyjdziemy do Twojej szko\u0142y i odpowiemy na Twoje potrzeby, mo\u017cesz zaprosi\u0107 nasze prawniczki, psycholo\u017cki, edukatorki. Zale\u017cy nam na tym, aby dzieci\u0144stwo i m\u0142odo\u015b\u0107 by\u0142y w pe\u0142ni bezpieczne, beztroskie, by w doros\u0142ym \u017cyciu mie\u0107 [&hellip;]<\/p>\n","protected":false},"author":4,"featured_media":0,"parent":4957,"menu_order":4,"comment_status":"closed","ping_status":"closed","template":"","meta":{"footnotes":""},"class_list":["post-4889","page","type-page","status-publish","hentry"],"_links":{"self":[{"href":"https:\/\/baba.org.pl\/index.php\/wp-json\/wp\/v2\/pages\/4889","targetHints":{"allow":["GET"]}}],"collection":[{"href":"https:\/\/baba.org.pl\/index.php\/wp-json\/wp\/v2\/pages"}],"about":[{"href":"https:\/\/baba.org.pl\/index.php\/wp-json\/wp\/v2\/types\/page"}],"author":[{"embeddable":true,"href":"https:\/\/baba.org.pl\/index.php\/wp-json\/wp\/v2\/users\/4"}],"replies":[{"embeddable":true,"href":"https:\/\/baba.org.pl\/index.php\/wp-json\/wp\/v2\/comments?post=4889"}],"version-history":[{"count":12,"href":"https:\/\/baba.org.pl\/index.php\/wp-json\/wp\/v2\/pages\/4889\/revisions"}],"predecessor-version":[{"id":5623,"href":"https:\/\/baba.org.pl\/index.php\/wp-json\/wp\/v2\/pages\/4889\/revisions\/5623"}],"up":[{"embeddable":true,"href":"https:\/\/baba.org.pl\/index.php\/wp-json\/wp\/v2\/pages\/4957"}],"wp:attachment":[{"href":"https:\/\/baba.org.pl\/index.php\/wp-json\/wp\/v2\/media?parent=4889"}],"curies":[{"name":"wp","href":"https:\/\/api.w.org\/{rel}","templated":true}]}}