{"id":4883,"date":"2017-10-19T14:38:42","date_gmt":"2017-10-19T12:38:42","guid":{"rendered":"http:\/\/baba.org.pl\/?page_id=4883"},"modified":"2017-11-20T12:58:13","modified_gmt":"2017-11-20T10:58:13","slug":"uwaga-dyskryminacja-i-cyberprzemoc","status":"publish","type":"page","link":"https:\/\/baba.org.pl\/index.php\/programy\/uwaga-dyskryminacja-i-cyberprzemoc\/","title":{"rendered":"Uwaga &#8211; dyskryminacja i cyberprzemoc"},"content":{"rendered":"<p><a href=\"http:\/\/babazg.home.pl\/autoinstalator\/wordpress\/wp-content\/uploads\/2017\/10\/pomagam-s\u0301wiadomie_s\u0301rodek.pdf\"><img loading=\"lazy\" decoding=\"async\" alt=\"\" class=\"alignleft size-medium wp-image-4884\" height=\"300\" src=\"http:\/\/babazg.home.pl\/autoinstalator\/wordpress\/wp-content\/uploads\/2017\/10\/pomagam-s\u0301wiadomie_e-ok\u0142adka-213x300.jpg\" width=\"213\" srcset=\"https:\/\/baba.org.pl\/wp-content\/uploads\/2017\/10\/pomagam-s\u0301wiadomie_e-ok\u0142adka-213x300.jpg 213w, https:\/\/baba.org.pl\/wp-content\/uploads\/2017\/10\/pomagam-s\u0301wiadomie_e-ok\u0142adka-106x150.jpg 106w, https:\/\/baba.org.pl\/wp-content\/uploads\/2017\/10\/pomagam-s\u0301wiadomie_e-ok\u0142adka-768x1083.jpg 768w, https:\/\/baba.org.pl\/wp-content\/uploads\/2017\/10\/pomagam-s\u0301wiadomie_e-ok\u0142adka-726x1024.jpg 726w, https:\/\/baba.org.pl\/wp-content\/uploads\/2017\/10\/pomagam-s\u0301wiadomie_e-ok\u0142adka.jpg 1240w\" sizes=\"auto, (max-width: 213px) 100vw, 213px\" \/><\/a>Rozw&oacute;j technologiczny nie idzie w parze z rozwojem kompetencji spo\u0142ecznych, z dojrza\u0142o\u015bci\u0105 psychologiczn\u0105, z szacunkiem dla cz\u0142owieka i ludzkich warto\u015bci. Dost\u0119p do komputera, telefonu kom&oacute;rkowego, mn&oacute;stwa aplikacji i Internetu nie oznacza, \u017ce osoby korzystaj\u0105ce z&nbsp;owych rozwi\u0105za\u0144 i udogodnie\u0144 b\u0119d\u0105 wykorzystywa\u0142y mo\u017cliwo\u015bci technologiczne z po\u017cytkiem dla siebie i innych. \u0179li ludzie wykorzystuj\u0105 dobre rzeczy w z\u0142y spos&oacute;b, g\u0142upi ludzie wykorzystuj\u0105 m\u0105dre rozwi\u0105zania w g\u0142upi spos&oacute;b.<\/p>\n<p>Oddajemy w Pa\u0144stwa r\u0119ce nasz kr&oacute;tki poradnik prawno-psychologiczny wyja\u015bniaj\u0105cy podstawowe kwestie zwi\u0105zane z zagro\u017ceniem przemoc\u0105 i przest\u0119pstwami motywowanymi nienawi\u015bci\u0105. Informujemy, jak \u015bciga\u0107 sprawc&oacute;w, jak wesprze\u0107 osoby pokrzywdzone, jak reagowa\u0107. Poradnik adresujemy przede wszystkim do m\u0142odzie\u017cy, ale te\u017c os&oacute;b, kt&oacute;re widz\u0105c przemoc, mog\u0142yby zareagowa\u0107, ale nie wiedz\u0105, jak. Prosimy klikn\u0105\u0107 w poradnik &#8211; otworzy sie jego tre\u015b\u0107, mo\u017cna te\u017c klikn\u0105\u0107 w <a href=\"http:\/\/babazg.home.pl\/autoinstalator\/wordpress\/wp-content\/uploads\/2017\/10\/pomagam-s\u0301wiadomie_s\u0301rodek.pdf\">link<\/a>.<\/p>\n<p>Osoby zainteresowane bezp\u0142atn\u0105 pomoc\u0105 prawn\u0105, psychologiczn\u0105 i psychoterapeutyczn\u0105 zapraszamy tak\u017ce do BABY po bezp\u0142atn\u0105 pomoc.&nbsp;<\/p>\n<p>Dzi\u0119kujemy Fundacji Batorego, kt&oacute;ra sfinansowa\u0142a powstanie niniejszego poradnika oraz finansuje nasze porady prawne i psychologiczne dla mieszka\u0144c&oacute;w wojew&oacute;dztwa lubuskiego.&nbsp;<\/p>\n<p><a href=\"http:\/\/babazg.home.pl\/autoinstalator\/wordpress\/wp-content\/uploads\/2013\/08\/batory-logo-400x300.png\" data-lightbox=\"gal[4883]\"><img loading=\"lazy\" decoding=\"async\" alt=\"\" class=\"alignleft size-medium wp-image-4766\" height=\"225\" src=\"http:\/\/babazg.home.pl\/autoinstalator\/wordpress\/wp-content\/uploads\/2013\/08\/batory-logo-400x300-300x225.png\" width=\"300\" srcset=\"https:\/\/baba.org.pl\/wp-content\/uploads\/2013\/08\/batory-logo-400x300-300x225.png 300w, https:\/\/baba.org.pl\/wp-content\/uploads\/2013\/08\/batory-logo-400x300-150x113.png 150w, https:\/\/baba.org.pl\/wp-content\/uploads\/2013\/08\/batory-logo-400x300.png 400w\" sizes=\"auto, (max-width: 300px) 100vw, 300px\" \/><\/a><\/p>\n<p>&nbsp;<\/p>\n<p>&nbsp;<\/p>\n<p>&nbsp;<\/p>\n<p>&nbsp;<\/p>\n<p>&nbsp;<\/p>\n<p>&nbsp;<\/p>\n<p>Natomiast dzi\u0119ki dotacji Miasta Zielona G&oacute;ra wydrukowa\u0142y\u015bmy ulotk\u0119 dla dzieci i m\u0142odzie\u017cy o cyberprzemocy. Zapraszamy do pobierania ze strony i korzystania z materia\u0142&oacute;w ju\u017c przez nas wydrukowanych w wersji papierowej.&nbsp;<br \/>\n\t<a href=\"http:\/\/babazg.home.pl\/autoinstalator\/wordpress\/wp-content\/uploads\/2017\/10\/CYBERPRZEMOC_www.jpg\" data-lightbox=\"gal[4883]\"><img loading=\"lazy\" decoding=\"async\" alt=\"\" class=\"alignleft size-medium wp-image-4917\" height=\"212\" src=\"http:\/\/babazg.home.pl\/autoinstalator\/wordpress\/wp-content\/uploads\/2017\/10\/CYBERPRZEMOC_www-300x212.jpg\" width=\"300\" srcset=\"https:\/\/baba.org.pl\/wp-content\/uploads\/2017\/10\/CYBERPRZEMOC_www-300x212.jpg 300w, https:\/\/baba.org.pl\/wp-content\/uploads\/2017\/10\/CYBERPRZEMOC_www-1024x724.jpg 1024w, https:\/\/baba.org.pl\/wp-content\/uploads\/2017\/10\/CYBERPRZEMOC_www-150x106.jpg 150w, https:\/\/baba.org.pl\/wp-content\/uploads\/2017\/10\/CYBERPRZEMOC_www-768x543.jpg 768w, https:\/\/baba.org.pl\/wp-content\/uploads\/2017\/10\/CYBERPRZEMOC_www-1536x1086.jpg 1536w, https:\/\/baba.org.pl\/wp-content\/uploads\/2017\/10\/CYBERPRZEMOC_www.jpg 1754w\" sizes=\"auto, (max-width: 300px) 100vw, 300px\" \/><\/a> <a href=\"http:\/\/babazg.home.pl\/autoinstalator\/wordpress\/wp-content\/uploads\/2017\/10\/CYBERPRZEMOC_www2.jpg\" data-lightbox=\"gal[4883]\"><img loading=\"lazy\" decoding=\"async\" alt=\"\" class=\"alignleft size-medium wp-image-4918\" height=\"212\" src=\"http:\/\/babazg.home.pl\/autoinstalator\/wordpress\/wp-content\/uploads\/2017\/10\/CYBERPRZEMOC_www2-300x212.jpg\" width=\"300\" srcset=\"https:\/\/baba.org.pl\/wp-content\/uploads\/2017\/10\/CYBERPRZEMOC_www2-300x212.jpg 300w, https:\/\/baba.org.pl\/wp-content\/uploads\/2017\/10\/CYBERPRZEMOC_www2-1024x724.jpg 1024w, https:\/\/baba.org.pl\/wp-content\/uploads\/2017\/10\/CYBERPRZEMOC_www2-150x106.jpg 150w, https:\/\/baba.org.pl\/wp-content\/uploads\/2017\/10\/CYBERPRZEMOC_www2-768x543.jpg 768w, https:\/\/baba.org.pl\/wp-content\/uploads\/2017\/10\/CYBERPRZEMOC_www2-1536x1086.jpg 1536w, https:\/\/baba.org.pl\/wp-content\/uploads\/2017\/10\/CYBERPRZEMOC_www2.jpg 1754w\" sizes=\"auto, (max-width: 300px) 100vw, 300px\" \/><\/a><\/p>\n","protected":false},"excerpt":{"rendered":"<p>Rozw&oacute;j technologiczny nie idzie w parze z rozwojem kompetencji spo\u0142ecznych, z dojrza\u0142o\u015bci\u0105 psychologiczn\u0105, z szacunkiem dla cz\u0142owieka i ludzkich warto\u015bci. Dost\u0119p do komputera, telefonu kom&oacute;rkowego, mn&oacute;stwa aplikacji i Internetu nie oznacza, \u017ce osoby korzystaj\u0105ce z&nbsp;owych rozwi\u0105za\u0144 i udogodnie\u0144 b\u0119d\u0105 wykorzystywa\u0142y mo\u017cliwo\u015bci technologiczne z po\u017cytkiem dla siebie i innych. \u0179li ludzie wykorzystuj\u0105 dobre rzeczy w z\u0142y [&hellip;]<\/p>\n","protected":false},"author":4,"featured_media":0,"parent":212,"menu_order":2,"comment_status":"closed","ping_status":"closed","template":"","meta":{"footnotes":""},"class_list":["post-4883","page","type-page","status-publish","hentry"],"_links":{"self":[{"href":"https:\/\/baba.org.pl\/index.php\/wp-json\/wp\/v2\/pages\/4883","targetHints":{"allow":["GET"]}}],"collection":[{"href":"https:\/\/baba.org.pl\/index.php\/wp-json\/wp\/v2\/pages"}],"about":[{"href":"https:\/\/baba.org.pl\/index.php\/wp-json\/wp\/v2\/types\/page"}],"author":[{"embeddable":true,"href":"https:\/\/baba.org.pl\/index.php\/wp-json\/wp\/v2\/users\/4"}],"replies":[{"embeddable":true,"href":"https:\/\/baba.org.pl\/index.php\/wp-json\/wp\/v2\/comments?post=4883"}],"version-history":[{"count":6,"href":"https:\/\/baba.org.pl\/index.php\/wp-json\/wp\/v2\/pages\/4883\/revisions"}],"predecessor-version":[{"id":4926,"href":"https:\/\/baba.org.pl\/index.php\/wp-json\/wp\/v2\/pages\/4883\/revisions\/4926"}],"up":[{"embeddable":true,"href":"https:\/\/baba.org.pl\/index.php\/wp-json\/wp\/v2\/pages\/212"}],"wp:attachment":[{"href":"https:\/\/baba.org.pl\/index.php\/wp-json\/wp\/v2\/media?parent=4883"}],"curies":[{"name":"wp","href":"https:\/\/api.w.org\/{rel}","templated":true}]}}