{"id":462,"date":"2011-09-04T22:07:04","date_gmt":"2011-09-04T20:07:04","guid":{"rendered":"http:\/\/babazg.home.pl\/autoinstalator\/wordpress\/?page_id=462"},"modified":"2026-01-20T14:32:54","modified_gmt":"2026-01-20T12:32:54","slug":"baba-w-terenie-terminarz-porad","status":"publish","type":"page","link":"https:\/\/baba.org.pl\/index.php\/baba-w-terenie-terminarz-porad\/","title":{"rendered":"Terminarz porad"},"content":{"rendered":"\n<p class=\"has-text-align-left\">Oferujemy pomoc ofiarom opresji, przemocy, dyskryminacji! Je\u015bli potrzebujesz pomocy zadzwo\u0144, napisz lub przyjd\u017a!<br \/>\nJe\u015bli wiesz, \u017ce kto\u015b potrzebuje pomocy zareaguj!<\/p>\n\n\n\n<p><strong>Przyjd\u017a: Lubuskie Stowarzyszenie na Rzecz Kobiet BABA , Zielona G\u00f3ra,\u2028|<\/strong><br \/>\nStary Rynek 17, wej\u015bcie od ul. Lisowskiego 11A ,<br \/>\nTelefon: 68 454 9232, 692&nbsp;064&nbsp;061<\/p>\n\n\n\n<p><strong>Dy\u017cury doradc\u00f3w\/doradczy\u0144 \u2013 os\u00f3b pierwszego kontaktu:<\/strong><\/p>\n\n\n\n<div class=\"wp-block-group is-vertical is-layout-flex wp-container-core-group-is-layout-8cf370e7 wp-block-group-is-layout-flex\">\n<p>poniedzia\u0142ek 12:30 &#8211; 16:00<\/p>\n\n\n\n<p>wtorek 11:00 &#8211; 18:00<\/p>\n\n\n\n<p>\u015broda 12:30 &#8211; 18:00<\/p>\n\n\n\n<p>czwartek 10:00 &#8211; 15:00<\/p>\n\n\n\n<p>pi\u0105tek 10:00-15:00.<\/p>\n<\/div>\n\n\n\n<p>Rozmow\u0119 ze specjalist\u0105 odb\u0119dziesz tak\u017ce mailowo, napisz:<br \/>\n<a class=\"mailto-link\" href=\"mailto:poradyprawne@baba.org.pl\" target=\"_blank\" rel=\"noopener noreferrer\">poradyprawne@baba.org.pl<\/a>&nbsp;\u2013 dot. zagadnie\u0144 prawnych<br \/>\n<a class=\"mailto-link\" href=\"mailto:baba@baba.org.pl\" target=\"_blank\" rel=\"noopener noreferrer\">baba@baba.org.pl<\/a>&nbsp;\u2013 wszystkie inne problemy<\/p>\n\n\n\n<p><strong>WSZYSTKIE NASZE PORADY S\u0104 BEZP\u0141ATNE!<\/strong><\/p>\n\n\n\n<p>Mo\u017cesz skontaktowa\u0107 si\u0119 z nami telefonicznie, mailowo lub przyj\u015b\u0107 osobi\u015bcie.\u2028 Mo\u017cesz kontaktowa\u0107 si\u0119 te\u017c anonimowo.<\/p>\n\n\n\n<p>&nbsp;<\/p>\n\n\n<div class=\"wp-block-image\">\n<figure class=\"alignleft\"><img loading=\"lazy\" decoding=\"async\" width=\"300\" height=\"117\" src=\"http:\/\/babazg.home.pl\/autoinstalator\/wordpress\/wp-content\/uploads\/2010\/11\/cropped-DSC_9104-Edit-Edit-300x117.jpg\" alt=\"\" class=\"wp-image-4271\" srcset=\"https:\/\/baba.org.pl\/wp-content\/uploads\/2010\/11\/cropped-DSC_9104-Edit-Edit-300x117.jpg 300w, https:\/\/baba.org.pl\/wp-content\/uploads\/2010\/11\/cropped-DSC_9104-Edit-Edit-150x59.jpg 150w, https:\/\/baba.org.pl\/wp-content\/uploads\/2010\/11\/cropped-DSC_9104-Edit-Edit-768x300.jpg 768w, https:\/\/baba.org.pl\/wp-content\/uploads\/2010\/11\/cropped-DSC_9104-Edit-Edit.jpg 940w\" sizes=\"auto, (max-width: 300px) 100vw, 300px\" \/><\/figure>\n<\/div>\n\n\n<p><strong><a href=\"http:\/\/babazg.home.pl\/autoinstalator\/wordpress\/wp-content\/uploads\/2010\/11\/cropped-DSC_9104-Edit-Edit.jpg\" data-lightbox=\"gal[462]\"><span style=\"color: #000080;\"><\/span><\/a><span style=\"color: #000080;\"><span style=\"font-size: 18px;\">&nbsp;<\/span><\/span><\/strong><\/p>\n\n\n\n<p>&nbsp;<\/p>\n\n\n\n<p><strong><span style=\"color: #a52a2a;\"><span style=\"font-size: 20px;\">Serdecznie zapraszamy tak\u017ce do korzystania z naszych broszur prawnych &#8211; tutaj wersje elektroniczne, wystarczy klikn\u0105\u0107:<\/span><\/span><\/strong><\/p>\n\n\n<div class=\"wp-block-image\">\n<figure class=\"alignleft\"><a href=\"http:\/\/babazg.home.pl\/autoinstalator\/wordpress\/wp-content\/uploads\/2017\/06\/Pomagam-\u015bwiadomie-NOWE-WYZWANIA.pdf\"><img loading=\"lazy\" decoding=\"async\" width=\"213\" height=\"300\" src=\"http:\/\/babazg.home.pl\/autoinstalator\/wordpress\/wp-content\/uploads\/2017\/06\/Pomagam-\u015bwiadomie-nw-okladka-1-213x300.jpg\" alt=\"\" class=\"wp-image-4764\" title=\"\" srcset=\"https:\/\/baba.org.pl\/wp-content\/uploads\/2017\/06\/Pomagam-\u015bwiadomie-nw-okladka-1-213x300.jpg 213w, https:\/\/baba.org.pl\/wp-content\/uploads\/2017\/06\/Pomagam-\u015bwiadomie-nw-okladka-1-727x1024.jpg 727w, https:\/\/baba.org.pl\/wp-content\/uploads\/2017\/06\/Pomagam-\u015bwiadomie-nw-okladka-1-106x150.jpg 106w, https:\/\/baba.org.pl\/wp-content\/uploads\/2017\/06\/Pomagam-\u015bwiadomie-nw-okladka-1-768x1082.jpg 768w, https:\/\/baba.org.pl\/wp-content\/uploads\/2017\/06\/Pomagam-\u015bwiadomie-nw-okladka-1.jpg 828w\" sizes=\"auto, (max-width: 213px) 100vw, 213px\" \/><\/a><\/figure>\n<\/div>\n\n<div class=\"wp-block-image\">\n<figure class=\"alignleft\"><a href=\"http:\/\/babazg.home.pl\/autoinstalator\/wordpress\/wp-content\/uploads\/2017\/06\/Je\u015bli-dziecku-dzieje-si\u0119-krzywda-poradnik.pdf\"><img loading=\"lazy\" decoding=\"async\" width=\"212\" height=\"300\" src=\"http:\/\/babazg.home.pl\/autoinstalator\/wordpress\/wp-content\/uploads\/2017\/06\/Je\u015bli-ok\u0142adka.ocrpopr-212x300.jpg\" alt=\"\" class=\"wp-image-4759\" title=\"\" srcset=\"https:\/\/baba.org.pl\/wp-content\/uploads\/2017\/06\/Je\u015bli-ok\u0142adka.ocrpopr-212x300.jpg 212w, https:\/\/baba.org.pl\/wp-content\/uploads\/2017\/06\/Je\u015bli-ok\u0142adka.ocrpopr-723x1024.jpg 723w, https:\/\/baba.org.pl\/wp-content\/uploads\/2017\/06\/Je\u015bli-ok\u0142adka.ocrpopr-106x150.jpg 106w, https:\/\/baba.org.pl\/wp-content\/uploads\/2017\/06\/Je\u015bli-ok\u0142adka.ocrpopr-768x1088.jpg 768w, https:\/\/baba.org.pl\/wp-content\/uploads\/2017\/06\/Je\u015bli-ok\u0142adka.ocrpopr.jpg 825w\" sizes=\"auto, (max-width: 212px) 100vw, 212px\" \/><\/a><\/figure>\n<\/div>\n\n<div class=\"wp-block-image\">\n<figure class=\"alignleft\"><a href=\"http:\/\/babazg.home.pl\/autoinstalator\/wordpress\/wp-content\/uploads\/2015\/01\/BABA_ALCO_3.pdf\"><img loading=\"lazy\" decoding=\"async\" width=\"210\" height=\"300\" src=\"http:\/\/babazg.home.pl\/autoinstalator\/wordpress\/wp-content\/uploads\/2015\/01\/baba-alco-okladka-210x300.jpg\" alt=\"\" class=\"wp-image-3038\" title=\"\" srcset=\"https:\/\/baba.org.pl\/wp-content\/uploads\/2015\/01\/baba-alco-okladka-210x300.jpg 210w, https:\/\/baba.org.pl\/wp-content\/uploads\/2015\/01\/baba-alco-okladka-105x150.jpg 105w, https:\/\/baba.org.pl\/wp-content\/uploads\/2015\/01\/baba-alco-okladka.jpg 601w\" sizes=\"auto, (max-width: 210px) 100vw, 210px\" \/><\/a><\/figure>\n<\/div>\n\n<div class=\"wp-block-image\">\n<figure class=\"alignleft\"><a href=\"http:\/\/babazg.home.pl\/autoinstalator\/wordpress\/wp-content\/uploads\/2016\/10\/seksualna.pdf\"><img decoding=\"async\" src=\"http:\/\/babazg.home.pl\/autoinstalator\/wordpress\/wp-content\/uploads\/2010\/11\/ok\u0142adka-Seks-217x300.jpg\" alt=\"\" class=\"wp-image-2297\" title=\"\"\/><\/a><\/figure>\n<\/div>\n\n\n<p><\/p>\n\n\n<div class=\"wp-block-image\">\n<figure class=\"alignleft\"><a href=\"http:\/\/babazg.home.pl\/autoinstalator\/wordpress\/wp-content\/uploads\/2016\/10\/przemoc-domowa.pdf\"><img decoding=\"async\" src=\"http:\/\/babazg.home.pl\/autoinstalator\/wordpress\/wp-content\/uploads\/2010\/11\/ok\u0142adka-domowa-218x300.jpg\" alt=\"\" class=\"wp-image-2296\" title=\"\"\/><\/a><\/figure>\n<\/div>\n\n<div class=\"wp-block-image\">\n<figure class=\"alignleft\"><a href=\"http:\/\/babazg.home.pl\/autoinstalator\/wordpress\/wp-content\/uploads\/2016\/10\/majatek_done.pdf\"><img loading=\"lazy\" decoding=\"async\" width=\"221\" height=\"300\" src=\"http:\/\/babazg.home.pl\/autoinstalator\/wordpress\/wp-content\/uploads\/2010\/11\/ok\u0142adaka-majatek-221x300.jpg\" alt=\"\" class=\"wp-image-2295\" title=\"\" srcset=\"https:\/\/baba.org.pl\/wp-content\/uploads\/2010\/11\/ok\u0142adaka-majatek-221x300.jpg 221w, https:\/\/baba.org.pl\/wp-content\/uploads\/2010\/11\/ok\u0142adaka-majatek-755x1024.jpg 755w, https:\/\/baba.org.pl\/wp-content\/uploads\/2010\/11\/ok\u0142adaka-majatek-111x150.jpg 111w, https:\/\/baba.org.pl\/wp-content\/uploads\/2010\/11\/ok\u0142adaka-majatek-768x1042.jpg 768w, https:\/\/baba.org.pl\/wp-content\/uploads\/2010\/11\/ok\u0142adaka-majatek-1132x1536.jpg 1132w, https:\/\/baba.org.pl\/wp-content\/uploads\/2010\/11\/ok\u0142adaka-majatek.jpg 1340w\" sizes=\"auto, (max-width: 221px) 100vw, 221px\" \/><\/a><\/figure>\n<\/div>\n\n\n<p><\/p>\n\n\n<div class=\"wp-block-image\">\n<figure class=\"alignleft\"><a href=\"http:\/\/babazg.home.pl\/autoinstalator\/wordpress\/wp-content\/uploads\/2016\/10\/rodzina-done.pdf\"><img decoding=\"async\" src=\"http:\/\/babazg.home.pl\/autoinstalator\/wordpress\/wp-content\/uploads\/2013\/09\/ok\u0142adka-rodzina-216x300.jpg\" alt=\"\" class=\"wp-image-2293\" title=\"\"\/><\/a><\/figure>\n<\/div>\n\n\n<p><\/p>\n","protected":false},"excerpt":{"rendered":"<p>Oferujemy pomoc ofiarom opresji, przemocy, dyskryminacji! Je\u015bli potrzebujesz pomocy zadzwo\u0144, napisz lub przyjd\u017a! Je\u015bli wiesz, \u017ce kto\u015b potrzebuje pomocy zareaguj! Przyjd\u017a: Lubuskie Stowarzyszenie na Rzecz Kobiet BABA , Zielona G\u00f3ra,\u2028| Stary Rynek 17, wej\u015bcie od ul. Lisowskiego 11A , Telefon: 68 454 9232, 692&nbsp;064&nbsp;061 Dy\u017cury doradc\u00f3w\/doradczy\u0144 \u2013 os\u00f3b pierwszego kontaktu: poniedzia\u0142ek 12:30 &#8211; 16:00 wtorek [&hellip;]<\/p>\n","protected":false},"author":6,"featured_media":0,"parent":0,"menu_order":40,"comment_status":"closed","ping_status":"closed","template":"","meta":{"footnotes":""},"class_list":["post-462","page","type-page","status-publish","hentry"],"_links":{"self":[{"href":"https:\/\/baba.org.pl\/index.php\/wp-json\/wp\/v2\/pages\/462","targetHints":{"allow":["GET"]}}],"collection":[{"href":"https:\/\/baba.org.pl\/index.php\/wp-json\/wp\/v2\/pages"}],"about":[{"href":"https:\/\/baba.org.pl\/index.php\/wp-json\/wp\/v2\/types\/page"}],"author":[{"embeddable":true,"href":"https:\/\/baba.org.pl\/index.php\/wp-json\/wp\/v2\/users\/6"}],"replies":[{"embeddable":true,"href":"https:\/\/baba.org.pl\/index.php\/wp-json\/wp\/v2\/comments?post=462"}],"version-history":[{"count":306,"href":"https:\/\/baba.org.pl\/index.php\/wp-json\/wp\/v2\/pages\/462\/revisions"}],"predecessor-version":[{"id":7572,"href":"https:\/\/baba.org.pl\/index.php\/wp-json\/wp\/v2\/pages\/462\/revisions\/7572"}],"wp:attachment":[{"href":"https:\/\/baba.org.pl\/index.php\/wp-json\/wp\/v2\/media?parent=462"}],"curies":[{"name":"wp","href":"https:\/\/api.w.org\/{rel}","templated":true}]}}