{"id":4090,"date":"2016-03-30T11:16:16","date_gmt":"2016-03-30T09:16:16","guid":{"rendered":"http:\/\/baba.org.pl\/?page_id=4090"},"modified":"2016-03-30T11:17:36","modified_gmt":"2016-03-30T09:17:36","slug":"gorzowska-konferencja-kobiet","status":"publish","type":"page","link":"https:\/\/baba.org.pl\/index.php\/kongresy\/gorzowska-konferencja-kobiet\/","title":{"rendered":"Gorzowska konferencja kobiet"},"content":{"rendered":"<p>Od 11 lat Gra\u017cyna Wojciechowska (Fundacja Czysta Woda) organizuje konferencje kobiet. Zawsze tam jeste\u015bmy. Dla G<a href=\"http:\/\/babazg.home.pl\/autoinstalator\/wordpress\/wp-content\/uploads\/2016\/03\/gorz\u00f3w2.jpg\" rel=\"attachment wp-att-4087\"><img loading=\"lazy\" decoding=\"async\" alt=\"gorz\u00f3w2\" class=\"alignleft size-medium wp-image-4087\" height=\"200\" src=\"http:\/\/babazg.home.pl\/autoinstalator\/wordpress\/wp-content\/uploads\/2016\/03\/gorz\u00f3w2-300x200.jpg\" width=\"300\" srcset=\"https:\/\/baba.org.pl\/wp-content\/uploads\/2016\/03\/gorz\u00f3w2-300x200.jpg 300w, https:\/\/baba.org.pl\/wp-content\/uploads\/2016\/03\/gorz\u00f3w2-150x100.jpg 150w, https:\/\/baba.org.pl\/wp-content\/uploads\/2016\/03\/gorz\u00f3w2-768x513.jpg 768w, https:\/\/baba.org.pl\/wp-content\/uploads\/2016\/03\/gorz\u00f3w2.jpg 783w\" sizes=\"auto, (max-width: 300px) 100vw, 300px\" \/><\/a> <a href=\"http:\/\/babazg.home.pl\/autoinstalator\/wordpress\/wp-content\/uploads\/2016\/03\/IMG_4284-1.jpg\" rel=\"attachment wp-att-4086\"><img loading=\"lazy\" decoding=\"async\" alt=\"IMG_4284\" class=\"alignleft size-medium wp-image-4086\" height=\"200\" src=\"http:\/\/babazg.home.pl\/autoinstalator\/wordpress\/wp-content\/uploads\/2016\/03\/IMG_4284-1-300x200.jpg\" width=\"300\" srcset=\"https:\/\/baba.org.pl\/wp-content\/uploads\/2016\/03\/IMG_4284-1-300x200.jpg 300w, https:\/\/baba.org.pl\/wp-content\/uploads\/2016\/03\/IMG_4284-1-1024x683.jpg 1024w, https:\/\/baba.org.pl\/wp-content\/uploads\/2016\/03\/IMG_4284-1-150x100.jpg 150w, https:\/\/baba.org.pl\/wp-content\/uploads\/2016\/03\/IMG_4284-1-768x512.jpg 768w, https:\/\/baba.org.pl\/wp-content\/uploads\/2016\/03\/IMG_4284-1.jpg 1165w\" sizes=\"auto, (max-width: 300px) 100vw, 300px\" \/><\/a> <a href=\"http:\/\/babazg.home.pl\/autoinstalator\/wordpress\/wp-content\/uploads\/2016\/03\/IMG_4652.jpg\" rel=\"attachment wp-att-4085\"><img loading=\"lazy\" decoding=\"async\" alt=\"IMG_4652\" class=\"alignleft size-medium wp-image-4085\" height=\"200\" src=\"http:\/\/babazg.home.pl\/autoinstalator\/wordpress\/wp-content\/uploads\/2016\/03\/IMG_4652-300x200.jpg\" width=\"300\" srcset=\"https:\/\/baba.org.pl\/wp-content\/uploads\/2016\/03\/IMG_4652-300x200.jpg 300w, https:\/\/baba.org.pl\/wp-content\/uploads\/2016\/03\/IMG_4652-1024x683.jpg 1024w, https:\/\/baba.org.pl\/wp-content\/uploads\/2016\/03\/IMG_4652-150x100.jpg 150w, https:\/\/baba.org.pl\/wp-content\/uploads\/2016\/03\/IMG_4652-768x512.jpg 768w, https:\/\/baba.org.pl\/wp-content\/uploads\/2016\/03\/IMG_4652.jpg 1165w\" sizes=\"auto, (max-width: 300px) 100vw, 300px\" \/><\/a> <a href=\"http:\/\/babazg.home.pl\/autoinstalator\/wordpress\/wp-content\/uploads\/2016\/03\/IMG_4640.jpg\" rel=\"attachment wp-att-4083\"><img loading=\"lazy\" decoding=\"async\" alt=\"IMG_4640\" class=\"alignleft size-medium wp-image-4083\" height=\"200\" src=\"http:\/\/babazg.home.pl\/autoinstalator\/wordpress\/wp-content\/uploads\/2016\/03\/IMG_4640-300x200.jpg\" width=\"300\" srcset=\"https:\/\/baba.org.pl\/wp-content\/uploads\/2016\/03\/IMG_4640-300x200.jpg 300w, https:\/\/baba.org.pl\/wp-content\/uploads\/2016\/03\/IMG_4640-1024x683.jpg 1024w, https:\/\/baba.org.pl\/wp-content\/uploads\/2016\/03\/IMG_4640-150x100.jpg 150w, https:\/\/baba.org.pl\/wp-content\/uploads\/2016\/03\/IMG_4640-768x512.jpg 768w, https:\/\/baba.org.pl\/wp-content\/uploads\/2016\/03\/IMG_4640.jpg 1165w\" sizes=\"auto, (max-width: 300px) 100vw, 300px\" \/><\/a> <a href=\"http:\/\/babazg.home.pl\/autoinstalator\/wordpress\/wp-content\/uploads\/2016\/03\/IMG_2431-1024x626.jpg\" rel=\"attachment wp-att-3860\"><img loading=\"lazy\" decoding=\"async\" alt=\"IMG_2431-1024x626\" class=\"alignleft size-medium wp-image-3860\" height=\"300\" src=\"http:\/\/babazg.home.pl\/autoinstalator\/wordpress\/wp-content\/uploads\/2016\/03\/IMG_2431-1024x626-257x300.jpg\" width=\"257\" srcset=\"https:\/\/baba.org.pl\/wp-content\/uploads\/2016\/03\/IMG_2431-1024x626-257x300.jpg 257w, https:\/\/baba.org.pl\/wp-content\/uploads\/2016\/03\/IMG_2431-1024x626-128x150.jpg 128w, https:\/\/baba.org.pl\/wp-content\/uploads\/2016\/03\/IMG_2431-1024x626.jpg 446w\" sizes=\"auto, (max-width: 257px) 100vw, 257px\" \/><\/a> <a href=\"http:\/\/babazg.home.pl\/autoinstalator\/wordpress\/wp-content\/uploads\/2016\/03\/Projekt-XI-Konferencji-Kobiet.ver3_.03.02-1.doc\" rel=\"\">Projekt XI Konferencji Kobiet.ver3.03.02 (1)<\/a> <a href=\"http:\/\/babazg.home.pl\/autoinstalator\/wordpress\/wp-content\/uploads\/2015\/06\/IMG_2420.jpg\" rel=\"attachment wp-att-3314\"><img loading=\"lazy\" decoding=\"async\" alt=\"IMG_2420\" class=\"alignleft size-medium wp-image-3314\" height=\"200\" src=\"http:\/\/babazg.home.pl\/autoinstalator\/wordpress\/wp-content\/uploads\/2015\/06\/IMG_2420-300x200.jpg\" width=\"300\" srcset=\"https:\/\/baba.org.pl\/wp-content\/uploads\/2015\/06\/IMG_2420-300x200.jpg 300w, https:\/\/baba.org.pl\/wp-content\/uploads\/2015\/06\/IMG_2420-1024x683.jpg 1024w, https:\/\/baba.org.pl\/wp-content\/uploads\/2015\/06\/IMG_2420-150x100.jpg 150w, https:\/\/baba.org.pl\/wp-content\/uploads\/2015\/06\/IMG_2420-768x512.jpg 768w, https:\/\/baba.org.pl\/wp-content\/uploads\/2015\/06\/IMG_2420-1536x1024.jpg 1536w, https:\/\/baba.org.pl\/wp-content\/uploads\/2015\/06\/IMG_2420.jpg 1600w\" sizes=\"auto, (max-width: 300px) 100vw, 300px\" \/><\/a> <a href=\"http:\/\/babazg.home.pl\/autoinstalator\/wordpress\/wp-content\/uploads\/2015\/03\/10903928_1126369850713317_5812873845984129554_o.jpg\" rel=\"attachment wp-att-3251\"><img loading=\"lazy\" decoding=\"async\" alt=\"10903928_1126369850713317_5812873845984129554_o\" class=\"alignleft size-medium wp-image-3251\" height=\"169\" src=\"http:\/\/babazg.home.pl\/autoinstalator\/wordpress\/wp-content\/uploads\/2015\/03\/10903928_1126369850713317_5812873845984129554_o-300x169.jpg\" width=\"300\" srcset=\"https:\/\/baba.org.pl\/wp-content\/uploads\/2015\/03\/10903928_1126369850713317_5812873845984129554_o-300x169.jpg 300w, https:\/\/baba.org.pl\/wp-content\/uploads\/2015\/03\/10903928_1126369850713317_5812873845984129554_o-1024x576.jpg 1024w, https:\/\/baba.org.pl\/wp-content\/uploads\/2015\/03\/10903928_1126369850713317_5812873845984129554_o-150x84.jpg 150w, https:\/\/baba.org.pl\/wp-content\/uploads\/2015\/03\/10903928_1126369850713317_5812873845984129554_o-768x432.jpg 768w, https:\/\/baba.org.pl\/wp-content\/uploads\/2015\/03\/10903928_1126369850713317_5812873845984129554_o-1536x864.jpg 1536w, https:\/\/baba.org.pl\/wp-content\/uploads\/2015\/03\/10903928_1126369850713317_5812873845984129554_o.jpg 2048w\" sizes=\"auto, (max-width: 300px) 100vw, 300px\" \/><\/a> <a href=\"http:\/\/babazg.home.pl\/autoinstalator\/wordpress\/wp-content\/uploads\/2015\/03\/11043222_1130879170262385_3562756783136447486_o.jpg\" rel=\"attachment wp-att-3253\"><img loading=\"lazy\" decoding=\"async\" alt=\"11043222_1130879170262385_3562756783136447486_o\" class=\"alignleft size-medium wp-image-3253\" height=\"147\" src=\"http:\/\/babazg.home.pl\/autoinstalator\/wordpress\/wp-content\/uploads\/2015\/03\/11043222_1130879170262385_3562756783136447486_o-300x147.jpg\" width=\"300\" srcset=\"https:\/\/baba.org.pl\/wp-content\/uploads\/2015\/03\/11043222_1130879170262385_3562756783136447486_o-300x147.jpg 300w, https:\/\/baba.org.pl\/wp-content\/uploads\/2015\/03\/11043222_1130879170262385_3562756783136447486_o-1024x500.jpg 1024w, https:\/\/baba.org.pl\/wp-content\/uploads\/2015\/03\/11043222_1130879170262385_3562756783136447486_o-150x73.jpg 150w, https:\/\/baba.org.pl\/wp-content\/uploads\/2015\/03\/11043222_1130879170262385_3562756783136447486_o-768x375.jpg 768w, https:\/\/baba.org.pl\/wp-content\/uploads\/2015\/03\/11043222_1130879170262385_3562756783136447486_o.jpg 1199w\" sizes=\"auto, (max-width: 300px) 100vw, 300px\" \/><\/a> <a href=\"http:\/\/babazg.home.pl\/autoinstalator\/wordpress\/wp-content\/uploads\/2015\/03\/11034366_1126369614046674_7699509149125973015_o.jpg\" rel=\"attachment wp-att-3252\"><img loading=\"lazy\" decoding=\"async\" alt=\"11034366_1126369614046674_7699509149125973015_o\" class=\"alignleft size-medium wp-image-3252\" height=\"168\" src=\"http:\/\/babazg.home.pl\/autoinstalator\/wordpress\/wp-content\/uploads\/2015\/03\/11034366_1126369614046674_7699509149125973015_o-300x168.jpg\" width=\"300\" srcset=\"https:\/\/baba.org.pl\/wp-content\/uploads\/2015\/03\/11034366_1126369614046674_7699509149125973015_o-300x168.jpg 300w, https:\/\/baba.org.pl\/wp-content\/uploads\/2015\/03\/11034366_1126369614046674_7699509149125973015_o-1024x574.jpg 1024w, https:\/\/baba.org.pl\/wp-content\/uploads\/2015\/03\/11034366_1126369614046674_7699509149125973015_o-150x84.jpg 150w, https:\/\/baba.org.pl\/wp-content\/uploads\/2015\/03\/11034366_1126369614046674_7699509149125973015_o-768x431.jpg 768w, https:\/\/baba.org.pl\/wp-content\/uploads\/2015\/03\/11034366_1126369614046674_7699509149125973015_o-1536x861.jpg 1536w, https:\/\/baba.org.pl\/wp-content\/uploads\/2015\/03\/11034366_1126369614046674_7699509149125973015_o.jpg 2048w\" sizes=\"auto, (max-width: 300px) 100vw, 300px\" \/><\/a> <a href=\"http:\/\/babazg.home.pl\/autoinstalator\/wordpress\/wp-content\/uploads\/2015\/03\/11063946_1126369754046660_5937560796159718055_o.jpg\" rel=\"attachment wp-att-3254\"><img loading=\"lazy\" decoding=\"async\" alt=\"11063946_1126369754046660_5937560796159718055_o\" class=\"alignleft size-medium wp-image-3254\" height=\"168\" src=\"http:\/\/babazg.home.pl\/autoinstalator\/wordpress\/wp-content\/uploads\/2015\/03\/11063946_1126369754046660_5937560796159718055_o-300x168.jpg\" width=\"300\" srcset=\"https:\/\/baba.org.pl\/wp-content\/uploads\/2015\/03\/11063946_1126369754046660_5937560796159718055_o-300x168.jpg 300w, https:\/\/baba.org.pl\/wp-content\/uploads\/2015\/03\/11063946_1126369754046660_5937560796159718055_o-1024x574.jpg 1024w, https:\/\/baba.org.pl\/wp-content\/uploads\/2015\/03\/11063946_1126369754046660_5937560796159718055_o-150x84.jpg 150w, https:\/\/baba.org.pl\/wp-content\/uploads\/2015\/03\/11063946_1126369754046660_5937560796159718055_o-768x431.jpg 768w, https:\/\/baba.org.pl\/wp-content\/uploads\/2015\/03\/11063946_1126369754046660_5937560796159718055_o-1536x861.jpg 1536w, https:\/\/baba.org.pl\/wp-content\/uploads\/2015\/03\/11063946_1126369754046660_5937560796159718055_o.jpg 2048w\" sizes=\"auto, (max-width: 300px) 100vw, 300px\" \/><\/a> <a href=\"http:\/\/babazg.home.pl\/autoinstalator\/wordpress\/wp-content\/uploads\/2015\/03\/11070739_1130878840262418_193186964490828928_o.jpg\" rel=\"attachment wp-att-3255\"><img loading=\"lazy\" decoding=\"async\" alt=\"11070739_1130878840262418_193186964490828928_o\" class=\"alignleft size-medium wp-image-3255\" height=\"196\" src=\"http:\/\/babazg.home.pl\/autoinstalator\/wordpress\/wp-content\/uploads\/2015\/03\/11070739_1130878840262418_193186964490828928_o-300x196.jpg\" width=\"300\" srcset=\"https:\/\/baba.org.pl\/wp-content\/uploads\/2015\/03\/11070739_1130878840262418_193186964490828928_o-300x196.jpg 300w, https:\/\/baba.org.pl\/wp-content\/uploads\/2015\/03\/11070739_1130878840262418_193186964490828928_o-150x98.jpg 150w, https:\/\/baba.org.pl\/wp-content\/uploads\/2015\/03\/11070739_1130878840262418_193186964490828928_o-768x503.jpg 768w, https:\/\/baba.org.pl\/wp-content\/uploads\/2015\/03\/11070739_1130878840262418_193186964490828928_o-665x435.jpg 665w, https:\/\/baba.org.pl\/wp-content\/uploads\/2015\/03\/11070739_1130878840262418_193186964490828928_o.jpg 990w\" sizes=\"auto, (max-width: 300px) 100vw, 300px\" \/><\/a>orzowianek, dla Gra\u017cyny.&nbsp;<\/p>\n","protected":false},"excerpt":{"rendered":"<p>Od 11 lat Gra\u017cyna Wojciechowska (Fundacja Czysta Woda) organizuje konferencje kobiet. Zawsze tam jeste\u015bmy. Dla G Projekt XI Konferencji Kobiet.ver3.03.02 (1) orzowianek, dla Gra\u017cyny.&nbsp;<\/p>\n","protected":false},"author":4,"featured_media":0,"parent":4002,"menu_order":3,"comment_status":"closed","ping_status":"closed","template":"","meta":{"footnotes":""},"class_list":["post-4090","page","type-page","status-publish","hentry"],"_links":{"self":[{"href":"https:\/\/baba.org.pl\/index.php\/wp-json\/wp\/v2\/pages\/4090","targetHints":{"allow":["GET"]}}],"collection":[{"href":"https:\/\/baba.org.pl\/index.php\/wp-json\/wp\/v2\/pages"}],"about":[{"href":"https:\/\/baba.org.pl\/index.php\/wp-json\/wp\/v2\/types\/page"}],"author":[{"embeddable":true,"href":"https:\/\/baba.org.pl\/index.php\/wp-json\/wp\/v2\/users\/4"}],"replies":[{"embeddable":true,"href":"https:\/\/baba.org.pl\/index.php\/wp-json\/wp\/v2\/comments?post=4090"}],"version-history":[{"count":1,"href":"https:\/\/baba.org.pl\/index.php\/wp-json\/wp\/v2\/pages\/4090\/revisions"}],"predecessor-version":[{"id":4093,"href":"https:\/\/baba.org.pl\/index.php\/wp-json\/wp\/v2\/pages\/4090\/revisions\/4093"}],"up":[{"embeddable":true,"href":"https:\/\/baba.org.pl\/index.php\/wp-json\/wp\/v2\/pages\/4002"}],"wp:attachment":[{"href":"https:\/\/baba.org.pl\/index.php\/wp-json\/wp\/v2\/media?parent=4090"}],"curies":[{"name":"wp","href":"https:\/\/api.w.org\/{rel}","templated":true}]}}