{"id":4079,"date":"2016-03-29T22:08:30","date_gmt":"2016-03-29T20:08:30","guid":{"rendered":"http:\/\/baba.org.pl\/?page_id=4079"},"modified":"2016-04-27T10:58:55","modified_gmt":"2016-04-27T08:58:55","slug":"wspolpraca","status":"publish","type":"page","link":"https:\/\/baba.org.pl\/index.php\/wspolpraca\/","title":{"rendered":"Wsp\u00f3\u0142praca"},"content":{"rendered":"<p><a href=\"http:\/\/babazg.home.pl\/autoinstalator\/wordpress\/wp-content\/uploads\/2015\/08\/11088396_983942921623749_1448750269250603194_n.jpg\" data-lightbox=\"gal[4079]\" rel=\"attachment wp-att-3507\" style=\"\" target=\"\" title=\"\"><img loading=\"lazy\" decoding=\"async\" alt=\"11088396_983942921623749_1448750269250603194_n\" class=\"alignleft size-medium wp-image-3507\" height=\"152\" src=\"http:\/\/babazg.home.pl\/autoinstalator\/wordpress\/wp-content\/uploads\/2015\/08\/11088396_983942921623749_1448750269250603194_n-300x169.jpg\" style=\"\" title=\"\" width=\"270\" srcset=\"https:\/\/baba.org.pl\/wp-content\/uploads\/2015\/08\/11088396_983942921623749_1448750269250603194_n-300x169.jpg 300w, https:\/\/baba.org.pl\/wp-content\/uploads\/2015\/08\/11088396_983942921623749_1448750269250603194_n-150x84.jpg 150w, https:\/\/baba.org.pl\/wp-content\/uploads\/2015\/08\/11088396_983942921623749_1448750269250603194_n-768x432.jpg 768w, https:\/\/baba.org.pl\/wp-content\/uploads\/2015\/08\/11088396_983942921623749_1448750269250603194_n.jpg 960w\" sizes=\"auto, (max-width: 270px) 100vw, 270px\" \/><\/a>Uwielbiamy wsp&oacute;\u0142prac\u0119. Lokaln\u0105 &#8211; w Zielonej G&oacute;rze i wojew&oacute;dztwie lubuskim, w Polsce i w ca\u0142ej Europie. Nie ma nic lepszego w dzia\u0142ano\u015bci trzeciego sektora, jak nieustanne uczenie si\u0119 od siebie, wspieranie pomys\u0142&oacute;w i akcji, wsp&oacute;lne dzia\u0142anie w konkretnej sprawie, wymiana informacji, dobrych praktych. A po tym &#8211; poznawanie <a href=\"http:\/\/babazg.home.pl\/autoinstalator\/wordpress\/wp-content\/uploads\/2016\/03\/IMG_4652.jpg\" data-lightbox=\"gal[4079]\" rel=\"attachment wp-att-4085\" style=\"\" target=\"\" title=\"\"><img loading=\"lazy\" decoding=\"async\" alt=\"IMG_4652\" class=\"alignleft size-medium wp-image-4085\" height=\"180\" src=\"http:\/\/babazg.home.pl\/autoinstalator\/wordpress\/wp-content\/uploads\/2016\/03\/IMG_4652-300x200.jpg\" style=\"\" title=\"\" width=\"270\" srcset=\"https:\/\/baba.org.pl\/wp-content\/uploads\/2016\/03\/IMG_4652-300x200.jpg 300w, https:\/\/baba.org.pl\/wp-content\/uploads\/2016\/03\/IMG_4652-1024x683.jpg 1024w, https:\/\/baba.org.pl\/wp-content\/uploads\/2016\/03\/IMG_4652-150x100.jpg 150w, https:\/\/baba.org.pl\/wp-content\/uploads\/2016\/03\/IMG_4652-768x512.jpg 768w, https:\/\/baba.org.pl\/wp-content\/uploads\/2016\/03\/IMG_4652.jpg 1165w\" sizes=\"auto, (max-width: 270px) 100vw, 270px\" \/><\/a>wspania\u0142ych ludzi, nieustanna inspiracja ich prac\u0105 i dzia\u0142ano\u015bci\u0105 &#8211; wzbogaca BAB\u0118.<br \/>\n\t<a href=\"http:\/\/babazg.home.pl\/autoinstalator\/wordpress\/wp-content\/uploads\/2011\/09\/DSC03093.jpg\" data-lightbox=\"gal[4079]\" rel=\"attachment wp-att-3964\"><img loading=\"lazy\" decoding=\"async\" alt=\"DSC03093\" class=\"alignleft size-medium wp-image-3964\" height=\"169\" src=\"http:\/\/babazg.home.pl\/autoinstalator\/wordpress\/wp-content\/uploads\/2011\/09\/DSC03093-300x169.jpg\" width=\"300\" srcset=\"https:\/\/baba.org.pl\/wp-content\/uploads\/2011\/09\/DSC03093-300x169.jpg 300w, https:\/\/baba.org.pl\/wp-content\/uploads\/2011\/09\/DSC03093-1024x576.jpg 1024w, https:\/\/baba.org.pl\/wp-content\/uploads\/2011\/09\/DSC03093-150x84.jpg 150w, https:\/\/baba.org.pl\/wp-content\/uploads\/2011\/09\/DSC03093-768x432.jpg 768w, https:\/\/baba.org.pl\/wp-content\/uploads\/2011\/09\/DSC03093-1536x864.jpg 1536w, https:\/\/baba.org.pl\/wp-content\/uploads\/2011\/09\/DSC03093.jpg 1595w\" sizes=\"auto, (max-width: 300px) 100vw, 300px\" \/><\/a><a href=\"http:\/\/babazg.home.pl\/autoinstalator\/wordpress\/wp-content\/uploads\/2010\/11\/12771705_1306938609320163_5776819716542310039_o.jpg\" data-lightbox=\"gal[4079]\" rel=\"attachment wp-att-3902\" style=\"\" target=\"\" title=\"\"><img loading=\"lazy\" decoding=\"async\" alt=\"12771705_1306938609320163_5776819716542310039_o\" class=\"alignleft size-medium wp-image-3902\" height=\"182\" src=\"http:\/\/babazg.home.pl\/autoinstalator\/wordpress\/wp-content\/uploads\/2010\/11\/12771705_1306938609320163_5776819716542310039_o-300x202.jpg\" style=\"\" title=\"\" width=\"270\" srcset=\"https:\/\/baba.org.pl\/wp-content\/uploads\/2010\/11\/12771705_1306938609320163_5776819716542310039_o-300x202.jpg 300w, https:\/\/baba.org.pl\/wp-content\/uploads\/2010\/11\/12771705_1306938609320163_5776819716542310039_o-1024x690.jpg 1024w, https:\/\/baba.org.pl\/wp-content\/uploads\/2010\/11\/12771705_1306938609320163_5776819716542310039_o-150x101.jpg 150w, https:\/\/baba.org.pl\/wp-content\/uploads\/2010\/11\/12771705_1306938609320163_5776819716542310039_o-768x517.jpg 768w, https:\/\/baba.org.pl\/wp-content\/uploads\/2010\/11\/12771705_1306938609320163_5776819716542310039_o-1536x1035.jpg 1536w, https:\/\/baba.org.pl\/wp-content\/uploads\/2010\/11\/12771705_1306938609320163_5776819716542310039_o.jpg 1559w\" sizes=\"auto, (max-width: 270px) 100vw, 270px\" \/><\/a><a href=\"http:\/\/babazg.home.pl\/autoinstalator\/wordpress\/wp-content\/uploads\/2010\/11\/10424284_712269542182917_7618716985229393825_n.jpg\" data-lightbox=\"gal[4079]\" rel=\"attachment wp-att-3891\" style=\"\" target=\"\" title=\"\"><img loading=\"lazy\" decoding=\"async\" alt=\"10424284_712269542182917_7618716985229393825_n\" class=\"alignleft size-medium wp-image-3891\" height=\"180\" src=\"http:\/\/babazg.home.pl\/autoinstalator\/wordpress\/wp-content\/uploads\/2010\/11\/10424284_712269542182917_7618716985229393825_n-300x225.jpg\" style=\"\" title=\"\" width=\"240\" srcset=\"https:\/\/baba.org.pl\/wp-content\/uploads\/2010\/11\/10424284_712269542182917_7618716985229393825_n-300x225.jpg 300w, https:\/\/baba.org.pl\/wp-content\/uploads\/2010\/11\/10424284_712269542182917_7618716985229393825_n-150x113.jpg 150w, https:\/\/baba.org.pl\/wp-content\/uploads\/2010\/11\/10424284_712269542182917_7618716985229393825_n.jpg 480w\" sizes=\"auto, (max-width: 240px) 100vw, 240px\" \/><\/a><a href=\"http:\/\/babazg.home.pl\/autoinstalator\/wordpress\/wp-content\/uploads\/2014\/09\/wszystkie.jpg\" data-lightbox=\"gal[4079]\" rel=\"attachment wp-att-2839\" style=\"\" target=\"\" title=\"\"><img loading=\"lazy\" decoding=\"async\" alt=\"wszystkie\" class=\"alignleft size-medium wp-image-2839\" height=\"179\" src=\"http:\/\/babazg.home.pl\/autoinstalator\/wordpress\/wp-content\/uploads\/2014\/09\/wszystkie-300x199.jpg\" style=\"\" title=\"\" width=\"270\" srcset=\"https:\/\/baba.org.pl\/wp-content\/uploads\/2014\/09\/wszystkie-300x199.jpg 300w, https:\/\/baba.org.pl\/wp-content\/uploads\/2014\/09\/wszystkie-150x100.jpg 150w, https:\/\/baba.org.pl\/wp-content\/uploads\/2014\/09\/wszystkie-768x510.jpg 768w, https:\/\/baba.org.pl\/wp-content\/uploads\/2014\/09\/wszystkie.jpg 960w\" sizes=\"auto, (max-width: 270px) 100vw, 270px\" \/><\/a><\/p>\n","protected":false},"excerpt":{"rendered":"<p>Uwielbiamy wsp&oacute;\u0142prac\u0119. Lokaln\u0105 &#8211; w Zielonej G&oacute;rze i wojew&oacute;dztwie lubuskim, w Polsce i w ca\u0142ej Europie. Nie ma nic lepszego w dzia\u0142ano\u015bci trzeciego sektora, jak nieustanne uczenie si\u0119 od siebie, wspieranie pomys\u0142&oacute;w i akcji, wsp&oacute;lne dzia\u0142anie w konkretnej sprawie, wymiana informacji, dobrych praktych. A po tym &#8211; poznawanie wspania\u0142ych ludzi, nieustanna inspiracja ich prac\u0105 i [&hellip;]<\/p>\n","protected":false},"author":4,"featured_media":0,"parent":0,"menu_order":0,"comment_status":"closed","ping_status":"closed","template":"","meta":{"footnotes":""},"class_list":["post-4079","page","type-page","status-publish","hentry"],"_links":{"self":[{"href":"https:\/\/baba.org.pl\/index.php\/wp-json\/wp\/v2\/pages\/4079","targetHints":{"allow":["GET"]}}],"collection":[{"href":"https:\/\/baba.org.pl\/index.php\/wp-json\/wp\/v2\/pages"}],"about":[{"href":"https:\/\/baba.org.pl\/index.php\/wp-json\/wp\/v2\/types\/page"}],"author":[{"embeddable":true,"href":"https:\/\/baba.org.pl\/index.php\/wp-json\/wp\/v2\/users\/4"}],"replies":[{"embeddable":true,"href":"https:\/\/baba.org.pl\/index.php\/wp-json\/wp\/v2\/comments?post=4079"}],"version-history":[{"count":5,"href":"https:\/\/baba.org.pl\/index.php\/wp-json\/wp\/v2\/pages\/4079\/revisions"}],"predecessor-version":[{"id":4197,"href":"https:\/\/baba.org.pl\/index.php\/wp-json\/wp\/v2\/pages\/4079\/revisions\/4197"}],"wp:attachment":[{"href":"https:\/\/baba.org.pl\/index.php\/wp-json\/wp\/v2\/media?parent=4079"}],"curies":[{"name":"wp","href":"https:\/\/api.w.org\/{rel}","templated":true}]}}