{"id":4070,"date":"2016-03-29T21:40:20","date_gmt":"2016-03-29T19:40:20","guid":{"rendered":"http:\/\/baba.org.pl\/?page_id=4070"},"modified":"2016-04-27T10:32:04","modified_gmt":"2016-04-27T08:32:04","slug":"szkolenia","status":"publish","type":"page","link":"https:\/\/baba.org.pl\/index.php\/szkolenia\/","title":{"rendered":"Szkolenia"},"content":{"rendered":"<p>Wyznajemy zasad\u0119, \u017ce zdobyt\u0105 wiedz\u0105 nale\u017cy si\u0119 dzieli\u0107. Dlatego szkolimy, szkolimy i szkolimy:<br \/>\n\tDzieci i m\u0142odzie\u017c &#8211; przede wszystkim prawa, zasad bezpiecze\u0144stwa, r&oacute;wno\u015bci i rozwiazywania konflikt&oacute;w bez uzycia przemocy.&nbsp;<br \/>\n\tDoros\u0142ych &#8211; przygotowujemy do pomocy potrzebuj\u0105cym. chcesz pomaga\u0107 wolontariacko, jako osoba pierszego wsparcia, osoba pierwszego kontaktu oraz asystent ofiary &#8211; przygotujemy ci\u0119 do tej pracy.<\/p>\n<p>Pracujesz zawodowo jako pedagog, nauczyciel, pracownik pomocy spo\u0142ecznej &#8211; oferujemy ci celowane szkolenia oraz superwizj\u0119.&nbsp;<br \/>\n\t<a href=\"http:\/\/babazg.home.pl\/autoinstalator\/wordpress\/wp-content\/uploads\/2016\/03\/DSC_9112-Edit.jpg\" data-lightbox=\"gal[4070]\" rel=\"attachment wp-att-4186\" style=\"\" target=\"\" title=\"\"><img loading=\"lazy\" decoding=\"async\" alt=\"DSC_9112-Edit\" class=\"alignleft size-medium wp-image-4186\" height=\"180\" src=\"http:\/\/babazg.home.pl\/autoinstalator\/wordpress\/wp-content\/uploads\/2016\/03\/DSC_9112-Edit-300x200.jpg\" style=\"\" title=\"\" width=\"270\" srcset=\"https:\/\/baba.org.pl\/wp-content\/uploads\/2016\/03\/DSC_9112-Edit-300x200.jpg 300w, https:\/\/baba.org.pl\/wp-content\/uploads\/2016\/03\/DSC_9112-Edit-1024x684.jpg 1024w, https:\/\/baba.org.pl\/wp-content\/uploads\/2016\/03\/DSC_9112-Edit-150x100.jpg 150w, https:\/\/baba.org.pl\/wp-content\/uploads\/2016\/03\/DSC_9112-Edit-768x513.jpg 768w, https:\/\/baba.org.pl\/wp-content\/uploads\/2016\/03\/DSC_9112-Edit-1536x1025.jpg 1536w, https:\/\/baba.org.pl\/wp-content\/uploads\/2016\/03\/DSC_9112-Edit.jpg 2048w\" sizes=\"auto, (max-width: 270px) 100vw, 270px\" \/><\/a><a href=\"http:\/\/babazg.home.pl\/autoinstalator\/wordpress\/wp-content\/uploads\/2016\/03\/DSC_9119-Edit.jpg\" data-lightbox=\"gal[4070]\" rel=\"attachment wp-att-4187\" style=\"\" target=\"\" title=\"\"><img loading=\"lazy\" decoding=\"async\" alt=\"DSC_9119-Edit\" class=\"alignleft size-medium wp-image-4187\" height=\"180\" src=\"http:\/\/babazg.home.pl\/autoinstalator\/wordpress\/wp-content\/uploads\/2016\/03\/DSC_9119-Edit-300x200.jpg\" style=\"\" title=\"\" width=\"270\" srcset=\"https:\/\/baba.org.pl\/wp-content\/uploads\/2016\/03\/DSC_9119-Edit-300x200.jpg 300w, https:\/\/baba.org.pl\/wp-content\/uploads\/2016\/03\/DSC_9119-Edit-1024x684.jpg 1024w, https:\/\/baba.org.pl\/wp-content\/uploads\/2016\/03\/DSC_9119-Edit-150x100.jpg 150w, https:\/\/baba.org.pl\/wp-content\/uploads\/2016\/03\/DSC_9119-Edit-768x513.jpg 768w, https:\/\/baba.org.pl\/wp-content\/uploads\/2016\/03\/DSC_9119-Edit-1536x1025.jpg 1536w, https:\/\/baba.org.pl\/wp-content\/uploads\/2016\/03\/DSC_9119-Edit.jpg 2048w\" sizes=\"auto, (max-width: 270px) 100vw, 270px\" \/><\/a><\/p>\n<p><a href=\"http:\/\/babazg.home.pl\/autoinstalator\/wordpress\/wp-content\/uploads\/2016\/04\/Pomagamy-Pomagaczom-page-001.jpg\" data-lightbox=\"gal[4070]\" rel=\"attachment wp-att-4146\"><img loading=\"lazy\" decoding=\"async\" alt=\"Pomagamy Pomagaczom-page-001\" class=\"alignleft size-medium wp-image-4146\" height=\"300\" src=\"http:\/\/babazg.home.pl\/autoinstalator\/wordpress\/wp-content\/uploads\/2016\/04\/Pomagamy-Pomagaczom-page-001-211x300.jpg\" width=\"211\" srcset=\"https:\/\/baba.org.pl\/wp-content\/uploads\/2016\/04\/Pomagamy-Pomagaczom-page-001-211x300.jpg 211w, https:\/\/baba.org.pl\/wp-content\/uploads\/2016\/04\/Pomagamy-Pomagaczom-page-001-721x1024.jpg 721w, https:\/\/baba.org.pl\/wp-content\/uploads\/2016\/04\/Pomagamy-Pomagaczom-page-001-106x150.jpg 106w, https:\/\/baba.org.pl\/wp-content\/uploads\/2016\/04\/Pomagamy-Pomagaczom-page-001-768x1090.jpg 768w, https:\/\/baba.org.pl\/wp-content\/uploads\/2016\/04\/Pomagamy-Pomagaczom-page-001-1082x1536.jpg 1082w, https:\/\/baba.org.pl\/wp-content\/uploads\/2016\/04\/Pomagamy-Pomagaczom-page-001-1443x2048.jpg 1443w, https:\/\/baba.org.pl\/wp-content\/uploads\/2016\/04\/Pomagamy-Pomagaczom-page-001.jpg 1748w\" sizes=\"auto, (max-width: 211px) 100vw, 211px\" \/><\/a><a href=\"http:\/\/babazg.home.pl\/autoinstalator\/wordpress\/wp-content\/uploads\/2016\/04\/pomoc_trzeba_wiedziec_jak_druk.pdf\" rel=\"attachment wp-att-4147\"><img loading=\"lazy\" decoding=\"async\" alt=\"pom\u00f3c trzeba wiedzie\u0107 jak\" class=\"alignleft size-medium wp-image-4147\" height=\"300\" src=\"http:\/\/babazg.home.pl\/autoinstalator\/wordpress\/wp-content\/uploads\/2016\/04\/pom\u00f3c-trzeba-wiedzie\u0107-jak-211x300.jpg\" width=\"211\" srcset=\"https:\/\/baba.org.pl\/wp-content\/uploads\/2016\/04\/pom\u00f3c-trzeba-wiedzie\u0107-jak-211x300.jpg 211w, https:\/\/baba.org.pl\/wp-content\/uploads\/2016\/04\/pom\u00f3c-trzeba-wiedzie\u0107-jak-721x1024.jpg 721w, https:\/\/baba.org.pl\/wp-content\/uploads\/2016\/04\/pom\u00f3c-trzeba-wiedzie\u0107-jak-106x150.jpg 106w, https:\/\/baba.org.pl\/wp-content\/uploads\/2016\/04\/pom\u00f3c-trzeba-wiedzie\u0107-jak-768x1090.jpg 768w, https:\/\/baba.org.pl\/wp-content\/uploads\/2016\/04\/pom\u00f3c-trzeba-wiedzie\u0107-jak-1082x1536.jpg 1082w, https:\/\/baba.org.pl\/wp-content\/uploads\/2016\/04\/pom\u00f3c-trzeba-wiedzie\u0107-jak-1443x2048.jpg 1443w, https:\/\/baba.org.pl\/wp-content\/uploads\/2016\/04\/pom\u00f3c-trzeba-wiedzie\u0107-jak.jpg 1748w\" sizes=\"auto, (max-width: 211px) 100vw, 211px\" \/><\/a><\/p>\n","protected":false},"excerpt":{"rendered":"<p>Wyznajemy zasad\u0119, \u017ce zdobyt\u0105 wiedz\u0105 nale\u017cy si\u0119 dzieli\u0107. Dlatego szkolimy, szkolimy i szkolimy: Dzieci i m\u0142odzie\u017c &#8211; przede wszystkim prawa, zasad bezpiecze\u0144stwa, r&oacute;wno\u015bci i rozwiazywania konflikt&oacute;w bez uzycia przemocy.&nbsp; Doros\u0142ych &#8211; przygotowujemy do pomocy potrzebuj\u0105cym. chcesz pomaga\u0107 wolontariacko, jako osoba pierszego wsparcia, osoba pierwszego kontaktu oraz asystent ofiary &#8211; przygotujemy ci\u0119 do tej pracy. Pracujesz [&hellip;]<\/p>\n","protected":false},"author":4,"featured_media":0,"parent":0,"menu_order":0,"comment_status":"closed","ping_status":"closed","template":"","meta":{"footnotes":""},"class_list":["post-4070","page","type-page","status-publish","hentry"],"_links":{"self":[{"href":"https:\/\/baba.org.pl\/index.php\/wp-json\/wp\/v2\/pages\/4070","targetHints":{"allow":["GET"]}}],"collection":[{"href":"https:\/\/baba.org.pl\/index.php\/wp-json\/wp\/v2\/pages"}],"about":[{"href":"https:\/\/baba.org.pl\/index.php\/wp-json\/wp\/v2\/types\/page"}],"author":[{"embeddable":true,"href":"https:\/\/baba.org.pl\/index.php\/wp-json\/wp\/v2\/users\/4"}],"replies":[{"embeddable":true,"href":"https:\/\/baba.org.pl\/index.php\/wp-json\/wp\/v2\/comments?post=4070"}],"version-history":[{"count":5,"href":"https:\/\/baba.org.pl\/index.php\/wp-json\/wp\/v2\/pages\/4070\/revisions"}],"predecessor-version":[{"id":4864,"href":"https:\/\/baba.org.pl\/index.php\/wp-json\/wp\/v2\/pages\/4070\/revisions\/4864"}],"wp:attachment":[{"href":"https:\/\/baba.org.pl\/index.php\/wp-json\/wp\/v2\/media?parent=4070"}],"curies":[{"name":"wp","href":"https:\/\/api.w.org\/{rel}","templated":true}]}}