{"id":4002,"date":"2016-03-29T09:18:26","date_gmt":"2016-03-29T07:18:26","guid":{"rendered":"http:\/\/baba.org.pl\/?page_id=4002"},"modified":"2016-03-29T20:49:19","modified_gmt":"2016-03-29T18:49:19","slug":"kongresy","status":"publish","type":"page","link":"https:\/\/baba.org.pl\/index.php\/kongresy\/","title":{"rendered":"Kongresy"},"content":{"rendered":"<p><a href=\"http:\/\/babazg.home.pl\/autoinstalator\/wordpress\/wp-content\/uploads\/2016\/03\/IMG_4284.jpg\" data-lightbox=\"gal[4002]\" rel=\"attachment wp-att-4003\"><img loading=\"lazy\" decoding=\"async\" alt=\"IMG_4284\" class=\"alignleft size-medium wp-image-4003\" height=\"200\" src=\"http:\/\/babazg.home.pl\/autoinstalator\/wordpress\/wp-content\/uploads\/2016\/03\/IMG_4284-300x200.jpg\" width=\"300\" srcset=\"https:\/\/baba.org.pl\/wp-content\/uploads\/2016\/03\/IMG_4284-300x200.jpg 300w, https:\/\/baba.org.pl\/wp-content\/uploads\/2016\/03\/IMG_4284-1024x683.jpg 1024w, https:\/\/baba.org.pl\/wp-content\/uploads\/2016\/03\/IMG_4284-150x100.jpg 150w, https:\/\/baba.org.pl\/wp-content\/uploads\/2016\/03\/IMG_4284-768x512.jpg 768w, https:\/\/baba.org.pl\/wp-content\/uploads\/2016\/03\/IMG_4284.jpg 1165w\" sizes=\"auto, (max-width: 300px) 100vw, 300px\" \/><\/a>W spotkaniach kobiet jest wielka moc. I wielki potencja\u0142 wiedzy, do\u015bwiadczenia, motywacji do rozwoju i debaty. Dlatego bierzemy udzia\u0142 w kongresach kobiet. Jeste\u015bmy co roku w Warszawie na Kongresie Kobiet, w wielu miastach Polski na kongresach regionalnych, w Gorzowie Wielkopolskim na rokrocznej Konferencji Kobiet oraz oczywi\u015bcie na Lubuskich Kongreach Kobiet. Zapraszamy i polecamy!<\/p>\n","protected":false},"excerpt":{"rendered":"<p>W spotkaniach kobiet jest wielka moc. I wielki potencja\u0142 wiedzy, do\u015bwiadczenia, motywacji do rozwoju i debaty. Dlatego bierzemy udzia\u0142 w kongresach kobiet. Jeste\u015bmy co roku w Warszawie na Kongresie Kobiet, w wielu miastach Polski na kongresach regionalnych, w Gorzowie Wielkopolskim na rokrocznej Konferencji Kobiet oraz oczywi\u015bcie na Lubuskich Kongreach Kobiet. Zapraszamy i polecamy!<\/p>\n","protected":false},"author":4,"featured_media":0,"parent":0,"menu_order":3,"comment_status":"closed","ping_status":"closed","template":"","meta":{"footnotes":""},"class_list":["post-4002","page","type-page","status-publish","hentry"],"_links":{"self":[{"href":"https:\/\/baba.org.pl\/index.php\/wp-json\/wp\/v2\/pages\/4002","targetHints":{"allow":["GET"]}}],"collection":[{"href":"https:\/\/baba.org.pl\/index.php\/wp-json\/wp\/v2\/pages"}],"about":[{"href":"https:\/\/baba.org.pl\/index.php\/wp-json\/wp\/v2\/types\/page"}],"author":[{"embeddable":true,"href":"https:\/\/baba.org.pl\/index.php\/wp-json\/wp\/v2\/users\/4"}],"replies":[{"embeddable":true,"href":"https:\/\/baba.org.pl\/index.php\/wp-json\/wp\/v2\/comments?post=4002"}],"version-history":[{"count":2,"href":"https:\/\/baba.org.pl\/index.php\/wp-json\/wp\/v2\/pages\/4002\/revisions"}],"predecessor-version":[{"id":4065,"href":"https:\/\/baba.org.pl\/index.php\/wp-json\/wp\/v2\/pages\/4002\/revisions\/4065"}],"wp:attachment":[{"href":"https:\/\/baba.org.pl\/index.php\/wp-json\/wp\/v2\/media?parent=4002"}],"curies":[{"name":"wp","href":"https:\/\/api.w.org\/{rel}","templated":true}]}}