{"id":3610,"date":"2015-11-24T13:27:27","date_gmt":"2015-11-24T11:27:27","guid":{"rendered":"http:\/\/baba.org.pl\/?page_id=3610"},"modified":"2016-04-27T13:02:52","modified_gmt":"2016-04-27T11:02:52","slug":"nie-handlowi-ludzmi","status":"publish","type":"page","link":"https:\/\/baba.org.pl\/index.php\/akcje\/nie-handlowi-ludzmi\/","title":{"rendered":"NIE &#8211; handlowi lud\u017ami"},"content":{"rendered":"<div><a href=\"http:\/\/babazg.home.pl\/autoinstalator\/wordpress\/wp-content\/uploads\/2015\/11\/LA-STRADA2.png\" rel=\"\" style=\"\" target=\"\" title=\"\"><img loading=\"lazy\" decoding=\"async\" alt=\"LA STRADA2\" class=\"alignleft size-full wp-image-3646\" height=\"121\" src=\"http:\/\/babazg.home.pl\/autoinstalator\/wordpress\/wp-content\/uploads\/2015\/11\/LA-STRADA2.png\" style=\"\" title=\"\" width=\"122\" srcset=\"https:\/\/baba.org.pl\/wp-content\/uploads\/2015\/11\/LA-STRADA2.png 136w, https:\/\/baba.org.pl\/wp-content\/uploads\/2015\/11\/LA-STRADA2-100x100.png 100w\" sizes=\"auto, (max-width: 122px) 100vw, 122px\" \/><\/a><\/p>\n<p><a href=\"http:\/\/babazg.home.pl\/autoinstalator\/wordpress\/wp-content\/uploads\/2015\/11\/LA-STRADA1.png\" rel=\"\" style=\"\" target=\"\" title=\"\"><img loading=\"lazy\" decoding=\"async\" alt=\"LA STRADA1\" class=\"alignleft size-full wp-image-3647\" height=\"131\" src=\"http:\/\/babazg.home.pl\/autoinstalator\/wordpress\/wp-content\/uploads\/2015\/11\/LA-STRADA1.png\" style=\"\" title=\"\" width=\"141\" srcset=\"https:\/\/baba.org.pl\/wp-content\/uploads\/2015\/11\/LA-STRADA1.png 196w, https:\/\/baba.org.pl\/wp-content\/uploads\/2015\/11\/LA-STRADA1-150x139.png 150w\" sizes=\"auto, (max-width: 141px) 100vw, 141px\" \/><\/a><a href=\"http:\/\/babazg.home.pl\/autoinstalator\/wordpress\/wp-content\/uploads\/2015\/11\/NORWAY-GRANTS.png\" rel=\"\" style=\"\" target=\"\" title=\"\"><img loading=\"lazy\" decoding=\"async\" alt=\"NORWAY GRANTS\" class=\"alignleft size-full wp-image-3648\" height=\"168\" src=\"http:\/\/babazg.home.pl\/autoinstalator\/wordpress\/wp-content\/uploads\/2015\/11\/NORWAY-GRANTS.png\" style=\"\" title=\"\" width=\"182\" srcset=\"https:\/\/baba.org.pl\/wp-content\/uploads\/2015\/11\/NORWAY-GRANTS.png 202w, https:\/\/baba.org.pl\/wp-content\/uploads\/2015\/11\/NORWAY-GRANTS-150x139.png 150w\" sizes=\"auto, (max-width: 182px) 100vw, 182px\" \/><\/a><\/p>\n<hr align=\"left\" size=\"1\" width=\"33%\" \/><\/div>\n<p>&bdquo;<strong>Og&oacute;lnopolska Sie\u0107 Organizacji Pozarz\u0105dowych Przeciwko Handlowi Lud\u017ami<\/strong>&rdquo;<\/p>\n<p>Od lipca 2014 roku&nbsp;<strong>Fundacja La Strada<\/strong>&nbsp;realizuje projekt&nbsp;wsp&oacute;\u0142finansowany z Norweskiego Funduszu w ramach programu:&nbsp;<strong>&bdquo;Wsp&oacute;\u0142praca w obszarze Schengen oraz walka z przest\u0119pczo\u015bci\u0105 transgraniczn\u0105 i zorganizowan\u0105, w tym przeciwdzia\u0142anie handlowi lud\u017ami oraz migracjom grup przest\u0119pczych&rdquo;.<\/strong>Jedn\u0105 z organizacji w&nbsp;w ramach sieci jest&nbsp;<strong>BABA.<\/strong>&nbsp;&nbsp;Dodatkowo &nbsp;<strong>Korina Z\u0142akowska<\/strong>&nbsp;jest z ramienia BABY cz\u0142onkini\u0105&nbsp;<strong>Wojew&oacute;dzkiego Zespo\u0142u ds. Przeciwdzia\u0142ania Handlowi Lud\u017ami.<\/strong><\/p>\n<p><a href=\"http:\/\/babazg.home.pl\/autoinstalator\/wordpress\/wp-content\/uploads\/2016\/02\/20160216_100549.jpeg\" rel=\"attachment wp-att-3836\"><img loading=\"lazy\" decoding=\"async\" alt=\"20160216_100549\" class=\"alignleft size-medium wp-image-3836\" height=\"300\" src=\"http:\/\/babazg.home.pl\/autoinstalator\/wordpress\/wp-content\/uploads\/2016\/02\/20160216_100549-169x300.jpeg\" width=\"169\" srcset=\"https:\/\/baba.org.pl\/wp-content\/uploads\/2016\/02\/20160216_100549-169x300.jpeg 169w, https:\/\/baba.org.pl\/wp-content\/uploads\/2016\/02\/20160216_100549-576x1024.jpeg 576w, https:\/\/baba.org.pl\/wp-content\/uploads\/2016\/02\/20160216_100549-84x150.jpeg 84w, https:\/\/baba.org.pl\/wp-content\/uploads\/2016\/02\/20160216_100549-768x1365.jpeg 768w, https:\/\/baba.org.pl\/wp-content\/uploads\/2016\/02\/20160216_100549-864x1536.jpeg 864w, https:\/\/baba.org.pl\/wp-content\/uploads\/2016\/02\/20160216_100549.jpeg 1080w\" sizes=\"auto, (max-width: 169px) 100vw, 169px\" \/><\/a><strong>&nbsp;Szko\u0142y i instytucje potrzebuj\u0105ce szkolenia z zakresu przeciwdzia\u0142ania handlowi lud\u017ami &ndash; prosimy i zapraszamy.<\/strong><\/p>\n<p><strong>CELE PROJEKTU:&nbsp;&nbsp;&nbsp;&nbsp;&nbsp;&nbsp;&nbsp;&nbsp;&nbsp;&nbsp;&nbsp;&nbsp;&nbsp;&nbsp;&nbsp; <\/strong><\/p>\n<ul>\n<li style=\"margin-left: 18pt;\">Utworzenie bran\u017cowej wysokospecjalistycznej sieci organizacji przeciwdzia\u0142aj\u0105cych&nbsp; handlowi lud\u017ami w celu poprawy jako\u015bci i efektywno\u015bci ich pracy, profesjonalizacji dzia\u0142a\u0144 oraz wzmocnienia potencja\u0142u, tak by w efekcie mog\u0142y by\u0107 partnerem instytucji publicznych i organ&oacute;w dzia\u0142a\u0144 we wsp&oacute;lnych dzia\u0142aniach maj\u0105cych na celu zapobieganie i zwalczanie handlu lud\u017ami.&nbsp;Rozw&oacute;j i doskonalenie struktur, system&oacute;w i wyposa\u017cenia technicznego w celu poprawy wdra\u017cania dorobku Schengen.<\/li>\n<li style=\"margin-left: 18pt;\">Poprawa skuteczno\u015bci dzia\u0142a\u0144 instytucji odpowiedzialnych za \u015bciganie przest\u0119pstwa handlu lud\u017ami poprzez doskonalenie narz\u0119dzi i struktur, wzmocnienie potencja\u0142u a tak\u017ce wdra\u017canie najlepszych praktyk oraz profesjonalny monitoring ich dzia\u0142a\u0144.<\/li>\n<li style=\"margin-left: 18pt;\">Podniesienie kwalifikacji przedstawicieli instytucji i organizacji zaanga\u017cowanych w przeciwdzia\u0142anie handlowi lud\u017ami i wsparcie ofiar tego przest\u0119pstwa.<\/li>\n<li style=\"margin-left: 18pt;\">Podniesienie kompetencji organizacji pozarz\u0105dowych w zakresie wiedzy o handlu lud\u017ami, a tak\u017ce zdobywaniu funduszy i organizacji wydarze\u0144.<\/li>\n<li style=\"margin-left: 18pt;\">Opracowanie standard&oacute;w \u015bwiadczenia us\u0142ug dla ofiar handlu lud\u017ami, w szczeg&oacute;lno\u015bci zachowania bezpiecze\u0144stwa i prywatno\u015bci oraz szacunku dla wybor&oacute;w ofiar.<\/li>\n<li style=\"margin-left: 18pt;\">&nbsp;Pomoc organizacjom pracuj\u0105cym na rzecz migrant&oacute;w i ofiar przest\u0119pstw w rozszerzeniu dzia\u0142alno\u015bci o tematyk\u0119 przeciwdzia\u0142ania handlowi lud\u017ami.<\/li>\n<\/ul>\n<p style=\"margin-left: 18pt;\">&nbsp;<\/p>\n<p style=\"margin-left: 18pt;\"><strong>HANDEL LUD\u0179MI &nbsp;Z PERSPEKTYWY PRAWA:<\/strong><\/p>\n<p>Art 115 22. Handlem lud\u017ami jest werbowanie, transport, dostarczanie, przekazywanie, przechowywanie lub przyjmowanie osoby z zastosowaniem:<\/p>\n<ul>\n<li style=\"margin-left: 18pt;\">przemocy lub gro\u017aby bezprawnej,<\/li>\n<li style=\"margin-left: 18pt;\">uprowadzenia,<\/li>\n<li style=\"margin-left: 18pt;\">podst\u0119pu,<\/li>\n<li style=\"margin-left: 18pt;\">wprowadzenia w b\u0142\u0105d albo wyzyskania b\u0142\u0119du lub niezdolno\u015bci do nale\u017cytego pojmowania przedsi\u0119branego dzia\u0142ania,<\/li>\n<li style=\"margin-left: 18pt;\">nadu\u017cycia stosunku zale\u017cno\u015bci, wykorzystania krytycznego po\u0142o\u017cenia lub stanu bezradno\u015bci,<\/li>\n<li style=\"margin-left: 18pt;\">udzielenia albo przyj\u0119cia korzy\u015bci maj\u0105tkowej lub osobistej albo jej obietnicy osobie sprawuj\u0105cej opiek\u0119 lub nadz&oacute;r nad inn\u0105 osob\u0105 &ndash; w celu jej wykorzystania, nawet za jej zgod\u0105, w szczeg&oacute;lno\u015bci w prostytucji, pornografii lub innych formach seksualnego wykorzystania, w pracy lub us\u0142ugach o charakterze przymusowym, w \u017cebractwie, w niewolnictwie lub innych formach wykorzystania poni\u017caj\u0105cych godno\u015b\u0107 cz\u0142owieka albo w celu pozyskania kom&oacute;rek, tkanek lub narz\u0105d&oacute;w wbrew przepisom ustawy. Je\u017celi zachowanie sprawcy dotyczy ma\u0142oletniego, stanowi ono handel lud\u017ami, nawet gdy nie zosta\u0142y u\u017cyte metody lub \u015brodki wymienione w pkt. 1&ndash;6.<\/li>\n<\/ul>\n<p>&nbsp;<\/p>\n<p><strong>PRZEPISY PRAWA: JAK JE ROZUMIE\u0106?<\/strong>&nbsp;Uwa\u017ca si\u0119, \u017ce na potrzeby analizy przyj\u0105\u0107 nale\u017cy definicje s\u0142ownikowe (M.J. Soko\u0142owska-Walewska).<\/p>\n<p><strong>CZYNNO\u015aCI:<\/strong><\/p>\n<ul>\n<li style=\"margin-left: 18pt;\"><strong><u>Werbowanie<\/u><\/strong>&nbsp;-namawianie kogo\u015b do wzi\u0119cia udzia\u0142u w czym\u015b lub do przyst\u0105pienia do czego\u015b, przyjmowanie, rekrutowanie;<\/li>\n<li style=\"margin-left: 18pt;\"><strong><u>Transport<\/u><\/strong>&nbsp;&#8211; przew&oacute;z r&oacute;\u017cnymi \u015brodkami transportu;<\/li>\n<li style=\"margin-left: 18pt;\"><strong><u>Dostarczanie<\/u><\/strong>&nbsp;&#8211; oddawanie czego\u015b do r\u0105k, przynoszenie na miejsce przeznaczenia, dor\u0119czanie;<\/li>\n<li style=\"margin-left: 18pt;\"><strong><u>Przekazywanie<\/u><\/strong>&nbsp;&#8211; powierzanie komu\u015b czego\u015b, oddawanie do dalszego dysponowania;&nbsp;<\/li>\n<li style=\"margin-left: 18pt;\"><strong><u>Przechowywanie<\/u><\/strong>&nbsp;&#8211; przetrzymywanie kogo\u015b\/czego\u015b w ukryciu przez pewien czas, ukrywanie, magazynowanie;<\/li>\n<li style=\"margin-left: 18pt;\"><strong><u>Przyjmowanie<\/u><\/strong>&nbsp;&#8211; zapewnienie komu\u015b pobytu, udost\u0119pnienie pomieszczenia, branie kogo\u015b do siebie, dawanie komu\u015b pracy;<\/li>\n<\/ul>\n<p><strong>\u015aRODKI I METODY:<\/strong><\/p>\n<ul>\n<li style=\"margin-left: 18pt;\"><strong><u>Przemoc<\/u><\/strong>&nbsp;&#8211; w uj\u0119ciu kryminologicznym przemoc oznacza wszelk\u0105 si\u0142\u0119 czy te\u017c przewag\u0119 wykorzystywan\u0105 do czyn&oacute;w bezprawnych dokonywanych na jednostce.<span style=\"color: rgb(102, 102, 102); font-family: Georgia, 'Bitstream Charter', serif; font-size: 10px; line-height: 10px; background-color: rgb(255, 255, 255);\">[1] &nbsp;<\/span>&nbsp;Pomocna mo\u017ce by\u0107 te\u017c definicja zawarta w ustawie o przeciwdzia\u0142aniu przemocy w rodzinie:&nbsp;przemoc to jednorazowe albo powtarzaj\u0105ce si\u0119 umy\u015blne dzia\u0142anie lub zaniechanie naruszaj\u0105ce prawa lub dobra osobiste pokrzywdzonych, w szczeg&oacute;lno\u015bci nara\u017caj\u0105ce te osoby na niebezpiecze\u0144stwo utraty \u017cycia, zdrowia, naruszaj\u0105ce ich godno\u015b\u0107, nietykalno\u015b\u0107 cielesn\u0105, wolno\u015b\u0107, w tym seksualn\u0105, powoduj\u0105ce szkody na ich zdrowiu fizycznym lub psychicznym, a tak\u017ce wywo\u0142uj\u0105ce cierpienia i krzywdy moralne.<sup>&nbsp;<\/sup><\/li>\n<li style=\"margin-left: 18pt;\"><strong><u>Gro\u017aba bezprawna<\/u><\/strong>&nbsp;&#8211; gro\u017aba pope\u0142nienia przest\u0119pstwa na szkod\u0119 pokrzywdzonego lub osoby jemu najbli\u017cszej. Tak\u017ce gro\u017aba spowodowania post\u0119powania karnego lub rozg\u0142oszenia wiadomo\u015bci uw\u0142aczaj\u0105cej czci zagro\u017conego lub jego osoby najbli\u017cszej (art. 115&nbsp;&sect; 12 kodeksu karnego).<\/li>\n<\/ul>\n<p style=\"margin-left: 18pt;\">*osoby najbli\u017csze to przede wszystkim: ma\u0142\u017conek, dzieci, wnuki, rodzice, dziadkowie, rodze\u0144stwo, powinowaci oraz osoby pozostaj\u0105ce w konkubinacie<\/p>\n<ul>\n<li style=\"margin-left: 18pt;\"><strong><u>Uprowadzenie<\/u><\/strong>&nbsp;&#8211; (<em>kidnaping<\/em>) oznacza porywanie, zabieranie lub zwyk\u0142e przemieszczenie osoby z dotychczasowego miejsca pobytu w inne miejsce.&nbsp;W przypadku dziecka wi\u0105\u017ce si\u0119 to z faktycznym pozbawieniem mo\u017cliwo\u015bci wykonywania w stosunku do niego dotychczas sprawowanej opieki lub nadzoru przez osoby uprawnione (rodzic&oacute;w, opiekun&oacute;w). (por. art. 211 kodeksu karnego, Z. Siwik)[2]<\/li>\n<li style=\"margin-left: 18pt;\"><strong><u>Podst\u0119p<\/u><\/strong>&nbsp;<em>&#8211;<\/em>nigdzie w pozosta\u0142ych przepisach kodeksu nie funkcjonuje &quot;podst\u0119p&quot; obok &quot;wprowadzenia w b\u0142\u0105d&quot;. Dominuje tendencja do uznawania podst\u0119pu i wprowadzenia w b\u0142\u0105d za synonimy &#8211; Zob. komentarz do art. 286 kk (Oszustwo) &quot;Wprowadzenie w b\u0142\u0105d&nbsp;polega na podj\u0119ciu przez sprawc\u0119 podst\u0119pnych zabieg&oacute;w prowadz\u0105cych do wywo\u0142ania u pokrzywdzonego mylnego wyobra\u017cenia o rzeczywisto\u015bci&quot; (M. Kulik, Komentarz do art. 286 kk).&nbsp; Podobnie jest w prawie cywilnym, gdzie podst\u0119p to nic innego jak celowe, \u015bwiadome dzia\u0142anie polegaj\u0105ce na wywo\u0142aniu mylnego wyobra\u017cenia o rzeczywistym stanie rzeczy. W takim uj\u0119ciu podst\u0119p = wprowadzenie w b\u0142\u0105d.<\/li>\n<li style=\"margin-left: 18pt;\"><strong><u>Wprowadzenie w b\u0142\u0105d<\/u><\/strong>&nbsp;&#8211; wywo\u0142anie u kogo\u015b wyobra\u017cenia o istniej\u0105cej rzeczywisto\u015bci, kt&oacute;ra jest inna ni\u017c przedstawiona przez sprawc\u0119 (B. Michalski)<\/li>\n<li style=\"margin-left: 18pt;\"><strong><u>Wyzyskanie b\u0142\u0119du<\/u><\/strong>&nbsp;&#8211; wykorzystanie przez sprawc\u0119 mylnego wyobra\u017cenia pokrzywdzonego o istniej\u0105cej rzeczywisto\u015bci.<\/li>\n<li style=\"margin-left: 18pt;\"><strong><u>Wyzyskanie niezdolno\u015bci do nale\u017cytego pojmowania przedsi\u0119branego dzia\u0142ania<\/u><\/strong>&nbsp;-niezdolno\u015b\u0107 do nale\u017cytego pojmowania przedsi\u0119branego dzia\u0142ania wynika z r&oacute;\u017cnych czynnik&oacute;w, najcz\u0119\u015bciej o charakterze endogennym. W gr\u0119 wchodzi choroba psychiczna, upo\u015bledzenie umys\u0142owe, alkoholizm, narkomania, nik\u0142e do\u015bwiadczenie \u017cyciowe, niedostateczna socjalizacja (G. \u0141abuda, Komentarz do art. 286 kk).<\/li>\n<li style=\"margin-left: 18pt;\"><strong><u>Nadu\u017cycie stosunku zale\u017cno\u015bci<\/u><\/strong>&nbsp;&#8211; obejmuje zar&oacute;wno zale\u017cno\u015b\u0107 wynikaj\u0105ca z mocy przepis&oacute;w (np. dziecka od rodzic&oacute;w), jak i faktyczn\u0105 zale\u017cno\u015b\u0107.&nbsp; Jest to stosunek, kt&oacute;ry daje jednej osobie mo\u017cliwo\u015b\u0107 wywierania okre\u015blonego wp\u0142ywu bezpo\u015bredniego lub po\u015bredniego na losy i po\u0142o\u017cenie prawne, spo\u0142eczne i ekonomiczne innej osoby.[3]<\/li>\n<li style=\"margin-left: 18pt;\"><strong><u>Wykorzystanie krytycznego po\u0142o\u017cenia<\/u><\/strong>&nbsp;&#8211; krytyczne po\u0142o\u017cenie&nbsp;oznacza trudn\u0105 sytuacj\u0119 \u017cyciow\u0105 pokrzywdzonego, zazwyczaj zwi\u0105zan\u0105 z istniej\u0105cym zagro\u017ceniem o zr&oacute;\u017cnicowanej naturze. Nie jest konieczne, aby \u017cycie lub zdrowie ofiary by\u0142y zale\u017cne od ingerencji sprawcy; wystarczy taki stan rzeczy, \u017ce udzielenie pomocy przez sprawc\u0119 (np. udzielenie po\u017cyczki, prolongata d\u0142ugu) wyzwoli dan\u0105 osob\u0119 od przykrych nast\u0119pstw (np. uchroni przed dotkliw\u0105 strat\u0105 maj\u0105tkow\u0105 lub szkod\u0105 moraln\u0105, utrat\u0105 stanowiska, niemo\u017cno\u015bci\u0105 zaspokojenia pilnych potrzeb os&oacute;b bliskich) (M. Mozgawa, komentarz do art. 199 kk);<\/li>\n<li style=\"margin-left: 18pt;\"><strong><u>Wykorzystanie sytuacji bezradno\u015bci<\/u><\/strong>&nbsp;&#8211; zachodzi ona w&oacute;wczas, gdy dana osoba nie ma innego &ndash; realnego lub mo\u017cliwego do zaakceptowania &ndash; wyboru ni\u017c poddanie si\u0119 nadu\u017cyciu (art. 2 ust. 2 Dyrektywy 2011\/36\/UE). &nbsp;<\/li>\n<li style=\"margin-left: 18pt;\"><strong><u>Udzielenia albo przyj\u0119cia korzy\u015bci maj\u0105tkowej lub osobistej albo jej obietnicy osobie sprawuj\u0105cej opiek\u0119 lub nadz&oacute;r nad inn\u0105 osob\u0105 obejmuje obie strony &quot;transakcji&quot;<\/u><\/strong>&nbsp;&#8211; odpowiedzialno\u015b\u0107 poniesie zar&oacute;wno osoba udzielaj\u0105ca korzy\u015bci maj\u0105tkowej lub osobistej, jak i osoba przyjmuj\u0105ca korzy\u015b\u0107, je\u015bli sprawuje opiek\u0119 lub nadz&oacute;r nad pokrzywdzonym<\/li>\n<\/ul>\n<p>! Korzy\u015b\u0107 maj\u0105tkowa lub osobista jest to korzy\u015b\u0107 zar&oacute;wno dla siebie, jak i dla kogo innego (art. 115&nbsp;&sect; 4 kodeksu karnego).<\/p>\n<p style=\"margin-left: 18pt;\"><b>CEL- WYKORZYSTANIE OFIARY:<\/b><\/p>\n<ul>\n<li><strong><u>wykorzystanie w prostytucji,<\/u><\/strong><\/li>\n<li><strong><u>wykorzystanie w pornografii,<\/u><\/strong><\/li>\n<li><strong><u>wykorzystanie w innych formach seksualnego wykorzystania,<\/u><\/strong><\/li>\n<li><strong><u>wykorzystanie w pracy lub us\u0142ugach o charakterze przymusowym<\/u><\/strong>&nbsp;&#8211; wszelka praca lub us\u0142ugi wymagane od jakiej\u015b osoby pod gro\u017ab\u0105 jakiejkolwiek kary, do kt&oacute;rych dana osoba nie zg\u0142osi\u0142a si\u0119 dobrowolnie;<\/li>\n<li><strong><u>wykorzystanie w \u017cebractwie,<\/u><\/strong><\/li>\n<li><strong><u>wykorzystanie w niewolnictwie<\/u><\/strong>&nbsp;&#8211; stan zale\u017cno\u015bci, w kt&oacute;rym cz\u0142owiek jest traktowany jak przedmiot w\u0142asno\u015bci;<\/li>\n<li><strong><u>wykorzystanie w innych formach wykorzystania poni\u017caj\u0105cych godno\u015b\u0107 cz\u0142owieka,<\/u><\/strong><\/li>\n<li><strong><u>wykorzystanie w celu pozyskania kom&oacute;rek, tkanek lub narz\u0105d&oacute;w -wbrew przepisom ustawy<\/u><\/strong>&nbsp;&#8211; ustawa transplantacyjna odwo\u0142uje si\u0119 do zasady non profit, w my\u015bl kt&oacute;rej za pobrane od dawcy kom&oacute;rki, tkanki lub narz\u0105dy nie mo\u017cna \u017c\u0105da\u0107 ani przyjmowa\u0107 zap\u0142aty lub innej korzy\u015bci maj\u0105tkowej. \u017bywy dawca powinien spe\u0142ni\u0107 szereg warunk&oacute;w okre\u015blonych w ustawie &#8211; przede wszystkim jednak pobranie kom&oacute;rek, tkanek lub narz\u0105du od \u017cywego dawcy na rzecz osoby nie b\u0119d\u0105cej krewnym wymaga zgody s\u0105du rejonowego;<\/li>\n<\/ul>\n<p>&nbsp;<\/p>\n<p>[1]&nbsp;M. Binczycka-Anholzer [w:] Wielka Encyklopedia Prawa, Wyd. Prawo i Praktyka Gospodarcza, Bia\u0142ystok &#8211; Warszawa 2002, s. 787<\/p>\n<p>[2]&nbsp; M. Filar (red.),&nbsp; Kodeks Karny. Komentarz, Lexis Nexis, 2012.<\/p>\n<p>[3]&nbsp;Postanowienie SN z dnia 18 grudnia 2008 r.,&nbsp;V KK 304\/08, LEX nr 485036<\/p>\n","protected":false},"excerpt":{"rendered":"<p>&bdquo;Og&oacute;lnopolska Sie\u0107 Organizacji Pozarz\u0105dowych Przeciwko Handlowi Lud\u017ami&rdquo; Od lipca 2014 roku&nbsp;Fundacja La Strada&nbsp;realizuje projekt&nbsp;wsp&oacute;\u0142finansowany z Norweskiego Funduszu w ramach programu:&nbsp;&bdquo;Wsp&oacute;\u0142praca w obszarze Schengen oraz walka z przest\u0119pczo\u015bci\u0105 transgraniczn\u0105 i zorganizowan\u0105, w tym przeciwdzia\u0142anie handlowi lud\u017ami oraz migracjom grup przest\u0119pczych&rdquo;.Jedn\u0105 z organizacji w&nbsp;w ramach sieci jest&nbsp;BABA.&nbsp;&nbsp;Dodatkowo &nbsp;Korina Z\u0142akowska&nbsp;jest z ramienia BABY cz\u0142onkini\u0105&nbsp;Wojew&oacute;dzkiego Zespo\u0142u ds. Przeciwdzia\u0142ania Handlowi [&hellip;]<\/p>\n","protected":false},"author":4,"featured_media":0,"parent":574,"menu_order":1,"comment_status":"closed","ping_status":"closed","template":"onecolumn-page.php","meta":{"footnotes":""},"class_list":["post-3610","page","type-page","status-publish","hentry"],"_links":{"self":[{"href":"https:\/\/baba.org.pl\/index.php\/wp-json\/wp\/v2\/pages\/3610","targetHints":{"allow":["GET"]}}],"collection":[{"href":"https:\/\/baba.org.pl\/index.php\/wp-json\/wp\/v2\/pages"}],"about":[{"href":"https:\/\/baba.org.pl\/index.php\/wp-json\/wp\/v2\/types\/page"}],"author":[{"embeddable":true,"href":"https:\/\/baba.org.pl\/index.php\/wp-json\/wp\/v2\/users\/4"}],"replies":[{"embeddable":true,"href":"https:\/\/baba.org.pl\/index.php\/wp-json\/wp\/v2\/comments?post=3610"}],"version-history":[{"count":42,"href":"https:\/\/baba.org.pl\/index.php\/wp-json\/wp\/v2\/pages\/3610\/revisions"}],"predecessor-version":[{"id":4231,"href":"https:\/\/baba.org.pl\/index.php\/wp-json\/wp\/v2\/pages\/3610\/revisions\/4231"}],"up":[{"embeddable":true,"href":"https:\/\/baba.org.pl\/index.php\/wp-json\/wp\/v2\/pages\/574"}],"wp:attachment":[{"href":"https:\/\/baba.org.pl\/index.php\/wp-json\/wp\/v2\/media?parent=3610"}],"curies":[{"name":"wp","href":"https:\/\/api.w.org\/{rel}","templated":true}]}}