{"id":356,"date":"2011-09-04T17:26:10","date_gmt":"2011-09-04T15:26:10","guid":{"rendered":"http:\/\/babazg.home.pl\/autoinstalator\/wordpress\/?page_id=356"},"modified":"2016-04-27T11:01:24","modified_gmt":"2016-04-27T09:01:24","slug":"dokonania","status":"publish","type":"page","link":"https:\/\/baba.org.pl\/index.php\/o-nas\/dokonania\/","title":{"rendered":"Dokonania"},"content":{"rendered":"<p>Chwalimy si\u0119, zgodnie z zasada, ze je\u015bli sie same nie pochwalimy, to inni niekoniecznie to zrobi\u0105.<\/p>\n<p><a href=\"http:\/\/babazg.home.pl\/autoinstalator\/wordpress\/wp-content\/uploads\/2011\/09\/DSC_9106-Edit.jpg\" data-lightbox=\"gal[356]\" rel=\"attachment wp-att-4159\"><img loading=\"lazy\" decoding=\"async\" alt=\"DSC_9106-Edit\" class=\"alignleft size-medium wp-image-4159\" height=\"200\" src=\"http:\/\/babazg.home.pl\/autoinstalator\/wordpress\/wp-content\/uploads\/2011\/09\/DSC_9106-Edit-300x200.jpg\" width=\"300\" srcset=\"https:\/\/baba.org.pl\/wp-content\/uploads\/2011\/09\/DSC_9106-Edit-300x200.jpg 300w, https:\/\/baba.org.pl\/wp-content\/uploads\/2011\/09\/DSC_9106-Edit-1024x684.jpg 1024w, https:\/\/baba.org.pl\/wp-content\/uploads\/2011\/09\/DSC_9106-Edit-150x100.jpg 150w, https:\/\/baba.org.pl\/wp-content\/uploads\/2011\/09\/DSC_9106-Edit-768x513.jpg 768w, https:\/\/baba.org.pl\/wp-content\/uploads\/2011\/09\/DSC_9106-Edit-1536x1025.jpg 1536w, https:\/\/baba.org.pl\/wp-content\/uploads\/2011\/09\/DSC_9106-Edit.jpg 2048w\" sizes=\"auto, (max-width: 300px) 100vw, 300px\" \/><\/a>Prezentujemy poni\u017cej nasze zako\u0144czone projekty i efekty naszej pracy &#8211; liczbowo.<\/p>\n<p>Baba idzie do Europy<\/p>\n<p><a href=\"http:\/\/baba.org.pl\/index.php\/o-nas\/dokonania\/olympus-digital-camera\/\" rel=\"attachment wp-att-882\"><img loading=\"lazy\" decoding=\"async\" alt=\"\" class=\"alignright size-medium wp-image-882\" height=\"225\" src=\"http:\/\/babazg.home.pl\/autoinstalator\/wordpress\/wp-content\/uploads\/2011\/09\/Strasbourg-czerwiec-2008-300x225.jpg\" title=\"OLYMPUS DIGITAL CAMERA\" width=\"300\" srcset=\"https:\/\/baba.org.pl\/wp-content\/uploads\/2011\/09\/Strasbourg-czerwiec-2008-300x225.jpg 300w, https:\/\/baba.org.pl\/wp-content\/uploads\/2011\/09\/Strasbourg-czerwiec-2008-150x113.jpg 150w, https:\/\/baba.org.pl\/wp-content\/uploads\/2011\/09\/Strasbourg-czerwiec-2008.jpg 600w\" sizes=\"auto, (max-width: 300px) 100vw, 300px\" \/><\/a>Dzi\u0119ki dotacji Kancelarii Prezesa Rady Ministr&oacute;w i Prezydenta Zielonej G&oacute;ry zrealizowa\u0142y\u015bmy akcj\u0119 plakatow\u0105 w mie\u015bcie propaguj\u0105c\u0105 przyst\u0105pienie Polski do Unii Europejskiej, dodatkowo na Uniwersytecie Zielonog&oacute;rskim zorganizowa\u0142y\u015bmy mi\u0119dzynarodow\u0105 konferencj\u0119 naukow\u0105 na temat gender mainstreamingu ze znakomitymi referentami. Gender mainstreaming bardzo nam sie podoba\u0142 i nadal bardzo nam si\u0119 podoba.<\/p>\n<h3>Bro\u0144 siebie, nie przest\u0119pc\u0119 &ndash; przerwij zmow\u0119 milczenia<\/h3>\n<p><a href=\"http:\/\/baba.org.pl\/index.php\/o-nas\/dokonania\/picture1\/\" rel=\"attachment wp-att-885\"><img loading=\"lazy\" decoding=\"async\" alt=\"\" class=\"alignleft size-thumbnail wp-image-885\" height=\"150\" src=\"http:\/\/babazg.home.pl\/autoinstalator\/wordpress\/wp-content\/uploads\/2011\/09\/Picture1-132x150.jpg\" title=\"Picture1\" width=\"132\" \/><\/a>To by\u0142 nasz pierwszy du\u017cy projekt, kilkukrotnie powtarzany. Bezpiecze\u0144stwo kobiet jest naszym priorytetem. Ale program obj\u0105\u0142 zasi\u0119giem tak\u017ce policjant&oacute;w oraz pedagog&oacute;w. Rozmawiali\u015bmy o polepszeniu pierwszego kontaktu z ofiar\u0105 przest\u0119pstwa i prowadzeniu jej podczas post\u0119powania przygotowawczego. Podawa\u0142y\u015bmy wiedz\u0119 prewencyjn\u0105, prawn\u0105 i psychologiczn\u0105 zwi\u0105zan\u0105 z przemoc\u0105 seksualn\u0105 i molestowaniem seksualnym. Zaj\u0119cia prowadzili policjanci, prawnicy, seksuolodzy i psycholodzy. Przeszkoli\u0142y\u015bmy 16 tysi\u0119cy m\u0142odych ludzi.<\/p>\n<p><a href=\"http:\/\/babazg.home.pl\/autoinstalator\/wordpress\/wp-content\/uploads\/2010\/11\/10258991_977337689008962_1878957481137827858_o.jpg\" data-lightbox=\"gal[356]\" rel=\"attachment wp-att-3890\"><img loading=\"lazy\" decoding=\"async\" alt=\"10258991_977337689008962_1878957481137827858_o\" class=\"alignleft size-medium wp-image-3890\" height=\"222\" src=\"http:\/\/babazg.home.pl\/autoinstalator\/wordpress\/wp-content\/uploads\/2010\/11\/10258991_977337689008962_1878957481137827858_o-300x222.jpg\" width=\"300\" srcset=\"https:\/\/baba.org.pl\/wp-content\/uploads\/2010\/11\/10258991_977337689008962_1878957481137827858_o-300x222.jpg 300w, https:\/\/baba.org.pl\/wp-content\/uploads\/2010\/11\/10258991_977337689008962_1878957481137827858_o-1024x759.jpg 1024w, https:\/\/baba.org.pl\/wp-content\/uploads\/2010\/11\/10258991_977337689008962_1878957481137827858_o-150x111.jpg 150w, https:\/\/baba.org.pl\/wp-content\/uploads\/2010\/11\/10258991_977337689008962_1878957481137827858_o-768x569.jpg 768w, https:\/\/baba.org.pl\/wp-content\/uploads\/2010\/11\/10258991_977337689008962_1878957481137827858_o-1536x1139.jpg 1536w, https:\/\/baba.org.pl\/wp-content\/uploads\/2010\/11\/10258991_977337689008962_1878957481137827858_o.jpg 2048w\" sizes=\"auto, (max-width: 300px) 100vw, 300px\" \/><\/a> Szkolimy w WenDo &ndash; sztuce samoobrony kobiet, stworzonej przez kobiety.<\/p>\n<h3>Publikacje<\/h3>\n<p><a href=\"http:\/\/babazg.home.pl\/autoinstalator\/wordpress\/wp-content\/uploads\/2011\/09\/broszury_kolaz_4kolory.jpg\" data-lightbox=\"gal[356]\"><img loading=\"lazy\" decoding=\"async\" width=\"600\" height=\"598\" alt=\"\" class=\"alignleft size-full wp-image-623\" src=\"http:\/\/babazg.home.pl\/autoinstalator\/wordpress\/wp-content\/uploads\/2011\/09\/broszury_kolaz_4kolory.jpg\" style=\"width: 200px; height: 198px;\" title=\"broszury_kolaz_4kolory\" srcset=\"https:\/\/baba.org.pl\/wp-content\/uploads\/2011\/09\/broszury_kolaz_4kolory.jpg 600w, https:\/\/baba.org.pl\/wp-content\/uploads\/2011\/09\/broszury_kolaz_4kolory-300x300.jpg 300w, https:\/\/baba.org.pl\/wp-content\/uploads\/2011\/09\/broszury_kolaz_4kolory-150x150.jpg 150w, https:\/\/baba.org.pl\/wp-content\/uploads\/2011\/09\/broszury_kolaz_4kolory-100x100.jpg 100w, https:\/\/baba.org.pl\/wp-content\/uploads\/2011\/09\/broszury_kolaz_4kolory-200x200.jpg 200w\" sizes=\"auto, (max-width: 600px) 100vw, 600px\" \/><\/a>Wyda\u0142y\u015bmy ju\u017c 250 000 <a href=\"http:\/\/babazg.home.pl\/autoinstalator\/wordpress\/index.php\/broszury\/broszury-prawne\/\" title=\"Broszury prawne\">broszur prawnych<\/a> z prawnej serii &bdquo;B\u0105d\u017a bezpieczna&rdquo;:<\/p>\n<p>1. od przemocy seksualnej,<br \/>\n\t2. od przemocy domowej,<br \/>\n\t3. w s\u0105dzie (ma\u0142\u017ce\u0144stwo, dzieci rodzina),<br \/>\n\t4. w s\u0105dzie (stosunki maj\u0105tkowe w ma\u0142\u017ce\u0144stwie),<br \/>\n\t5. w pracy i bez pracy; po\u015bwi\u0119conych r&oacute;\u017cnym formom przemocy i dyskryminacji wobec kobiet (fizycznej, psychicznej, ekonomicznej, seksualnej, molestowaniu i lobbingowi).<\/p>\n<p>Nasze cz\u0142onkinie publikuj\u0105 teksty naukowe i popularnonaukowe po\u015bwi\u0119cone tematyce kobiecej po polsku, angielsku, niemiecku i hiszpa\u0144sku (wst\u0119p do wsp&oacute;\u0142tworzonej publikacji hiszpa\u0144skiej napisa\u0142a wicepremier Hiszpanii Maria Teresa Fernandez de la Vega Sanz).<\/p>\n<p><a href=\"http:\/\/babazg.home.pl\/autoinstalator\/wordpress\/index.php\/broszury\/broszury-zdrowotne\/\" title=\"Broszury zdrowotne\">Broszury medyczne<\/a> z serii: Twoje cia\u0142o, Twoje zdrowie; wyda\u0142y\u015bmy 60 000 broszur medycznych po\u015bwieconych zdrowiu kobiet w 4 tytu\u0142ach:<\/p>\n<ol>\n<li>P\u0142odno\u015b\u0107 kobiet,<\/li>\n<li>Choroby nowotworowe kobiet,<\/li>\n<li>Wstydliwe choroby kobiet,<\/li>\n<li>Kobieta bezpieczna od HIV\/AIDS.<\/li>\n<\/ol>\n<h3>Partnerstwo Miast i Obywateli<\/h3>\n<p><a href=\"http:\/\/babazg.home.pl\/autoinstalator\/wordpress\/wp-content\/uploads\/2011\/09\/Warsztaty-polsko-niemieckie-maj-2005.jpg\" data-lightbox=\"gal[356]\"><img loading=\"lazy\" decoding=\"async\" width=\"600\" height=\"416\" alt=\"\" class=\"alignleft size-full wp-image-619\" src=\"http:\/\/babazg.home.pl\/autoinstalator\/wordpress\/wp-content\/uploads\/2011\/09\/Warsztaty-polsko-niemieckie-maj-2005.jpg\" style=\"width: 200px; height: 138px;\" title=\"Warsztaty polsko-niemieckie, maj 2005\" srcset=\"https:\/\/baba.org.pl\/wp-content\/uploads\/2011\/09\/Warsztaty-polsko-niemieckie-maj-2005.jpg 600w, https:\/\/baba.org.pl\/wp-content\/uploads\/2011\/09\/Warsztaty-polsko-niemieckie-maj-2005-300x208.jpg 300w, https:\/\/baba.org.pl\/wp-content\/uploads\/2011\/09\/Warsztaty-polsko-niemieckie-maj-2005-150x104.jpg 150w\" sizes=\"auto, (max-width: 600px) 100vw, 600px\" \/><\/a>W ramach tego projektu od 2000 roku wsp&oacute;\u0142pracujemy z niemieckimi organizacjami kobiecymi. Projekt realizowa\u0142y\u015bmy dzi\u0119ki wsparciu Fundacji Batorego oraz Fundacji Wsp&oacute;\u0142pracy Polsko-Niemieckiej. Wsp&oacute;\u0142pracujemy z Lila Villa Frauenzentrum z Cottbus i FRAUENBRUCKE OST-WEST z Emsdetten.<\/p>\n<h3>Mamo, czy twoje dziecko jest bezpieczne?<\/h3>\n<p>Wsp&oacute;lnie z TKOPD w Zielonej G&oacute;rze i dzi\u0119ki dotacji Fundacji Bezpieczne Miasto przygotowa\u0142y\u015bmy ulotk\u0119 po\u015bwi\u0119con\u0105 <a href=\"http:\/\/baba.org.pl\/index.php\/o-nas\/dokonania\/chron-dziecko-przed-przemoca-seksualna\/\" title=\"Chro\u0144 dziecko przed przemoc\u0105 seksualn\u0105\">seksualnemu bezpiecze\u0144stwu najm\u0142odszych<\/a>. Informowa\u0142y\u015bmy o niepokoj\u0105cych objawach w zachowaniu dziecka i szeroko rozumianej prewencji. Ulotk\u0119 dla matek ostrzegaj\u0105c\u0105 przed dzia\u0142alno\u015bci\u0105 pedofili wyda\u0142y\u015bmy w 2003 r., du\u017co wcze\u015bniej, ni\u017c temat sta\u0142 si\u0119 no\u015bny medialnie.<\/p>\n<h3>Taks&oacute;wka bezpieczna dla kobiet<\/h3>\n<p>Akcja inspirowana przez O\u015bk\u0119, wiosn\u0105 i latem 2004 r., 5 korporacji (4 w Zielonej G&oacute;rze, jedna w Sulechowie) oznakowanymi naszym logo taks&oacute;wkami po zmroku wozi\u0142o samotne kobiety taniej, panowie odprowadzali klientki pod same drzwi, dystrybuowali w\u015br&oacute;d pasa\u017cerek nasze broszury o bezpiecze\u0144stwie.<\/p>\n<h3>B\u0104D\u0179 BEZPIECZNA W DOMU,<br \/>\n\tB\u0104D\u0179 BEZPIECZNA POZA NIM<\/h3>\n<p><a href=\"http:\/\/baba.org.pl\/index.php\/o-nas\/dokonania\/handonshoulder\/\" rel=\"attachment wp-att-886\"><img loading=\"lazy\" decoding=\"async\" alt=\"\" class=\"alignleft size-medium wp-image-886\" height=\"300\" src=\"http:\/\/babazg.home.pl\/autoinstalator\/wordpress\/wp-content\/uploads\/2011\/09\/hand+on+shoulder-192x300.jpg\" title=\"hand+on+shoulder\" width=\"192\" srcset=\"https:\/\/baba.org.pl\/wp-content\/uploads\/2011\/09\/hand+on+shoulder-192x300.jpg 192w, https:\/\/baba.org.pl\/wp-content\/uploads\/2011\/09\/hand+on+shoulder-96x150.jpg 96w, https:\/\/baba.org.pl\/wp-content\/uploads\/2011\/09\/hand+on+shoulder.jpg 304w\" sizes=\"auto, (max-width: 192px) 100vw, 192px\" \/><\/a>Projekt zrealizowany jesieni\u0105 2004, 2005 i 2006 roku. Wyje\u017cd\u017ca\u0142y\u015bmy z wiedz\u0105 poza Zielon\u0105 G&oacute;r\u0119 tam, gdzie dot\u0105d nas nie by\u0142o &ndash; do wsi i gmin, gdzie nie ma \u017cadnych mo\u017cliwo\u015bci skorzystania z porady prawnej i robi\u0142y\u015bmy ca\u0142odniowe spotkania z Bab\u0105 po\u015bwi\u0119cone tematyce przemocy wobec kobiet. To po\u0142\u0105czenie wyk\u0142ad&oacute;w i indywidualnych dy\u017cur&oacute;w. Porusza\u0142y\u015bmy problematyk\u0119 zwi\u0105zan\u0105 z przemoc\u0105 domow\u0105 i seksualn\u0105 na \u017cyczenie b\u0119dziemy m&oacute;wi\u0107 o kwestiach zwi\u0105zanych z rozwodem, podzia\u0142em maj\u0105tku, opiek\u0105 nad dzieckiem, alimentacj\u0105 &ndash; na ten temat te\u017c mamy broszury z wzorami pism. Bra\u0142y\u015bmy ze sob\u0105 r&oacute;wnie\u017c piel\u0119gniarki &ndash; trzeba kobietom powiedzie\u0107, kt&oacute;re uderzenia s\u0105 najniebezpieczniejsze dla zdrowia ofiary, jak sobie poradzi\u0107 z podbitym okiem i opuchni\u0119t\u0105, pokaleczon\u0105 pochw\u0105, jakie objawy powinny zaniepokoi\u0107, gdzie i za ile mo\u017cna zrobi\u0107 test na HIV, na inne choroby weneryczne &ndash; te informacje s\u0105 wr\u0119cz niezb\u0119dne dla Pa\u0144, kt&oacute;re ukrywaj\u0105 to, co im si\u0119 zdarzy\u0142o i nigdzie nie zg\u0142aszaj\u0105 przemocy. Poradnictwo prawne i psychologiczne realizujemy w spos&oacute;b ci\u0105g\u0142y dzi\u0119ki zaanga\u017cowaniu wolontariuszy. Pomog\u0142ysmy ju\u017c ok. 50 tysi\u0105com Lubuszan.<\/p>\n<h3>&bdquo;R&Oacute;WNI W PRACY. TO SI\u0118 OP\u0141ACA&rdquo;.<\/h3>\n<p><img loading=\"lazy\" decoding=\"async\" alt=\"\" class=\"alignright size-medium wp-image-879\" height=\"237\" src=\"http:\/\/babazg.home.pl\/autoinstalator\/wordpress\/wp-content\/uploads\/2011\/09\/niemcy-konferencja-300x237.jpg\" title=\"konferencja\" width=\"300\" \/>W dniu 18 czerwca 2007 roku odby\u0142a si\u0119 na Uniwersytecie Zielonog&oacute;rskim konferencja, dzi\u0119ki wsp&oacute;\u0142pracy Stowarzyszenia BABA, Gender Index i UNDP po\u015bwi\u0119cona sytuacji kobiet pracuj\u0105cych i ich prawom pracowniczym. Od tamtej pory regularnie wspieramy zawodowe ambicje kobiet, organizuj\u0105c zar&oacute;wno konferencje, jak i poradnictwo zawodowe i coaching.<\/p>\n<p>Promujemy postawy oparte na szacunku wobec kobiet, ich macierzy\u0144stwa i integralno\u015bci osobistej. O dyskryminacji pracuj\u0105cych matek, dzi\u0119ki projektowi R&oacute;wni w pracy. To si\u0119 op\u0142aca Gender Index i UNDP rozmawia\u0142y\u015bmy z pisark\u0105 Sylwi\u0105 Chutnik, o przemocy domowej, dzi\u0119ki projektowi &bdquo;AVON kontra przemoc&rdquo; &ndash; z pisark\u0105 Hann\u0105 Samson.<\/p>\n","protected":false},"excerpt":{"rendered":"<p>Chwalimy si\u0119, zgodnie z zasada, ze je\u015bli sie same nie pochwalimy, to inni niekoniecznie to zrobi\u0105. Prezentujemy poni\u017cej nasze zako\u0144czone projekty i efekty naszej pracy &#8211; liczbowo. Baba idzie do Europy Dzi\u0119ki dotacji Kancelarii Prezesa Rady Ministr&oacute;w i Prezydenta Zielonej G&oacute;ry zrealizowa\u0142y\u015bmy akcj\u0119 plakatow\u0105 w mie\u015bcie propaguj\u0105c\u0105 przyst\u0105pienie Polski do Unii Europejskiej, dodatkowo na Uniwersytecie [&hellip;]<\/p>\n","protected":false},"author":6,"featured_media":0,"parent":187,"menu_order":0,"comment_status":"closed","ping_status":"closed","template":"","meta":{"footnotes":""},"class_list":["post-356","page","type-page","status-publish","hentry"],"_links":{"self":[{"href":"https:\/\/baba.org.pl\/index.php\/wp-json\/wp\/v2\/pages\/356","targetHints":{"allow":["GET"]}}],"collection":[{"href":"https:\/\/baba.org.pl\/index.php\/wp-json\/wp\/v2\/pages"}],"about":[{"href":"https:\/\/baba.org.pl\/index.php\/wp-json\/wp\/v2\/types\/page"}],"author":[{"embeddable":true,"href":"https:\/\/baba.org.pl\/index.php\/wp-json\/wp\/v2\/users\/6"}],"replies":[{"embeddable":true,"href":"https:\/\/baba.org.pl\/index.php\/wp-json\/wp\/v2\/comments?post=356"}],"version-history":[{"count":37,"href":"https:\/\/baba.org.pl\/index.php\/wp-json\/wp\/v2\/pages\/356\/revisions"}],"predecessor-version":[{"id":4198,"href":"https:\/\/baba.org.pl\/index.php\/wp-json\/wp\/v2\/pages\/356\/revisions\/4198"}],"up":[{"embeddable":true,"href":"https:\/\/baba.org.pl\/index.php\/wp-json\/wp\/v2\/pages\/187"}],"wp:attachment":[{"href":"https:\/\/baba.org.pl\/index.php\/wp-json\/wp\/v2\/media?parent=356"}],"curies":[{"name":"wp","href":"https:\/\/api.w.org\/{rel}","templated":true}]}}