{"id":3502,"date":"2015-08-26T10:39:27","date_gmt":"2015-08-26T08:39:27","guid":{"rendered":"http:\/\/baba.org.pl\/?page_id=3502"},"modified":"2016-10-19T14:47:17","modified_gmt":"2016-10-19T12:47:17","slug":"ask","status":"publish","type":"page","link":"https:\/\/baba.org.pl\/index.php\/akcje\/ask\/","title":{"rendered":"Antyprzemocowa Sie\u0107 Kobiet"},"content":{"rendered":"<p><a href=\"http:\/\/babazg.home.pl\/autoinstalator\/wordpress\/wp-content\/uploads\/2015\/08\/1508096_1045565292122091_5018298278608248294_n.png\" data-lightbox=\"gal[3502]\"><img loading=\"lazy\" decoding=\"async\" alt=\"1508096_1045565292122091_5018298278608248294_n\" class=\"alignleft size-full wp-image-3503\" height=\"160\" src=\"http:\/\/babazg.home.pl\/autoinstalator\/wordpress\/wp-content\/uploads\/2015\/08\/1508096_1045565292122091_5018298278608248294_n.png\" width=\"160\" srcset=\"https:\/\/baba.org.pl\/wp-content\/uploads\/2015\/08\/1508096_1045565292122091_5018298278608248294_n.png 160w, https:\/\/baba.org.pl\/wp-content\/uploads\/2015\/08\/1508096_1045565292122091_5018298278608248294_n-150x150.png 150w, https:\/\/baba.org.pl\/wp-content\/uploads\/2015\/08\/1508096_1045565292122091_5018298278608248294_n-100x100.png 100w\" sizes=\"auto, (max-width: 160px) 100vw, 160px\" \/><\/a>ASK to Antyprzemocowa Siec Kobiet, projekt, kt&oacute;rego BABA jest partnerk\u0105.<\/p>\n<div class=\"text_exposed_root text_exposed\" id=\"id_55dd785e7285b3c06448069\">Antyprzemocowa Sie\u0107 Kobiet (ASK) to inicjatywa kilkudziesi\u0119ciu kobiet z ca\u0142ej Polski, organizatorek akcji One Billion Rising<span class=\"text_exposed_hide\">&#8230;<\/span><span class=\"text_exposed_show\">\/ Nazywam si\u0119 Miliard Poland. Od marca 2015 roku realizujemy wsp&oacute;lnie projekt, maj\u0105cy na celu zbudowanie sieci lokalnych ekspertek zajmuj\u0105cych si\u0119 przeciwdzia\u0142aniem przemocy wobec kobiet. Projekt zak\u0142ada tak\u017ce monitoring lokalnych program&oacute;w antyprzemocowych z perspektywy p\u0142ci, liczne szkolenia, debaty, akcje &#8211; m.in. One Billion Rising\/ Nazywam si\u0119 Miliard Poland w 2016 roku. Do ASK mog\u0105 si\u0119 przy\u0142\u0105cza\u0107 grupy, organizacje pozarz\u0105dowe, kt&oacute;re ju\u017c dzia\u0142aj\u0105 lokalnie przeciwko przemocy wobec kobiet. Zapraszamy!<\/span><br \/>\n\t<a href=\"http:\/\/babazg.home.pl\/autoinstalator\/wordpress\/wp-content\/uploads\/2010\/11\/11951963_860295354025533_2440754579474208967_n.jpg\" data-lightbox=\"gal[3502]\" rel=\"attachment wp-att-3895\"><img loading=\"lazy\" decoding=\"async\" alt=\"11951963_860295354025533_2440754579474208967_n\" class=\"alignleft size-medium wp-image-3895\" height=\"225\" src=\"http:\/\/babazg.home.pl\/autoinstalator\/wordpress\/wp-content\/uploads\/2010\/11\/11951963_860295354025533_2440754579474208967_n-300x225.jpg\" width=\"300\" srcset=\"https:\/\/baba.org.pl\/wp-content\/uploads\/2010\/11\/11951963_860295354025533_2440754579474208967_n-300x225.jpg 300w, https:\/\/baba.org.pl\/wp-content\/uploads\/2010\/11\/11951963_860295354025533_2440754579474208967_n-150x113.jpg 150w, https:\/\/baba.org.pl\/wp-content\/uploads\/2010\/11\/11951963_860295354025533_2440754579474208967_n-768x576.jpg 768w, https:\/\/baba.org.pl\/wp-content\/uploads\/2010\/11\/11951963_860295354025533_2440754579474208967_n.jpg 960w\" sizes=\"auto, (max-width: 300px) 100vw, 300px\" \/><\/a><\/p>\n<p>&nbsp;<\/p>\n<p>&nbsp;<\/p>\n<p>&nbsp;<\/p>\n<p>Pod linkiem: <a href=\"http:\/\/babazg.home.pl\/autoinstalator\/wordpress\/wp-content\/uploads\/2015\/08\/Monitoring_lokalnych_programow_przeciwdzialania_przemoc.ppt\">Monitoring_lokalnych_programow_przeciwdzialania_przemoc<\/a>y<\/p>\n<p><span class=\"text_exposed_show\">Projekt koordynuje Fundacja Feminoteka.<br \/>\n\t\tProjekt realizowany w ramach Programu &quot;Obywatele dla Demokracji&quot; przy wsparciu Funduszy EOG.<br \/>\n\t\t#eog #ask #antyprzemocowasieckobiet<\/span><br \/>\n\t\t<a href=\"http:\/\/babazg.home.pl\/autoinstalator\/wordpress\/wp-content\/uploads\/2015\/08\/loga_ask.png\" data-lightbox=\"gal[3502]\"><img loading=\"lazy\" decoding=\"async\" alt=\"loga_ask\" class=\"alignleft size-medium wp-image-3738\" height=\"69\" src=\"http:\/\/babazg.home.pl\/autoinstalator\/wordpress\/wp-content\/uploads\/2015\/08\/loga_ask-300x69.png\" width=\"300\" srcset=\"https:\/\/baba.org.pl\/wp-content\/uploads\/2015\/08\/loga_ask-300x69.png 300w, https:\/\/baba.org.pl\/wp-content\/uploads\/2015\/08\/loga_ask-1024x237.png 1024w, https:\/\/baba.org.pl\/wp-content\/uploads\/2015\/08\/loga_ask-150x35.png 150w, https:\/\/baba.org.pl\/wp-content\/uploads\/2015\/08\/loga_ask-768x178.png 768w, https:\/\/baba.org.pl\/wp-content\/uploads\/2015\/08\/loga_ask.png 1094w\" sizes=\"auto, (max-width: 300px) 100vw, 300px\" \/><\/a><\/p>\n<\/div>\n<div class=\"text_exposed_root text_exposed\">ask@feminoteka.pl<\/div>\n<div class=\"text_exposed_root text_exposed\"><a href=\"http:\/\/www.feminoteka.pl\/antyprzemocowa-siec-kobiet-ask\/\" rel=\"nofollow nofollow\" target=\"_blank\">http:\/\/www.feminoteka.pl\/antyprzemocowa-siec-kobiet-ask\/<\/a><\/div>\n<div class=\"text_exposed_root text_exposed\">&nbsp;<a href=\"http:\/\/babazg.home.pl\/autoinstalator\/wordpress\/wp-content\/uploads\/2015\/08\/10384601_1049870041691616_1972229550565749406_n.jpg\" data-lightbox=\"gal[3502]\"><img loading=\"lazy\" decoding=\"async\" alt=\"10384601_1049870041691616_1972229550565749406_n\" class=\"alignleft size-medium wp-image-3505\" height=\"225\" src=\"http:\/\/babazg.home.pl\/autoinstalator\/wordpress\/wp-content\/uploads\/2015\/08\/10384601_1049870041691616_1972229550565749406_n-300x225.jpg\" width=\"300\" srcset=\"https:\/\/baba.org.pl\/wp-content\/uploads\/2015\/08\/10384601_1049870041691616_1972229550565749406_n-300x225.jpg 300w, https:\/\/baba.org.pl\/wp-content\/uploads\/2015\/08\/10384601_1049870041691616_1972229550565749406_n-150x113.jpg 150w, https:\/\/baba.org.pl\/wp-content\/uploads\/2015\/08\/10384601_1049870041691616_1972229550565749406_n-768x576.jpg 768w, https:\/\/baba.org.pl\/wp-content\/uploads\/2015\/08\/10384601_1049870041691616_1972229550565749406_n.jpg 960w\" sizes=\"auto, (max-width: 300px) 100vw, 300px\" \/><\/a> <a href=\"http:\/\/babazg.home.pl\/autoinstalator\/wordpress\/wp-content\/uploads\/2015\/08\/11081476_1021521731193114_47620393454314755_n.jpg\" data-lightbox=\"gal[3502]\"><img loading=\"lazy\" decoding=\"async\" alt=\"11081476_1021521731193114_47620393454314755_n\" class=\"alignleft size-medium wp-image-3506\" height=\"300\" src=\"http:\/\/babazg.home.pl\/autoinstalator\/wordpress\/wp-content\/uploads\/2015\/08\/11081476_1021521731193114_47620393454314755_n-300x300.jpg\" width=\"300\" srcset=\"https:\/\/baba.org.pl\/wp-content\/uploads\/2015\/08\/11081476_1021521731193114_47620393454314755_n-300x300.jpg 300w, https:\/\/baba.org.pl\/wp-content\/uploads\/2015\/08\/11081476_1021521731193114_47620393454314755_n-150x150.jpg 150w, https:\/\/baba.org.pl\/wp-content\/uploads\/2015\/08\/11081476_1021521731193114_47620393454314755_n-100x100.jpg 100w, https:\/\/baba.org.pl\/wp-content\/uploads\/2015\/08\/11081476_1021521731193114_47620393454314755_n-200x200.jpg 200w, https:\/\/baba.org.pl\/wp-content\/uploads\/2015\/08\/11081476_1021521731193114_47620393454314755_n.jpg 480w\" sizes=\"auto, (max-width: 300px) 100vw, 300px\" \/><\/a> <a href=\"http:\/\/babazg.home.pl\/autoinstalator\/wordpress\/wp-content\/uploads\/2015\/08\/11088396_983942921623749_1448750269250603194_n.jpg\" data-lightbox=\"gal[3502]\"><img loading=\"lazy\" decoding=\"async\" alt=\"11088396_983942921623749_1448750269250603194_n\" class=\"alignleft size-medium wp-image-3507\" height=\"169\" src=\"http:\/\/babazg.home.pl\/autoinstalator\/wordpress\/wp-content\/uploads\/2015\/08\/11088396_983942921623749_1448750269250603194_n-300x169.jpg\" width=\"300\" srcset=\"https:\/\/baba.org.pl\/wp-content\/uploads\/2015\/08\/11088396_983942921623749_1448750269250603194_n-300x169.jpg 300w, https:\/\/baba.org.pl\/wp-content\/uploads\/2015\/08\/11088396_983942921623749_1448750269250603194_n-150x84.jpg 150w, https:\/\/baba.org.pl\/wp-content\/uploads\/2015\/08\/11088396_983942921623749_1448750269250603194_n-768x432.jpg 768w, https:\/\/baba.org.pl\/wp-content\/uploads\/2015\/08\/11088396_983942921623749_1448750269250603194_n.jpg 960w\" sizes=\"auto, (max-width: 300px) 100vw, 300px\" \/><\/a> <a href=\"http:\/\/babazg.home.pl\/autoinstalator\/wordpress\/wp-content\/uploads\/2015\/08\/11223856_1080286448649975_1371661373408725381_n.png\" data-lightbox=\"gal[3502]\"><img loading=\"lazy\" decoding=\"async\" alt=\"11223856_1080286448649975_1371661373408725381_n\" class=\"alignleft size-medium wp-image-3508\" height=\"251\" src=\"http:\/\/babazg.home.pl\/autoinstalator\/wordpress\/wp-content\/uploads\/2015\/08\/11223856_1080286448649975_1371661373408725381_n-300x251.png\" width=\"300\" srcset=\"https:\/\/baba.org.pl\/wp-content\/uploads\/2015\/08\/11223856_1080286448649975_1371661373408725381_n-300x251.png 300w, https:\/\/baba.org.pl\/wp-content\/uploads\/2015\/08\/11223856_1080286448649975_1371661373408725381_n-150x126.png 150w, https:\/\/baba.org.pl\/wp-content\/uploads\/2015\/08\/11223856_1080286448649975_1371661373408725381_n-768x644.png 768w, https:\/\/baba.org.pl\/wp-content\/uploads\/2015\/08\/11223856_1080286448649975_1371661373408725381_n.png 940w\" sizes=\"auto, (max-width: 300px) 100vw, 300px\" \/><\/a> <a href=\"http:\/\/babazg.home.pl\/autoinstalator\/wordpress\/wp-content\/uploads\/2015\/08\/11745714_1088414627837157_4054484745259354599_n.png\" data-lightbox=\"gal[3502]\"><img loading=\"lazy\" decoding=\"async\" alt=\"11745714_1088414627837157_4054484745259354599_n\" class=\"alignleft size-medium wp-image-3509\" height=\"251\" src=\"http:\/\/babazg.home.pl\/autoinstalator\/wordpress\/wp-content\/uploads\/2015\/08\/11745714_1088414627837157_4054484745259354599_n-300x251.png\" width=\"300\" srcset=\"https:\/\/baba.org.pl\/wp-content\/uploads\/2015\/08\/11745714_1088414627837157_4054484745259354599_n-300x251.png 300w, https:\/\/baba.org.pl\/wp-content\/uploads\/2015\/08\/11745714_1088414627837157_4054484745259354599_n-150x126.png 150w, https:\/\/baba.org.pl\/wp-content\/uploads\/2015\/08\/11745714_1088414627837157_4054484745259354599_n-768x644.png 768w, https:\/\/baba.org.pl\/wp-content\/uploads\/2015\/08\/11745714_1088414627837157_4054484745259354599_n.png 940w\" sizes=\"auto, (max-width: 300px) 100vw, 300px\" \/><\/a> <a href=\"http:\/\/babazg.home.pl\/autoinstalator\/wordpress\/wp-content\/uploads\/2015\/08\/11822681_1091998314145455_6709059968454625848_n.jpg\" data-lightbox=\"gal[3502]\"><img loading=\"lazy\" decoding=\"async\" alt=\"11822681_1091998314145455_6709059968454625848_n\" class=\"alignleft size-medium wp-image-3510\" height=\"180\" src=\"http:\/\/babazg.home.pl\/autoinstalator\/wordpress\/wp-content\/uploads\/2015\/08\/11822681_1091998314145455_6709059968454625848_n-300x180.jpg\" width=\"300\" srcset=\"https:\/\/baba.org.pl\/wp-content\/uploads\/2015\/08\/11822681_1091998314145455_6709059968454625848_n-300x180.jpg 300w, https:\/\/baba.org.pl\/wp-content\/uploads\/2015\/08\/11822681_1091998314145455_6709059968454625848_n-150x90.jpg 150w, https:\/\/baba.org.pl\/wp-content\/uploads\/2015\/08\/11822681_1091998314145455_6709059968454625848_n-768x461.jpg 768w, https:\/\/baba.org.pl\/wp-content\/uploads\/2015\/08\/11822681_1091998314145455_6709059968454625848_n.jpg 960w\" sizes=\"auto, (max-width: 300px) 100vw, 300px\" \/><\/a> <a href=\"http:\/\/babazg.home.pl\/autoinstalator\/wordpress\/wp-content\/uploads\/2015\/08\/11953014_860301817358220_6716384761206179236_n.jpg\" data-lightbox=\"gal[3502]\"><img loading=\"lazy\" decoding=\"async\" alt=\"11953014_860301817358220_6716384761206179236_n\" class=\"alignleft size-medium wp-image-3511\" height=\"169\" src=\"http:\/\/babazg.home.pl\/autoinstalator\/wordpress\/wp-content\/uploads\/2015\/08\/11953014_860301817358220_6716384761206179236_n-300x169.jpg\" width=\"300\" srcset=\"https:\/\/baba.org.pl\/wp-content\/uploads\/2015\/08\/11953014_860301817358220_6716384761206179236_n-300x169.jpg 300w, https:\/\/baba.org.pl\/wp-content\/uploads\/2015\/08\/11953014_860301817358220_6716384761206179236_n-150x84.jpg 150w, https:\/\/baba.org.pl\/wp-content\/uploads\/2015\/08\/11953014_860301817358220_6716384761206179236_n.jpg 720w\" sizes=\"auto, (max-width: 300px) 100vw, 300px\" \/><\/a><\/div>\n","protected":false},"excerpt":{"rendered":"<p>ASK to Antyprzemocowa Siec Kobiet, projekt, kt&oacute;rego BABA jest partnerk\u0105. Antyprzemocowa Sie\u0107 Kobiet (ASK) to inicjatywa kilkudziesi\u0119ciu kobiet z ca\u0142ej Polski, organizatorek akcji One Billion Rising&#8230;\/ Nazywam si\u0119 Miliard Poland. Od marca 2015 roku realizujemy wsp&oacute;lnie projekt, maj\u0105cy na celu zbudowanie sieci lokalnych ekspertek zajmuj\u0105cych si\u0119 przeciwdzia\u0142aniem przemocy wobec kobiet. Projekt zak\u0142ada tak\u017ce monitoring lokalnych [&hellip;]<\/p>\n","protected":false},"author":4,"featured_media":0,"parent":574,"menu_order":2,"comment_status":"closed","ping_status":"closed","template":"","meta":{"footnotes":""},"class_list":["post-3502","page","type-page","status-publish","hentry"],"_links":{"self":[{"href":"https:\/\/baba.org.pl\/index.php\/wp-json\/wp\/v2\/pages\/3502","targetHints":{"allow":["GET"]}}],"collection":[{"href":"https:\/\/baba.org.pl\/index.php\/wp-json\/wp\/v2\/pages"}],"about":[{"href":"https:\/\/baba.org.pl\/index.php\/wp-json\/wp\/v2\/types\/page"}],"author":[{"embeddable":true,"href":"https:\/\/baba.org.pl\/index.php\/wp-json\/wp\/v2\/users\/4"}],"replies":[{"embeddable":true,"href":"https:\/\/baba.org.pl\/index.php\/wp-json\/wp\/v2\/comments?post=3502"}],"version-history":[{"count":6,"href":"https:\/\/baba.org.pl\/index.php\/wp-json\/wp\/v2\/pages\/3502\/revisions"}],"predecessor-version":[{"id":4219,"href":"https:\/\/baba.org.pl\/index.php\/wp-json\/wp\/v2\/pages\/3502\/revisions\/4219"}],"up":[{"embeddable":true,"href":"https:\/\/baba.org.pl\/index.php\/wp-json\/wp\/v2\/pages\/574"}],"wp:attachment":[{"href":"https:\/\/baba.org.pl\/index.php\/wp-json\/wp\/v2\/media?parent=3502"}],"curies":[{"name":"wp","href":"https:\/\/api.w.org\/{rel}","templated":true}]}}