{"id":283,"date":"2011-09-04T15:51:58","date_gmt":"2011-09-04T13:51:58","guid":{"rendered":"http:\/\/babazg.home.pl\/autoinstalator\/wordpress\/?page_id=283"},"modified":"2011-09-08T21:49:14","modified_gmt":"2011-09-08T19:49:14","slug":"wsparli-nas","status":"publish","type":"page","link":"https:\/\/baba.org.pl\/index.php\/zaangazuj-sie\/wsparli-nas\/","title":{"rendered":"Donatorzy"},"content":{"rendered":"<p>Bez donator\u00f3w nie by\u0142oby BABY, bez mo\u017cliwo\u015bci realizowania projekt\u00f3w nie by\u0142oby osi\u0105gni\u0119\u0107. Wszystkim serdecznie dzi\u0119kujemy, a zw\u0142aszcza <strong>Fundacji im. Stefana Batorego<\/strong> \u2013 fundatorowi naszych pierwszych projekt\u00f3w, instytucji, kt\u00f3ra zaufa\u0142a nam jako pierwsza oraz zaufa\u0142a nam najbardziej, decyduj\u0105c o przyznaniu nam w 2009 i 2010 roku dotacji instytucjonalnej.<\/p>\n<p>Oto nasze najwa\u017cniejsze projekty i ich donatorzy:<\/p>\n<table border=\"1\" cellspacing=\"1\" cellpadding=\"1\">\n<tbody>\n<tr>\n<td><strong>Baba idzie do Europy<\/strong>&nbsp;<\/p>\n<ul>\n<li>Kancelaria Prezesa Rady Ministr\u00f3w<\/li>\n<li>Prezydent Zielonej G\u00f3ry<\/li>\n<\/ul>\n<\/td>\n<td><strong>Bro\u0144 siebie, nie przest\u0119pc\u0119 \u2013 przerwij zmow\u0119 milczenia.<\/strong>&nbsp;<\/p>\n<ul>\n<li>Fundacja im. Stefana Batorego<\/li>\n<li>Fundusz Inicjatyw Obywatelskich<\/li>\n<\/ul>\n<\/td>\n<\/tr>\n<tr>\n<td><strong><a title=\"Broszury prawne\" href=\"http:\/\/babazg.home.pl\/autoinstalator\/wordpress\/index.php\/broszury\/broszury-prawne\/\">Broszury prawne<\/a> z serii \u201eB\u0105d\u017a bezpieczna\u201d<\/strong>&nbsp;<\/p>\n<ul>\n<li>Fundacja im. Stefana Batorego<\/li>\n<li>Fundusz Inicjatyw Obywatelskich<\/li>\n<li>Prezydent Zielonej G\u00f3ry<\/li>\n<li>Wojewoda Lubuski<\/li>\n<li>Fundusz dla Organizacji Pozarz\u0105dowych<\/li>\n<li>Fundusz dla Kobiet<\/li>\n<li>Pe\u0142nomocnik Prezydenta Zielonej G\u00f3ry ds. Przeciwdzia\u0142ania Alkoholizmowi<\/li>\n<li>Pe\u0142nomocnik ds. R\u00f3wnego Statusu Kobiet i M\u0119\u017cczyzn<\/li>\n<\/ul>\n<\/td>\n<td><strong>BABA babie \u2013 poradnictwo prawne &#8211;<\/strong> <strong>BABA w terenie &#8211; BABA Babie przez Internet<\/strong>&nbsp;<\/p>\n<ul>\n<li>Instytut Spraw Publicznych<\/li>\n<li>Polsko-Ameryka\u0144ska Fundacja Wolno\u015bci<\/li>\n<li>Fundacja im. Stefana Batorego<\/li>\n<li>Europejski Fundusz Spo\u0142eczny<\/li>\n<li>Marsza\u0142ek Lubuski<\/li>\n<li>Wojewoda Lubuski<\/li>\n<li>Ministerstwo Sprawiedliwo\u015bci<\/li>\n<li>Fundusz Organizacji Pozarz\u0105dowych<\/li>\n<li>Fundusz Inicjatyw Obywatelskich<\/li>\n<li>Norweski Mechanizm Finansowy<\/li>\n<li>Fundusz dla Kobiet<\/li>\n<\/ul>\n<\/td>\n<\/tr>\n<tr>\n<td><strong><a title=\"Broszury zdrowotne\" href=\"http:\/\/babazg.home.pl\/autoinstalator\/wordpress\/index.php\/broszury\/broszury-zdrowotne\/\">Broszury medyczne<\/a> w serii: Twoje cia\u0142o, Twoje zdrowie<\/strong>&nbsp;<\/p>\n<ul>\n<li>Ministerstwo Zdrowia<\/li>\n<li>Ministerstwo Pracy i Polityki Spo\u0142ecznej<\/li>\n<li>Fundusz Inicjatyw Obywatelskich<\/li>\n<li>Wojewoda Lubuski<\/li>\n<\/ul>\n<\/td>\n<td><strong>O\u015brodek Pomocy dla Os\u00f3b Pokrzywdzonych Przest\u0119pstwem<\/strong>&nbsp;<\/p>\n<ul>\n<li>Ministerstwo Sprawiedliwo\u015bci<\/li>\n<li>Komisja Europejska<\/li>\n<li>Miasto Zielona G\u00f3ra<\/li>\n<li>Fundusz Postpenitencjarny<\/li>\n<\/ul>\n<\/td>\n<\/tr>\n<tr>\n<td><strong>Partnerstwo Miast i Obywateli<\/strong>&nbsp;<\/p>\n<ul>\n<li>Fundacja im. Stefana Batorego<\/li>\n<li>Fundacja Wsp\u00f3\u0142pracy Polsko-Niemieckiej<\/li>\n<\/ul>\n<\/td>\n<td><strong>Mamo, czy twoje dziecko jest bezpieczne?<\/strong>&nbsp;<\/p>\n<ul>\n<li>Fundacja Bezpieczne Miasto<\/li>\n<\/ul>\n<\/td>\n<\/tr>\n<\/tbody>\n<\/table>\n<p>&nbsp;<\/p>\n<p><a href=\"http:\/\/babazg.home.pl\/autoinstalator\/wordpress\/wp-content\/uploads\/2011\/09\/EU+EFS_cent-kolor.gif\" data-lightbox=\"gal[283]\"><img loading=\"lazy\" decoding=\"async\" class=\"size-full wp-image-390 alignnone\" title=\"logo EFS i UE\" src=\"http:\/\/babazg.home.pl\/autoinstalator\/wordpress\/wp-content\/uploads\/2011\/09\/EU+EFS_cent-kolor.gif\" alt=\"\" width=\"112\" height=\"100\" \/><\/a><a href=\"http:\/\/babazg.home.pl\/autoinstalator\/wordpress\/wp-content\/uploads\/2011\/09\/batory_logo_800x600.png\" data-lightbox=\"gal[283]\"><img loading=\"lazy\" decoding=\"async\" class=\"size-full wp-image-385 alignnone\" title=\"batory_logo_800x600\" src=\"http:\/\/babazg.home.pl\/autoinstalator\/wordpress\/wp-content\/uploads\/2011\/09\/batory_logo_800x600.png\" alt=\"Logo Fundacji Stefana Batorego\" width=\"134\" height=\"100\" srcset=\"https:\/\/baba.org.pl\/wp-content\/uploads\/2011\/09\/batory_logo_800x600.png 800w, https:\/\/baba.org.pl\/wp-content\/uploads\/2011\/09\/batory_logo_800x600-300x225.png 300w, https:\/\/baba.org.pl\/wp-content\/uploads\/2011\/09\/batory_logo_800x600-150x113.png 150w, https:\/\/baba.org.pl\/wp-content\/uploads\/2011\/09\/batory_logo_800x600-768x576.png 768w\" sizes=\"auto, (max-width: 134px) 100vw, 134px\" \/><\/a><a href=\"http:\/\/babazg.home.pl\/autoinstalator\/wordpress\/wp-content\/uploads\/2011\/09\/logo_fio.jpg\" data-lightbox=\"gal[283]\"><img loading=\"lazy\" decoding=\"async\" class=\"size-full wp-image-406 alignnone\" title=\"logo Fundusz Inicjatyw Obywatelskich\" src=\"http:\/\/babazg.home.pl\/autoinstalator\/wordpress\/wp-content\/uploads\/2011\/09\/logo_fio.jpg\" alt=\"\" width=\"194\" height=\"101\" srcset=\"https:\/\/baba.org.pl\/wp-content\/uploads\/2011\/09\/logo_fio.jpg 568w, https:\/\/baba.org.pl\/wp-content\/uploads\/2011\/09\/logo_fio-300x156.jpg 300w, https:\/\/baba.org.pl\/wp-content\/uploads\/2011\/09\/logo_fio-150x78.jpg 150w\" sizes=\"auto, (max-width: 194px) 100vw, 194px\" \/><\/a><\/p>\n<p><a href=\"http:\/\/babazg.home.pl\/autoinstalator\/wordpress\/wp-content\/uploads\/2011\/09\/logotype.gif\" data-lightbox=\"gal[283]\"><img loading=\"lazy\" decoding=\"async\" class=\"size-full wp-image-386 alignnone\" title=\"logo Zielona Gora Urzad Miasta\" src=\"http:\/\/babazg.home.pl\/autoinstalator\/wordpress\/wp-content\/uploads\/2011\/09\/logotype.gif\" alt=\"\" width=\"225\" height=\"102\" \/><\/a><img loading=\"lazy\" decoding=\"async\" class=\"size-full wp-image-402 alignnone\" title=\"logo Kapital Ludzki\" src=\"http:\/\/babazg.home.pl\/autoinstalator\/wordpress\/wp-content\/uploads\/2011\/09\/logo_kapital_ludzki.jpg\" alt=\"\" width=\"311\" height=\"100\" srcset=\"https:\/\/baba.org.pl\/wp-content\/uploads\/2011\/09\/logo_kapital_ludzki.jpg 1101w, https:\/\/baba.org.pl\/wp-content\/uploads\/2011\/09\/logo_kapital_ludzki-300x96.jpg 300w, https:\/\/baba.org.pl\/wp-content\/uploads\/2011\/09\/logo_kapital_ludzki-1024x329.jpg 1024w, https:\/\/baba.org.pl\/wp-content\/uploads\/2011\/09\/logo_kapital_ludzki-150x48.jpg 150w, https:\/\/baba.org.pl\/wp-content\/uploads\/2011\/09\/logo_kapital_ludzki-768x247.jpg 768w\" sizes=\"auto, (max-width: 311px) 100vw, 311px\" \/><a href=\"http:\/\/babazg.home.pl\/autoinstalator\/wordpress\/wp-content\/uploads\/2011\/09\/logo_min_sprawiedzliwosci.gif\" data-lightbox=\"gal[283]\"><img loading=\"lazy\" decoding=\"async\" class=\"size-full wp-image-417 alignnone\" title=\"logo Min Sprawiedliwosci\" src=\"http:\/\/babazg.home.pl\/autoinstalator\/wordpress\/wp-content\/uploads\/2011\/09\/logo_min_sprawiedzliwosci.gif\" alt=\"\" width=\"284\" height=\"64\" \/><\/a><a href=\"http:\/\/babazg.home.pl\/autoinstalator\/wordpress\/wp-content\/uploads\/2011\/09\/PAFW.png\" data-lightbox=\"gal[283]\"><img loading=\"lazy\" decoding=\"async\" class=\"alignnone size-full wp-image-734\" title=\"PAFW\" src=\"http:\/\/babazg.home.pl\/autoinstalator\/wordpress\/wp-content\/uploads\/2011\/09\/PAFW.png\" alt=\"\" width=\"444\" height=\"100\" srcset=\"https:\/\/baba.org.pl\/wp-content\/uploads\/2011\/09\/PAFW.png 625w, https:\/\/baba.org.pl\/wp-content\/uploads\/2011\/09\/PAFW-300x68.png 300w, https:\/\/baba.org.pl\/wp-content\/uploads\/2011\/09\/PAFW-150x34.png 150w\" sizes=\"auto, (max-width: 444px) 100vw, 444px\" \/><\/a><\/p>\n","protected":false},"excerpt":{"rendered":"<p>Bez donator\u00f3w nie by\u0142oby BABY, bez mo\u017cliwo\u015bci realizowania projekt\u00f3w nie by\u0142oby osi\u0105gni\u0119\u0107. Wszystkim serdecznie dzi\u0119kujemy, a zw\u0142aszcza Fundacji im. Stefana Batorego \u2013 fundatorowi naszych pierwszych projekt\u00f3w, instytucji, kt\u00f3ra zaufa\u0142a nam jako pierwsza oraz zaufa\u0142a nam najbardziej, decyduj\u0105c o przyznaniu nam w 2009 i 2010 roku dotacji instytucjonalnej. Oto nasze najwa\u017cniejsze projekty i ich donatorzy: Baba [&hellip;]<\/p>\n","protected":false},"author":6,"featured_media":0,"parent":570,"menu_order":60,"comment_status":"closed","ping_status":"closed","template":"","meta":{"footnotes":""},"class_list":["post-283","page","type-page","status-publish","hentry"],"_links":{"self":[{"href":"https:\/\/baba.org.pl\/index.php\/wp-json\/wp\/v2\/pages\/283","targetHints":{"allow":["GET"]}}],"collection":[{"href":"https:\/\/baba.org.pl\/index.php\/wp-json\/wp\/v2\/pages"}],"about":[{"href":"https:\/\/baba.org.pl\/index.php\/wp-json\/wp\/v2\/types\/page"}],"author":[{"embeddable":true,"href":"https:\/\/baba.org.pl\/index.php\/wp-json\/wp\/v2\/users\/6"}],"replies":[{"embeddable":true,"href":"https:\/\/baba.org.pl\/index.php\/wp-json\/wp\/v2\/comments?post=283"}],"version-history":[{"count":20,"href":"https:\/\/baba.org.pl\/index.php\/wp-json\/wp\/v2\/pages\/283\/revisions"}],"predecessor-version":[{"id":842,"href":"https:\/\/baba.org.pl\/index.php\/wp-json\/wp\/v2\/pages\/283\/revisions\/842"}],"up":[{"embeddable":true,"href":"https:\/\/baba.org.pl\/index.php\/wp-json\/wp\/v2\/pages\/570"}],"wp:attachment":[{"href":"https:\/\/baba.org.pl\/index.php\/wp-json\/wp\/v2\/media?parent=283"}],"curies":[{"name":"wp","href":"https:\/\/api.w.org\/{rel}","templated":true}]}}