{"id":2400,"date":"2013-10-29T16:47:27","date_gmt":"2013-10-29T14:47:27","guid":{"rendered":"http:\/\/baba.org.pl\/?page_id=2400"},"modified":"2016-04-27T10:26:02","modified_gmt":"2016-04-27T08:26:02","slug":"doradztwo-zawodowe","status":"publish","type":"page","link":"https:\/\/baba.org.pl\/index.php\/programy\/doradztwo-zawodowe\/","title":{"rendered":"Porady zawodowe i coaching biznesowy"},"content":{"rendered":"<p><span style=\"font-size: 14px;\"><strong><span style=\"color: rgb(75, 0, 130);\">Nie pracujesz? A mo\u017ce pracujesz, ale wiesz, \u017ce to nie jest to, co chcia\u0142aby\u015b robi\u0107. Zwyczajnie si\u0119 marnujesz. Zmiana nie jest zagro\u017ceniem &#8211; zmiana jest dobra, to nie koniec czego\u015b, ale pocz\u0105tek. A ka\u017cdy pocz\u0105tek wyzwala w nas pok\u0142ady zaniedbanych i lekcewa\u017conych umiej\u0119tno\u015bci.<br \/>\n\tJe\u015bli potrzebujesz pomocy doradcy zawodowego lub coacha, zapraszamy do BABY na dy\u017cury naszych wolontariuszek &#8211; pa\u0144 z <a href=\"http:\/\/fundacja-az.org\/\">Fundacji od A do Z<\/a> oraz babowego coacha Koriny. <\/span><\/strong><\/span><br \/>\n\t<a href=\"http:\/\/babazg.home.pl\/autoinstalator\/wordpress\/wp-content\/uploads\/2013\/10\/294287_111880828920892_1452782895_n.jpg\" data-lightbox=\"gal[2400]\" rel=\"attachment wp-att-4183\"><img loading=\"lazy\" decoding=\"async\" alt=\"294287_111880828920892_1452782895_n\" class=\"alignleft size-medium wp-image-4183\" height=\"300\" src=\"http:\/\/babazg.home.pl\/autoinstalator\/wordpress\/wp-content\/uploads\/2013\/10\/294287_111880828920892_1452782895_n-200x300.jpg\" width=\"200\" srcset=\"https:\/\/baba.org.pl\/wp-content\/uploads\/2013\/10\/294287_111880828920892_1452782895_n-200x300.jpg 200w, https:\/\/baba.org.pl\/wp-content\/uploads\/2013\/10\/294287_111880828920892_1452782895_n-100x150.jpg 100w, https:\/\/baba.org.pl\/wp-content\/uploads\/2013\/10\/294287_111880828920892_1452782895_n.jpg 640w\" sizes=\"auto, (max-width: 200px) 100vw, 200px\" \/><\/a><span style=\"font-size: 14px;\"><strong><span style=\"color: rgb(75, 0, 130);\">Panie b\u0119d\u0105 pracowa\u0142y z Tob\u0105, a\u017c uznasz, \u017ce ju\u017c wystarczy, \u017ce jest dobrze, a nawet lepiej. &nbsp;<br \/>\n\tProsimy o wcze\u015bniejszy telefon (68) 4549232, 692 064 061.<\/span><\/strong><\/span><\/p>\n<p><span style=\"font-size: 14px;\"><strong><span style=\"color: rgb(75, 0, 130);\">Je\u015bli szukasz zatrudnienia, nie wiesz jak \u017cy\u0107 po utracie pracy, szukasz nowych mo\u017cliwo\u015bci lub chcesz si\u0119 przekwalifikowa\u0107, zaj\u0119cia z poradnictwa zawodowego s\u0105 w\u0142asnie dla Ciebie. Podczas bezp\u0142atnych spotka\u0144 oferujemy:<br \/>\n\t&#8211; pomoc przy pisaniu curriculum vitae i listu motywacyjnego,<br \/>\n\t&#8211; nauk\u0119 technik i metod poszukiwania pracy,<br \/>\n\t&#8211; pomoc w wyszukiwaniu odpowiednich ofert pracy, szkole\u0144, kurs&oacute;w itp.<br \/>\n\t&#8211; pomoc przy okre\u015blaniu swoich s\u0142abych i mocnych stron, pomocnych przy poszukiwaniu zatrudnienia,<br \/>\n\t&#8211; nauk\u0119 autoprezentacji i budowania pozytywnego wizerunku przed rozmow\u0105 kwalifikacyjn\u0105.<\/span><\/strong><\/span><\/p>\n<p><a href=\"http:\/\/babazg.home.pl\/autoinstalator\/wordpress\/wp-content\/uploads\/2014\/10\/2014-10-18-251.jpg\" data-lightbox=\"gal[2400]\" rel=\"attachment wp-att-2872\" style=\"\" target=\"\" title=\"\"><img loading=\"lazy\" decoding=\"async\" alt=\"2014-10-18-251\" class=\"alignleft size-medium wp-image-2872\" height=\"180\" src=\"http:\/\/babazg.home.pl\/autoinstalator\/wordpress\/wp-content\/uploads\/2014\/10\/2014-10-18-251-300x225.jpg\" style=\"\" title=\"\" width=\"240\" srcset=\"https:\/\/baba.org.pl\/wp-content\/uploads\/2014\/10\/2014-10-18-251-300x225.jpg 300w, https:\/\/baba.org.pl\/wp-content\/uploads\/2014\/10\/2014-10-18-251-150x113.jpg 150w, https:\/\/baba.org.pl\/wp-content\/uploads\/2014\/10\/2014-10-18-251.jpg 640w\" sizes=\"auto, (max-width: 240px) 100vw, 240px\" \/><\/a><a href=\"http:\/\/babazg.home.pl\/autoinstalator\/wordpress\/wp-content\/uploads\/2014\/03\/IMG_1092.jpg\" data-lightbox=\"gal[2400]\" rel=\"attachment wp-att-2618\" style=\"\" target=\"\" title=\"\"><img loading=\"lazy\" decoding=\"async\" alt=\"IMG_1092\" class=\"alignleft size-medium wp-image-2618\" height=\"180\" src=\"http:\/\/babazg.home.pl\/autoinstalator\/wordpress\/wp-content\/uploads\/2014\/03\/IMG_1092-300x225.jpg\" style=\"\" title=\"\" width=\"240\" srcset=\"https:\/\/baba.org.pl\/wp-content\/uploads\/2014\/03\/IMG_1092-300x225.jpg 300w, https:\/\/baba.org.pl\/wp-content\/uploads\/2014\/03\/IMG_1092-1024x768.jpg 1024w, https:\/\/baba.org.pl\/wp-content\/uploads\/2014\/03\/IMG_1092-150x113.jpg 150w, https:\/\/baba.org.pl\/wp-content\/uploads\/2014\/03\/IMG_1092-768x576.jpg 768w, https:\/\/baba.org.pl\/wp-content\/uploads\/2014\/03\/IMG_1092-1536x1152.jpg 1536w, https:\/\/baba.org.pl\/wp-content\/uploads\/2014\/03\/IMG_1092-2048x1536.jpg 2048w\" sizes=\"auto, (max-width: 240px) 100vw, 240px\" \/><\/a><\/p>\n","protected":false},"excerpt":{"rendered":"<p>Nie pracujesz? A mo\u017ce pracujesz, ale wiesz, \u017ce to nie jest to, co chcia\u0142aby\u015b robi\u0107. Zwyczajnie si\u0119 marnujesz. Zmiana nie jest zagro\u017ceniem &#8211; zmiana jest dobra, to nie koniec czego\u015b, ale pocz\u0105tek. A ka\u017cdy pocz\u0105tek wyzwala w nas pok\u0142ady zaniedbanych i lekcewa\u017conych umiej\u0119tno\u015bci. Je\u015bli potrzebujesz pomocy doradcy zawodowego lub coacha, zapraszamy do BABY na dy\u017cury [&hellip;]<\/p>\n","protected":false},"author":4,"featured_media":0,"parent":212,"menu_order":7,"comment_status":"closed","ping_status":"closed","template":"","meta":{"footnotes":""},"class_list":["post-2400","page","type-page","status-publish","hentry"],"_links":{"self":[{"href":"https:\/\/baba.org.pl\/index.php\/wp-json\/wp\/v2\/pages\/2400","targetHints":{"allow":["GET"]}}],"collection":[{"href":"https:\/\/baba.org.pl\/index.php\/wp-json\/wp\/v2\/pages"}],"about":[{"href":"https:\/\/baba.org.pl\/index.php\/wp-json\/wp\/v2\/types\/page"}],"author":[{"embeddable":true,"href":"https:\/\/baba.org.pl\/index.php\/wp-json\/wp\/v2\/users\/4"}],"replies":[{"embeddable":true,"href":"https:\/\/baba.org.pl\/index.php\/wp-json\/wp\/v2\/comments?post=2400"}],"version-history":[{"count":13,"href":"https:\/\/baba.org.pl\/index.php\/wp-json\/wp\/v2\/pages\/2400\/revisions"}],"predecessor-version":[{"id":4185,"href":"https:\/\/baba.org.pl\/index.php\/wp-json\/wp\/v2\/pages\/2400\/revisions\/4185"}],"up":[{"embeddable":true,"href":"https:\/\/baba.org.pl\/index.php\/wp-json\/wp\/v2\/pages\/212"}],"wp:attachment":[{"href":"https:\/\/baba.org.pl\/index.php\/wp-json\/wp\/v2\/media?parent=2400"}],"curies":[{"name":"wp","href":"https:\/\/api.w.org\/{rel}","templated":true}]}}