{"id":2289,"date":"2013-08-27T15:13:54","date_gmt":"2013-08-27T13:13:54","guid":{"rendered":"http:\/\/baba.org.pl\/?page_id=2289"},"modified":"2018-03-08T15:43:52","modified_gmt":"2018-03-08T13:43:52","slug":"wsparcie-psychologiczne","status":"publish","type":"page","link":"https:\/\/baba.org.pl\/index.php\/programy\/wsparcie-psychologiczne\/","title":{"rendered":"Wsparcie psychologiczne i psychoterapeutyczne"},"content":{"rendered":"<p><span style=\"font-size: 18px;\"><strong><span style=\"color: rgb(0, 0, 128);\">Zapraszamy osoby dotkni\u0119t\u0119 przemoc\u0105, w szoku postraumatycznych, osoby pokrzywdzone przest\u0119pstwem. Oferujemy Pa\u0144stwu bezp\u0142atn\u0105 pomoc psychologiczn\u0105 i psychoterapi\u0119 indywidualn\u0105 i grupow\u0105 w <u>Zielonej G&oacute;rze<\/u> udzielan\u0105 przez wolontariuszy.&nbsp;<\/span><a href=\"http:\/\/babazg.home.pl\/autoinstalator\/wordpress\/wp-content\/uploads\/2011\/09\/LEX2.jpg\"><span style=\"color: rgb(0, 0, 128);\"><img loading=\"lazy\" decoding=\"async\" alt=\"\" class=\"alignright size-full wp-image-1650\" height=\"100\" src=\"http:\/\/babazg.home.pl\/autoinstalator\/wordpress\/wp-content\/uploads\/2011\/09\/LEX2.jpg\" title=\"LEX\" width=\"100\" \/><\/span><\/a><span style=\"color: rgb(0, 0, 128);\"><span style=\"background-color: rgb(255, 255, 255);\">Mo\u017cna skorzysta\u0107 z oferty&nbsp;<\/span><span style=\"background-color: rgb(255, 255, 255);\"><a href=\"http:\/\/baba.org.pl\/index.php\/kontakt\/\" title=\"Kontakt\">w siedzibie Stowarzyszenia BABA<\/a>&nbsp;w:<\/span><\/span><\/p>\n<p>\t<span style=\"color: rgb(0, 0, 128);\">wtorki 12-14<br \/>\n\t\u015brody 15.30 &#8211; 18.00<\/span><\/strong><\/span><\/p>\n<p>\t<a href=\"http:\/\/babazg.home.pl\/autoinstalator\/wordpress\/wp-content\/uploads\/2013\/08\/marta.jpg\" rel=\"attachment wp-att-4165\"><img loading=\"lazy\" decoding=\"async\" alt=\"marta\" class=\"alignleft size-medium wp-image-4165\" height=\"300\" src=\"http:\/\/babazg.home.pl\/autoinstalator\/wordpress\/wp-content\/uploads\/2013\/08\/marta-200x300.jpg\" width=\"200\" srcset=\"https:\/\/baba.org.pl\/wp-content\/uploads\/2013\/08\/marta-200x300.jpg 200w, https:\/\/baba.org.pl\/wp-content\/uploads\/2013\/08\/marta-100x150.jpg 100w, https:\/\/baba.org.pl\/wp-content\/uploads\/2013\/08\/marta.jpg 640w\" sizes=\"auto, (max-width: 200px) 100vw, 200px\" \/><\/a><a href=\"http:\/\/babazg.home.pl\/autoinstalator\/wordpress\/wp-content\/uploads\/2013\/08\/DSC_9123-Edit.jpg\" rel=\"attachment wp-att-4166\"><img loading=\"lazy\" decoding=\"async\" alt=\"DSC_9123-Edit\" class=\"alignleft size-medium wp-image-4166\" height=\"300\" src=\"http:\/\/babazg.home.pl\/autoinstalator\/wordpress\/wp-content\/uploads\/2013\/08\/DSC_9123-Edit-200x300.jpg\" width=\"200\" srcset=\"https:\/\/baba.org.pl\/wp-content\/uploads\/2013\/08\/DSC_9123-Edit-200x300.jpg 200w, https:\/\/baba.org.pl\/wp-content\/uploads\/2013\/08\/DSC_9123-Edit-684x1024.jpg 684w, https:\/\/baba.org.pl\/wp-content\/uploads\/2013\/08\/DSC_9123-Edit-100x150.jpg 100w, https:\/\/baba.org.pl\/wp-content\/uploads\/2013\/08\/DSC_9123-Edit-768x1151.jpg 768w, https:\/\/baba.org.pl\/wp-content\/uploads\/2013\/08\/DSC_9123-Edit-1025x1536.jpg 1025w, https:\/\/baba.org.pl\/wp-content\/uploads\/2013\/08\/DSC_9123-Edit.jpg 1367w\" sizes=\"auto, (max-width: 200px) 100vw, 200px\" \/><\/a><strong><span style=\"color:#0000CD;\"><span style=\"font-size:16px;\">Na zdjeciach psychoterapeutki, panie Marta, Anna i Alina. Umawiamy tak\u017ce do&nbsp;pa\u0144 psycholo\u017cek Doroty i Natalii. (Za zdj\u0119cia dzi\u0119kujemy fotografce Annie Olszewskiej)&nbsp;<\/span><\/span><\/strong><\/p>\n<p><span style=\"font-size: 18px;\"><span style=\"color: rgb(0, 0, 128);\"><strong>prosimy o wcze\u015bniejsze umawianie si\u0119 telefoniczne, szanujemy Pa\u0144stwa czas i unikamy kolejek do specjalisty pod jego gabinetem:<br \/>\n\t68 4549232,&nbsp;kom. 692 064 061<br \/>\n\t(czas oczekiwania na porad\u0119 &ndash; do 2-3 dni)<\/strong><\/span><\/span><\/p>\n<p>&nbsp;<\/p>\n<p>&nbsp;<\/p>\n<p><a href=\"http:\/\/babazg.home.pl\/autoinstalator\/wordpress\/wp-content\/uploads\/2011\/09\/baba_ulotka_DL_siec_pomocy_ofiarom2013_11.jpg\"><img loading=\"lazy\" decoding=\"async\" alt=\"baba_ulotka_DL_siec_pomocy_ofiarom2013_1[1]\" class=\"alignleft size-medium wp-image-2079\" height=\"294\" src=\"http:\/\/babazg.home.pl\/autoinstalator\/wordpress\/wp-content\/uploads\/2011\/09\/baba_ulotka_DL_siec_pomocy_ofiarom2013_11-300x294.jpg\" width=\"300\" srcset=\"https:\/\/baba.org.pl\/wp-content\/uploads\/2011\/09\/baba_ulotka_DL_siec_pomocy_ofiarom2013_11-300x294.jpg 300w, https:\/\/baba.org.pl\/wp-content\/uploads\/2011\/09\/baba_ulotka_DL_siec_pomocy_ofiarom2013_11-1024x1005.jpg 1024w, https:\/\/baba.org.pl\/wp-content\/uploads\/2011\/09\/baba_ulotka_DL_siec_pomocy_ofiarom2013_11-150x147.jpg 150w, https:\/\/baba.org.pl\/wp-content\/uploads\/2011\/09\/baba_ulotka_DL_siec_pomocy_ofiarom2013_11-768x753.jpg 768w, https:\/\/baba.org.pl\/wp-content\/uploads\/2011\/09\/baba_ulotka_DL_siec_pomocy_ofiarom2013_11.jpg 1214w\" sizes=\"auto, (max-width: 300px) 100vw, 300px\" \/><\/a><\/p>\n","protected":false},"excerpt":{"rendered":"<p>Zapraszamy osoby dotkni\u0119t\u0119 przemoc\u0105, w szoku postraumatycznych, osoby pokrzywdzone przest\u0119pstwem. Oferujemy Pa\u0144stwu bezp\u0142atn\u0105 pomoc psychologiczn\u0105 i psychoterapi\u0119 indywidualn\u0105 i grupow\u0105 w Zielonej G&oacute;rze udzielan\u0105 przez wolontariuszy.&nbsp;Mo\u017cna skorzysta\u0107 z oferty&nbsp;w siedzibie Stowarzyszenia BABA&nbsp;w: wtorki 12-14 \u015brody 15.30 &#8211; 18.00 Na zdjeciach psychoterapeutki, panie Marta, Anna i Alina. Umawiamy tak\u017ce do&nbsp;pa\u0144 psycholo\u017cek Doroty i Natalii. (Za zdj\u0119cia [&hellip;]<\/p>\n","protected":false},"author":4,"featured_media":0,"parent":212,"menu_order":2,"comment_status":"closed","ping_status":"closed","template":"","meta":{"footnotes":""},"class_list":["post-2289","page","type-page","status-publish","hentry"],"_links":{"self":[{"href":"https:\/\/baba.org.pl\/index.php\/wp-json\/wp\/v2\/pages\/2289","targetHints":{"allow":["GET"]}}],"collection":[{"href":"https:\/\/baba.org.pl\/index.php\/wp-json\/wp\/v2\/pages"}],"about":[{"href":"https:\/\/baba.org.pl\/index.php\/wp-json\/wp\/v2\/types\/page"}],"author":[{"embeddable":true,"href":"https:\/\/baba.org.pl\/index.php\/wp-json\/wp\/v2\/users\/4"}],"replies":[{"embeddable":true,"href":"https:\/\/baba.org.pl\/index.php\/wp-json\/wp\/v2\/comments?post=2289"}],"version-history":[{"count":70,"href":"https:\/\/baba.org.pl\/index.php\/wp-json\/wp\/v2\/pages\/2289\/revisions"}],"predecessor-version":[{"id":5203,"href":"https:\/\/baba.org.pl\/index.php\/wp-json\/wp\/v2\/pages\/2289\/revisions\/5203"}],"up":[{"embeddable":true,"href":"https:\/\/baba.org.pl\/index.php\/wp-json\/wp\/v2\/pages\/212"}],"wp:attachment":[{"href":"https:\/\/baba.org.pl\/index.php\/wp-json\/wp\/v2\/media?parent=2289"}],"curies":[{"name":"wp","href":"https:\/\/api.w.org\/{rel}","templated":true}]}}