{"id":2286,"date":"2013-08-27T15:06:25","date_gmt":"2013-08-27T13:06:25","guid":{"rendered":"http:\/\/baba.org.pl\/?page_id=2286"},"modified":"2018-04-10T10:34:06","modified_gmt":"2018-04-10T08:34:06","slug":"poradnictwo-prawne","status":"publish","type":"page","link":"https:\/\/baba.org.pl\/index.php\/programy\/poradnictwo-prawne\/","title":{"rendered":"Poradnictwo prawne"},"content":{"rendered":"<p><span style=\"font-size: 18px;\"><a href=\"http:\/\/babazg.home.pl\/autoinstalator\/wordpress\/wp-content\/uploads\/2011\/09\/LEX2.jpg\" data-lightbox=\"gal[2286]\"><span style=\"color: rgb(0, 0, 128);\"><img loading=\"lazy\" decoding=\"async\" alt=\"\" class=\"alignright size-full wp-image-1650\" height=\"100\" src=\"http:\/\/babazg.home.pl\/autoinstalator\/wordpress\/wp-content\/uploads\/2011\/09\/LEX2.jpg\" title=\"LEX\" width=\"100\" \/><\/span><\/a><span style=\"color: rgb(0, 0, 128);\"><a href=\"http:\/\/baba.org.pl\/index.php\/kontakt\/\" title=\"Kontakt\">w siedzibie Stowarzyszenia BABA<\/a><\/span><\/span><\/p>\n<p><strong style=\"font-size: 18px;\"><span style=\"color: rgb(0, 0, 128);\">wtorki &nbsp;16-18&nbsp;<\/span><\/strong><br \/>\n\t<strong style=\"font-size: 18px;\"><span style=\"color: rgb(0, 0, 128);\">\u015brody 11-12 i 15.30-18<\/span><\/strong><br \/>\n\t<strong style=\"font-size: 18px;\"><span style=\"color: rgb(0, 0, 128);\">czwartki 16-18&nbsp;<\/span><\/strong><\/p>\n<p><a href=\"http:\/\/babazg.home.pl\/autoinstalator\/wordpress\/wp-content\/uploads\/2013\/08\/DSC_9140-Edit-Edit.jpg\" data-lightbox=\"gal[2286]\" rel=\"attachment wp-att-4162\"><img loading=\"lazy\" decoding=\"async\" alt=\"DSC_9140-Edit-Edit\" class=\"alignleft size-medium wp-image-4162\" height=\"200\" src=\"http:\/\/babazg.home.pl\/autoinstalator\/wordpress\/wp-content\/uploads\/2013\/08\/DSC_9140-Edit-Edit-300x200.jpg\" width=\"300\" srcset=\"https:\/\/baba.org.pl\/wp-content\/uploads\/2013\/08\/DSC_9140-Edit-Edit-300x200.jpg 300w, https:\/\/baba.org.pl\/wp-content\/uploads\/2013\/08\/DSC_9140-Edit-Edit-1024x684.jpg 1024w, https:\/\/baba.org.pl\/wp-content\/uploads\/2013\/08\/DSC_9140-Edit-Edit-150x100.jpg 150w, https:\/\/baba.org.pl\/wp-content\/uploads\/2013\/08\/DSC_9140-Edit-Edit-768x513.jpg 768w, https:\/\/baba.org.pl\/wp-content\/uploads\/2013\/08\/DSC_9140-Edit-Edit-1536x1025.jpg 1536w, https:\/\/baba.org.pl\/wp-content\/uploads\/2013\/08\/DSC_9140-Edit-Edit.jpg 2048w\" sizes=\"auto, (max-width: 300px) 100vw, 300px\" \/><\/a><span style=\"font-size: 18px;\"><span style=\"color: rgb(0, 0, 128);\">prosimy o wcze\u015bniejsze umawianie si\u0119 telefoniczne, szanujemy Pa\u0144stwa czas i chcemy ograniczy\u0107 oczekiwanie na porad\u0119 w poczekalni BABY:<br \/>\n\t68 4549232,&nbsp;kom. 692 064 061<br \/>\n\t(czas oczekiwania na porad\u0119 &ndash; do 2-3 dni)<\/span><\/span><\/p>\n<p><strong><span style=\"font-size:&lt;br \/&gt;&lt;br \/&gt;\n20.0pt\"><o:p><\/o:p><\/span><\/strong><\/p>\n<p><span style=\"font-family:times new roman,times,serif;\"><span style=\"font-size: 18px;\"><span style=\"color: rgb(0, 0, 128);\">Wszystkie nasze porady s\u0105 bezp\u0142atne! Udzielaj\u0105 ich&nbsp;wolontariuszki. Na zdj\u0119ciu prawniczki: Izabela, Idalia, Milena i Agata. Umawiamy tak\u017ce do pa\u0144: Karoliny, Natalii,&nbsp;Doroty, Kamili i Marty.&nbsp;<\/span><\/span><\/span><\/p>\n<p>\n\t&nbsp;<\/p>\n<p><a href=\"http:\/\/babazg.home.pl\/autoinstalator\/wordpress\/wp-content\/uploads\/2013\/08\/annagiercarz.jpg\" data-lightbox=\"gal[2286]\" rel=\"\" style=\"\" target=\"\" title=\"\"><img loading=\"lazy\" decoding=\"async\" alt=\"\" class=\"alignleft size-medium wp-image-5243\" height=\"128\" src=\"http:\/\/babazg.home.pl\/autoinstalator\/wordpress\/wp-content\/uploads\/2013\/08\/annagiercarz-300x200.jpg\" style=\"\" title=\"\" width=\"192\" srcset=\"https:\/\/baba.org.pl\/wp-content\/uploads\/2013\/08\/annagiercarz-300x200.jpg 300w, https:\/\/baba.org.pl\/wp-content\/uploads\/2013\/08\/annagiercarz-150x100.jpg 150w, https:\/\/baba.org.pl\/wp-content\/uploads\/2013\/08\/annagiercarz-768x512.jpg 768w, https:\/\/baba.org.pl\/wp-content\/uploads\/2013\/08\/annagiercarz.jpg 1024w\" sizes=\"auto, (max-width: 192px) 100vw, 192px\" \/><\/a><span style=\"font-size: 18px;\"><span style=\"color: rgb(0, 0, 128);\"><strong>Porad&nbsp;prawnych&nbsp;w pe\u0142ni anonimowych udziela pani Anna:&nbsp;<u>poradyprawne@baba.org.pl<\/u><br \/>\n\t(czas oczekiwania na porad\u0119 &ndash; do 3 dni)<\/strong><\/span><\/span><\/p>\n<p>&nbsp;<\/p>\n<p><strong><span style=\"color: rgb(128, 0, 0);\"><span style=\"font-size: 18px;\">Terminarz porad mobilnych&nbsp;&#8211; <a href=\"http:\/\/baba.org.pl\/index.php\/baba-w-terenie-terminarz-porad\/\">kliknij<\/a>!<\/span><\/span><\/strong><\/p>\n<p>&nbsp;<\/p>\n<p>&nbsp;<\/p>\n<p>&nbsp;<\/p>\n<p>&nbsp;<\/p>\n<p>&nbsp;<\/p>\n<p>&nbsp;<\/p>\n<p>&nbsp;<\/p>\n<p><strong><a href=\"http:\/\/babazg.home.pl\/autoinstalator\/wordpress\/wp-content\/uploads\/2011\/09\/baba_ulotka_DL_siec_pomocy_ofiarom2013_11.jpg\" data-lightbox=\"gal[2286]\"><img loading=\"lazy\" decoding=\"async\" alt=\"\" class=\"alignleft size-full wp-image-2079\" height=\"493\" src=\"http:\/\/babazg.home.pl\/autoinstalator\/wordpress\/wp-content\/uploads\/2011\/09\/baba_ulotka_DL_siec_pomocy_ofiarom2013_11.jpg\" style=\"width: 602px;\" title=\"baba_ulotka_DL_siec_pomocy_ofiarom2013_1[1]\" width=\"1214\" \/><\/a><\/strong><\/p>\n","protected":false},"excerpt":{"rendered":"<p>w siedzibie Stowarzyszenia BABA wtorki &nbsp;16-18&nbsp; \u015brody 11-12 i 15.30-18 czwartki 16-18&nbsp; prosimy o wcze\u015bniejsze umawianie si\u0119 telefoniczne, szanujemy Pa\u0144stwa czas i chcemy ograniczy\u0107 oczekiwanie na porad\u0119 w poczekalni BABY: 68 4549232,&nbsp;kom. 692 064 061 (czas oczekiwania na porad\u0119 &ndash; do 2-3 dni) Wszystkie nasze porady s\u0105 bezp\u0142atne! Udzielaj\u0105 ich&nbsp;wolontariuszki. Na zdj\u0119ciu prawniczki: Izabela, Idalia, [&hellip;]<\/p>\n","protected":false},"author":4,"featured_media":0,"parent":212,"menu_order":1,"comment_status":"closed","ping_status":"closed","template":"","meta":{"footnotes":""},"class_list":["post-2286","page","type-page","status-publish","hentry"],"_links":{"self":[{"href":"https:\/\/baba.org.pl\/index.php\/wp-json\/wp\/v2\/pages\/2286","targetHints":{"allow":["GET"]}}],"collection":[{"href":"https:\/\/baba.org.pl\/index.php\/wp-json\/wp\/v2\/pages"}],"about":[{"href":"https:\/\/baba.org.pl\/index.php\/wp-json\/wp\/v2\/types\/page"}],"author":[{"embeddable":true,"href":"https:\/\/baba.org.pl\/index.php\/wp-json\/wp\/v2\/users\/4"}],"replies":[{"embeddable":true,"href":"https:\/\/baba.org.pl\/index.php\/wp-json\/wp\/v2\/comments?post=2286"}],"version-history":[{"count":76,"href":"https:\/\/baba.org.pl\/index.php\/wp-json\/wp\/v2\/pages\/2286\/revisions"}],"predecessor-version":[{"id":5244,"href":"https:\/\/baba.org.pl\/index.php\/wp-json\/wp\/v2\/pages\/2286\/revisions\/5244"}],"up":[{"embeddable":true,"href":"https:\/\/baba.org.pl\/index.php\/wp-json\/wp\/v2\/pages\/212"}],"wp:attachment":[{"href":"https:\/\/baba.org.pl\/index.php\/wp-json\/wp\/v2\/media?parent=2286"}],"curies":[{"name":"wp","href":"https:\/\/api.w.org\/{rel}","templated":true}]}}