{"id":2263,"date":"2013-08-27T11:05:15","date_gmt":"2013-08-27T09:05:15","guid":{"rendered":"http:\/\/baba.org.pl\/?page_id=2263"},"modified":"2018-09-18T11:26:31","modified_gmt":"2018-09-18T09:26:31","slug":"pomoc-wolontariuszom","status":"publish","type":"page","link":"https:\/\/baba.org.pl\/index.php\/programy\/pomoc-wolontariuszom\/","title":{"rendered":"Szkolimy wolontariuszy"},"content":{"rendered":"<p><font face=\"Arial\">C<\/font><a href=\"http:\/\/babazg.home.pl\/autoinstalator\/wordpress\/wp-content\/uploads\/2010\/11\/10653281_946349708714011_7593003259608407458_n.jpg\" data-lightbox=\"gal[2263]\"><img loading=\"lazy\" decoding=\"async\" alt=\"10653281_946349708714011_7593003259608407458_n\" class=\"alignleft size-medium wp-image-3892\" height=\"216\" src=\"http:\/\/babazg.home.pl\/autoinstalator\/wordpress\/wp-content\/uploads\/2010\/11\/10653281_946349708714011_7593003259608407458_n-300x216.jpg\" width=\"300\" srcset=\"https:\/\/baba.org.pl\/wp-content\/uploads\/2010\/11\/10653281_946349708714011_7593003259608407458_n-300x216.jpg 300w, https:\/\/baba.org.pl\/wp-content\/uploads\/2010\/11\/10653281_946349708714011_7593003259608407458_n-150x108.jpg 150w, https:\/\/baba.org.pl\/wp-content\/uploads\/2010\/11\/10653281_946349708714011_7593003259608407458_n-768x553.jpg 768w, https:\/\/baba.org.pl\/wp-content\/uploads\/2010\/11\/10653281_946349708714011_7593003259608407458_n.jpg 960w\" sizes=\"auto, (max-width: 300px) 100vw, 300px\" \/><\/a><font face=\"Arial\">hcesz by\u0107 wolontariuszka\/wolontariuszem i pomaga\u0107 potrzebuj\u0105cym pomocy i wsparcia? Przyjd\u017a do nas. Przygotujemy Ci\u0119 do tej pracy tak, aby\u015b by\u0142a\/by\u0142 nie tylko kompetentna\/y w zakresie podstawowej wiedzy prawnej koniecznej do udzielania pomocy i wiedzy psychologicznej koniecznej do udzielania wsparcia, ale tak\u017ce nauczymy rozmowy z osobami w kryzysie i powiemy, o co powinno si\u0119 zadba\u0107 w kontaktach z jednostk\u0105, w ramach kt&oacute;rej \u015bwiadczy si\u0119 pomoc. Wolontariuszy szkolimy od 2013 r.&nbsp; w 2016 roku projekt dofinansowa\u0142o Miasto Zielona G&oacute;ra. Dzi\u0119kujemy. <\/font><span style=\"color: rgb(0, 0, 0);\">&nbsp;<strong><span style=\"background-color:#FFA07A;\">Osoby chc\u0105ce wzi\u0105\u0107 udzia\u0142 w programie prosimy o kontakt na maila: <\/span><\/strong><\/span><strong><a href=\"mailto:baba@baba.org.pl\"><span style=\"color: rgb(0, 0, 0);\"><span style=\"background-color:#FFA07A;\">baba@baba.org.pl<\/span><\/span><\/a><span style=\"background-color:#FFA07A;\">&nbsp;z dopiskiem: wolontariat<\/span><\/strong><\/p>\n<p><!--more--><\/p>\n<p><a href=\"http:\/\/babazg.home.pl\/autoinstalator\/wordpress\/wp-content\/uploads\/2013\/08\/DSC_9109-Edit-Edit.jpg\" data-lightbox=\"gal[2263]\" rel=\"attachment wp-att-4168\"><img loading=\"lazy\" decoding=\"async\" alt=\"DSC_9109-Edit-Edit\" class=\"alignleft size-medium wp-image-4168\" height=\"200\" src=\"http:\/\/babazg.home.pl\/autoinstalator\/wordpress\/wp-content\/uploads\/2013\/08\/DSC_9109-Edit-Edit-300x200.jpg\" width=\"300\" srcset=\"https:\/\/baba.org.pl\/wp-content\/uploads\/2013\/08\/DSC_9109-Edit-Edit-300x200.jpg 300w, https:\/\/baba.org.pl\/wp-content\/uploads\/2013\/08\/DSC_9109-Edit-Edit-1024x684.jpg 1024w, https:\/\/baba.org.pl\/wp-content\/uploads\/2013\/08\/DSC_9109-Edit-Edit-150x100.jpg 150w, https:\/\/baba.org.pl\/wp-content\/uploads\/2013\/08\/DSC_9109-Edit-Edit-768x513.jpg 768w, https:\/\/baba.org.pl\/wp-content\/uploads\/2013\/08\/DSC_9109-Edit-Edit-1536x1025.jpg 1536w, https:\/\/baba.org.pl\/wp-content\/uploads\/2013\/08\/DSC_9109-Edit-Edit.jpg 2048w\" sizes=\"auto, (max-width: 300px) 100vw, 300px\" \/><\/a><font face=\"Arial\">Zapewniamy materia\u0142y szkoleniowe. Prosimy zabra\u0107 ze sob\u0105 jedynie pozytywne nastawienie! (na zdj\u0119ciu nasze do\u015bwiadczone wolontariuszki: Ola, Zenona, Aleksandra, Wies\u0142awa, Daria, Bo\u017cena, Monika, Dominika, Krystyna i Anna, za zdj\u0119cie dziekujemy Annie Olszewskiej)<\/font><\/p>\n<p>Nasze Stowarzyszenie prowadzi w Zielonej G&oacute;rze Punkt Pomocy dla Os&oacute;b Pokrzywdzonych Przest\u0119pstwem i ich Rodzin. Idea punktu pomocy zak\u0142ada wspieranie ofiar przemocy i przest\u0119pstw przez wolontariuszy. W&nbsp;ich przypadku nast\u0119puje du\u017ca rotacja ze wzgl\u0119du na wiek (studenci podejmuj\u0105 prac\u0119 zarobkow\u0105 i nie maj\u0105 czasu na wolontariat, wyje\u017cd\u017caj\u0105 po uko\u0144czeniu studi&oacute;w, ze wzgl\u0119du na typ udzielanej przez nich pomocy cz\u0119ste jest tzw. wypalenie zawodowe), musimy zadba\u0107 zatem o bie\u017c\u0105ce uzupe\u0142nianie kadry wolontariuszy oraz ich kszta\u0142cenie i nadz&oacute;r nad ich prac\u0105 oraz wspieranie ich. Inwestowanie w kadry wolontariuszy spowoduje rozszerzenie idei pomocy ofiarom przest\u0119pstw. Dzielimy si\u0119 zatem wiedz\u0105 teoretyczn\u0105 zdobyt\u0105 podczas szkole\u0144 w zakresie praw ofiar, standard&oacute;w pracy wolontariuszy z ofiar\u0105 przemocy i przest\u0119pstwa, ochronie danych wra\u017cliwych i osobowych oraz wiedz\u0105 praktyczn\u0105 zdobyt\u0105 w&nbsp;codziennej pracy, proponujemy nowatorskie metody mentoringu. Nasze Stowarzyszenie zosta\u0142o wpisane do Rejestru Instytucji Szkoleniowych przez WUP jako jednostka szkoleniowa &#8211; szkolenie wolontariuszy, opiekun&oacute;w ofiary.<\/p>\n<p><a href=\"http:\/\/babazg.home.pl\/autoinstalator\/wordpress\/wp-content\/uploads\/2011\/09\/Warsztaty-polsko-niemieckie-maj-2005.jpg\" data-lightbox=\"gal[2263]\"><img loading=\"lazy\" decoding=\"async\" alt=\"Warsztaty polsko-niemieckie, maj 2005\" class=\"alignleft size-medium wp-image-619\" height=\"208\" src=\"http:\/\/babazg.home.pl\/autoinstalator\/wordpress\/wp-content\/uploads\/2011\/09\/Warsztaty-polsko-niemieckie-maj-2005-300x208.jpg\" width=\"300\" srcset=\"https:\/\/baba.org.pl\/wp-content\/uploads\/2011\/09\/Warsztaty-polsko-niemieckie-maj-2005-300x208.jpg 300w, https:\/\/baba.org.pl\/wp-content\/uploads\/2011\/09\/Warsztaty-polsko-niemieckie-maj-2005-150x104.jpg 150w, https:\/\/baba.org.pl\/wp-content\/uploads\/2011\/09\/Warsztaty-polsko-niemieckie-maj-2005.jpg 600w\" sizes=\"auto, (max-width: 300px) 100vw, 300px\" \/><\/a>Szczeg&oacute;lny nacisk k\u0142adziemy na przygotowanie wolontariuszy do pracy z ofiarami ka\u017cdego typu przemocy, tak\u017ce z ca\u0142ymi ich rodzinami. Wi\u0119kszo\u015b\u0107 os&oacute;b podlegaj\u0105cych d\u0142ugotrwa\u0142ej traumie ma problem ze zdefiniowaniem w\u0142asnych potrzeb oraz w\u0142a\u015bciwym okre\u015bleniem problemu, co powoduje wyd\u0142u\u017cenie \u015bcie\u017cki beneficjenta.&nbsp; Do\u015bwiadczony pomagacz powinien umie\u0107 tak przeprowadzi\u0107 wst\u0119pn\u0105 rozmow\u0119, by beneficjent opr&oacute;cz poczucia zaopiekowania zachowa\u0142 suwerenno\u015b\u0107 oraz mia\u0142 poczucie sensowno\u015bci swoich dzia\u0142a\u0144, w tym &ndash; szukania pomocy dla siebie i rodziny. Szkolenie wolontariuszy jest jednocze\u015bnie odpowiadaniem na potrzeby beneficjent&oacute;w i&nbsp;ich p&oacute;\u017aniejszych dzia\u0142a\u0144. Zapewniamy pomoc i nadz&oacute;r os&oacute;b&nbsp;w pe\u0142ni przygotowanych do udzielania pomocy i wsparcia, organizuj\u0105c wolontariuszom mo\u017cliwo\u015b\u0107 pracy z beneficjentami naszego O\u015brodka pod opiek\u0105 i nadzorem do\u015bwiadczonego personelu.<\/p>\n<p><a href=\"http:\/\/babazg.home.pl\/autoinstalator\/wordpress\/wp-content\/uploads\/2013\/08\/wolontariat.jpg\" data-lightbox=\"gal[2263]\" rel=\"attachment wp-att-4170\"><img loading=\"lazy\" decoding=\"async\" alt=\"wolontariat\" class=\"alignleft size-medium wp-image-4170\" height=\"168\" src=\"http:\/\/babazg.home.pl\/autoinstalator\/wordpress\/wp-content\/uploads\/2013\/08\/wolontariat-300x168.jpg\" width=\"300\" srcset=\"https:\/\/baba.org.pl\/wp-content\/uploads\/2013\/08\/wolontariat-300x168.jpg 300w, https:\/\/baba.org.pl\/wp-content\/uploads\/2013\/08\/wolontariat-150x84.jpg 150w, https:\/\/baba.org.pl\/wp-content\/uploads\/2013\/08\/wolontariat-768x430.jpg 768w, https:\/\/baba.org.pl\/wp-content\/uploads\/2013\/08\/wolontariat.jpg 960w\" sizes=\"auto, (max-width: 300px) 100vw, 300px\" \/><\/a><font face=\"Arial\">Powiemy Ci:<\/font><br \/>\n\tCo to jest dzia\u0142alno\u015b\u0107 po\u017cytku publicznego oraz wolontariat?<br \/>\n\tKto mo\u017ce korzysta\u0107 z pomocy wolontariuszy?<br \/>\n\tKto nie mo\u017ce korzysta\u0107 z pomocy wolontariuszy?<a href=\"http:\/\/babazg.home.pl\/autoinstalator\/wordpress\/wp-content\/uploads\/2011\/09\/logotype.gif\" data-lightbox=\"gal[2263]\"><img loading=\"lazy\" decoding=\"async\" alt=\"\" class=\"alignleft size-full wp-image-386\" height=\"118\" src=\"http:\/\/babazg.home.pl\/autoinstalator\/wordpress\/wp-content\/uploads\/2011\/09\/logotype.gif\" title=\"logo Zielona Gora Urzad Miasta\" width=\"260\" \/><\/a><br \/>\n\tKwalifikacje i kompetencje wolontariusza.<br \/>\n\tOkre\u015blenie zasad wsp&oacute;\u0142pracy z wolontariuszem.<br \/>\n\tObowi\u0105zki wobec wolontariusza: przepisy bhp, diety, szkolenia, informowanie&nbsp;o jego prawach.<br \/>\n\tUbezpieczenie wolontariusza: zdrowotne, od nast\u0119pstw nieszcz\u0119\u015bliwych wypadk&oacute;w, oc.<br \/>\n\tWolontariusz za granic\u0105.<\/p>\n<p><a href=\"http:\/\/babazg.home.pl\/autoinstalator\/wordpress\/wp-content\/uploads\/2016\/04\/Pomagamy-Pomagaczom-page-001.jpg\" data-lightbox=\"gal[2263]\" rel=\"attachment wp-att-4146\"><img loading=\"lazy\" decoding=\"async\" alt=\"Pomagamy Pomagaczom-page-001\" class=\"alignleft size-medium wp-image-4146\" height=\"300\" src=\"http:\/\/babazg.home.pl\/autoinstalator\/wordpress\/wp-content\/uploads\/2016\/04\/Pomagamy-Pomagaczom-page-001-211x300.jpg\" width=\"211\" srcset=\"https:\/\/baba.org.pl\/wp-content\/uploads\/2016\/04\/Pomagamy-Pomagaczom-page-001-211x300.jpg 211w, https:\/\/baba.org.pl\/wp-content\/uploads\/2016\/04\/Pomagamy-Pomagaczom-page-001-721x1024.jpg 721w, https:\/\/baba.org.pl\/wp-content\/uploads\/2016\/04\/Pomagamy-Pomagaczom-page-001-106x150.jpg 106w, https:\/\/baba.org.pl\/wp-content\/uploads\/2016\/04\/Pomagamy-Pomagaczom-page-001-768x1090.jpg 768w, https:\/\/baba.org.pl\/wp-content\/uploads\/2016\/04\/Pomagamy-Pomagaczom-page-001-1082x1536.jpg 1082w, https:\/\/baba.org.pl\/wp-content\/uploads\/2016\/04\/Pomagamy-Pomagaczom-page-001-1443x2048.jpg 1443w, https:\/\/baba.org.pl\/wp-content\/uploads\/2016\/04\/Pomagamy-Pomagaczom-page-001.jpg 1748w\" sizes=\"auto, (max-width: 211px) 100vw, 211px\" \/><\/a><a href=\"http:\/\/babazg.home.pl\/autoinstalator\/wordpress\/wp-content\/uploads\/2016\/04\/pomoc_trzeba_wiedziec_jak_druk.pdf\" rel=\"attachment wp-att-4147\"><img loading=\"lazy\" decoding=\"async\" alt=\"pom\u00f3c trzeba wiedzie\u0107 jak\" class=\"alignleft size-medium wp-image-4147\" height=\"300\" src=\"http:\/\/babazg.home.pl\/autoinstalator\/wordpress\/wp-content\/uploads\/2016\/04\/pom\u00f3c-trzeba-wiedzie\u0107-jak-211x300.jpg\" width=\"211\" srcset=\"https:\/\/baba.org.pl\/wp-content\/uploads\/2016\/04\/pom\u00f3c-trzeba-wiedzie\u0107-jak-211x300.jpg 211w, https:\/\/baba.org.pl\/wp-content\/uploads\/2016\/04\/pom\u00f3c-trzeba-wiedzie\u0107-jak-721x1024.jpg 721w, https:\/\/baba.org.pl\/wp-content\/uploads\/2016\/04\/pom\u00f3c-trzeba-wiedzie\u0107-jak-106x150.jpg 106w, https:\/\/baba.org.pl\/wp-content\/uploads\/2016\/04\/pom\u00f3c-trzeba-wiedzie\u0107-jak-768x1090.jpg 768w, https:\/\/baba.org.pl\/wp-content\/uploads\/2016\/04\/pom\u00f3c-trzeba-wiedzie\u0107-jak-1082x1536.jpg 1082w, https:\/\/baba.org.pl\/wp-content\/uploads\/2016\/04\/pom\u00f3c-trzeba-wiedzie\u0107-jak-1443x2048.jpg 1443w, https:\/\/baba.org.pl\/wp-content\/uploads\/2016\/04\/pom\u00f3c-trzeba-wiedzie\u0107-jak.jpg 1748w\" sizes=\"auto, (max-width: 211px) 100vw, 211px\" \/><\/a><\/p>\n","protected":false},"excerpt":{"rendered":"<p>Chcesz by\u0107 wolontariuszka\/wolontariuszem i pomaga\u0107 potrzebuj\u0105cym pomocy i wsparcia? Przyjd\u017a do nas. Przygotujemy Ci\u0119 do tej pracy tak, aby\u015b by\u0142a\/by\u0142 nie tylko kompetentna\/y w zakresie podstawowej wiedzy prawnej koniecznej do udzielania pomocy i wiedzy psychologicznej koniecznej do udzielania wsparcia, ale tak\u017ce nauczymy rozmowy z osobami w kryzysie i powiemy, o co powinno si\u0119 zadba\u0107 w [&hellip;]<\/p>\n","protected":false},"author":4,"featured_media":0,"parent":212,"menu_order":6,"comment_status":"closed","ping_status":"closed","template":"","meta":{"footnotes":""},"class_list":["post-2263","page","type-page","status-publish","hentry"],"_links":{"self":[{"href":"https:\/\/baba.org.pl\/index.php\/wp-json\/wp\/v2\/pages\/2263","targetHints":{"allow":["GET"]}}],"collection":[{"href":"https:\/\/baba.org.pl\/index.php\/wp-json\/wp\/v2\/pages"}],"about":[{"href":"https:\/\/baba.org.pl\/index.php\/wp-json\/wp\/v2\/types\/page"}],"author":[{"embeddable":true,"href":"https:\/\/baba.org.pl\/index.php\/wp-json\/wp\/v2\/users\/4"}],"replies":[{"embeddable":true,"href":"https:\/\/baba.org.pl\/index.php\/wp-json\/wp\/v2\/comments?post=2263"}],"version-history":[{"count":13,"href":"https:\/\/baba.org.pl\/index.php\/wp-json\/wp\/v2\/pages\/2263\/revisions"}],"predecessor-version":[{"id":5437,"href":"https:\/\/baba.org.pl\/index.php\/wp-json\/wp\/v2\/pages\/2263\/revisions\/5437"}],"up":[{"embeddable":true,"href":"https:\/\/baba.org.pl\/index.php\/wp-json\/wp\/v2\/pages\/212"}],"wp:attachment":[{"href":"https:\/\/baba.org.pl\/index.php\/wp-json\/wp\/v2\/media?parent=2263"}],"curies":[{"name":"wp","href":"https:\/\/api.w.org\/{rel}","templated":true}]}}