{"id":212,"date":"2010-11-17T16:04:47","date_gmt":"2010-11-17T14:04:47","guid":{"rendered":"http:\/\/host.iswift.eu\/"},"modified":"2016-06-02T14:48:46","modified_gmt":"2016-06-02T12:48:46","slug":"programy","status":"publish","type":"page","link":"https:\/\/baba.org.pl\/index.php\/programy\/","title":{"rendered":"Porady"},"content":{"rendered":"<h3><sub><sup><span style=\"font-size:18px;\"><span style=\"background-color:#FFD700;\">Pomoc pokrzywdzonym przest\u0119pstwem i przemoc\u0105<\/span><\/span><\/sup><\/sub><\/h3>\n<p>Od pocz\u0105tku 2009 r. prowadzimy Wojew&oacute;dzki O\u015brodek Pomocy dla Os&oacute;b Pokrzywdzonych Przest\u0119pstwem w Zielonej G&oacute;rze w Ramach umowy z Ministerstwem Sprawiedliwo\u015bci i Komisj\u0105 Europejsk\u0105. 16 O\u015brodk&oacute;w tworzy og&oacute;lnopolsk\u0105 Sie\u0107 Pomocy Ofiarom Przest\u0119pstw. Wsp&oacute;\u0142pracujemy z S\u0105dem Okr\u0119gowym, Prokuratur\u0105 Okr\u0119gow\u0105, Policj\u0105, NGO-sami i samorz\u0105dami lokalnymi na terenie wojew&oacute;dztwa lubuskiego, kt&oacute;re kieruj\u0105 do nas ofiary przest\u0119pstw i przemocy. <a href=\"http:\/\/baba.org.pl\/index.php\/programy\/osrodek-pomocy-dla-osob-pokrzywdzonych-przestepstwem\/\" title=\"O\u015brodek Pomocy\">Wi\u0119cej o o\u015brodku&#8230;.<\/a><\/p>\n<h3><a href=\"http:\/\/babazg.home.pl\/autoinstalator\/wordpress\/wp-content\/uploads\/2011\/09\/DSC_9109-Edit-Edit.jpg\" data-lightbox=\"gal[212]\" rel=\"attachment wp-att-4174\"><img loading=\"lazy\" decoding=\"async\" alt=\"DSC_9109-Edit-Edit\" class=\"alignleft size-medium wp-image-4174\" height=\"200\" src=\"http:\/\/babazg.home.pl\/autoinstalator\/wordpress\/wp-content\/uploads\/2011\/09\/DSC_9109-Edit-Edit-300x200.jpg\" width=\"300\" srcset=\"https:\/\/baba.org.pl\/wp-content\/uploads\/2011\/09\/DSC_9109-Edit-Edit-300x200.jpg 300w, https:\/\/baba.org.pl\/wp-content\/uploads\/2011\/09\/DSC_9109-Edit-Edit-1024x684.jpg 1024w, https:\/\/baba.org.pl\/wp-content\/uploads\/2011\/09\/DSC_9109-Edit-Edit-150x100.jpg 150w, https:\/\/baba.org.pl\/wp-content\/uploads\/2011\/09\/DSC_9109-Edit-Edit-768x513.jpg 768w, https:\/\/baba.org.pl\/wp-content\/uploads\/2011\/09\/DSC_9109-Edit-Edit-1536x1025.jpg 1536w, https:\/\/baba.org.pl\/wp-content\/uploads\/2011\/09\/DSC_9109-Edit-Edit.jpg 2048w\" sizes=\"auto, (max-width: 300px) 100vw, 300px\" \/><\/a><span style=\"background-color:#FFD700;\">PUNKT DORADZTWA W NASZEJ SIEDZIBIE<\/span><\/h3>\n<p>Od15 lat nieustannie dzia\u0142a nasz punkt doradztwa i wsparcia, udzieli\u0142ysmy ponad 35 000 porad prawnych i oko\u0142o 17 000 psychologicznych i psychoterapeutycznych. W naszej siedzibie dy\u017curuj\u0105 wolontariusze: prawnicy, psycholodzy, psycoterapeuci, pedagodzy, coachowie, edukatorki &ndash; zawsze gotowi do udzielenia wsparcia, dodania otuchy i przekazania pe\u0142nej informacji prawnej. Przychodz\u0105ce do nas osoby&nbsp;kierujemy do kompetentnych instytucji, udzielamy wszelkiej informacji i pomagamy w za\u0142atwianiu kwestii prawnych. Dochowujemy szczeg&oacute;lnej staranno\u015bci w zapewnieniu kobietom pe\u0142nej anonimowo\u015bci.<\/p>\n<h4><a href=\"http:\/\/babazg.home.pl\/autoinstalator\/wordpress\/wp-content\/uploads\/2013\/08\/DSC_9140-Edit-Edit.jpg\" data-lightbox=\"gal[212]\" rel=\"attachment wp-att-4162\"><img loading=\"lazy\" decoding=\"async\" alt=\"DSC_9140-Edit-Edit\" class=\"alignleft size-medium wp-image-4162\" height=\"200\" src=\"http:\/\/babazg.home.pl\/autoinstalator\/wordpress\/wp-content\/uploads\/2013\/08\/DSC_9140-Edit-Edit-300x200.jpg\" width=\"300\" srcset=\"https:\/\/baba.org.pl\/wp-content\/uploads\/2013\/08\/DSC_9140-Edit-Edit-300x200.jpg 300w, https:\/\/baba.org.pl\/wp-content\/uploads\/2013\/08\/DSC_9140-Edit-Edit-1024x684.jpg 1024w, https:\/\/baba.org.pl\/wp-content\/uploads\/2013\/08\/DSC_9140-Edit-Edit-150x100.jpg 150w, https:\/\/baba.org.pl\/wp-content\/uploads\/2013\/08\/DSC_9140-Edit-Edit-768x513.jpg 768w, https:\/\/baba.org.pl\/wp-content\/uploads\/2013\/08\/DSC_9140-Edit-Edit-1536x1025.jpg 1536w, https:\/\/baba.org.pl\/wp-content\/uploads\/2013\/08\/DSC_9140-Edit-Edit.jpg 2048w\" sizes=\"auto, (max-width: 300px) 100vw, 300px\" \/><\/a><span style=\"background-color:#FFD700;\">BABA BABIE, PORADNICTWO PRAWNE DLA KOBIET<\/span><\/h4>\n<p>Od 1 grudnia 2006 roku rozpocz\u0119\u0142y\u015bmy realizacj\u0119 projektu finansowanego przez Polsko-Ameryka\u0144sk\u0105 Fundacj\u0119 Wolno\u015bci i Instytut Spraw Publicznych. Codziennie w naszym biurze mo\u017cna spotka\u0107 si\u0119 z prawnikiem i uzyska\u0107 bezp\u0142atn\u0105 porad\u0119 prawn\u0105, przygotowa\u0107 i wydrukowa\u0107 dokumenty i pisma, mo\u017cna tak\u017ce skorzysta\u0107 z mo\u017cliwo\u015bci reprezentacji i rzecznictwa ze strony naszego prawnika w s\u0105dzie. Doradzamy w zakresie prawa karnego, cywilnego i pracy. Wsp&oacute;\u0142pracujemy z Prokuratur\u0105 i Policj\u0105, kt&oacute;re posiadaj\u0105 nasze plakaty, wizyt&oacute;wki i broszury oraz kieruj\u0105 do nas osoby potrzebuj\u0105ce pomocy i wsparcia. W sierpniu 2007 roku projekt rozszerzy\u0142y\u015bmy (dzi\u0119ki Fundacji Batorego &ndash; Program Edukacji Prawnej) na wsie i miasteczka wojew&oacute;dztwa lubuskiego, do kt&oacute;rych z bezp\u0142atn\u0105 pomoc\u0105 trafiaj\u0105 nasze prawniczki pod nazw\u0105: &bdquo;B\u0105d\u017a bezpieczna &ndash; poradnictwo prawne&rdquo;. W ramach obu udzieli\u0142y\u015bmy oko\u0142o 3 tysi\u0119cy porad prawnych, udzieli\u0142y\u015bmy tak\u017ce pomocy prawnej, reprezentowa\u0142y\u015bmy poszkodowanych w trudnych przypadkach. Wsp&oacute;\u0142pracowa\u0142y\u015bmy z policj\u0105 i Prokuratur\u0105 Okr\u0119gow\u0105, kt&oacute;re dystrybuowa\u0142y nasze informatory prawne i kierowa\u0142y do nas potrzebuj\u0105cych bezp\u0142atnej pomocy prawnej. Projekty oba s\u0105 w tej chwili kontynuowane w ramach dotacji samorz\u0105d&oacute;w lokalnych.<\/p>\n<h4><a href=\"http:\/\/babazg.home.pl\/autoinstalator\/wordpress\/wp-content\/uploads\/2011\/09\/DSC03093.jpg\" data-lightbox=\"gal[212]\" rel=\"attachment wp-att-3964\"><img loading=\"lazy\" decoding=\"async\" alt=\"DSC03093\" class=\"alignleft size-medium wp-image-3964\" height=\"169\" src=\"http:\/\/babazg.home.pl\/autoinstalator\/wordpress\/wp-content\/uploads\/2011\/09\/DSC03093-300x169.jpg\" width=\"300\" srcset=\"https:\/\/baba.org.pl\/wp-content\/uploads\/2011\/09\/DSC03093-300x169.jpg 300w, https:\/\/baba.org.pl\/wp-content\/uploads\/2011\/09\/DSC03093-1024x576.jpg 1024w, https:\/\/baba.org.pl\/wp-content\/uploads\/2011\/09\/DSC03093-150x84.jpg 150w, https:\/\/baba.org.pl\/wp-content\/uploads\/2011\/09\/DSC03093-768x432.jpg 768w, https:\/\/baba.org.pl\/wp-content\/uploads\/2011\/09\/DSC03093-1536x864.jpg 1536w, https:\/\/baba.org.pl\/wp-content\/uploads\/2011\/09\/DSC03093.jpg 1595w\" sizes=\"auto, (max-width: 300px) 100vw, 300px\" \/><\/a><span style=\"background-color:#FFD700;\">SPOTKAJ SI\u0118 ZE SPECJALIST\u0104<\/span><\/h4>\n<p>To spotkania otwarte dla mieszkanek Zielonej G&oacute;ry i okolic maj\u0105ce na celu udost\u0119pnienie kobietom rzetelnej wiedzy z r&oacute;\u017cnych dziedzin. Program realizowany w spos&oacute;b ci\u0105g\u0142y od 2000 roku. Przyk\u0142adowe tematy wyk\u0142ad&oacute;w:<\/p>\n<ul>\n<li>Zasady bezpiecze\u0144stwa w codziennym \u017cyciu kobiety, czyli jak nie zosta\u0107 ofiar\u0105 przest\u0119pstwa,<\/li>\n<li>Objawy urazu o ofiary przest\u0119pstwa i przemocy.<\/li>\n<li>Pierwsza pomoc i wsparcie,<\/li>\n<li>Urlopy macierzy\u0144ski i wychowawczy,<\/li>\n<li>Sytuacja ci\u0119\u017carnych w miejscu pracy,<\/li>\n<li>Choroby urologiczne kobiet, Kobiece nowotwory.<\/li>\n<\/ul>\n<h3><a href=\"http:\/\/babazg.home.pl\/autoinstalator\/wordpress\/wp-content\/uploads\/2010\/11\/12764745_1306939369320087_6209482025530216644_o.jpg\" data-lightbox=\"gal[212]\" rel=\"attachment wp-att-3901\"><img loading=\"lazy\" decoding=\"async\" alt=\"12764745_1306939369320087_6209482025530216644_o\" class=\"alignleft size-medium wp-image-3901\" height=\"205\" src=\"http:\/\/babazg.home.pl\/autoinstalator\/wordpress\/wp-content\/uploads\/2010\/11\/12764745_1306939369320087_6209482025530216644_o-300x205.jpg\" width=\"300\" srcset=\"https:\/\/baba.org.pl\/wp-content\/uploads\/2010\/11\/12764745_1306939369320087_6209482025530216644_o-300x205.jpg 300w, https:\/\/baba.org.pl\/wp-content\/uploads\/2010\/11\/12764745_1306939369320087_6209482025530216644_o-1024x698.jpg 1024w, https:\/\/baba.org.pl\/wp-content\/uploads\/2010\/11\/12764745_1306939369320087_6209482025530216644_o-150x102.jpg 150w, https:\/\/baba.org.pl\/wp-content\/uploads\/2010\/11\/12764745_1306939369320087_6209482025530216644_o-768x524.jpg 768w, https:\/\/baba.org.pl\/wp-content\/uploads\/2010\/11\/12764745_1306939369320087_6209482025530216644_o-1536x1047.jpg 1536w, https:\/\/baba.org.pl\/wp-content\/uploads\/2010\/11\/12764745_1306939369320087_6209482025530216644_o.jpg 1559w\" sizes=\"auto, (max-width: 300px) 100vw, 300px\" \/><\/a>Druga edycja: B\u0104D\u0179 BEZPIECZNA od przemocy seksualnej.<\/h3>\n<p>B\u0104D\u0179 BEZPIECZNA od przemocy seksualnej to ok. 12 tysi\u0119cy dziewcz\u0105t i kobiet, do kt&oacute;rych dotar\u0142y nasze ulotki i kolejni przeszkoleni policjanci. W ramach projektu powsta\u0142a broszura dla kobiet nt. bezpiecze\u0144stwa seksualnego. Od 2003 roku projekt realizowany jest w spos&oacute;b ci\u0105g\u0142y &ndash; na bie\u017c\u0105co drukujemy broszury a nasi wolontariusze odwiedzaj\u0105 szko\u0142y. W 2008 r. Wznowi\u0142y\u015bmy projekt dzi\u0119ki dotacji FIO, realizujemy 40 spotka\u0144 w szko\u0142ach \u015brednich z udzia\u0142em prawnika, policjanta i edukatorki o przygotowaniu psychologicznym lub pedagogicznym. Broszura o bezpiecze\u0144stwie seksualnym kobiet zapocz\u0105tkowa\u0142a seri\u0119 broszur dla kobiet pod zbiorczym tytu\u0142em: B\u0104D\u0179 BEZPIECZNA<\/p>\n<p>&nbsp;<\/p>\n<p><a href=\"http:\/\/babazg.home.pl\/autoinstalator\/wordpress\/wp-content\/uploads\/2010\/11\/baba333.jpg\" data-lightbox=\"gal[212]\" rel=\"attachment wp-att-4209\"><img loading=\"lazy\" decoding=\"async\" alt=\"baba333\" class=\"alignleft size-medium wp-image-4209\" height=\"168\" src=\"http:\/\/babazg.home.pl\/autoinstalator\/wordpress\/wp-content\/uploads\/2010\/11\/baba333-300x168.jpg\" width=\"300\" srcset=\"https:\/\/baba.org.pl\/wp-content\/uploads\/2010\/11\/baba333-300x168.jpg 300w, https:\/\/baba.org.pl\/wp-content\/uploads\/2010\/11\/baba333-1024x574.jpg 1024w, https:\/\/baba.org.pl\/wp-content\/uploads\/2010\/11\/baba333-150x84.jpg 150w, https:\/\/baba.org.pl\/wp-content\/uploads\/2010\/11\/baba333-768x431.jpg 768w, https:\/\/baba.org.pl\/wp-content\/uploads\/2010\/11\/baba333-1536x861.jpg 1536w, https:\/\/baba.org.pl\/wp-content\/uploads\/2010\/11\/baba333.jpg 2048w\" sizes=\"auto, (max-width: 300px) 100vw, 300px\" \/><\/a>Wyda\u0142y\u015bmy grub\u0105 broszur\u0119: B\u0104D\u0179 BEZPIECZNA od przemocy domowej, dzi\u0119ki Fundacji Batorego, Pe\u0142nomocniczce Rz\u0105du ds. R&oacute;wnego Statusu Kobiet i M\u0119\u017cczyzn i miejscowym darczy\u0144com. Broszur\u0119 maj\u0105 wszystkie policyjne patrole i dzielnicowi w powiecie, w razie interwencji lub przybycia ofiary na policj\u0119 &ndash; daj\u0105 broszur\u0119 i proponuj\u0105 kontakt z nami. Broszur\u0119 te\u017c posiadaj\u0105 organizacje pozarz\u0105dowe i instytucje pomocy spo\u0142ecznej w kilku miastach wojew&oacute;dztwa. Kolejne broszury z tej serii to: B\u0104D\u0179 BEZPIECZNA &hellip;w s\u0105dzie (ma\u0142\u017ce\u0144stwo, dzieci rodzina) i B\u0104D\u0179 BEZPIECZNA &hellip;w s\u0105dzie (stosunki maj\u0105tkowe w ma\u0142\u017ce\u0144stwie). B\u0104D\u0179 BEZPIECZNA w pracy i bez pracy. Wszystkich broszur prawnych wyda\u0142y\u015bmy ok. 250 tysi\u0119cy egzemplarzy.<\/p>\n<h4><a href=\"http:\/\/babazg.home.pl\/autoinstalator\/wordpress\/wp-content\/uploads\/2014\/10\/27a34a54e8d640d023e64037168cfe4c8b9bf98f1811400.jpg\" data-lightbox=\"gal[212]\" rel=\"attachment wp-att-2869\"><img loading=\"lazy\" decoding=\"async\" alt=\"27a34a54e8d640d023e64037168cfe4c8b9bf98f!1811400\" class=\"alignleft size-medium wp-image-2869\" height=\"225\" src=\"http:\/\/babazg.home.pl\/autoinstalator\/wordpress\/wp-content\/uploads\/2014\/10\/27a34a54e8d640d023e64037168cfe4c8b9bf98f1811400-300x225.jpg\" width=\"300\" srcset=\"https:\/\/baba.org.pl\/wp-content\/uploads\/2014\/10\/27a34a54e8d640d023e64037168cfe4c8b9bf98f1811400-300x225.jpg 300w, https:\/\/baba.org.pl\/wp-content\/uploads\/2014\/10\/27a34a54e8d640d023e64037168cfe4c8b9bf98f1811400-150x113.jpg 150w, https:\/\/baba.org.pl\/wp-content\/uploads\/2014\/10\/27a34a54e8d640d023e64037168cfe4c8b9bf98f1811400.jpg 640w\" sizes=\"auto, (max-width: 300px) 100vw, 300px\" \/><\/a><span style=\"background-color:#FFD700;\">BABA Babie przez Internet<\/span><\/h4>\n<p>Celem projektu jest szerzenie \u015bwiadomo\u015bci prozdrowotnej kobiet w zakresie ginekologii, po\u0142o\u017cnictwa i onkologii oraz \u015bwiadomo\u015bci prawnej i wiedzy na temat zasad bezpiecze\u0144stwa w\u015br&oacute;d kobiet z wykorzystaniem Internetu jako no\u015bnika informacji. Udzielamy te\u017c psychologicznego wsparcia kobietom &ndash; wykorzystuj\u0105c poczt\u0119 elektroniczn\u0105. Nasze porady by\u0142y rzetelne i szybkie i bezp\u0142atne, to jedyna tego typu inicjatywa w polskim Internecie. Udzielili\u015bmy w ci\u0105gu dw&oacute;ch i p&oacute;\u0142 roku oko\u0142o 2000 porad prawnych, wed\u0142ug providera nasze strony tematyczne przegl\u0105da\u0142o ok. 30 tysi\u0119cy os&oacute;b miesi\u0119cznie, a adresy wskazywa\u0142y na go\u015bci z ca\u0142ego \u015bwiata, mimo \u017ce serwis jest tylko polskoj\u0119zyczny. Strona internetowa Stowarzyszenia: www.baba.org.pl posiada gablot\u0119 z linkami do tematycznych podstron. W tej chwili udzielamy tylko porad prawnych, internauci mog\u0105 korzysta\u0107 z archiwum oraz przegl\u0105da\u0107 jako pliki tekstowe wszystkie nasze broszury.<\/p>\n<h4>&nbsp;<\/h4>\n<h4>&nbsp;&nbsp;<a href=\"http:\/\/babazg.home.pl\/autoinstalator\/wordpress\/wp-content\/uploads\/2010\/11\/baba555.jpg\" data-lightbox=\"gal[212]\" rel=\"attachment wp-att-4207\"><img loading=\"lazy\" decoding=\"async\" alt=\"baba555\" class=\"alignleft size-medium wp-image-4207\" height=\"200\" src=\"http:\/\/babazg.home.pl\/autoinstalator\/wordpress\/wp-content\/uploads\/2010\/11\/baba555-300x200.jpg\" width=\"300\" srcset=\"https:\/\/baba.org.pl\/wp-content\/uploads\/2010\/11\/baba555-300x200.jpg 300w, https:\/\/baba.org.pl\/wp-content\/uploads\/2010\/11\/baba555-1024x681.jpg 1024w, https:\/\/baba.org.pl\/wp-content\/uploads\/2010\/11\/baba555-150x100.jpg 150w, https:\/\/baba.org.pl\/wp-content\/uploads\/2010\/11\/baba555-768x511.jpg 768w, https:\/\/baba.org.pl\/wp-content\/uploads\/2010\/11\/baba555-1536x1022.jpg 1536w, https:\/\/baba.org.pl\/wp-content\/uploads\/2010\/11\/baba555.jpg 2048w\" sizes=\"auto, (max-width: 300px) 100vw, 300px\" \/><\/a>&nbsp;&nbsp;<span style=\"background-color:#FFFF00;\">TWOJE CIA\u0141O, TWOJE ZDROWIE<\/span><\/h4>\n<p>Od 2005 roku, kiedy przeprowadzi\u0142y\u015bmy debat\u0119 obywatelsk\u0105 po\u015bwi\u0119con\u0105 zdrowiu kobiet razem z zaprzyja\u017anionymi organizacjami, wydajemy tak\u017ce broszury medyczne. Wyda\u0142y\u015bmy broszury po\u015bwi\u0119cone zdrowiu onkologicznemu (TWOJE CIA\u0141O, TWOJE ZDROWIE. Choroby onkologiczne kobiet) ginekologicznemu i urologicznemu (TWOJE CIA\u0141O, TWOJE ZDROWIE. Wstydliwe choroby kobiet) i B\u0104D\u0179 BEZPIECZNA od HIV\/AIDS \u0142\u0105cz\u0105c\u0105 wiedz\u0119 medyczn\u0105 z wiedz\u0105 prawn\u0105 konieczn\u0105 ofiarom HIV. Broszur zdrowotnych wyda\u0142y\u015bmy ju\u017c ponad 50 tysi\u0119cy egzemplarzy.<\/p>\n<p>&nbsp;<\/p>\n<p><a href=\"http:\/\/babazg.home.pl\/autoinstalator\/wordpress\/wp-content\/uploads\/2010\/11\/baba444.jpg\" data-lightbox=\"gal[212]\" rel=\"attachment wp-att-4208\"><img loading=\"lazy\" decoding=\"async\" alt=\"baba444\" class=\"alignleft size-medium wp-image-4208\" height=\"169\" src=\"http:\/\/babazg.home.pl\/autoinstalator\/wordpress\/wp-content\/uploads\/2010\/11\/baba444-300x169.jpg\" width=\"300\" srcset=\"https:\/\/baba.org.pl\/wp-content\/uploads\/2010\/11\/baba444-300x169.jpg 300w, https:\/\/baba.org.pl\/wp-content\/uploads\/2010\/11\/baba444-1024x576.jpg 1024w, https:\/\/baba.org.pl\/wp-content\/uploads\/2010\/11\/baba444-150x84.jpg 150w, https:\/\/baba.org.pl\/wp-content\/uploads\/2010\/11\/baba444-768x432.jpg 768w, https:\/\/baba.org.pl\/wp-content\/uploads\/2010\/11\/baba444-1536x864.jpg 1536w, https:\/\/baba.org.pl\/wp-content\/uploads\/2010\/11\/baba444.jpg 2048w\" sizes=\"auto, (max-width: 300px) 100vw, 300px\" \/><\/a>Koordynujemy w wojew&oacute;dztwie lubuskim og&oacute;lnopolsk\u0105 AKCJ\u0118 AKACJA, zn&oacute;w szuka\u0142y\u015bmy w regionie aktywnych kobiet, wspieraj\u0105cych rozw&oacute;j spo\u0142ecze\u0144stwa obywatelskiego, spo\u0142ecznic i si\u0142aczek. Zwyci\u0119\u017cczyni otrzyma\u0142a drzewko, kt&oacute;re posadzi\u0142y\u015bmy w parku botanicznym w Zielonej G&oacute;rze. Program ma wsparcie ONZ.<\/p>\n","protected":false},"excerpt":{"rendered":"<p>Pomoc pokrzywdzonym przest\u0119pstwem i przemoc\u0105 Od pocz\u0105tku 2009 r. prowadzimy Wojew&oacute;dzki O\u015brodek Pomocy dla Os&oacute;b Pokrzywdzonych Przest\u0119pstwem w Zielonej G&oacute;rze w Ramach umowy z Ministerstwem Sprawiedliwo\u015bci i Komisj\u0105 Europejsk\u0105. 16 O\u015brodk&oacute;w tworzy og&oacute;lnopolsk\u0105 Sie\u0107 Pomocy Ofiarom Przest\u0119pstw. Wsp&oacute;\u0142pracujemy z S\u0105dem Okr\u0119gowym, Prokuratur\u0105 Okr\u0119gow\u0105, Policj\u0105, NGO-sami i samorz\u0105dami lokalnymi na terenie wojew&oacute;dztwa lubuskiego, kt&oacute;re kieruj\u0105 do [&hellip;]<\/p>\n","protected":false},"author":6,"featured_media":0,"parent":0,"menu_order":20,"comment_status":"open","ping_status":"closed","template":"","meta":{"footnotes":""},"class_list":["post-212","page","type-page","status-publish","hentry"],"_links":{"self":[{"href":"https:\/\/baba.org.pl\/index.php\/wp-json\/wp\/v2\/pages\/212","targetHints":{"allow":["GET"]}}],"collection":[{"href":"https:\/\/baba.org.pl\/index.php\/wp-json\/wp\/v2\/pages"}],"about":[{"href":"https:\/\/baba.org.pl\/index.php\/wp-json\/wp\/v2\/types\/page"}],"author":[{"embeddable":true,"href":"https:\/\/baba.org.pl\/index.php\/wp-json\/wp\/v2\/users\/6"}],"replies":[{"embeddable":true,"href":"https:\/\/baba.org.pl\/index.php\/wp-json\/wp\/v2\/comments?post=212"}],"version-history":[{"count":16,"href":"https:\/\/baba.org.pl\/index.php\/wp-json\/wp\/v2\/pages\/212\/revisions"}],"predecessor-version":[{"id":4280,"href":"https:\/\/baba.org.pl\/index.php\/wp-json\/wp\/v2\/pages\/212\/revisions\/4280"}],"wp:attachment":[{"href":"https:\/\/baba.org.pl\/index.php\/wp-json\/wp\/v2\/media?parent=212"}],"curies":[{"name":"wp","href":"https:\/\/api.w.org\/{rel}","templated":true}]}}