{"id":1407,"date":"2012-06-04T13:02:35","date_gmt":"2012-06-04T11:02:35","guid":{"rendered":"http:\/\/baba.org.pl\/?page_id=1407"},"modified":"2018-09-18T11:29:35","modified_gmt":"2018-09-18T09:29:35","slug":"w-czym-mamy-problem","status":"publish","type":"page","link":"https:\/\/baba.org.pl\/index.php\/programy\/w-czym-mamy-problem\/","title":{"rendered":"W czym MAMY problem?"},"content":{"rendered":"<p><a href=\"http:\/\/babazg.home.pl\/autoinstalator\/wordpress\/wp-content\/uploads\/2014\/03\/plakat_wspieramy_mamy.jpg\" data-lightbox=\"gal[1407]\"><img loading=\"lazy\" decoding=\"async\" alt=\"plakat_wspieramy_mamy\" class=\"alignleft size-medium wp-image-2631\" height=\"300\" src=\"http:\/\/babazg.home.pl\/autoinstalator\/wordpress\/wp-content\/uploads\/2014\/03\/plakat_wspieramy_mamy-212x300.jpg\" width=\"212\" \/><\/a>Projekt &bdquo;W czym MAMY problem?&rdquo; rozpocz\u0119\u0142y\u015bmy w 2012 roku. Kierujemy go do wszystkich mam, kt&oacute;re potrzebuj\u0105 wsparcia dla swojego macierzy\u0144stwa. Projekty kierowane do matek maj\u0105&nbsp;na celu wsparcie procesu opieku\u0144czego i wychowawczego ich dzieci. Nieformalne grupy samopomocowe matek wspieraj\u0105 kobiety w osi\u0105ganiu owego idea\u0142u logistycznie (np. tzw. banki czasu), daj\u0105 wiedz\u0119, \u0107wicz\u0105<br \/>\n\tumiej\u0119tno\u015bci. Te wszystkie projekty, daj\u0105c matkom konkretne umiej\u0119tno\u015bci,<br \/>\n\twymagaj\u0105 od nich dostosowania si\u0119 do pewnego spo\u0142ecznie po\u017c\u0105danego wzorca, kobiety<br \/>\n\tz powodzeniem \u0142\u0105cz\u0105cej rol\u0119 pracownicy i matki. W efekcie na matki jest<br \/>\n\twywierana presja, maj\u0105 osi\u0105gn\u0105\u0107 promowany spo\u0142eczny idea\u0142 i realizowa\u0107 wzorcowy<br \/>\n\tmodel. W projektach chroni\u0105cych macierzy\u0144stwo, bezpiecze\u0144stwo socjalne i zatrudnienie matek BABA te\u017c bierze udzia\u0142. Po kilku latach do\u015bwiadcze\u0144 widzimy uboczny efekt tego typu projekt&oacute;w, kt&oacute;rego nie spos&oacute;b zmierzy\u0107 ankietami ewaluacyjnymi, bo ka\u017cdy z tych projekt&oacute;w spogl\u0105da na kobiety z perspektywy pe\u0142nionych przez nie r&oacute;l spo\u0142ecznych, \u017caden nie abstrahuje od ich macierzy\u0144stwa i&nbsp;perspektyw zatrudnienia, \u017caden nie widzi w matkach przede wszystkim kobiet, ludzi maj\u0105cych problemy, depresje, zawiedzionych, niespe\u0142nionych, zestresowanych, zagonionych, nierzadko skonfliktowanych z uszcz\u0119\u015bliwiaj\u0105cym je na si\u0142\u0119 otoczeniem. Patrzymy na proces spo\u0142eczny, nie widzimy jednostek, kt&oacute;re zmiana sytuacji przyt\u0142oczy\u0142a i przeros\u0142a, zamiast da\u0107 rado\u015b\u0107 i&nbsp;satysfakcj\u0119. Depresja poporodowa i frustracja si\u0119 zdarzaj\u0105, bo statystycznie musz\u0105 si\u0119 zdarza\u0107, ale to problemy wstydliwe, matki publicznie, a cz\u0119sto nawet prywatnie si\u0119 do nich nie przyznaj\u0105; m&oacute;wi\u0105, \u017ce s\u0105 zm\u0119czone i&nbsp;przyt\u0142oczone obowi\u0105zkami, a nie, \u017ce potrzebuj\u0105 pomocy psychologa, \u017ce sobie nie radz\u0105 same z&nbsp;sob\u0105. Je\u015bli pojawia si\u0119 problem psychologiczny, u kobiet pojawia si\u0119 poczucie winy, spada ich samoocena. A to dopiero pocz\u0105tek problem&oacute;w.<br \/>\n\tdlatego w tym momencie chcemy interweniowa\u0107. Zapraszamy!<br \/>\n\tAutorki naszych ulotek dla mam: dr nauk medycznych <strong>Karolin\u0105 Rabenda-\u0141\u0105cka <\/strong>i psycholo\u017cka<strong> Marta Marzec<\/strong>.<br \/>\n\t&nbsp;W 2012 roku projekt by\u0142 realizowany dzi\u0119ki wsparciu Zarz\u0105du Wojew&oacute;dztwa Lubuskiego, w 2014 r. zyska\u0142 dofinansowanie Miasta Zielona G&oacute;ra.<br \/>\n\tNa rzecz jego kontynuacji bieg\u0142a maraton benefitowy p. Beata Malinowska (<a href=\"http:\/\/baba.org.pl\/index.php\/akcje\/beata-biegnie-dla-baby\/\">Beata biegnie dla BABY!<\/a>)<\/p>\n<p><span style=\"background-color: rgb(255, 160, 122);\">Zapraszamy do naszych psycholo\u017cek &ndash; wolontariuszek na spotkania tak\u017ce w roku 2014. Spotkania rekrutacyjne rozpoczynaj\u0105 si\u0119 16 stycznia 2014 r.<\/span><br \/>\n\t<a href=\"http:\/\/babazg.home.pl\/autoinstalator\/wordpress\/wp-content\/uploads\/2012\/06\/ulotka_A6_wspieramy_mamy.jpg\" data-lightbox=\"gal[1407]\"><img loading=\"lazy\" decoding=\"async\" alt=\"ulotka_A6_wspieramy_mamy\" class=\"alignleft size-medium wp-image-2635\" height=\"203\" src=\"http:\/\/babazg.home.pl\/autoinstalator\/wordpress\/wp-content\/uploads\/2012\/06\/ulotka_A6_wspieramy_mamy-300x203.jpg\" width=\"300\" srcset=\"https:\/\/baba.org.pl\/wp-content\/uploads\/2012\/06\/ulotka_A6_wspieramy_mamy-300x203.jpg 300w, https:\/\/baba.org.pl\/wp-content\/uploads\/2012\/06\/ulotka_A6_wspieramy_mamy-150x102.jpg 150w, https:\/\/baba.org.pl\/wp-content\/uploads\/2012\/06\/ulotka_A6_wspieramy_mamy-768x520.jpg 768w, https:\/\/baba.org.pl\/wp-content\/uploads\/2012\/06\/ulotka_A6_wspieramy_mamy.jpg 949w\" sizes=\"auto, (max-width: 300px) 100vw, 300px\" \/><\/a><\/p>\n<p><strong><span style=\"color: rgb(128, 0, 128);\"><a href=\"http:\/\/babazg.home.pl\/autoinstalator\/wordpress\/wp-content\/uploads\/2012\/06\/plast_BABA_plakat_macierzynstwo.jpg\" data-lightbox=\"gal[1407]\" rel=\"\" target=\"\" title=\"\"><img loading=\"lazy\" decoding=\"async\" alt=\"\" class=\"alignleft size-thumbnail wp-image-1609\" height=\"150\" src=\"http:\/\/babazg.home.pl\/autoinstalator\/wordpress\/wp-content\/uploads\/2012\/06\/plast_BABA_plakat_macierzynstwo-106x150.jpg\" style=\"width: 80px; height: 124px;\" title=\"plast_BABA_plakat_macierzynstwo\" width=\"106\" srcset=\"https:\/\/baba.org.pl\/wp-content\/uploads\/2012\/06\/plast_BABA_plakat_macierzynstwo-106x150.jpg 106w, https:\/\/baba.org.pl\/wp-content\/uploads\/2012\/06\/plast_BABA_plakat_macierzynstwo-213x300.jpg 213w, https:\/\/baba.org.pl\/wp-content\/uploads\/2012\/06\/plast_BABA_plakat_macierzynstwo-727x1024.jpg 727w, https:\/\/baba.org.pl\/wp-content\/uploads\/2012\/06\/plast_BABA_plakat_macierzynstwo-768x1082.jpg 768w, https:\/\/baba.org.pl\/wp-content\/uploads\/2012\/06\/plast_BABA_plakat_macierzynstwo.jpg 999w\" sizes=\"auto, (max-width: 106px) 100vw, 106px\" \/><\/a><\/span><\/strong><\/p>\n","protected":false},"excerpt":{"rendered":"<p>Projekt &bdquo;W czym MAMY problem?&rdquo; rozpocz\u0119\u0142y\u015bmy w 2012 roku. Kierujemy go do wszystkich mam, kt&oacute;re potrzebuj\u0105 wsparcia dla swojego macierzy\u0144stwa. Projekty kierowane do matek maj\u0105&nbsp;na celu wsparcie procesu opieku\u0144czego i wychowawczego ich dzieci. Nieformalne grupy samopomocowe matek wspieraj\u0105 kobiety w osi\u0105ganiu owego idea\u0142u logistycznie (np. tzw. banki czasu), daj\u0105 wiedz\u0119, \u0107wicz\u0105 umiej\u0119tno\u015bci. Te wszystkie projekty, [&hellip;]<\/p>\n","protected":false},"author":4,"featured_media":0,"parent":212,"menu_order":10,"comment_status":"closed","ping_status":"closed","template":"","meta":{"footnotes":""},"class_list":["post-1407","page","type-page","status-publish","hentry"],"_links":{"self":[{"href":"https:\/\/baba.org.pl\/index.php\/wp-json\/wp\/v2\/pages\/1407","targetHints":{"allow":["GET"]}}],"collection":[{"href":"https:\/\/baba.org.pl\/index.php\/wp-json\/wp\/v2\/pages"}],"about":[{"href":"https:\/\/baba.org.pl\/index.php\/wp-json\/wp\/v2\/types\/page"}],"author":[{"embeddable":true,"href":"https:\/\/baba.org.pl\/index.php\/wp-json\/wp\/v2\/users\/4"}],"replies":[{"embeddable":true,"href":"https:\/\/baba.org.pl\/index.php\/wp-json\/wp\/v2\/comments?post=1407"}],"version-history":[{"count":13,"href":"https:\/\/baba.org.pl\/index.php\/wp-json\/wp\/v2\/pages\/1407\/revisions"}],"predecessor-version":[{"id":5438,"href":"https:\/\/baba.org.pl\/index.php\/wp-json\/wp\/v2\/pages\/1407\/revisions\/5438"}],"up":[{"embeddable":true,"href":"https:\/\/baba.org.pl\/index.php\/wp-json\/wp\/v2\/pages\/212"}],"wp:attachment":[{"href":"https:\/\/baba.org.pl\/index.php\/wp-json\/wp\/v2\/media?parent=1407"}],"curies":[{"name":"wp","href":"https:\/\/api.w.org\/{rel}","templated":true}]}}